{"id":3444,"date":"2025-04-26T02:42:47","date_gmt":"2025-04-26T02:42:47","guid":{"rendered":"https:\/\/sinoextrud.com\/?post_type=product&#038;p=3444"},"modified":"2025-06-24T03:50:54","modified_gmt":"2025-06-24T03:50:54","slug":"uus-perforeeritud-lae-susteem","status":"publish","type":"product","link":"https:\/\/sinoextrud.com\/et\/product\/the-new-perforated-ceiling-system\/","title":{"rendered":"Uus perforeeritud lae s\u00fcsteem"},"content":{"rendered":"<h2>STANDARDSED SUURUSED<\/h2>\n<p><img loading=\"lazy\" decoding=\"async\" src=\"https:\/\/sinoextrud.com\/wp-content\/uploads\/The-New-Perforated-Ceiling-System-gg2.webp\" alt=\"Uus perforeeritud lae s\u00fcsteem\" width=\"611\" height=\"355\" class=\"size-full wp-image-3448\" srcset=\"https:\/\/sinoextrud.com\/wp-content\/uploads\/The-New-Perforated-Ceiling-System-gg2.webp 611w, https:\/\/sinoextrud.com\/wp-content\/uploads\/The-New-Perforated-Ceiling-System-gg2-18x10.webp 18w, https:\/\/sinoextrud.com\/wp-content\/uploads\/The-New-Perforated-Ceiling-System-gg2-600x349.webp 600w\" sizes=\"auto, (max-width: 611px) 100vw, 611px\" \/><br \/>\n<img loading=\"lazy\" decoding=\"async\" src=\"https:\/\/sinoextrud.com\/wp-content\/uploads\/The-New-Perforated-Ceiling-System-gg1.webp\" alt=\"Uus perforeeritud lae s\u00fcsteem\" width=\"615\" height=\"768\" class=\"size-full wp-image-3447\" srcset=\"https:\/\/sinoextrud.com\/wp-content\/uploads\/The-New-Perforated-Ceiling-System-gg1.webp 615w, https:\/\/sinoextrud.com\/wp-content\/uploads\/The-New-Perforated-Ceiling-System-gg1-10x12.webp 10w, https:\/\/sinoextrud.com\/wp-content\/uploads\/The-New-Perforated-Ceiling-System-gg1-600x749.webp 600w\" sizes=\"auto, (max-width: 615px) 100vw, 615px\" \/> <\/p>\n<h2>Tootmisprotsess<\/h2>\n<p><img decoding=\"async\" src=\"\/wp-content\/uploads\/zzlc01.webp\" alt=\"Tootmisprotsess\"  \/><br \/>\n<img decoding=\"async\" src=\"\/wp-content\/uploads\/zzlc02.webp\" alt=\"Tootmisprotsess\"  \/><br \/>\n<img decoding=\"async\" src=\"\/wp-content\/uploads\/zzlc03.webp\" alt=\"Tootmisprotsess\"  \/><br \/>\n<img decoding=\"async\" src=\"\/wp-content\/uploads\/zzlc04.webp\" alt=\"Tootmisprotsess\"  \/><\/p>\n<h2>KKK<\/h2>\n<p><b>1.Mis on uus perforeeritud lae s\u00fcsteem?<\/b><\/p>\n<p>Uus perforeeritud laes\u00fcsteem on t\u00e4iustatud metallist laelahenduse moodsate perforeerimismustritega, mis on m\u00f5eldud akustika, \u00f5huvoolu ja esteetilise v\u00e4limuse parandamiseks \u00e4ri- ja avalikes siseruumides.\n<\/p>\n<p><\/p>\n<p><b>2.Millised on uue perforeeritud laes\u00fcsteemi eelised?<\/b><\/p>\n<p>Uus perforeeritud laes\u00fcsteem pakub paremat heli neeldumist, paremat ventilatsiooni, kaasaegset disaini paindlikkust ning sujuvat integreerimist valgustus- ja HVAC-s\u00fcsteemidega.\n<\/p>\n<p><\/p>\n<p><b>3.Kus kasutatakse uut perforeeritud laes\u00fcsteemi tavaliselt?<\/b><\/p>\n<p>Seda s\u00fcsteemi kasutatakse laialdaselt lennujaamades, kontorites, haiglates, koolides, kaubanduskeskustes ja transpordis\u00f5lmedes, mis n\u00f5uavad akustilist toimivust ja visuaalset m\u00f5ju.\n<\/p>\n<p><\/p>\n<p><b>4.Kuidas parandab uus perforeeritud konstruktsioon akustilist toimivust?<\/b><\/p>\n<p>T\u00e4ppisperforeeringud v\u00f5imaldavad helilainetel l\u00e4bida paneelide taga asuvat akustilist isolatsiooni, v\u00e4hendades t\u00f5husalt kaja ja suurendades heli selgust suurtes ruumides.\n<\/p>\n<p><\/p>\n<p><b>5.Milliseid materjale kasutatakse uues perforeeritud laes\u00fcsteemis?<\/b><\/p>\n<p>S\u00fcsteem on tavaliselt valmistatud kvaliteetsest alumiiniumist v\u00f5i tsingitud terasest, mis tagab vastupidavuse, kerge tugevuse ja korrosioonikindluse.\n<\/p>\n<p><\/p>\n<p><b>6.Kas uut perforeeritud laes\u00fcsteemi saab kohandada?<\/b><\/p>\n<p>Jah, perforeerimismustreid, aukude suurusi, paneelide m\u00f5\u00f5tmeid, v\u00e4rve ja viimistlusi saab t\u00e4ielikult kohandada, et vastata ainulaadsetele arhitektuurilistele ja akustilistele n\u00f5uetele.\n<\/p>\n<p><\/p>\n<p><b>7.Kas valgustuse integreerimine on v\u00f5imalik uue perforeeritud lae s\u00fcsteemiga?<\/b><\/p>\n<p>Kindlasti toetab s\u00fcsteem integratsiooni s\u00fcvistatavate valgustite, LED-ribade ja laele paigaldatavate valgustite puhul, ilma et see h\u00e4iriks visuaalset j\u00e4rjepidevust.\n<\/p>\n<p><\/p>\n<p><b>8.Kas uusi perforeeritud laes\u00fcsteeme on lihtne paigaldada ja hooldada?<\/b><\/p>\n<p>Jah, nendes lagedes kasutatakse moodulpaneele ja varjatud restid, mis v\u00f5imaldavad kiiret paigaldamist ja lihtsat juurdep\u00e4\u00e4su \u00f5huliinidele ja hooldust\u00f6\u00f6dele.\n<\/p>\n<p><\/p>\n<p><b>9.Milliseid viimistlusviise on uue perforeeritud laes\u00fcsteemi jaoks saadaval?<\/b><\/p>\n<p>Saadaval on pulberv\u00e4rvimine, anodeerimine, harjatud metall, puidumass ja kohandatud RAL-v\u00e4rvid, mis sobivad erinevate sisekujundusteemadega.\n<\/p>\n<p><\/p>\n<p><b>10.Kas uus perforeeritud lae s\u00fcsteem on keskkonnas\u00f5bralik?<\/b><\/p>\n<p>Jah, s\u00fcsteem on valmistatud taaskasutatavatest materjalidest, nagu alumiinium, ning toetab s\u00e4\u00e4stvaid ehitustavasid ja vastab rohelise ehitamise sertifitseerimisn\u00f5uetele.\n<\/p>\n<p><\/p>","protected":false},"featured_media":3449,"template":"","categories":[47],"class_list":["post-3444","product","type-product","status-publish","has-post-thumbnail","hentry","category-tile-ceiling-systems"],"meta_box":{"hilight_text_group":{"product_hilight_text":"<ul>\r\r\n<li>Superior Acoustics\uff1aNRC 0.9 rated for optimal noise control in open offices and busy spaces.<\/li>\r\r\n<li>Seamless HVAC Integration\uff1aPrecision perforations enable unobstructed airflow, reducing ventilation costs.<\/li>\r\r\n<li>Modern Aesthetic Appeal\uff1aSleek, customizable designs elevate corporate and commercial interiors.<\/li>\r\r\n<li>Quick Installation\uff1aModular click-in system saves 40% labor time vs traditional ceilings.<\/li>\r\r\n<li>Fire & Safety Compliant\uff1aClass A fire-rated with optional antimicrobial treatments for healthcare\/education.<\/li>\r\r\n<li>Eco-Friendly Choice\uff1aMade with 70% recycled materials, contributes to LEED certification.<\/li>\r\r\n<li>Lighting-Ready Design\uff1aPre-configured for effortless LED panel or spotlight integration.<\/li>\r\r\n<li>Low Maintenance\uff1aDurable materials resist stains and warping - wipe-clean surface.<\/li>\r\r\n<li>Ideal for: Offices | Hotels | Schools | Healthcare | Retail.<\/li>\r\r\n<li>Need volume pricing? Contact our project team today.<\/li>\r\r\n<\/ul>","product_tu_tu":"<img width=\"320\" height=\"210\" src=\"https:\/\/sinoextrud.com\/wp-content\/uploads\/The-New-Perforated-Ceiling-System-xg.webp\" alt=\"The New Perforated Ceiling System\" title=\"The New Perforated Ceiling System\">","product_chanpin_chanpin":"<li><a href=\"https:\/\/sinoextrud.com\/product\/the-hexagonal-type-ceiling-system\/\" target=\"_blank\">The Hexagonal Type Ceiling System (Hexagonal Ceiling)<\/a><\/li>\r\n<li><a href=\"https:\/\/sinoextrud.com\/product\/diamond-type-ceiling-system\/\" target=\"_blank\">Diamond Type Ceiling System (Diamond plate Ceiling Tiles)<\/a><\/li>\r\n<li><a href=\"https:\/\/sinoextrud.com\/product\/trapezoidal-type-ceiling-system\/\" target=\"_blank\">Trapezoidal Type Ceiling System<\/a><\/li>\r\n<li><a href=\"https:\/\/sinoextrud.com\/product\/shaped-tile-ceiling-system\/\" target=\"_blank\">Shaped Tile Ceiling System<\/a><\/li>\r\n<li><a href=\"https:\/\/sinoextrud.com\/product\/the-new-perforated-ceiling-system\/\" target=\"_blank\">The New Perforated Ceiling System<\/a><\/li>\r\n<li><a href=\"https:\/\/sinoextrud.com\/product\/800-800mm-clip-in-ceiling-system\/\" target=\"_blank\">800x800mm Clip-in Ceiling System<\/a><\/li>\r\n<li><a href=\"https:\/\/sinoextrud.com\/product\/combination-ceiling-system\/\" target=\"_blank\">Combination Ceiling System<\/a><\/li>\r\n<li><a href=\"https:\/\/sinoextrud.com\/product\/deep-type-combination-ceiling-system\/\" target=\"_blank\">Deep-type Combination Ceiling System<\/a><\/li>\r\n<li><a href=\"https:\/\/sinoextrud.com\/product\/composite-panel-ceiling-system\/\" target=\"_blank\">Composite Panel Ceiling System<\/a><\/li>\r\n<li><a href=\"https:\/\/sinoextrud.com\/product\/aluminum-u-profile-glass-railing\/\" target=\"_blank\">Aluminum U profile Glass Railing<\/a><\/li>\r\n<li><a href=\"https:\/\/sinoextrud.com\/product\/wood-finish-aluminum-tube\/\" target=\"_blank\">Wood Finish Aluminum Tube<\/a><\/li>"},"feature_list":[]},"_links":{"self":[{"href":"https:\/\/sinoextrud.com\/et\/wp-json\/wp\/v2\/product\/3444","targetHints":{"allow":["GET"]}}],"collection":[{"href":"https:\/\/sinoextrud.com\/et\/wp-json\/wp\/v2\/product"}],"about":[{"href":"https:\/\/sinoextrud.com\/et\/wp-json\/wp\/v2\/types\/product"}],"wp:featuredmedia":[{"embeddable":true,"href":"https:\/\/sinoextrud.com\/et\/wp-json\/wp\/v2\/media\/3449"}],"wp:attachment":[{"href":"https:\/\/sinoextrud.com\/et\/wp-json\/wp\/v2\/media?parent=3444"}],"wp:term":[{"taxonomy":"category","embeddable":true,"href":"https:\/\/sinoextrud.com\/et\/wp-json\/wp\/v2\/categories?post=3444"}],"curies":[{"name":"wp","href":"https:\/\/api.w.org\/{rel}","templated":true}]}}