{"id":11022,"date":"2025-08-01T03:41:51","date_gmt":"2025-08-01T03:41:51","guid":{"rendered":"https:\/\/sinoextrud.com\/product\/ssr-radiator-for-industrial-control-systems\/"},"modified":"2025-10-11T23:12:51","modified_gmt":"2025-10-11T15:12:51","slug":"ssr-radiaator-toostuslikele-juhtimissusteemidele","status":"publish","type":"product","link":"https:\/\/sinoextrud.com\/et\/product\/ssr-radiator-for-industrial-control-systems\/","title":{"rendered":"SSR radiaator t\u00f6\u00f6stuslikele juhtimiss\u00fcsteemidele"},"content":{"rendered":"<h2>Toodete \u00fcksikasjad<\/h2>\n<div class=\"product-table\">\n<div class=\"row\">\n<div class=\"cell label\">M\u00fc\u00fcvad \u00fcksused<\/div>\n<div class=\"cell value\">\u00dcksik ese<\/div>\n<\/div>\n<\/div>\n<p><\/p>\n<h2>Meie tootmisbaas<\/h2>\n<h3>Tehase panoraam<\/h3>\n<p><img decoding=\"async\" src=\"\/wp-content\/uploads\/factory-01.webp\"\/><\/p>\n<h3>Alumiiniumvarraste tootmise t\u00f6\u00f6koda<\/h3>\n<p><img decoding=\"async\" src=\"\/wp-content\/uploads\/factory-02.webp\"\/><\/p>\n<\/p>\n<p><img decoding=\"async\" src=\"\/wp-content\/uploads\/factory-03.webp\"\/><\/p>\n<h3>hallituse ladustamise ladu<\/h3>\n<p><img decoding=\"async\" src=\"\/wp-content\/uploads\/factory-04.webp\"\/><\/p>\n<h3>43 alumiiniumi ekstrusiooniliini (500-5500 tonni)<\/h3>\n<p><img decoding=\"async\" src=\"\/wp-content\/uploads\/factory-05.webp\"\/><\/p>\n<p><img decoding=\"async\" src=\"\/wp-content\/uploads\/factory-06.webp\"\/><\/p>\n<p><img decoding=\"async\" src=\"\/wp-content\/uploads\/factory-07.webp\"\/><\/p>\n<h3>Pulberv\u00e4rvimise t\u00f6\u00f6koda<\/h3>\n<p><img decoding=\"async\" src=\"\/wp-content\/uploads\/factory-09.webp\"\/><\/p>\n<h3>Anodiseerimise t\u00f6\u00f6koda<\/h3>\n<p><img decoding=\"async\" src=\"\/wp-content\/uploads\/factory-10.webp\"\/><\/p>\n<h3>S\u00fcgavt\u00f6\u00f6tlemise t\u00f6\u00f6tuba<\/h3>\n<p><img decoding=\"async\" src=\"\/wp-content\/uploads\/factory-11.webp\"\/><\/p>\n<h3>CNC-t\u00e4ppist\u00f6\u00f6tlemise t\u00f6\u00f6koda<\/h3>\n<p><img decoding=\"async\" src=\"\/wp-content\/uploads\/factory-11.5.webp\"\/><\/p>\n<h3>Valmistoodete ja ekspordi ladu<\/h3>\n<p><img decoding=\"async\" src=\"\/wp-content\/uploads\/factory-12.webp\"\/><\/p>\n<p><img decoding=\"async\" src=\"\/wp-content\/uploads\/factory-13.webp\"\/><\/p>\n<p><img decoding=\"async\" src=\"\/wp-content\/uploads\/factory-14.webp\"\/><\/p>\n<h2>KKK<\/h2>\n<p><strong>1. Milliseid materjale kasutatakse SSR-radiaatoris?<\/strong><br \/>SSR radiaator on valmistatud kvaliteetsest alumiiniumist, mis tagab suurep\u00e4rase soojuse hajutamise.<\/p>\n<p><strong>2. Kas SSR-radiaatorit saab kohandada t\u00f6\u00f6stuslikuks kasutamiseks?<\/strong><br \/>Jah, me pakume kohandusi suuruse ja konfiguratsiooni osas, et vastata t\u00f6\u00f6stuslikele n\u00f5uetele.<\/p>\n<p><strong>3. Kuidas paigaldada SSR-radiaator oma s\u00fcsteemi?<\/strong><br \/>SSR-radiaatoril on lihtne paigaldusprotsess, mis \u00fchildub standards\u00fcsteemidega.<\/p>\n<p><strong>4. Milline on SSR-radiaatorile pakutav garantiiaeg?<\/strong><br \/>Pakume SSR-radiaatorile \u00fcheaastast garantiid, mis katab tootmisvead.<\/p>\n<p><strong>5. Kas SSR-radiaator sobib k\u00f5rge temperatuuriga keskkondadesse?<\/strong><br \/>Jah, see on kavandatud t\u00f6\u00f6tama t\u00f5husalt k\u00f5rgetel temperatuuridel.<\/p>\n<p><strong>6. Kas ma saan tellida oma projekti jaoks SSR-radiaatorit kohandatud suurusega?<\/strong><br \/>Jah, saadaval on kohandatud suurused, mis sobivad teie konkreetse projekti vajadustega.<\/p>\n<p><strong>7. Kas te pakute SSR-radiaatorile rahvusvahelist saatmist?<\/strong><br \/>Jah, me pakume SSR-radiaatorile \u00fclemaailmseid veoteenuseid.<\/p>\n<p><\/p>","protected":false},"featured_media":10730,"template":"","categories":[72],"class_list":["post-11022","product","type-product","status-publish","has-post-thumbnail","hentry","category-extruded-aluminum-heatsink"],"meta_box":{"hilight_text_group":{"product_hilight_text":"<li>High-efficiency cooling performance for various applications<\/li>\r\n<li>Compatible with a wide range of heat exchange systems<\/li>\r\n<li>Constructed with durable materials for extended life span<\/li>\r\n<li>Designed for easy installation and maintenance<\/li>\r\n<li>Supports custom sizing and configurations for B2B needs<\/li>"},"feature_list":[]},"_links":{"self":[{"href":"https:\/\/sinoextrud.com\/et\/wp-json\/wp\/v2\/product\/11022","targetHints":{"allow":["GET"]}}],"collection":[{"href":"https:\/\/sinoextrud.com\/et\/wp-json\/wp\/v2\/product"}],"about":[{"href":"https:\/\/sinoextrud.com\/et\/wp-json\/wp\/v2\/types\/product"}],"wp:featuredmedia":[{"embeddable":true,"href":"https:\/\/sinoextrud.com\/et\/wp-json\/wp\/v2\/media\/10730"}],"wp:attachment":[{"href":"https:\/\/sinoextrud.com\/et\/wp-json\/wp\/v2\/media?parent=11022"}],"wp:term":[{"taxonomy":"category","embeddable":true,"href":"https:\/\/sinoextrud.com\/et\/wp-json\/wp\/v2\/categories?post=11022"}],"curies":[{"name":"wp","href":"https:\/\/api.w.org\/{rel}","templated":true}]}}