{"id":11021,"date":"2025-08-01T03:41:29","date_gmt":"2025-08-01T03:41:29","guid":{"rendered":"https:\/\/sinoextrud.com\/product\/solid-state-relay-heatsink-for-power-equipment\/"},"modified":"2025-08-01T03:41:29","modified_gmt":"2025-08-01T03:41:29","slug":"pooljuhtrelee-jahutusplaat-elektriseadmete-jaoks","status":"publish","type":"product","link":"https:\/\/sinoextrud.com\/et\/product\/solid-state-relay-heatsink-for-power-equipment\/","title":{"rendered":"Tahke relee jahutusalus elektriseadmete jaoks"},"content":{"rendered":"<h2>Toodete \u00fcksikasjad<\/h2>\n<div class=\"product-table\">\n<div class=\"row\">\n<div class=\"cell label\">Kontakt Koormus<\/div>\n<div class=\"cell value\">V\u00e4ike v\u00f5imsus<\/div>\n<\/div>\n<div class=\"row\">\n<div class=\"cell label\">Teooria<\/div>\n<div class=\"cell value\">Elektriline<\/div>\n<\/div>\n<div class=\"row\">\n<div class=\"cell label\">Nimi<\/div>\n<div class=\"cell value\">Tahke relee jahutusplaat<\/div>\n<\/div>\n<div class=\"row\">\n<div class=\"cell label\">V\u00e4rv<\/div>\n<div class=\"cell value\">Valge<\/div>\n<\/div>\n<div class=\"row\">\n<div class=\"cell label\">kaal<\/div>\n<div class=\"cell value\">280g<\/div>\n<\/div>\n<div class=\"row\">\n<div class=\"cell label\">Materjal<\/div>\n<div class=\"cell value\">Alumiiniumsulam<\/div>\n<\/div>\n<div class=\"row\">\n<div class=\"cell label\">Kasutamine<\/div>\n<div class=\"cell value\">T\u00f6\u00f6stuslik<\/div>\n<\/div>\n<div class=\"row\">\n<div class=\"cell label\">veeb<\/div>\n<div class=\"cell value\">www.nqqkelc.com<\/div>\n<\/div>\n<div class=\"row\">\n<div class=\"cell label\">Toote nimi<\/div>\n<div class=\"cell value\">soojusalvesti<\/div>\n<\/div>\n<div class=\"row\">\n<div class=\"cell label\">M\u00fc\u00fcvad \u00fcksused<\/div>\n<div class=\"cell value\">\u00dcksik ese<\/div>\n<\/div>\n<\/div>\n<p><\/p>\n<h2>Meie tootmisbaas<\/h2>\n<h3>Tehase panoraam<\/h3>\n<p><img decoding=\"async\" src=\"\/wp-content\/uploads\/factory-01.webp\"\/><\/p>\n<h3>Alumiiniumvarraste tootmise t\u00f6\u00f6koda<\/h3>\n<p><img decoding=\"async\" src=\"\/wp-content\/uploads\/factory-02.webp\"\/><\/p>\n<p><img decoding=\"async\" src=\"\/wp-content\/uploads\/factory-03.webp\"\/><\/p>\n<h3>hallituse ladustamise ladu<\/h3>\n<p><img decoding=\"async\" src=\"\/wp-content\/uploads\/factory-04.webp\"\/><\/p>\n<h3>43 alumiiniumi ekstrusiooniliini (500-5500 tonni)<\/h3>\n<p><img decoding=\"async\" src=\"\/wp-content\/uploads\/factory-05.webp\"\/><\/p>\n<p><img decoding=\"async\" src=\"\/wp-content\/uploads\/factory-06.webp\"\/><\/p>\n<p><img decoding=\"async\" src=\"\/wp-content\/uploads\/factory-07.webp\"\/><\/p>\n<h3>Pulberv\u00e4rvimise t\u00f6\u00f6koda<\/h3>\n<p><img decoding=\"async\" src=\"\/wp-content\/uploads\/factory-09.webp\"\/><\/p>\n<h3>Anodiseerimise t\u00f6\u00f6koda<\/h3>\n<p><img decoding=\"async\" src=\"\/wp-content\/uploads\/factory-10.webp\"\/><\/p>\n<h3>S\u00fcgavt\u00f6\u00f6tlemise t\u00f6\u00f6tuba<\/h3>\n<p><img decoding=\"async\" src=\"\/wp-content\/uploads\/factory-11.webp\"\/><\/p>\n<h3>CNC-t\u00e4ppist\u00f6\u00f6tlemise t\u00f6\u00f6koda<\/h3>\n<p><img decoding=\"async\" src=\"\/wp-content\/uploads\/factory-11.5.webp\"\/><\/p>\n<h3>Valmistoodete ja ekspordi ladu<\/h3>\n<p><img decoding=\"async\" src=\"\/wp-content\/uploads\/factory-12.webp\"\/><\/p>\n<p><img decoding=\"async\" src=\"\/wp-content\/uploads\/factory-13.webp\"\/><\/p>\n<p><img decoding=\"async\" src=\"\/wp-content\/uploads\/factory-14.webp\"\/><\/p>\n<h2>KKK<\/h2>\n<p><strong>1. Milline on tahkisreleede jahutusradiaatori peamine \u00fclesanne?<\/strong><br \/>Esmane \u00fclesanne on hajutada pooljuhtrelee poolt tekitatud soojust, et v\u00e4ltida \u00fclekuumenemist.<\/p>\n<p><strong>2. Kas see jahutusplaat \u00fchildub k\u00f5igi pooljuhtreleede t\u00fc\u00fcpidega?<\/strong><br \/>Jah, see on kavandatud nii, et see sobib paljude tahkete releemudelite t\u00f5husaks soojusjuhtimiseks.<\/p>\n<p><strong>3. Kas suurust ja kuju saab kohandada vastavalt konkreetsetele n\u00f5uetele?<\/strong><br \/>Jah, kohandamisv\u00f5imalused on saadaval, et vastata konkreetse suuruse ja kuju vajadustele.<\/p>\n<p><strong>4. Kas see jahutusplaat n\u00f5uab mingeid spetsiaalseid paigaldusvahendeid?<\/strong><br \/>Ei, jahutusplaat on m\u00f5eldud lihtsaks paigaldamiseks ilma spetsiaalsete t\u00f6\u00f6riistadeta.<\/p>\n<p><strong>5. Kas alumiinium on ainus materjal, mida selles jahutusplaadis kasutatakse?<\/strong><br \/>Jah, kasutatakse kvaliteetset alumiiniumi, kuna see omab suurep\u00e4raseid soojusjuhtimisomadusi.<\/p>\n<p><strong>6. Kas see jahutusplaat v\u00f5ib parandada tahkisreleede pikaealisust?<\/strong><br \/>Jah, t\u00f5husa soojusjuhtimise abil aitab see pikendada pooljuhtreleede kasutusiga.<\/p>\n<p><strong>7. Kas on olemas s\u00e4tted selle jahutusplaadi kinnitamiseks relee k\u00fclge?<\/strong><br \/>Jah, see on varustatud paigaldusv\u00f5imalustega, mis \u00fchilduvad enamiku pooljuhtreleedega.<\/p>\n<p><\/p>","protected":false},"featured_media":0,"template":"","categories":[72],"class_list":["post-11021","product","type-product","status-publish","hentry","category-extruded-aluminum-heatsink"],"meta_box":{"hilight_text_group":[{"product_hilight_text":"<li>Offers superior thermal management for solid state relays<\/li>\n<li>Compatible with various solid state relay models for versatile use<\/li>\n<li>Constructed with high-quality aluminum for effective heat dissipation<\/li>\n<li>Lightweight and compact design for easy installation<\/li>\n<li>Enhanced durability supports high-performance applications<\/li>"}],"feature_list":[]},"_links":{"self":[{"href":"https:\/\/sinoextrud.com\/et\/wp-json\/wp\/v2\/product\/11021","targetHints":{"allow":["GET"]}}],"collection":[{"href":"https:\/\/sinoextrud.com\/et\/wp-json\/wp\/v2\/product"}],"about":[{"href":"https:\/\/sinoextrud.com\/et\/wp-json\/wp\/v2\/types\/product"}],"wp:attachment":[{"href":"https:\/\/sinoextrud.com\/et\/wp-json\/wp\/v2\/media?parent=11021"}],"wp:term":[{"taxonomy":"category","embeddable":true,"href":"https:\/\/sinoextrud.com\/et\/wp-json\/wp\/v2\/categories?post=11021"}],"curies":[{"name":"wp","href":"https:\/\/api.w.org\/{rel}","templated":true}]}}