{"id":11018,"date":"2025-08-01T03:40:02","date_gmt":"2025-08-01T03:40:02","guid":{"rendered":"https:\/\/sinoextrud.com\/product\/phase-change-cooling-heat-sink-for-electronics\/"},"modified":"2025-08-01T03:40:02","modified_gmt":"2025-08-01T03:40:02","slug":"faasimuutuse-jahutus-soojusalvestus-elektroonika-jaoks","status":"publish","type":"product","link":"https:\/\/sinoextrud.com\/et\/product\/phase-change-cooling-heat-sink-for-electronics\/","title":{"rendered":"Faasimuutuse jahutus soojuspuhasti elektroonika jaoks"},"content":{"rendered":"<h2>Toodete \u00fcksikasjad<\/h2>\n<div class=\"product-table\">\n<div class=\"row\">\n<div class=\"cell label\">CNC-t\u00f6\u00f6tlus v\u00f5i mitte<\/div>\n<div class=\"cell value\">Cnc mehaaniline t\u00f6\u00f6tlemine<\/div>\n<\/div>\n<div class=\"row\">\n<div class=\"cell label\">Materjalide v\u00f5imekus<\/div>\n<div class=\"cell value\">Alumiinium, messing, pronks, vask, karastatud metallid, v\u00e4\u00e4rismetallid, roostevaba teras, terasesulamid<\/div>\n<\/div>\n<div class=\"row\">\n<div class=\"cell label\">T\u00fc\u00fcp<\/div>\n<div class=\"cell value\">Lasert\u00f6\u00f6tlus, freesimine, muud mehaanilised teenused, treimine, treimine<\/div>\n<\/div>\n<div class=\"row\">\n<div class=\"cell label\">Mikrot\u00f6\u00f6tlemine v\u00f5i mitte<\/div>\n<div class=\"cell value\">Mikrot\u00f6\u00f6tlemine<\/div>\n<\/div>\n<div class=\"row\">\n<div class=\"cell label\">Materjal<\/div>\n<div class=\"cell value\">Alumiiniumsulam, messing, roostevaba teras<\/div>\n<\/div>\n<div class=\"row\">\n<div class=\"cell label\">Toote nimi<\/div>\n<div class=\"cell value\">Soojusp\u00fc\u00fcdja<\/div>\n<\/div>\n<div class=\"row\">\n<div class=\"cell label\">Protsess<\/div>\n<div class=\"cell value\">Freesimine, treimine<\/div>\n<\/div>\n<div class=\"row\">\n<div class=\"cell label\">Pinnat\u00f6\u00f6tlus<\/div>\n<div class=\"cell value\">Kliendi taotlus<\/div>\n<\/div>\n<div class=\"row\">\n<div class=\"cell label\">Teenus<\/div>\n<div class=\"cell value\">Kohandatud OEM<\/div>\n<\/div>\n<div class=\"row\">\n<div class=\"cell label\">Taotlus<\/div>\n<div class=\"cell value\">Kontrolleri korpus, kommunikatsiooniseadmed, inverteri toiteallikas<\/div>\n<\/div>\n<div class=\"row\">\n<div class=\"cell label\">V\u00e4rv<\/div>\n<div class=\"cell value\">Kohandatud v\u00e4rv<\/div>\n<\/div>\n<div class=\"row\">\n<div class=\"cell label\">Seadmed<\/div>\n<div class=\"cell value\">CNC-t\u00f6\u00f6tluskeskused<\/div>\n<\/div>\n<div class=\"row\">\n<div class=\"cell label\">Suurus<\/div>\n<div class=\"cell value\">Kohandatud suurused vastuv\u00f5etavad<\/div>\n<\/div>\n<div class=\"row\">\n<div class=\"cell label\">M\u00e4rks\u00f5na<\/div>\n<div class=\"cell value\">Cnc mehaaniline t\u00f6\u00f6tlemine osad Cnc mehaaniline teenus<\/div>\n<\/div>\n<div class=\"row\">\n<div class=\"cell label\">M\u00fc\u00fcvad \u00fcksused<\/div>\n<div class=\"cell value\">\u00dcksik ese<\/div>\n<\/div>\n<\/div>\n<p><\/p>\n<h2>Meie tootmisbaas<\/h2>\n<h3>Tehase panoraam<\/h3>\n<p><img decoding=\"async\" src=\"\/wp-content\/uploads\/factory-01.webp\"\/><\/p>\n<h3>Alumiiniumvarraste tootmise t\u00f6\u00f6koda<\/h3>\n<p><img decoding=\"async\" src=\"\/wp-content\/uploads\/factory-02.webp\"\/><\/p>\n<p><img decoding=\"async\" src=\"\/wp-content\/uploads\/factory-03.webp\"\/><\/p>\n<h3>hallituse ladustamise ladu<\/h3>\n<p><img decoding=\"async\" src=\"\/wp-content\/uploads\/factory-04.webp\"\/><\/p>\n<h3>43 alumiiniumi ekstrusiooniliini (500-5500 tonni)<\/h3>\n<p><img decoding=\"async\" src=\"\/wp-content\/uploads\/factory-05.webp\"\/><\/p>\n<p><img decoding=\"async\" src=\"\/wp-content\/uploads\/factory-06.webp\"\/><\/p>\n<p><img decoding=\"async\" src=\"\/wp-content\/uploads\/factory-07.webp\"\/><\/p>\n<h3>Pulberv\u00e4rvimise t\u00f6\u00f6koda<\/h3>\n<p><img decoding=\"async\" src=\"\/wp-content\/uploads\/factory-09.webp\"\/><\/p>\n<h3>Anodiseerimise t\u00f6\u00f6koda<\/h3>\n<p><img decoding=\"async\" src=\"\/wp-content\/uploads\/factory-10.webp\"\/><\/p>\n<h3>S\u00fcgavt\u00f6\u00f6tlemise t\u00f6\u00f6tuba<\/h3>\n<p><img decoding=\"async\" src=\"\/wp-content\/uploads\/factory-11.webp\"\/><\/p>\n<h3>CNC-t\u00e4ppist\u00f6\u00f6tlemise t\u00f6\u00f6koda<\/h3>\n<p><img decoding=\"async\" src=\"\/wp-content\/uploads\/factory-11.5.webp\"\/><\/p>\n<h3>Valmistoodete ja ekspordi ladu<\/h3>\n<p><img decoding=\"async\" src=\"\/wp-content\/uploads\/factory-12.webp\"\/><\/p>\n<p><img decoding=\"async\" src=\"\/wp-content\/uploads\/factory-13.webp\"\/><\/p>\n<p><img decoding=\"async\" src=\"\/wp-content\/uploads\/factory-14.webp\"\/><\/p>\n<h2>KKK<\/h2>\n<p><strong>1. Mis on faasimuutusega jahutusallikas?<\/strong><br \/>See on seade, mis on kavandatud soojuse t\u00f5husaks hajutamiseks faasimuutusega materjalide abil, parandades soojusjuhtimist.<\/p>\n<p><strong>2. Kuidas toimib faasimuutuse materjal?<\/strong><br \/>Materjal neelab soojust ja muudab oma olekut, levitades t\u00f5husalt soojusenergiat ja jahutades s\u00fcsteemi.<\/p>\n<p><strong>3. Kas jahutusradiaatorit saab kohandada konkreetsete vajaduste jaoks?<\/strong><br \/>Jah, pakume kohandamisv\u00f5imalusi, sealhulgas m\u00f5\u00f5tmeid ja konfiguratsioone erinevate rakenduste jaoks.<\/p>\n<p><strong>4. Kas see jahutusradiaator sobib suure j\u00f5udlusega arvutuste jaoks?<\/strong><br \/>Jah, see on loodud selleks, et tulla toime k\u00f5rgtehnoloogiliste arvutiseadmete suurenenud soojuskoormusega.<\/p>\n<p><strong>5. Millised t\u00f6\u00f6stusharud saavad sellest soojusalvest kasu?<\/strong><br \/>Sellised t\u00f6\u00f6stusharud nagu elektroonika, autot\u00f6\u00f6stus ja telekommunikatsioon saavad kasu selle jahutusv\u00f5imekusest.<\/p>\n<p><strong>6. Kas jahutusradiaator toetab OEM-tootmist?<\/strong><br \/>Jah, OEM-tootmine on v\u00f5imalik ja me saame toote kohandada vastavalt teie erin\u00f5uetele.<\/p>\n<p><strong>7. Millised on faasimuutusega jahutusradiaatorite kasutamise keskkonnaalased eelised?<\/strong><br \/>Need pakuvad t\u00f5husat soojusjuhtimist, v\u00e4hendades energiatarbimist ja keskkonnam\u00f5ju.<\/p>\n<p><\/p>","protected":false},"featured_media":10753,"template":"","categories":[72],"class_list":["post-11018","product","type-product","status-publish","has-post-thumbnail","hentry","category-extruded-aluminum-heatsink"],"meta_box":{"hilight_text_group":[{"product_hilight_text":"<li>Designed for efficient thermal management in high-performance applications<\/li>\n<li>Customizable configurations to meet specific industrial needs<\/li>\n<li>Integrated phase change material for superior heat dissipation<\/li>\n<li>Durable construction supporting long life cycles<\/li>\n<li>Compatible with a wide range of electronic devices and systems<\/li>"}],"feature_list":[]},"_links":{"self":[{"href":"https:\/\/sinoextrud.com\/et\/wp-json\/wp\/v2\/product\/11018","targetHints":{"allow":["GET"]}}],"collection":[{"href":"https:\/\/sinoextrud.com\/et\/wp-json\/wp\/v2\/product"}],"about":[{"href":"https:\/\/sinoextrud.com\/et\/wp-json\/wp\/v2\/types\/product"}],"wp:featuredmedia":[{"embeddable":true,"href":"https:\/\/sinoextrud.com\/et\/wp-json\/wp\/v2\/media\/10753"}],"wp:attachment":[{"href":"https:\/\/sinoextrud.com\/et\/wp-json\/wp\/v2\/media?parent=11018"}],"wp:term":[{"taxonomy":"category","embeddable":true,"href":"https:\/\/sinoextrud.com\/et\/wp-json\/wp\/v2\/categories?post=11018"}],"curies":[{"name":"wp","href":"https:\/\/api.w.org\/{rel}","templated":true}]}}