{"id":11011,"date":"2025-08-01T03:39:00","date_gmt":"2025-08-01T03:39:00","guid":{"rendered":"https:\/\/sinoextrud.com\/product\/vapor-chamber-cooling-for-high-performance-systems\/"},"modified":"2025-08-01T03:39:00","modified_gmt":"2025-08-01T03:39:00","slug":"aurukambri-jahutus-suure-joudlusega-susteemide-jaoks","status":"publish","type":"product","link":"https:\/\/sinoextrud.com\/et\/product\/vapor-chamber-cooling-for-high-performance-systems\/","title":{"rendered":"Aurukambri jahutus suure j\u00f5udlusega s\u00fcsteemide jaoks"},"content":{"rendered":"<h2>Toodete \u00fcksikasjad<\/h2>\n<div class=\"product-table\">\n<div class=\"row\">\n<div class=\"cell label\">masinate katseprotokoll<\/div>\n<div class=\"cell value\">Edastatud<\/div>\n<\/div>\n<div class=\"row\">\n<div class=\"cell label\">video v\u00e4ljaminev inspektsioon<\/div>\n<div class=\"cell value\">Edastatud<\/div>\n<\/div>\n<div class=\"row\">\n<div class=\"cell label\">garantii<\/div>\n<div class=\"cell value\">1 aasta<\/div>\n<\/div>\n<div class=\"row\">\n<div class=\"cell label\">taotlus<\/div>\n<div class=\"cell value\">K\u00fctteseadme osad<\/div>\n<\/div>\n<div class=\"row\">\n<div class=\"cell label\">t\u00fc\u00fcp<\/div>\n<div class=\"cell value\">Vedelad k\u00fclmad plaadid<\/div>\n<\/div>\n<div class=\"row\">\n<div class=\"cell label\">kaal (kg)<\/div>\n<div class=\"cell value\">5<\/div>\n<\/div>\n<div class=\"row\">\n<div class=\"cell label\">Toote nimi<\/div>\n<div class=\"cell value\">veeplokk<\/div>\n<\/div>\n<div class=\"row\">\n<div class=\"cell label\">M\u00f5\u00f5tmed (L*S*K)<\/div>\n<div class=\"cell value\">Kuni 3.8*1.1 L*W<\/div>\n<\/div>\n<div class=\"row\">\n<div class=\"cell label\">Pinna karedus<\/div>\n<div class=\"cell value\">1.2 um<\/div>\n<\/div>\n<div class=\"row\">\n<div class=\"cell label\">Pinna tasasus<\/div>\n<div class=\"cell value\">Alla 0,005 cm\/cm<\/div>\n<\/div>\n<div class=\"row\">\n<div class=\"cell label\">Peamine tehnika<\/div>\n<div class=\"cell value\">CNC-t\u00f6\u00f6tlemine<\/div>\n<\/div>\n<div class=\"row\">\n<div class=\"cell label\">Liimimistehnika<\/div>\n<div class=\"cell value\">Vaakumjootmine<\/div>\n<\/div>\n<div class=\"row\">\n<div class=\"cell label\">T\u00f6\u00f6r\u00f5hk<\/div>\n<div class=\"cell value\">1,2 kuni 5 baari<\/div>\n<\/div>\n<div class=\"row\">\n<div class=\"cell label\">Fluid<\/div>\n<div class=\"cell value\">Vesi v\u00f5i sobiv jahutusvedelik<\/div>\n<\/div>\n<div class=\"row\">\n<div class=\"cell label\">Taotlus<\/div>\n<div class=\"cell value\">Veejahutusplokk laserite, IGBT-moodulite ja EV-akude jaoks.<\/div>\n<\/div>\n<div class=\"row\">\n<div class=\"cell label\">Sertifitseerimine<\/div>\n<div class=\"cell value\">CE<\/div>\n<\/div>\n<div class=\"row\">\n<div class=\"cell label\">M\u00fc\u00fcvad \u00fcksused<\/div>\n<div class=\"cell value\">\u00dcksik ese<\/div>\n<\/div>\n<div class=\"row\">\n<div class=\"cell label\">\u00dche pakendi suurus<\/div>\n<div class=\"cell value\">50X30X15 cm<\/div>\n<\/div>\n<div class=\"row\">\n<div class=\"cell label\">\u00dchtne brutokaal<\/div>\n<div class=\"cell value\">9.900 KG<\/div>\n<\/div>\n<\/div>\n<p><\/p>\n<h2>Meie tootmisbaas<\/h2>\n<h3>Tehase panoraam<\/h3>\n<p><img decoding=\"async\" src=\"\/wp-content\/uploads\/factory-01.webp\"\/><\/p>\n<h3>Alumiiniumvarraste tootmise t\u00f6\u00f6koda<\/h3>\n<p><img decoding=\"async\" src=\"\/wp-content\/uploads\/factory-02.webp\"\/><\/p>\n<p><img decoding=\"async\" src=\"\/wp-content\/uploads\/factory-03.webp\"\/><\/p>\n<h3>hallituse ladustamise ladu<\/h3>\n<p><img decoding=\"async\" src=\"\/wp-content\/uploads\/factory-04.webp\"\/><\/p>\n<h3>43 alumiiniumi ekstrusiooniliini (500-5500 tonni)<\/h3>\n<p><img decoding=\"async\" src=\"\/wp-content\/uploads\/factory-05.webp\"\/><\/p>\n<p><img decoding=\"async\" src=\"\/wp-content\/uploads\/factory-06.webp\"\/><\/p>\n<p><img decoding=\"async\" src=\"\/wp-content\/uploads\/factory-07.webp\"\/><\/p>\n<h3>Pulberv\u00e4rvimise t\u00f6\u00f6koda<\/h3>\n<p><img decoding=\"async\" src=\"\/wp-content\/uploads\/factory-09.webp\"\/><\/p>\n<h3>Anodiseerimise t\u00f6\u00f6koda<\/h3>\n<p><img decoding=\"async\" src=\"\/wp-content\/uploads\/factory-10.webp\"\/><\/p>\n<h3>S\u00fcgavt\u00f6\u00f6tlemise t\u00f6\u00f6tuba<\/h3>\n<p><img decoding=\"async\" src=\"\/wp-content\/uploads\/factory-11.webp\"\/><\/p>\n<h3>CNC-t\u00e4ppist\u00f6\u00f6tlemise t\u00f6\u00f6koda<\/h3>\n<p><img decoding=\"async\" src=\"\/wp-content\/uploads\/factory-11.5.webp\"\/><\/p>\n<h3>Valmistoodete ja ekspordi ladu<\/h3>\n<p><img decoding=\"async\" src=\"\/wp-content\/uploads\/factory-12.webp\"\/><\/p>\n<p><img decoding=\"async\" src=\"\/wp-content\/uploads\/factory-13.webp\"\/><\/p>\n<p><img decoding=\"async\" src=\"\/wp-content\/uploads\/factory-14.webp\"\/><\/p>\n<h2>KKK<\/h2>\n<p><strong>1. Mis on aurukambri jahutuss\u00fcsteem?<\/strong><br \/>Aurukambriga jahutuss\u00fcsteem on soojusjuhtimisseade, mis on m\u00f5eldud soojuse \u00fchtlaseks jaotamiseks elektroonikakomponentides.<\/p>\n<p><strong>2. Kuidas toimib aurukambri jahutus?<\/strong><br \/>Aurukambriga jahutus toimib, kasutades vedelike faasimuutust, et soojus t\u00f5husalt absorbeerida ja hajutada \u00fcle pindade.<\/p>\n<p><strong>3. Kas aurukambri jahutust saab kohandada?<\/strong><br \/>Jah, me pakume kohandatud konstruktsioone ja suurusi, et vastata erinevate seadmete spetsiifilistele jahutusn\u00f5uetele.<\/p>\n<p><strong>4. Millised on aurukambri kasutamise eelised elektroonikas?<\/strong><br \/>Aurukambriga jahutus tagab parema soojuse hajutamise, v\u00e4hendab termilisi kuumuspunkte ja toetab seadme suuremat j\u00f5udlust.<\/p>\n<p><strong>5. Kas aurukambri jahutus on kompaktseadmete puhul t\u00f5hus?<\/strong><br \/>Jah, aurukambriga jahutus on t\u00e4nu oma \u00f5hukesele profiilile ja t\u00f5husale soojuse levikule ideaalne kompaktsete seadmete jaoks.<\/p>\n<p><strong>6. Kas aurukambrite tehnoloogiat saab integreerida olemasolevatesse s\u00fcsteemidesse?<\/strong><br \/>Jah, meie aurukambrid on v\u00f5imalik projekteerida nii, et neid saab sujuvalt integreerida olemasolevatesse soojusjuhtimiss\u00fcsteemidesse.<\/p>\n<p><strong>7. Kas te toetate aurukambriga jahutuss\u00fcsteemide rahvusvahelist saatmist?<\/strong><br \/>Jah, me pakume rahvusvahelisi tarnev\u00f5imalusi ja t\u00e4ielikku logistilist tuge aurukambriga jahutuss\u00fcsteemidele.<\/p>\n<p><\/p>","protected":false},"featured_media":10774,"template":"","categories":[74],"class_list":["post-11011","product","type-product","status-publish","has-post-thumbnail","hentry","category-vapor-chamber"],"meta_box":{"hilight_text_group":[{"product_hilight_text":"<li>Designed to efficiently dissipate heat in electronics<\/li>\n<li>Custom sizes and designs available for B2B applications<\/li>\n<li>Suitable for high-performance servers and computing devices<\/li>\n<li>Enhances thermal management in compact spaces<\/li>\n<li>Supports OEM and ODM with competitive lead times<\/li>"}],"feature_list":[]},"_links":{"self":[{"href":"https:\/\/sinoextrud.com\/et\/wp-json\/wp\/v2\/product\/11011","targetHints":{"allow":["GET"]}}],"collection":[{"href":"https:\/\/sinoextrud.com\/et\/wp-json\/wp\/v2\/product"}],"about":[{"href":"https:\/\/sinoextrud.com\/et\/wp-json\/wp\/v2\/types\/product"}],"wp:featuredmedia":[{"embeddable":true,"href":"https:\/\/sinoextrud.com\/et\/wp-json\/wp\/v2\/media\/10774"}],"wp:attachment":[{"href":"https:\/\/sinoextrud.com\/et\/wp-json\/wp\/v2\/media?parent=11011"}],"wp:term":[{"taxonomy":"category","embeddable":true,"href":"https:\/\/sinoextrud.com\/et\/wp-json\/wp\/v2\/categories?post=11011"}],"curies":[{"name":"wp","href":"https:\/\/api.w.org\/{rel}","templated":true}]}}