{"id":11010,"date":"2025-08-01T03:38:58","date_gmt":"2025-08-01T03:38:58","guid":{"rendered":"https:\/\/sinoextrud.com\/product\/upgraded-vapor-chamber-heat-sink-for-heat-dissipation\/"},"modified":"2025-08-01T03:38:58","modified_gmt":"2025-08-01T03:38:58","slug":"taiustatud-aurukambri-soojuse-hajutamiseks-moeldud-jahutusradiaator","status":"publish","type":"product","link":"https:\/\/sinoextrud.com\/et\/product\/upgraded-vapor-chamber-heat-sink-for-heat-dissipation\/","title":{"rendered":"T\u00e4iendatud aurukambriga soojuspuhasti soojuse hajutamiseks"},"content":{"rendered":"<h2>Toodete \u00fcksikasjad<\/h2>\n<div class=\"product-table\">\n<div class=\"row\">\n<div class=\"cell label\">Materjal<\/div>\n<div class=\"cell value\">Alumiinium\/teras\/raud\/roostevaba teras\/malmist\/plastist\/<\/div>\n<\/div>\n<div class=\"row\">\n<div class=\"cell label\">Teenus<\/div>\n<div class=\"cell value\">\u00dche peatuse teenus. T\u00f6\u00f6tlemine-koostamine<\/div>\n<\/div>\n<div class=\"row\">\n<div class=\"cell label\">Suurus<\/div>\n<div class=\"cell value\">Suurus Kohandatud<\/div>\n<\/div>\n<div class=\"row\">\n<div class=\"cell label\">Pinnat\u00f6\u00f6tlus<\/div>\n<div class=\"cell value\">poleerimine\/selge anodiseerimine\/elektroplaatimine\/\u00f5litr\u00fckk<\/div>\n<\/div>\n<div class=\"row\">\n<div class=\"cell label\">Joonistamise vorming<\/div>\n<div class=\"cell value\">2D\/(PDF\/CAD)3D(IGES\/STEP)<\/div>\n<\/div>\n<div class=\"row\">\n<div class=\"cell label\">Sallivus<\/div>\n<div class=\"cell value\">0,01-0,05mm<\/div>\n<\/div>\n<div class=\"row\">\n<div class=\"cell label\">Tarneaeg<\/div>\n<div class=\"cell value\">7-15 p\u00e4eva<\/div>\n<\/div>\n<div class=\"row\">\n<div class=\"cell label\">MOQ<\/div>\n<div class=\"cell value\">10tk<\/div>\n<\/div>\n<div class=\"row\">\n<div class=\"cell label\">Pakkimine<\/div>\n<div class=\"cell value\">Kartong<\/div>\n<\/div>\n<div class=\"row\">\n<div class=\"cell label\">OEM&amp;ODM<\/div>\n<div class=\"cell value\">Aktsepteeritud<\/div>\n<\/div>\n<div class=\"row\">\n<div class=\"cell label\">M\u00fc\u00fcvad \u00fcksused<\/div>\n<div class=\"cell value\">\u00dcksik ese<\/div>\n<\/div>\n<div class=\"row\">\n<div class=\"cell label\">\u00dche pakendi suurus<\/div>\n<div class=\"cell value\">10X6X2 cm<\/div>\n<\/div>\n<div class=\"row\">\n<div class=\"cell label\">\u00dchtne brutokaal<\/div>\n<div class=\"cell value\">0,090 KG<\/div>\n<\/div>\n<\/div>\n<p><\/p>\n<h2>Meie tootmisbaas<\/h2>\n<h3>Tehase panoraam<\/h3>\n<p><img decoding=\"async\" src=\"\/wp-content\/uploads\/factory-01.webp\"\/><\/p>\n<h3>Alumiiniumvarraste tootmise t\u00f6\u00f6koda<\/h3>\n<p><img decoding=\"async\" src=\"\/wp-content\/uploads\/factory-02.webp\"\/><\/p>\n<p><img decoding=\"async\" src=\"\/wp-content\/uploads\/factory-03.webp\"\/><\/p>\n<h3>hallituse ladustamise ladu<\/h3>\n<p><img decoding=\"async\" src=\"\/wp-content\/uploads\/factory-04.webp\"\/><\/p>\n<h3>43 alumiiniumi ekstrusiooniliini (500-5500 tonni)<\/h3>\n<p><img decoding=\"async\" src=\"\/wp-content\/uploads\/factory-05.webp\"\/><\/p>\n<p><img decoding=\"async\" src=\"\/wp-content\/uploads\/factory-06.webp\"\/><\/p>\n<p><img decoding=\"async\" src=\"\/wp-content\/uploads\/factory-07.webp\"\/><\/p>\n<h3>Pulberv\u00e4rvimise t\u00f6\u00f6koda<\/h3>\n<p><img decoding=\"async\" src=\"\/wp-content\/uploads\/factory-09.webp\"\/><\/p>\n<h3>Anodiseerimise t\u00f6\u00f6koda<\/h3>\n<p><img decoding=\"async\" src=\"\/wp-content\/uploads\/factory-10.webp\"\/><\/p>\n<h3>S\u00fcgavt\u00f6\u00f6tlemise t\u00f6\u00f6tuba<\/h3>\n<p><img decoding=\"async\" src=\"\/wp-content\/uploads\/factory-11.webp\"\/><\/p>\n<h3>CNC-t\u00e4ppist\u00f6\u00f6tlemise t\u00f6\u00f6koda<\/h3>\n<p><img decoding=\"async\" src=\"\/wp-content\/uploads\/factory-11.5.webp\"\/><\/p>\n<h3>Valmistoodete ja ekspordi ladu<\/h3>\n<p><img decoding=\"async\" src=\"\/wp-content\/uploads\/factory-12.webp\"\/><\/p>\n<p><img decoding=\"async\" src=\"\/wp-content\/uploads\/factory-13.webp\"\/><\/p>\n<p><img decoding=\"async\" src=\"\/wp-content\/uploads\/factory-14.webp\"\/><\/p>\n<h2>KKK<\/h2>\n<p><strong>1. Mis muudab t\u00e4iustatud aurukambri soojuskaevu t\u00f5husaks?<\/strong><br \/>See kasutab t\u00e4iustatud aurukambri tehnoloogiat, et tagada t\u00f5hus soojuse hajutamine ja seadme jahutamine.<\/p>\n<p><strong>2. Kas jahutusradiaatorit saab kohandada konkreetsete rakenduste jaoks?<\/strong><br \/>Jah, disaini saab kohandada vastavalt erinevatele elektroonilistele konfiguratsioonidele ja kliendi n\u00f5uetele.<\/p>\n<p><strong>3. Kas see jahutusradiaator sobib suure j\u00f5udlusega seadmete jaoks?<\/strong><br \/>Kindlasti on see loodud toetama suure j\u00f5udlusega elektroonikat, juhtides liigset soojust.<\/p>\n<p><strong>4. Milliseid materjale kasutatakse aurukambri jahutusradiaatoris?<\/strong><br \/>Soojuspesa on valmistatud kvaliteetsetest, soojusjuhtivatest materjalidest, mis tagavad optimaalse t\u00f5hususe.<\/p>\n<p><strong>5. Kas aurukamber vajab hooldust?<\/strong><br \/>Ei, see tagab hooldusvaba t\u00f6\u00f6, mis tagab pikaajalise t\u00f6\u00f6kindluse.<\/p>\n<p><strong>6. Kuidas parandab see jahutusradiaator seadme j\u00f5udlust?<\/strong><br \/>Hoides optimaalset temperatuuri, suurendab see seadme t\u00f5husust ja pikendab komponentide kasutusiga.<\/p>\n<p><strong>7. Kas rahvusvaheline tarne on saadaval lahtiste tellimuste puhul?<\/strong><br \/>Jah, me pakume ulatuslikele tellimustele igak\u00fclgset rahvusvahelist logistilist tuge.<\/p>\n<p><\/p>","protected":false},"featured_media":10775,"template":"","categories":[72],"class_list":["post-11010","product","type-product","status-publish","has-post-thumbnail","hentry","category-extruded-aluminum-heatsink"],"meta_box":{"hilight_text_group":[{"product_hilight_text":"<li>Features advanced thermal management for optimized cooling performance<\/li>\n<li>Customizable design to fit a variety of electronic devices<\/li>\n<li>Manufactured using high-quality materials for maximum durability<\/li>\n<li>Available for OEM and ODM services with flexible order quantities<\/li>\n<li>Designed to enhance device lifespan by preventing overheating<\/li>"}],"feature_list":[]},"_links":{"self":[{"href":"https:\/\/sinoextrud.com\/et\/wp-json\/wp\/v2\/product\/11010","targetHints":{"allow":["GET"]}}],"collection":[{"href":"https:\/\/sinoextrud.com\/et\/wp-json\/wp\/v2\/product"}],"about":[{"href":"https:\/\/sinoextrud.com\/et\/wp-json\/wp\/v2\/types\/product"}],"wp:featuredmedia":[{"embeddable":true,"href":"https:\/\/sinoextrud.com\/et\/wp-json\/wp\/v2\/media\/10775"}],"wp:attachment":[{"href":"https:\/\/sinoextrud.com\/et\/wp-json\/wp\/v2\/media?parent=11010"}],"wp:term":[{"taxonomy":"category","embeddable":true,"href":"https:\/\/sinoextrud.com\/et\/wp-json\/wp\/v2\/categories?post=11010"}],"curies":[{"name":"wp","href":"https:\/\/api.w.org\/{rel}","templated":true}]}}