{"id":11009,"date":"2025-08-01T03:38:56","date_gmt":"2025-08-01T03:38:56","guid":{"rendered":"https:\/\/sinoextrud.com\/product\/led-housing-for-outdoor-and-indoor-fixtures\/"},"modified":"2025-08-01T03:38:56","modified_gmt":"2025-08-01T03:38:56","slug":"led-korpus-valis-ja-siseruumide-valgustite-jaoks","status":"publish","type":"product","link":"https:\/\/sinoextrud.com\/et\/product\/led-housing-for-outdoor-and-indoor-fixtures\/","title":{"rendered":"LED korpus v\u00e4lis- ja siseruumide valgustite jaoks"},"content":{"rendered":"<h2>Toodete \u00fcksikasjad<\/h2>\n<div class=\"product-table\">\n<div class=\"row\">\n<div class=\"cell label\">Toote nimi<\/div>\n<div class=\"cell value\">Alumiiniumisulamist valatud osad Led Lamp Light Housing jaoks<\/div>\n<\/div>\n<div class=\"row\">\n<div class=\"cell label\">Materjal<\/div>\n<div class=\"cell value\">alumiinium ZL101, A356, A360 AC2C v\u00f5i vastavalt kliendi n\u00f5uetele<\/div>\n<\/div>\n<div class=\"row\">\n<div class=\"cell label\">Protsess<\/div>\n<div class=\"cell value\">Valamine + mehaaniline t\u00f6\u00f6tlemine (kui vaja) + pinnat\u00f6\u00f6tlus<\/div>\n<\/div>\n<div class=\"row\">\n<div class=\"cell label\">Valmis pind<\/div>\n<div class=\"cell value\">Liivapritsimine, v\u00e4rvimine, poleerimine v\u00f5i vastavalt kliendi soovile.<\/div>\n<\/div>\n<div class=\"row\">\n<div class=\"cell label\">Joonistamise vorming<\/div>\n<div class=\"cell value\">pdf,stp,step,stl,jne<\/div>\n<\/div>\n<div class=\"row\">\n<div class=\"cell label\">Sertifikaat<\/div>\n<div class=\"cell value\">ISO v\u00f5i vastavalt kliendi vajadustele<\/div>\n<\/div>\n<div class=\"row\">\n<div class=\"cell label\">Kaal<\/div>\n<div class=\"cell value\">0.05kg ~ 20kg alumiiniumist valatud valguse korpuse jaoks 0.05kg ~ 20kg<\/div>\n<\/div>\n<div class=\"row\">\n<div class=\"cell label\">Pakett<\/div>\n<div class=\"cell value\">Suur plastkott sees, mitmekihiline puidust kast v\u00e4ljaspool<\/div>\n<\/div>\n<div class=\"row\">\n<div class=\"cell label\">Tarneaeg<\/div>\n<div class=\"cell value\">Proovi jaoks umbes 45 p\u00e4eva<\/div>\n<\/div>\n<div class=\"row\">\n<div class=\"cell label\">Teenused<\/div>\n<div class=\"cell value\">Kohandatud metallosad teie jooniste v\u00f5i n\u00e4idiste alusel<\/div>\n<\/div>\n<div class=\"row\">\n<div class=\"cell label\">M\u00fc\u00fcvad \u00fcksused<\/div>\n<div class=\"cell value\">\u00dcksik ese<\/div>\n<\/div>\n<div class=\"row\">\n<div class=\"cell label\">\u00dche pakendi suurus<\/div>\n<div class=\"cell value\">20X40X20 cm<\/div>\n<\/div>\n<div class=\"row\">\n<div class=\"cell label\">\u00dchtne brutokaal<\/div>\n<div class=\"cell value\">5.000 KG<\/div>\n<\/div>\n<\/div>\n<p><\/p>\n<h2>Meie tootmisbaas<\/h2>\n<h3>Tehase panoraam<\/h3>\n<p><img decoding=\"async\" src=\"\/wp-content\/uploads\/factory-01.webp\"\/><\/p>\n<h3>Alumiiniumvarraste tootmise t\u00f6\u00f6koda<\/h3>\n<p><img decoding=\"async\" src=\"\/wp-content\/uploads\/factory-02.webp\"\/><\/p>\n<p><img decoding=\"async\" src=\"\/wp-content\/uploads\/factory-03.webp\"\/><\/p>\n<h3>hallituse ladustamise ladu<\/h3>\n<p><img decoding=\"async\" src=\"\/wp-content\/uploads\/factory-04.webp\"\/><\/p>\n<h3>43 alumiiniumi ekstrusiooniliini (500-5500 tonni)<\/h3>\n<p><img decoding=\"async\" src=\"\/wp-content\/uploads\/factory-05.webp\"\/><\/p>\n<p><img decoding=\"async\" src=\"\/wp-content\/uploads\/factory-06.webp\"\/><\/p>\n<p><img decoding=\"async\" src=\"\/wp-content\/uploads\/factory-07.webp\"\/><\/p>\n<h3>Pulberv\u00e4rvimise t\u00f6\u00f6koda<\/h3>\n<p><img decoding=\"async\" src=\"\/wp-content\/uploads\/factory-09.webp\"\/><\/p>\n<h3>Anodiseerimise t\u00f6\u00f6koda<\/h3>\n<p><img decoding=\"async\" src=\"\/wp-content\/uploads\/factory-10.webp\"\/><\/p>\n<h3>S\u00fcgavt\u00f6\u00f6tlemise t\u00f6\u00f6tuba<\/h3>\n<p><img decoding=\"async\" src=\"\/wp-content\/uploads\/factory-11.webp\"\/><\/p>\n<h3>CNC-t\u00e4ppist\u00f6\u00f6tlemise t\u00f6\u00f6koda<\/h3>\n<p><img decoding=\"async\" src=\"\/wp-content\/uploads\/factory-11.5.webp\"\/><\/p>\n<h3>Valmistoodete ja ekspordi ladu<\/h3>\n<p><img decoding=\"async\" src=\"\/wp-content\/uploads\/factory-12.webp\"\/><\/p>\n<p><img decoding=\"async\" src=\"\/wp-content\/uploads\/factory-13.webp\"\/><\/p>\n<p><img decoding=\"async\" src=\"\/wp-content\/uploads\/factory-14.webp\"\/><\/p>\n<h2>KKK<\/h2>\n<p><strong>1. Milliseid materjale kasutatakse LED-korpuses?<\/strong><br \/>LED-korpus on valmistatud k\u00f5rgekvaliteedilisest alumiiniumist v\u00f5i plastikust, mis tagab vastupidavuse ja soojusjuhtimise.<\/p>\n<p><strong>2. Kas LED-korpust saab kohandada erinevate LED-t\u00fc\u00fcpide jaoks?<\/strong><br \/>Jah, meie LED-korpust saab kohandada erinevate LED-konfiguratsioonide ja -suuruste jaoks.<\/p>\n<p><strong>3. Kas LED-korpus on ilmastikukindel?<\/strong><br \/>Jah, meie LED-korpus on m\u00f5eldud ilmastikukindlaks, mis sobib v\u00e4litingimustes kasutamiseks.<\/p>\n<p><strong>4. Kas LED-korpus toetab t\u00f5husat soojuse hajutamist?<\/strong><br \/>Kindlasti sisaldab disain optimaalse soojusjuhtimise funktsioone, et suurendada LEDide eluiga.<\/p>\n<p><strong>5. Kas LED-korpuse v\u00e4rvivalikud on saadaval?<\/strong><br \/>Jah, LED-korpust saab kohandada erinevate v\u00e4rvidega, et see vastaks teie esteetilistele n\u00f5uetele.<\/p>\n<p><strong>6. Milline on kohandatud LED-korpuse tellimuste tarneaeg?<\/strong><br \/>Tarneaeg s\u00f5ltub tellimuse mahust ja kohandamise tasemest, kuid j\u00e4\u00e4b tavaliselt vahemikku 2 kuni 4 n\u00e4dalat.<\/p>\n<p><strong>7. Kas LED-korpuse puhul on v\u00f5imalik osta lahtiselt?<\/strong><br \/>Jah, pakume suurte tellimuste puhul konkurentsiv\u00f5imelise hinnaga hulgiostuv\u00f5imalusi.<\/p>\n<p><\/p>","protected":false},"featured_media":10757,"template":"","categories":[55],"class_list":["post-11009","product","type-product","status-publish","has-post-thumbnail","hentry","category-extruded-aluminum-profiles"],"meta_box":{"hilight_text_group":[{"product_hilight_text":"<li>High-quality design suitable for various LED lighting applications<\/li>\n<li>Durable materials ensure protection and longevity<\/li>\n<li>Customizable in size and finish to fit client needs<\/li>\n<li>Compatible with a wide range of LED models<\/li>\n<li>Efficient heat dissipation design for optimal LED performance<\/li>"}],"feature_list":[]},"_links":{"self":[{"href":"https:\/\/sinoextrud.com\/et\/wp-json\/wp\/v2\/product\/11009","targetHints":{"allow":["GET"]}}],"collection":[{"href":"https:\/\/sinoextrud.com\/et\/wp-json\/wp\/v2\/product"}],"about":[{"href":"https:\/\/sinoextrud.com\/et\/wp-json\/wp\/v2\/types\/product"}],"wp:featuredmedia":[{"embeddable":true,"href":"https:\/\/sinoextrud.com\/et\/wp-json\/wp\/v2\/media\/10757"}],"wp:attachment":[{"href":"https:\/\/sinoextrud.com\/et\/wp-json\/wp\/v2\/media?parent=11009"}],"wp:term":[{"taxonomy":"category","embeddable":true,"href":"https:\/\/sinoextrud.com\/et\/wp-json\/wp\/v2\/categories?post=11009"}],"curies":[{"name":"wp","href":"https:\/\/api.w.org\/{rel}","templated":true}]}}