{"id":11005,"date":"2025-08-01T03:38:48","date_gmt":"2025-08-01T03:38:48","guid":{"rendered":"https:\/\/sinoextrud.com\/product\/multi-chambered-aluminum-heat-sink-vapor-chamber\/"},"modified":"2025-08-01T03:38:48","modified_gmt":"2025-08-01T03:38:48","slug":"mitmekambriline-alumiiniumist-jahutusradiaatoriga-aurukamber","status":"publish","type":"product","link":"https:\/\/sinoextrud.com\/et\/product\/multi-chambered-aluminum-heat-sink-vapor-chamber\/","title":{"rendered":"Mitmekambriline alumiiniumist soojuss\u00f5lme aurukamber"},"content":{"rendered":"<h2>Toodete \u00fcksikasjad<\/h2>\n<div class=\"product-table\">\n<div class=\"row\">\n<div class=\"cell label\">CNC-t\u00f6\u00f6tlus v\u00f5i mitte<\/div>\n<div class=\"cell value\">Cnc mehaaniline t\u00f6\u00f6tlemine<\/div>\n<\/div>\n<div class=\"row\">\n<div class=\"cell label\">Materjalide v\u00f5imekus<\/div>\n<div class=\"cell value\">Alumiinium, messing, pronks, vask, karastatud metallid, v\u00e4\u00e4rismetallid, roostevaba teras, terasesulamid, titaanosad<\/div>\n<\/div>\n<div class=\"row\">\n<div class=\"cell label\">T\u00fc\u00fcp<\/div>\n<div class=\"cell value\">Freesimine, Puurimine, Keemiline s\u00f6\u00f6vitus \/ keemiline t\u00f6\u00f6tlemine, Lasert\u00f6\u00f6tlus, Freesimine, Muud t\u00f6\u00f6tlemisteenused, Treimine, S\u00f6\u00f6vitust\u00f6\u00f6d, Kiirprotot\u00fc\u00fcpide valmistamine<\/div>\n<\/div>\n<div class=\"row\">\n<div class=\"cell label\">Mikrot\u00f6\u00f6tlemine v\u00f5i mitte<\/div>\n<div class=\"cell value\">Mikrot\u00f6\u00f6tlemine<\/div>\n<\/div>\n<div class=\"row\">\n<div class=\"cell label\">Toote nimi<\/div>\n<div class=\"cell value\">Heatsink Machining teenus<\/div>\n<\/div>\n<div class=\"row\">\n<div class=\"cell label\">CNC-tolerants<\/div>\n<div class=\"cell value\">0.02mm<\/div>\n<\/div>\n<div class=\"row\">\n<div class=\"cell label\">OEM\/ODM<\/div>\n<div class=\"cell value\">Aktsepteeritav<\/div>\n<\/div>\n<div class=\"row\">\n<div class=\"cell label\">Protsess<\/div>\n<div class=\"cell value\">Cnc mehaaniline t\u00f6\u00f6tlemine+deburrid<\/div>\n<\/div>\n<div class=\"row\">\n<div class=\"cell label\">Joonistamise vorming<\/div>\n<div class=\"cell value\">DWG, STP<\/div>\n<\/div>\n<div class=\"row\">\n<div class=\"cell label\">Logo<\/div>\n<div class=\"cell value\">Kliendi logo<\/div>\n<\/div>\n<div class=\"row\">\n<div class=\"cell label\">Pinnat\u00f6\u00f6tlus<\/div>\n<div class=\"cell value\">Vastavalt taotlusele<\/div>\n<\/div>\n<div class=\"row\">\n<div class=\"cell label\">Pakkimine<\/div>\n<div class=\"cell value\">Pol\u00fckott + sisemine kast + karp<\/div>\n<\/div>\n<div class=\"row\">\n<div class=\"cell label\">Sertifitseerimine<\/div>\n<div class=\"cell value\">ISO9001:2018\/ROSH<\/div>\n<\/div>\n<div class=\"row\">\n<div class=\"cell label\">MOQ<\/div>\n<div class=\"cell value\">1PCS<\/div>\n<\/div>\n<div class=\"row\">\n<div class=\"cell label\">M\u00fc\u00fcvad \u00fcksused<\/div>\n<div class=\"cell value\">\u00dcksik ese<\/div>\n<\/div>\n<div class=\"row\">\n<div class=\"cell label\">\u00dche pakendi suurus<\/div>\n<div class=\"cell value\">28X30X25 cm<\/div>\n<\/div>\n<div class=\"row\">\n<div class=\"cell label\">\u00dchtne brutokaal<\/div>\n<div class=\"cell value\">1.000 KG<\/div>\n<\/div>\n<\/div>\n<p><\/p>\n<h2>Meie tootmisbaas<\/h2>\n<h3>Tehase panoraam<\/h3>\n<p><img decoding=\"async\" src=\"\/wp-content\/uploads\/factory-01.webp\"\/><\/p>\n<h3>Alumiiniumvarraste tootmise t\u00f6\u00f6koda<\/h3>\n<p><img decoding=\"async\" src=\"\/wp-content\/uploads\/factory-02.webp\"\/><\/p>\n<p><img decoding=\"async\" src=\"\/wp-content\/uploads\/factory-03.webp\"\/><\/p>\n<h3>hallituse ladustamise ladu<\/h3>\n<p><img decoding=\"async\" src=\"\/wp-content\/uploads\/factory-04.webp\"\/><\/p>\n<h3>43 alumiiniumi ekstrusiooniliini (500-5500 tonni)<\/h3>\n<p><img decoding=\"async\" src=\"\/wp-content\/uploads\/factory-05.webp\"\/><\/p>\n<p><img decoding=\"async\" src=\"\/wp-content\/uploads\/factory-06.webp\"\/><\/p>\n<p><img decoding=\"async\" src=\"\/wp-content\/uploads\/factory-07.webp\"\/><\/p>\n<h3>Pulberv\u00e4rvimise t\u00f6\u00f6koda<\/h3>\n<p><img decoding=\"async\" src=\"\/wp-content\/uploads\/factory-09.webp\"\/><\/p>\n<h3>Anodiseerimise t\u00f6\u00f6koda<\/h3>\n<p><img decoding=\"async\" src=\"\/wp-content\/uploads\/factory-10.webp\"\/><\/p>\n<h3>S\u00fcgavt\u00f6\u00f6tlemise t\u00f6\u00f6tuba<\/h3>\n<p><img decoding=\"async\" src=\"\/wp-content\/uploads\/factory-11.webp\"\/><\/p>\n<h3>CNC-t\u00e4ppist\u00f6\u00f6tlemise t\u00f6\u00f6koda<\/h3>\n<p><img decoding=\"async\" src=\"\/wp-content\/uploads\/factory-11.5.webp\"\/><\/p>\n<h3>Valmistoodete ja ekspordi ladu<\/h3>\n<p><img decoding=\"async\" src=\"\/wp-content\/uploads\/factory-12.webp\"\/><\/p>\n<p><img decoding=\"async\" src=\"\/wp-content\/uploads\/factory-13.webp\"\/><\/p>\n<p><img decoding=\"async\" src=\"\/wp-content\/uploads\/factory-14.webp\"\/><\/p>\n<h2>KKK<\/h2>\n<p><strong>1. Milleks kasutatakse mitmekambrilist alumiiniumist aurukambrit?<\/strong><br \/>Seda kasutatakse elektroonikaseadmete t\u00f5husaks soojusjuhtimiseks, suurendades jahutuse tulemuslikkust.<\/p>\n<p><strong>2. Kas alumiiniumist jahutusradiaatori aurukambrit saab kohandada konkreetsete rakenduste jaoks?<\/strong><br \/>Jah, konstruktsioone saab kohandada vastavalt t\u00f6\u00f6stuslikele vajadustele ja seadme spetsifikatsioonidele.<\/p>\n<p><strong>3. Kas aurukamber toetab suure v\u00f5imsusega seadmeid?<\/strong><br \/>Jah, see on m\u00f5eldud soojuse t\u00f5husaks juhtimiseks suure v\u00f5imsusega rakendustes.<\/p>\n<p><strong>4. Milliseid materjale kasutatakse aurukambri ehitamisel?<\/strong><br \/>Aurukamber on valmistatud kergest alumiiniumist, et tagada vastupidavus ja t\u00f5husus.<\/p>\n<p><strong>5. Kas see toode sobib suure j\u00f5udlusega elektroonika jaoks?<\/strong><br \/>Kindlasti on see projekteeritud optimaalseks soojuse hajutamiseks suure j\u00f5udlusega elektroonikaseadmetes.<\/p>\n<p><strong>6. Kuidas parandab mitme kambri kasutamine aurukambri j\u00f5udlust?<\/strong><br \/>Mitu kambrit suurendavad soojuse hajutamise v\u00f5imet, jaotades soojuse \u00fchtlasemalt \u00fcle kogu pinna.<\/p>\n<p><strong>7. Kas aurukambrit saab integreerida olemasolevatesse s\u00fcsteemidesse?<\/strong><br \/>Jah, selle kerge ja kohandatav disain v\u00f5imaldab seda h\u00f5lpsasti integreerida olemasolevatesse soojusjuhtimiss\u00fcsteemidesse.<\/p>\n<p><\/p>","protected":false},"featured_media":10783,"template":"","categories":[55],"class_list":["post-11005","product","type-product","status-publish","has-post-thumbnail","hentry","category-extruded-aluminum-profiles"],"meta_box":{"hilight_text_group":[{"product_hilight_text":"<li>Efficient thermal management for high-performance devices<\/li>\n<li>Lightweight aluminum construction for easy integration<\/li>\n<li>Multiple chambers enhance heat dissipation abilities<\/li>\n<li>Custom designs available for specific industrial applications<\/li>\n<li>Supports high power density applications<\/li>"}],"feature_list":[]},"_links":{"self":[{"href":"https:\/\/sinoextrud.com\/et\/wp-json\/wp\/v2\/product\/11005","targetHints":{"allow":["GET"]}}],"collection":[{"href":"https:\/\/sinoextrud.com\/et\/wp-json\/wp\/v2\/product"}],"about":[{"href":"https:\/\/sinoextrud.com\/et\/wp-json\/wp\/v2\/types\/product"}],"wp:featuredmedia":[{"embeddable":true,"href":"https:\/\/sinoextrud.com\/et\/wp-json\/wp\/v2\/media\/10783"}],"wp:attachment":[{"href":"https:\/\/sinoextrud.com\/et\/wp-json\/wp\/v2\/media?parent=11005"}],"wp:term":[{"taxonomy":"category","embeddable":true,"href":"https:\/\/sinoextrud.com\/et\/wp-json\/wp\/v2\/categories?post=11005"}],"curies":[{"name":"wp","href":"https:\/\/api.w.org\/{rel}","templated":true}]}}