{"id":11003,"date":"2025-08-01T03:38:44","date_gmt":"2025-08-01T03:38:44","guid":{"rendered":"https:\/\/sinoextrud.com\/product\/highly-difficult-extruded-heat-sinks-for-ssr-modules\/"},"modified":"2025-08-01T03:38:44","modified_gmt":"2025-08-01T03:38:44","slug":"aarmiselt-keerulised-ekstrudeeritud-jahutusradiaatorid-ssr-moodulitele","status":"publish","type":"product","link":"https:\/\/sinoextrud.com\/et\/product\/highly-difficult-extruded-heat-sinks-for-ssr-modules\/","title":{"rendered":"V\u00e4ga keerulised ekstrudeeritud jahutusalused SSR-moodulite jaoks"},"content":{"rendered":"<h2>Toodete \u00fcksikasjad<\/h2>\n<div class=\"product-table\">\n<div class=\"row\">\n<div class=\"cell label\">Kasutamine<\/div>\n<div class=\"cell value\">\u00dcldine otstarve<\/div>\n<\/div>\n<div class=\"row\">\n<div class=\"cell label\">P\u00e4ritolu<\/div>\n<div class=\"cell value\">Mandri-Hiina<\/div>\n<\/div>\n<div class=\"row\">\n<div class=\"cell label\">M\u00fc\u00fcvad \u00fcksused<\/div>\n<div class=\"cell value\">\u00dcksik ese<\/div>\n<\/div>\n<div class=\"row\">\n<div class=\"cell label\">\u00dche pakendi suurus<\/div>\n<div class=\"cell value\">10X10X10 cm<\/div>\n<\/div>\n<div class=\"row\">\n<div class=\"cell label\">\u00dchtne brutokaal<\/div>\n<div class=\"cell value\">0,120 kg<\/div>\n<\/div>\n<\/div>\n<p><\/p>\n<h2>Meie tootmisbaas<\/h2>\n<h3>Tehase panoraam<\/h3>\n<p><img decoding=\"async\" src=\"\/wp-content\/uploads\/factory-01.webp\"\/><\/p>\n<h3>Alumiiniumvarraste tootmise t\u00f6\u00f6koda<\/h3>\n<p><img decoding=\"async\" src=\"\/wp-content\/uploads\/factory-02.webp\"\/><\/p>\n<p><img decoding=\"async\" src=\"\/wp-content\/uploads\/factory-03.webp\"\/><\/p>\n<h3>hallituse ladustamise ladu<\/h3>\n<p><img decoding=\"async\" src=\"\/wp-content\/uploads\/factory-04.webp\"\/><\/p>\n<h3>43 alumiiniumi ekstrusiooniliini (500-5500 tonni)<\/h3>\n<p><img decoding=\"async\" src=\"\/wp-content\/uploads\/factory-05.webp\"\/><\/p>\n<p><img decoding=\"async\" src=\"\/wp-content\/uploads\/factory-06.webp\"\/><\/p>\n<p><img decoding=\"async\" src=\"\/wp-content\/uploads\/factory-07.webp\"\/><\/p>\n<h3>Pulberv\u00e4rvimise t\u00f6\u00f6koda<\/h3>\n<p><img decoding=\"async\" src=\"\/wp-content\/uploads\/factory-09.webp\"\/><\/p>\n<h3>Anodiseerimise t\u00f6\u00f6koda<\/h3>\n<p><img decoding=\"async\" src=\"\/wp-content\/uploads\/factory-10.webp\"\/><\/p>\n<h3>S\u00fcgavt\u00f6\u00f6tlemise t\u00f6\u00f6tuba<\/h3>\n<p><img decoding=\"async\" src=\"\/wp-content\/uploads\/factory-11.webp\"\/><\/p>\n<h3>CNC-t\u00e4ppist\u00f6\u00f6tlemise t\u00f6\u00f6koda<\/h3>\n<p><img decoding=\"async\" src=\"\/wp-content\/uploads\/factory-11.5.webp\"\/><\/p>\n<h3>Valmistoodete ja ekspordi ladu<\/h3>\n<p><img decoding=\"async\" src=\"\/wp-content\/uploads\/factory-12.webp\"\/><\/p>\n<p><img decoding=\"async\" src=\"\/wp-content\/uploads\/factory-13.webp\"\/><\/p>\n<p><img decoding=\"async\" src=\"\/wp-content\/uploads\/factory-14.webp\"\/><\/p>\n<h2>KKK<\/h2>\n<p><strong>1. Millised on ekstrudeeritud jahutusradiaatorite peamised rakendused?<\/strong><br \/>Neid kasutatakse peamiselt SSR-ides, et suurendada soojuslikku efektiivsust ja t\u00f6\u00f6kindlust.<\/p>\n<p><strong>2. Kas neid jahutusradiaatoreid saab kohandada konkreetsete m\u00f5\u00f5tmetega?<\/strong><br \/>Jah, pakume kohandamist vastavalt unikaalsetele spetsifikatsioonidele ja suurusn\u00f5uetele.<\/p>\n<p><strong>3. Kas need jahutusradiaatorid toetavad k\u00f5rget soojusjuhtivust?<\/strong><br \/>Muidugi, need on loodud suure soojuskoormuse t\u00f5husaks juhtimiseks.<\/p>\n<p><strong>4. Kas jahutusradiaatori pinna viimistlust on v\u00f5imalik kohandada?<\/strong><br \/>Jah, saadaval on erinevad viimistlused, mis vastavad teie disainilahenduse esteetikale.<\/p>\n<p><strong>5. Millistest materjalidest on need jahutusradiaatorid valmistatud?<\/strong><br \/>Need on tavaliselt valmistatud k\u00f5rgekvaliteedilisest alumiiniumist, kuid soovi korral on saadaval ka muud materjalid.<\/p>\n<p><strong>6. Kas need tooted sobivad k\u00f5rge energiatarbimisega keskkondadesse?<\/strong><br \/>Jah, need on konstrueeritud taluma raskeid termilisi ja mehaanilisi tingimusi.<\/p>\n<p><strong>7. Kas pakute lahendusi soojusjuhtimiss\u00fcsteemide t\u00e4iustamiseks?<\/strong><br \/>Jah, meie jahutusradiaatorid on optimeeritud soojusjuhtimise lahenduste oluline komponent.<\/p>\n<p><\/p>","protected":false},"featured_media":10751,"template":"","categories":[72],"class_list":["post-11003","product","type-product","status-publish","has-post-thumbnail","hentry","category-extruded-aluminum-heatsink"],"meta_box":{"hilight_text_group":[{"product_hilight_text":"<li>Engineered for superior thermal management in SSR applications<\/li>\n<li>Capable of handling extreme temperatures with high thermal conductivity<\/li>\n<li>Precisely extruded for intricate and complex designs<\/li>\n<li>Customizable in dimensions and finishes to meet specific requirements<\/li>\n<li>Manufactured with high-quality materials ensuring robust performance<\/li>"}],"feature_list":[]},"_links":{"self":[{"href":"https:\/\/sinoextrud.com\/et\/wp-json\/wp\/v2\/product\/11003","targetHints":{"allow":["GET"]}}],"collection":[{"href":"https:\/\/sinoextrud.com\/et\/wp-json\/wp\/v2\/product"}],"about":[{"href":"https:\/\/sinoextrud.com\/et\/wp-json\/wp\/v2\/types\/product"}],"wp:featuredmedia":[{"embeddable":true,"href":"https:\/\/sinoextrud.com\/et\/wp-json\/wp\/v2\/media\/10751"}],"wp:attachment":[{"href":"https:\/\/sinoextrud.com\/et\/wp-json\/wp\/v2\/media?parent=11003"}],"wp:term":[{"taxonomy":"category","embeddable":true,"href":"https:\/\/sinoextrud.com\/et\/wp-json\/wp\/v2\/categories?post=11003"}],"curies":[{"name":"wp","href":"https:\/\/api.w.org\/{rel}","templated":true}]}}