{"id":11002,"date":"2025-08-01T03:38:41","date_gmt":"2025-08-01T03:38:41","guid":{"rendered":"https:\/\/sinoextrud.com\/product\/led-heat-sink-for-thermal-control\/"},"modified":"2025-08-01T03:38:41","modified_gmt":"2025-08-01T03:38:41","slug":"viinud-soojusjuhtimise-soojusjuhtimisele","status":"publish","type":"product","link":"https:\/\/sinoextrud.com\/et\/product\/led-heat-sink-for-thermal-control\/","title":{"rendered":"LED-soojuspesa soojusjuhtimiseks"},"content":{"rendered":"<h2>Toodete \u00fcksikasjad<\/h2>\n<div class=\"product-table\">\n<div class=\"row\">\n<div class=\"cell label\">T\u00fc\u00fcp<\/div>\n<div class=\"cell value\">Heatsink<\/div>\n<\/div>\n<div class=\"row\">\n<div class=\"cell label\">Kinnitusmeetod<\/div>\n<div class=\"cell value\">Jootmine<\/div>\n<\/div>\n<div class=\"row\">\n<div class=\"cell label\">Materjal<\/div>\n<div class=\"cell value\">Alumiinium ja vask<\/div>\n<\/div>\n<div class=\"row\">\n<div class=\"cell label\">Taotlus<\/div>\n<div class=\"cell value\">LED jahutuss\u00fcsteem; LED lavavalgus<\/div>\n<\/div>\n<div class=\"row\">\n<div class=\"cell label\">Sertifitseerimine<\/div>\n<div class=\"cell value\">ISO9001:2015; IATF 16949: 2016<\/div>\n<\/div>\n<div class=\"row\">\n<div class=\"cell label\">M\u00fc\u00fcvad \u00fcksused<\/div>\n<div class=\"cell value\">\u00dcksik ese<\/div>\n<\/div>\n<\/div>\n<p><\/p>\n<h2>Meie tootmisbaas<\/h2>\n<h3>Tehase panoraam<\/h3>\n<p><img decoding=\"async\" src=\"\/wp-content\/uploads\/factory-01.webp\"\/><\/p>\n<h3>Alumiiniumvarraste tootmise t\u00f6\u00f6koda<\/h3>\n<p><img decoding=\"async\" src=\"\/wp-content\/uploads\/factory-02.webp\"\/><\/p>\n<p><img decoding=\"async\" src=\"\/wp-content\/uploads\/factory-03.webp\"\/><\/p>\n<h3>hallituse ladustamise ladu<\/h3>\n<p><img decoding=\"async\" src=\"\/wp-content\/uploads\/factory-04.webp\"\/><\/p>\n<h3>43 alumiiniumi ekstrusiooniliini (500-5500 tonni)<\/h3>\n<p><img decoding=\"async\" src=\"\/wp-content\/uploads\/factory-05.webp\"\/><\/p>\n<p><img decoding=\"async\" src=\"\/wp-content\/uploads\/factory-06.webp\"\/><\/p>\n<p><img decoding=\"async\" src=\"\/wp-content\/uploads\/factory-07.webp\"\/><\/p>\n<h3>Pulberv\u00e4rvimise t\u00f6\u00f6koda<\/h3>\n<p><img decoding=\"async\" src=\"\/wp-content\/uploads\/factory-09.webp\"\/><\/p>\n<h3>Anodiseerimise t\u00f6\u00f6koda<\/h3>\n<p><img decoding=\"async\" src=\"\/wp-content\/uploads\/factory-10.webp\"\/><\/p>\n<h3>S\u00fcgavt\u00f6\u00f6tlemise t\u00f6\u00f6tuba<\/h3>\n<p><img decoding=\"async\" src=\"\/wp-content\/uploads\/factory-11.webp\"\/><\/p>\n<h3>CNC-t\u00e4ppist\u00f6\u00f6tlemise t\u00f6\u00f6koda<\/h3>\n<p><img decoding=\"async\" src=\"\/wp-content\/uploads\/factory-11.5.webp\"\/><\/p>\n<h3>Valmistoodete ja ekspordi ladu<\/h3>\n<p><img decoding=\"async\" src=\"\/wp-content\/uploads\/factory-12.webp\"\/><\/p>\n<p><img decoding=\"async\" src=\"\/wp-content\/uploads\/factory-13.webp\"\/><\/p>\n<p><img decoding=\"async\" src=\"\/wp-content\/uploads\/factory-14.webp\"\/><\/p>\n<h2>KKK<\/h2>\n<p><strong>1. Milline on LED-k\u00fcttealuse esmane funktsioon?<\/strong><br \/>LED-k\u00fctteallikas on m\u00f5eldud soojuse t\u00f5husaks hajutamiseks, pikendades seel\u00e4bi LED-valgustite eluiga ja t\u00f5husust.<\/p>\n<p><strong>2. Kas LED-soojuspesa saab kohandada?<\/strong><br \/>Jah, me pakume kohandusi suuruse, kuju ja paigaldusv\u00f5imaluste osas, et need sobiksid konkreetsetele LED-rakendustele.<\/p>\n<p><strong>3. Kas LED-k\u00fctteallikas \u00fchildub k\u00f5igi LED-t\u00fc\u00fcpidega?<\/strong><br \/>Meie jahutusalused sobivad kokku paljude LED-moodulitega, mist\u00f5ttu sobivad need erinevateks rakendusteks.<\/p>\n<p><strong>4. Milliseid materjale on kasutatud LED-k\u00fcttealuse ehitamisel?<\/strong><br \/>Jahutusradiaatorid on valmistatud peamiselt kvaliteetsest alumiiniumist, mis tagab optimaalse soojapidavuse.<\/p>\n<p><strong>5. Milliseid eeliseid toovad kvaliteetsed materjalid soojusalvestusele?<\/strong><br \/>Kvaliteetsete materjalide kasutamine tagab t\u00f5husa soojuse hajutamise ja pikendab teie LED-rakenduste kasutusiga.<\/p>\n<p><strong>6. Kuidas m\u00f5jutab jahutusradiaatori konstruktsioon selle j\u00f5udlust?<\/strong><br \/>H\u00e4sti projekteeritud jahutusradiaator parandab soojuse hajutamist ja v\u00f5ib oluliselt parandada LED-valgustite t\u00f5husust.<\/p>\n<p><strong>7. Kas jahutusradiaator on keskkonnas\u00f5bralik?<\/strong><br \/>Jah, meie tooted on valmistatud taaskasutatavatest materjalidest ja disainitud j\u00e4tkusuutlikkust silmas pidades.<\/p>\n<p><\/p>","protected":false},"featured_media":10789,"template":"","categories":[72],"class_list":["post-11002","product","type-product","status-publish","has-post-thumbnail","hentry","category-extruded-aluminum-heatsink"],"meta_box":{"hilight_text_group":[{"product_hilight_text":"<li>Optimized for superior thermal management in LED applications<\/li>\n<li>Available in various shapes and sizes to fit different LED designs<\/li>\n<li>Manufactured with high-quality aluminum for efficient heat dissipation<\/li>\n<li>Supports customized solutions for unique project requirements<\/li>\n<li>Compatible with a wide range of LED modules and systems<\/li>"}],"feature_list":[]},"_links":{"self":[{"href":"https:\/\/sinoextrud.com\/et\/wp-json\/wp\/v2\/product\/11002","targetHints":{"allow":["GET"]}}],"collection":[{"href":"https:\/\/sinoextrud.com\/et\/wp-json\/wp\/v2\/product"}],"about":[{"href":"https:\/\/sinoextrud.com\/et\/wp-json\/wp\/v2\/types\/product"}],"wp:featuredmedia":[{"embeddable":true,"href":"https:\/\/sinoextrud.com\/et\/wp-json\/wp\/v2\/media\/10789"}],"wp:attachment":[{"href":"https:\/\/sinoextrud.com\/et\/wp-json\/wp\/v2\/media?parent=11002"}],"wp:term":[{"taxonomy":"category","embeddable":true,"href":"https:\/\/sinoextrud.com\/et\/wp-json\/wp\/v2\/categories?post=11002"}],"curies":[{"name":"wp","href":"https:\/\/api.w.org\/{rel}","templated":true}]}}