{"id":11000,"date":"2025-08-01T03:38:37","date_gmt":"2025-08-01T03:38:37","guid":{"rendered":"https:\/\/sinoextrud.com\/product\/thermal-transfer-plate-heat-sink-for-devices\/"},"modified":"2025-08-01T03:38:37","modified_gmt":"2025-08-01T03:38:37","slug":"soojusulekandeplaadi-jahutusradiaator-seadmete-jaoks","status":"publish","type":"product","link":"https:\/\/sinoextrud.com\/et\/product\/thermal-transfer-plate-heat-sink-for-devices\/","title":{"rendered":"Thermal Transfer Plate Heat Sink seadmete jaoks"},"content":{"rendered":"<h2>Toodete \u00fcksikasjad<\/h2>\n<div class=\"product-table\">\n<div class=\"row\">\n<div class=\"cell label\">masinate katseprotokoll<\/div>\n<div class=\"cell value\">Edastatud<\/div>\n<\/div>\n<div class=\"row\">\n<div class=\"cell label\">video v\u00e4ljaminev inspektsioon<\/div>\n<div class=\"cell value\">Edastatud<\/div>\n<\/div>\n<div class=\"row\">\n<div class=\"cell label\">garantii<\/div>\n<div class=\"cell value\">1 aasta<\/div>\n<\/div>\n<div class=\"row\">\n<div class=\"cell label\">taotlus<\/div>\n<div class=\"cell value\">K\u00fctteseadme osad<\/div>\n<\/div>\n<div class=\"row\">\n<div class=\"cell label\">t\u00fc\u00fcp<\/div>\n<div class=\"cell value\">vedel k\u00fclm plaat<\/div>\n<\/div>\n<div class=\"row\">\n<div class=\"cell label\">kaal (kg)<\/div>\n<div class=\"cell value\">5<\/div>\n<\/div>\n<div class=\"row\">\n<div class=\"cell label\">Toote nimi<\/div>\n<div class=\"cell value\">k\u00fclma plaadi jahutusradiaator<\/div>\n<\/div>\n<div class=\"row\">\n<div class=\"cell label\">Materjal<\/div>\n<div class=\"cell value\">Alumiiniumsulam<\/div>\n<\/div>\n<div class=\"row\">\n<div class=\"cell label\">M\u00f5\u00f5tmed (L*S*K)<\/div>\n<div class=\"cell value\">Kuni 1.2*1m L*W<\/div>\n<\/div>\n<div class=\"row\">\n<div class=\"cell label\">Pinna karedus<\/div>\n<div class=\"cell value\">3.2 um<\/div>\n<\/div>\n<div class=\"row\">\n<div class=\"cell label\">Pinna tasasus<\/div>\n<div class=\"cell value\">0,1 mm<\/div>\n<\/div>\n<div class=\"row\">\n<div class=\"cell label\">T\u00f6\u00f6r\u00f5hk<\/div>\n<div class=\"cell value\">V\u00e4hemalt 1 baar<\/div>\n<\/div>\n<div class=\"row\">\n<div class=\"cell label\">Peamine tehnika<\/div>\n<div class=\"cell value\">CNC-t\u00f6\u00f6tlemine<\/div>\n<\/div>\n<div class=\"row\">\n<div class=\"cell label\">Liimimistehnika<\/div>\n<div class=\"cell value\">Vaakumjootmine<\/div>\n<\/div>\n<div class=\"row\">\n<div class=\"cell label\">Jahutusvedelik<\/div>\n<div class=\"cell value\">Deioniseeritud vesi, inhibeeritud gl\u00fckool ja vesi, dielektriline vedelik<\/div>\n<\/div>\n<div class=\"row\">\n<div class=\"cell label\">Pinna viimistlus<\/div>\n<div class=\"cell value\">Mill viimistlus v\u00f5i anodeerimine<\/div>\n<\/div>\n<div class=\"row\">\n<div class=\"cell label\">M\u00fc\u00fcvad \u00fcksused<\/div>\n<div class=\"cell value\">\u00dcksik ese<\/div>\n<\/div>\n<div class=\"row\">\n<div class=\"cell label\">\u00dche pakendi suurus<\/div>\n<div class=\"cell value\">21X14X11 cm<\/div>\n<\/div>\n<div class=\"row\">\n<div class=\"cell label\">\u00dchtne brutokaal<\/div>\n<div class=\"cell value\">5.000 KG<\/div>\n<\/div>\n<\/div>\n<p><\/p>\n<h2>Meie tootmisbaas<\/h2>\n<h3>Tehase panoraam<\/h3>\n<p><img decoding=\"async\" src=\"\/wp-content\/uploads\/factory-01.webp\"\/><\/p>\n<h3>Alumiiniumvarraste tootmise t\u00f6\u00f6koda<\/h3>\n<p><img decoding=\"async\" src=\"\/wp-content\/uploads\/factory-02.webp\"\/><\/p>\n<p><img decoding=\"async\" src=\"\/wp-content\/uploads\/factory-03.webp\"\/><\/p>\n<h3>hallituse ladustamise ladu<\/h3>\n<p><img decoding=\"async\" src=\"\/wp-content\/uploads\/factory-04.webp\"\/><\/p>\n<h3>43 alumiiniumi ekstrusiooniliini (500-5500 tonni)<\/h3>\n<p><img decoding=\"async\" src=\"\/wp-content\/uploads\/factory-05.webp\"\/><\/p>\n<p><img decoding=\"async\" src=\"\/wp-content\/uploads\/factory-06.webp\"\/><\/p>\n<p><img decoding=\"async\" src=\"\/wp-content\/uploads\/factory-07.webp\"\/><\/p>\n<h3>Pulberv\u00e4rvimise t\u00f6\u00f6koda<\/h3>\n<p><img decoding=\"async\" src=\"\/wp-content\/uploads\/factory-09.webp\"\/><\/p>\n<h3>Anodiseerimise t\u00f6\u00f6koda<\/h3>\n<p><img decoding=\"async\" src=\"\/wp-content\/uploads\/factory-10.webp\"\/><\/p>\n<h3>S\u00fcgavt\u00f6\u00f6tlemise t\u00f6\u00f6tuba<\/h3>\n<p><img decoding=\"async\" src=\"\/wp-content\/uploads\/factory-11.webp\"\/><\/p>\n<h3>CNC-t\u00e4ppist\u00f6\u00f6tlemise t\u00f6\u00f6koda<\/h3>\n<p><img decoding=\"async\" src=\"\/wp-content\/uploads\/factory-11.5.webp\"\/><\/p>\n<h3>Valmistoodete ja ekspordi ladu<\/h3>\n<p><img decoding=\"async\" src=\"\/wp-content\/uploads\/factory-12.webp\"\/><\/p>\n<p><img decoding=\"async\" src=\"\/wp-content\/uploads\/factory-13.webp\"\/><\/p>\n<p><img decoding=\"async\" src=\"\/wp-content\/uploads\/factory-14.webp\"\/><\/p>\n<h2>KKK<\/h2>\n<p><strong>1. Milline on soojus\u00fclekandeplaadi soojussalvesti esmane funktsioon?<\/strong><br \/>Selle esmane \u00fclesanne on hajutada t\u00f5husalt soojust, et s\u00e4ilitada seadme optimaalne j\u00f5udlus.<\/p>\n<p><strong>2. Kas jahutuselemendi konstruktsiooni saab kohandada?<\/strong><br \/>Jah, konstruktsiooni saab kohandada vastavalt erinevate rakenduste spetsiifilistele jahutusn\u00f5uetele.<\/p>\n<p><strong>3. Milliseid materjale kasutatakse jahutusradiaatori ehitamisel?<\/strong><br \/>See on valmistatud kvaliteetsetest materjalidest, nagu alumiinium v\u00f5i vask, mis tagavad t\u00f5husa soojusjuhtivuse.<\/p>\n<p><strong>4. Kas jahutusruum sobib suure v\u00f5imsusega elektrooniliste komponentide jaoks?<\/strong><br \/>Jah, see on konstrueeritud nii, et see saab hakkama suure soojuskoormusega komponentide puhul tavaliste suurte soojuskoormustega.<\/p>\n<p><strong>5. Kas te pakute enne masstootmist protot\u00fc\u00fcbi teenuseid?<\/strong><br \/>Jah, me pakume protot\u00fc\u00fcpide arendamist, et disain vastaks teie n\u00f5uetele.<\/p>\n<p><strong>6. Kuidas on selle toote soojuslik t\u00f5husus v\u00f5rreldes teiste toodetega?<\/strong><br \/>T\u00e4nu optimeeritud konstruktsioonile ja materjalivalikule pakub see parimat soojapidavust.<\/p>\n<p><strong>7. Kas on olemas minimaalsed tellimuse kogused ostmiseks?<\/strong><br \/>Jah, on olemas MOQ-d, mis varieeruvad s\u00f5ltuvalt kohandamise ja tellimuse spetsiifikast.<\/p>\n<p><\/p>","protected":false},"featured_media":10791,"template":"","categories":[72],"class_list":["post-11000","product","type-product","status-publish","has-post-thumbnail","hentry","category-extruded-aluminum-heatsink"],"meta_box":{"hilight_text_group":[{"product_hilight_text":"<li>Efficient thermal management for electronic devices<\/li>\n<li>Customizable design to fit specific cooling requirements<\/li>\n<li>Manufactured using high-quality, durable materials<\/li>\n<li>Suits a wide range of applications in various industries<\/li>\n<li>Supports bulk orders with competitive pricing options<\/li>"}],"feature_list":[]},"_links":{"self":[{"href":"https:\/\/sinoextrud.com\/et\/wp-json\/wp\/v2\/product\/11000","targetHints":{"allow":["GET"]}}],"collection":[{"href":"https:\/\/sinoextrud.com\/et\/wp-json\/wp\/v2\/product"}],"about":[{"href":"https:\/\/sinoextrud.com\/et\/wp-json\/wp\/v2\/types\/product"}],"wp:featuredmedia":[{"embeddable":true,"href":"https:\/\/sinoextrud.com\/et\/wp-json\/wp\/v2\/media\/10791"}],"wp:attachment":[{"href":"https:\/\/sinoextrud.com\/et\/wp-json\/wp\/v2\/media?parent=11000"}],"wp:term":[{"taxonomy":"category","embeddable":true,"href":"https:\/\/sinoextrud.com\/et\/wp-json\/wp\/v2\/categories?post=11000"}],"curies":[{"name":"wp","href":"https:\/\/api.w.org\/{rel}","templated":true}]}}