{"id":10995,"date":"2025-08-01T03:38:28","date_gmt":"2025-08-01T03:38:28","guid":{"rendered":"https:\/\/sinoextrud.com\/product\/extruded-heat-sink-for-industrial-electronics\/"},"modified":"2025-08-01T03:38:28","modified_gmt":"2025-08-01T03:38:28","slug":"ekstrudeeritud-jahutusradiaator-toostusliku-elektroonika-jaoks","status":"publish","type":"product","link":"https:\/\/sinoextrud.com\/et\/product\/extruded-heat-sink-for-industrial-electronics\/","title":{"rendered":"Ekstrudeeritud soojuss\u00f5lm t\u00f6\u00f6stuselektroonika jaoks"},"content":{"rendered":"<h2>Toodete \u00fcksikasjad<\/h2>\n<div class=\"product-table\">\n<div class=\"row\">\n<div class=\"cell label\">Hinne<\/div>\n<div class=\"cell value\">6000 seeria<\/div>\n<\/div>\n<div class=\"row\">\n<div class=\"cell label\">Sallivus<\/div>\n<div class=\"cell value\">\u00c2\u00b11%<\/div>\n<\/div>\n<div class=\"row\">\n<div class=\"cell label\">Tarneaeg<\/div>\n<div class=\"cell value\">22-30 p\u00e4eva<\/div>\n<\/div>\n<div class=\"row\">\n<div class=\"cell label\">Temper<\/div>\n<div class=\"cell value\">T3-T8<\/div>\n<\/div>\n<div class=\"row\">\n<div class=\"cell label\">Taotlus<\/div>\n<div class=\"cell value\">Soojusp\u00fc\u00fcdja<\/div>\n<\/div>\n<div class=\"row\">\n<div class=\"cell label\">Kuju<\/div>\n<div class=\"cell value\">T - Profiil<\/div>\n<\/div>\n<div class=\"row\">\n<div class=\"cell label\">Sulam v\u00f5i mitte<\/div>\n<div class=\"cell value\">Kas sulam on sulam<\/div>\n<\/div>\n<div class=\"row\">\n<div class=\"cell label\">T\u00f6\u00f6tlemisteenus<\/div>\n<div class=\"cell value\">Painutamine, dekopeerimine, stantsimine, l\u00f5ikamine<\/div>\n<\/div>\n<div class=\"row\">\n<div class=\"cell label\">Toote materjal<\/div>\n<div class=\"cell value\">6063 Alumiinium<\/div>\n<\/div>\n<div class=\"row\">\n<div class=\"cell label\">V\u00e4rv<\/div>\n<div class=\"cell value\">Must metall<\/div>\n<\/div>\n<div class=\"row\">\n<div class=\"cell label\">Suurus<\/div>\n<div class=\"cell value\">Kohandatud<\/div>\n<\/div>\n<div class=\"row\">\n<div class=\"cell label\">Pinnat\u00f6\u00f6tlus<\/div>\n<div class=\"cell value\">Anodeeritud\/oksiidiga jne\/pulbriga kaetud<\/div>\n<\/div>\n<div class=\"row\">\n<div class=\"cell label\">T\u00f6\u00f6riistad<\/div>\n<div class=\"cell value\">Valmistatud meie endi poolt<\/div>\n<\/div>\n<div class=\"row\">\n<div class=\"cell label\">Pakkimine<\/div>\n<div class=\"cell value\">Kartong<\/div>\n<\/div>\n<div class=\"row\">\n<div class=\"cell label\">Protsess<\/div>\n<div class=\"cell value\">Liivavalu +CNC mehaaniline t\u00f6\u00f6tlemine<\/div>\n<\/div>\n<div class=\"row\">\n<div class=\"cell label\">Sertifitseerimine<\/div>\n<div class=\"cell value\">ISO9001-2008<\/div>\n<\/div>\n<div class=\"row\">\n<div class=\"cell label\">T\u00f6\u00f6tlemine<\/div>\n<div class=\"cell value\">Saadaval<\/div>\n<\/div>\n<div class=\"row\">\n<div class=\"cell label\">Taotlus<\/div>\n<div class=\"cell value\">T\u00f6\u00f6stuslikud seadmed<\/div>\n<\/div>\n<div class=\"row\">\n<div class=\"cell label\">M\u00fc\u00fcvad \u00fcksused<\/div>\n<div class=\"cell value\">\u00dcksik ese<\/div>\n<\/div>\n<div class=\"row\">\n<div class=\"cell label\">\u00dche pakendi suurus<\/div>\n<div class=\"cell value\">20X10X10 cm<\/div>\n<\/div>\n<div class=\"row\">\n<div class=\"cell label\">\u00dchtne brutokaal<\/div>\n<div class=\"cell value\">3.000 KG<\/div>\n<\/div>\n<\/div>\n<p><\/p>\n<h2>Meie tootmisbaas<\/h2>\n<h3>Tehase panoraam<\/h3>\n<p><img decoding=\"async\" src=\"\/wp-content\/uploads\/factory-01.webp\"\/><\/p>\n<h3>Alumiiniumvarraste tootmise t\u00f6\u00f6koda<\/h3>\n<p><img decoding=\"async\" src=\"\/wp-content\/uploads\/factory-02.webp\"\/><\/p>\n<p><img decoding=\"async\" src=\"\/wp-content\/uploads\/factory-03.webp\"\/><\/p>\n<h3>hallituse ladustamise ladu<\/h3>\n<p><img decoding=\"async\" src=\"\/wp-content\/uploads\/factory-04.webp\"\/><\/p>\n<h3>43 alumiiniumi ekstrusiooniliini (500-5500 tonni)<\/h3>\n<p><img decoding=\"async\" src=\"\/wp-content\/uploads\/factory-05.webp\"\/><\/p>\n<p><img decoding=\"async\" src=\"\/wp-content\/uploads\/factory-06.webp\"\/><\/p>\n<p><img decoding=\"async\" src=\"\/wp-content\/uploads\/factory-07.webp\"\/><\/p>\n<h3>Pulberv\u00e4rvimise t\u00f6\u00f6koda<\/h3>\n<p><img decoding=\"async\" src=\"\/wp-content\/uploads\/factory-09.webp\"\/><\/p>\n<h3>Anodiseerimise t\u00f6\u00f6koda<\/h3>\n<p><img decoding=\"async\" src=\"\/wp-content\/uploads\/factory-10.webp\"\/><\/p>\n<h3>S\u00fcgavt\u00f6\u00f6tlemise t\u00f6\u00f6tuba<\/h3>\n<p><img decoding=\"async\" src=\"\/wp-content\/uploads\/factory-11.webp\"\/><\/p>\n<h3>CNC-t\u00e4ppist\u00f6\u00f6tlemise t\u00f6\u00f6koda<\/h3>\n<p><img decoding=\"async\" src=\"\/wp-content\/uploads\/factory-11.5.webp\"\/><\/p>\n<h3>Valmistoodete ja ekspordi ladu<\/h3>\n<p><img decoding=\"async\" src=\"\/wp-content\/uploads\/factory-12.webp\"\/><\/p>\n<p><img decoding=\"async\" src=\"\/wp-content\/uploads\/factory-13.webp\"\/><\/p>\n<p><img decoding=\"async\" src=\"\/wp-content\/uploads\/factory-14.webp\"\/><\/p>\n<h2>KKK<\/h2>\n<p><strong>1. Milliseid materjale kasutatakse ekstrudeeritud jahutusradiaatorite puhul?<\/strong><br \/>Pressitud jahutusradiaatorid on tavaliselt valmistatud alumiiniumist, kuna see omab suurep\u00e4raseid soojusomadusi.<\/p>\n<p><strong>2. Kas pressitud jahutusradiaatorit saab kohandada erinevate seadmete jaoks?<\/strong><br \/>Jah, ekstrudeeritud jahutusradiaatorite suurust ja kuju saab kohandada erinevate rakenduste jaoks.<\/p>\n<p><strong>3. Kuidas parandab ekstrudeeritud jahutusradiaator seadme j\u00f5udlust?<\/strong><br \/>See hajutab t\u00f5husalt soojust, v\u00e4ltides \u00fclekuumenemist ja suurendades j\u00f5udlust.<\/p>\n<p><strong>4. Kas pressitud jahutusradiaator sobib suure v\u00f5imsusega elektroonika jaoks?<\/strong><br \/>Jah, see on m\u00f5eldud suure v\u00f5imsusega elektroonikaseadmete t\u00f5husaks soojuse hajutamiseks.<\/p>\n<p><strong>5. Millised on pressitud jahutusradiaatori kasutamise eelised?<\/strong><br \/>Ekstrudeeritud jahutusradiaatorid pakuvad kuluefektiivset, kerget ja t\u00f5husat soojusjuhtimist.<\/p>\n<p><strong>6. Kas me saame tellida pressitud jahutusradiaatorite erinevaid viimistlusviise?<\/strong><br \/>Jah, esteetilisuse ja kaitse parandamiseks on saadaval kohandatud viimistlus, n\u00e4iteks anodeerimine.<\/p>\n<p><strong>7. Kas on olemas keskkonnas\u00f5bralikke v\u00f5imalusi ekstrudeeritud jahutusradiaatorite jaoks?<\/strong><br \/>Jah, pakume soovi korral keskkonnas\u00f5bralike materjalide ja protsessidega ekstrudeeritud jahutusradiaatorit.<\/p>\n<p><\/p>","protected":false},"featured_media":10799,"template":"","categories":[55],"class_list":["post-10995","product","type-product","status-publish","has-post-thumbnail","hentry","category-extruded-aluminum-profiles"],"meta_box":{"hilight_text_group":[{"product_hilight_text":"<li>Efficient thermal management solution for electronic devices<\/li>\n<li>Customizable dimensions to fit specific requirements<\/li>\n<li>Lightweight design with high thermal conductivity<\/li>\n<li>Manufactured with premium aluminum alloy for durability<\/li>\n<li>Supports OEM and ODM services for bulk orders<\/li>"}],"feature_list":[]},"_links":{"self":[{"href":"https:\/\/sinoextrud.com\/et\/wp-json\/wp\/v2\/product\/10995","targetHints":{"allow":["GET"]}}],"collection":[{"href":"https:\/\/sinoextrud.com\/et\/wp-json\/wp\/v2\/product"}],"about":[{"href":"https:\/\/sinoextrud.com\/et\/wp-json\/wp\/v2\/types\/product"}],"wp:featuredmedia":[{"embeddable":true,"href":"https:\/\/sinoextrud.com\/et\/wp-json\/wp\/v2\/media\/10799"}],"wp:attachment":[{"href":"https:\/\/sinoextrud.com\/et\/wp-json\/wp\/v2\/media?parent=10995"}],"wp:term":[{"taxonomy":"category","embeddable":true,"href":"https:\/\/sinoextrud.com\/et\/wp-json\/wp\/v2\/categories?post=10995"}],"curies":[{"name":"wp","href":"https:\/\/api.w.org\/{rel}","templated":true}]}}