{"id":10994,"date":"2025-08-01T03:38:26","date_gmt":"2025-08-01T03:38:26","guid":{"rendered":"https:\/\/sinoextrud.com\/product\/liquid-cooling-plate-for-power-systems\/"},"modified":"2025-08-01T03:38:26","modified_gmt":"2025-08-01T03:38:26","slug":"vedelikjahutusplaat-elektrisusteemidele","status":"publish","type":"product","link":"https:\/\/sinoextrud.com\/et\/product\/liquid-cooling-plate-for-power-systems\/","title":{"rendered":"Vedeliku jahutusplaat elektris\u00fcsteemidele"},"content":{"rendered":"<h2>Toodete \u00fcksikasjad<\/h2>\n<div class=\"product-table\">\n<div class=\"row\">\n<div class=\"cell label\">Hinne<\/div>\n<div class=\"cell value\">6000 seeria<\/div>\n<\/div>\n<div class=\"row\">\n<div class=\"cell label\">Sallivus<\/div>\n<div class=\"cell value\">\u00c2\u00b11%<\/div>\n<\/div>\n<div class=\"row\">\n<div class=\"cell label\">Tarneaeg<\/div>\n<div class=\"cell value\">22-30 p\u00e4eva<\/div>\n<\/div>\n<div class=\"row\">\n<div class=\"cell label\">Temper<\/div>\n<div class=\"cell value\">T3-T8<\/div>\n<\/div>\n<div class=\"row\">\n<div class=\"cell label\">Taotlus<\/div>\n<div class=\"cell value\">Soojusp\u00fc\u00fcdja<\/div>\n<\/div>\n<div class=\"row\">\n<div class=\"cell label\">Kuju<\/div>\n<div class=\"cell value\">Ruut<\/div>\n<\/div>\n<div class=\"row\">\n<div class=\"cell label\">Sulam v\u00f5i mitte<\/div>\n<div class=\"cell value\">Kas sulam on sulam<\/div>\n<\/div>\n<div class=\"row\">\n<div class=\"cell label\">T\u00f6\u00f6tlemisteenus<\/div>\n<div class=\"cell value\">Painutamine, keevitamine, l\u00f5ikamine<\/div>\n<\/div>\n<div class=\"row\">\n<div class=\"cell label\">Toote nimi<\/div>\n<div class=\"cell value\">CNC-t\u00f6\u00f6tlemise osad<\/div>\n<\/div>\n<div class=\"row\">\n<div class=\"cell label\">Protsess<\/div>\n<div class=\"cell value\">CNC mehaaniline t\u00f6\u00f6tlemine + epoks\u00fc<\/div>\n<\/div>\n<div class=\"row\">\n<div class=\"cell label\">Kasutamine<\/div>\n<div class=\"cell value\">Kokkupanek<\/div>\n<\/div>\n<div class=\"row\">\n<div class=\"cell label\">V\u00e4rv<\/div>\n<div class=\"cell value\">Silver<\/div>\n<\/div>\n<div class=\"row\">\n<div class=\"cell label\">Pinnat\u00f6\u00f6tlus<\/div>\n<div class=\"cell value\">Puhas<\/div>\n<\/div>\n<div class=\"row\">\n<div class=\"cell label\">MOQ<\/div>\n<div class=\"cell value\">2tk<\/div>\n<\/div>\n<div class=\"row\">\n<div class=\"cell label\">Materjal<\/div>\n<div class=\"cell value\">Sulam\/vask<\/div>\n<\/div>\n<div class=\"row\">\n<div class=\"cell label\">Pakett<\/div>\n<div class=\"cell value\">Vaht + kartong<\/div>\n<\/div>\n<div class=\"row\">\n<div class=\"cell label\">M\u00f5\u00f5de<\/div>\n<div class=\"cell value\">Kohandatud<\/div>\n<\/div>\n<div class=\"row\">\n<div class=\"cell label\">Sallivus<\/div>\n<div class=\"cell value\">0,01-0,05mm<\/div>\n<\/div>\n<div class=\"row\">\n<div class=\"cell label\">Pakendi \u00fcksikasjad<\/div>\n<div class=\"cell value\">Kohandatud vaht ja kartong<\/div>\n<\/div>\n<div class=\"row\">\n<div class=\"cell label\">L\u00e4hetussadam<\/div>\n<div class=\"cell value\">Shenzhen\/Hongkong<\/div>\n<\/div>\n<div class=\"row\">\n<div class=\"cell label\">M\u00fc\u00fcvad \u00fcksused<\/div>\n<div class=\"cell value\">\u00dcksik ese<\/div>\n<\/div>\n<div class=\"row\">\n<div class=\"cell label\">\u00dche pakendi suurus<\/div>\n<div class=\"cell value\">35X30X25 cm<\/div>\n<\/div>\n<div class=\"row\">\n<div class=\"cell label\">\u00dchtne brutokaal<\/div>\n<div class=\"cell value\">2.000 KG<\/div>\n<\/div>\n<div class=\"row\">\n<div class=\"cell label\">Pakkumise v\u00f5ime<\/div>\n<div class=\"cell value\">100000 t\u00fckki kuus<\/div>\n<\/div>\n<\/div>\n<p><\/p>\n<h2>Meie tootmisbaas<\/h2>\n<h3>Tehase panoraam<\/h3>\n<p><img decoding=\"async\" src=\"\/wp-content\/uploads\/factory-01.webp\"\/><\/p>\n<h3>Alumiiniumvarraste tootmise t\u00f6\u00f6koda<\/h3>\n<p><img decoding=\"async\" src=\"\/wp-content\/uploads\/factory-02.webp\"\/><\/p>\n<p><img decoding=\"async\" src=\"\/wp-content\/uploads\/factory-03.webp\"\/><\/p>\n<h3>hallituse ladustamise ladu<\/h3>\n<p><img decoding=\"async\" src=\"\/wp-content\/uploads\/factory-04.webp\"\/><\/p>\n<h3>43 alumiiniumi ekstrusiooniliini (500-5500 tonni)<\/h3>\n<p><img decoding=\"async\" src=\"\/wp-content\/uploads\/factory-05.webp\"\/><\/p>\n<p><img decoding=\"async\" src=\"\/wp-content\/uploads\/factory-06.webp\"\/><\/p>\n<p><img decoding=\"async\" src=\"\/wp-content\/uploads\/factory-07.webp\"\/><\/p>\n<h3>Pulberv\u00e4rvimise t\u00f6\u00f6koda<\/h3>\n<p><img decoding=\"async\" src=\"\/wp-content\/uploads\/factory-09.webp\"\/><\/p>\n<h3>Anodiseerimise t\u00f6\u00f6koda<\/h3>\n<p><img decoding=\"async\" src=\"\/wp-content\/uploads\/factory-10.webp\"\/><\/p>\n<h3>S\u00fcgavt\u00f6\u00f6tlemise t\u00f6\u00f6tuba<\/h3>\n<p><img decoding=\"async\" src=\"\/wp-content\/uploads\/factory-11.webp\"\/><\/p>\n<h3>CNC-t\u00e4ppist\u00f6\u00f6tlemise t\u00f6\u00f6koda<\/h3>\n<p><img decoding=\"async\" src=\"\/wp-content\/uploads\/factory-11.5.webp\"\/><\/p>\n<h3>Valmistoodete ja ekspordi ladu<\/h3>\n<p><img decoding=\"async\" src=\"\/wp-content\/uploads\/factory-12.webp\"\/><\/p>\n<p><img decoding=\"async\" src=\"\/wp-content\/uploads\/factory-13.webp\"\/><\/p>\n<p><img decoding=\"async\" src=\"\/wp-content\/uploads\/factory-14.webp\"\/><\/p>\n<h2>KKK<\/h2>\n<p><strong>1. Millised on vedelikjahutusplaadi eelised?<\/strong><br \/>Vedelikjahutusplaadid pakuvad paremat soojuse hajutamist ja paremat termilist t\u00f5husust.<\/p>\n<p><strong>2. Kas vedelikjahutusplaate saab kohandada konkreetsete kasutusviiside jaoks?<\/strong><br \/>Jah, me saame pakkuda kohandatud suurusi ja spetsifikatsioone, mis sobivad teie s\u00fcsteemile.<\/p>\n<p><strong>3. Kas vedelikjahutusplaat sobib elektrooniliste seadmete jaoks?<\/strong><br \/>Kindlasti sobib see ideaalselt elektrooniliste komponentide ja seadmete jahutamiseks.<\/p>\n<p><strong>4. Milliseid materjale kasutatakse vedelikjahutusplaatide valmistamisel?<\/strong><br \/>Meie plaadid on valmistatud kvaliteetsetest metallidest, mis on kaetud korrosioonikindla pinnakattega.<\/p>\n<p><strong>5. Kas te pakute juhiseid jahutusplaadi integreerimiseks s\u00fcsteemidesse?<\/strong><br \/>Jah, pakume tehnilist tuge s\u00fcsteemi sujuvaks integreerimiseks.<\/p>\n<p><strong>6. Millist hooldust on vaja vedelikjahutusplaadi puhul?<\/strong><br \/>Optimaalse toimimise tagamiseks on soovitatav korrap\u00e4rane kontroll ja aeg-ajalt toimuv puhastamine.<\/p>\n<p><strong>7. Kas vedelikjahutusplaadid on saadaval rahvusvaheliseks veoks?<\/strong><br \/>Jah, me tarnime kogu maailma ja pakume igak\u00fclgset logistilist tuge.<\/p>\n<p><\/p>","protected":false},"featured_media":10801,"template":"","categories":[72],"class_list":["post-10994","product","type-product","status-publish","has-post-thumbnail","hentry","category-extruded-aluminum-heatsink"],"meta_box":{"hilight_text_group":[{"product_hilight_text":"<li>Engineered for efficient thermal management in various applications<\/li>\n<li>Customizable designs tailored to specific client needs<\/li>\n<li>Constructed with premium materials for optimal heat dissipation<\/li>\n<li>Supports integration into existing cooling systems<\/li>\n<li>Eco-friendly and corrosion-resistant materials for durability<\/li>"}],"feature_list":[]},"_links":{"self":[{"href":"https:\/\/sinoextrud.com\/et\/wp-json\/wp\/v2\/product\/10994","targetHints":{"allow":["GET"]}}],"collection":[{"href":"https:\/\/sinoextrud.com\/et\/wp-json\/wp\/v2\/product"}],"about":[{"href":"https:\/\/sinoextrud.com\/et\/wp-json\/wp\/v2\/types\/product"}],"wp:featuredmedia":[{"embeddable":true,"href":"https:\/\/sinoextrud.com\/et\/wp-json\/wp\/v2\/media\/10801"}],"wp:attachment":[{"href":"https:\/\/sinoextrud.com\/et\/wp-json\/wp\/v2\/media?parent=10994"}],"wp:term":[{"taxonomy":"category","embeddable":true,"href":"https:\/\/sinoextrud.com\/et\/wp-json\/wp\/v2\/categories?post=10994"}],"curies":[{"name":"wp","href":"https:\/\/api.w.org\/{rel}","templated":true}]}}