{"id":10993,"date":"2025-08-01T03:33:49","date_gmt":"2025-08-01T03:33:49","guid":{"rendered":"https:\/\/sinoextrud.com\/product\/extruded-aluminum-heat-sink-for-industrial-use\/"},"modified":"2025-08-01T03:33:49","modified_gmt":"2025-08-01T03:33:49","slug":"ekstrudeeritud-alumiiniumist-jahutusradiaator-toostuslikuks-kasutamiseks","status":"publish","type":"product","link":"https:\/\/sinoextrud.com\/et\/product\/extruded-aluminum-heat-sink-for-industrial-use\/","title":{"rendered":"Ekstrudeeritud alumiiniumist soojuss\u00f5lm t\u00f6\u00f6stuslikuks kasutamiseks"},"content":{"rendered":"<h2>Toodete \u00fcksikasjad<\/h2>\n<div class=\"product-table\">\n<div class=\"row\">\n<div class=\"cell label\">Hinne<\/div>\n<div class=\"cell value\">6000 seeria<\/div>\n<\/div>\n<div class=\"row\">\n<div class=\"cell label\">Sallivus<\/div>\n<div class=\"cell value\">+\/-1mm<\/div>\n<\/div>\n<div class=\"row\">\n<div class=\"cell label\">Tarneaeg<\/div>\n<div class=\"cell value\">7 p\u00e4eva jooksul<\/div>\n<\/div>\n<div class=\"row\">\n<div class=\"cell label\">Temper<\/div>\n<div class=\"cell value\">T3-T8<\/div>\n<\/div>\n<div class=\"row\">\n<div class=\"cell label\">Taotlus<\/div>\n<div class=\"cell value\">Mitmekordne taotlus<\/div>\n<\/div>\n<div class=\"row\">\n<div class=\"cell label\">Kuju<\/div>\n<div class=\"cell value\">Kohandatud<\/div>\n<\/div>\n<div class=\"row\">\n<div class=\"cell label\">Sulam v\u00f5i mitte<\/div>\n<div class=\"cell value\">Kas sulam on sulam<\/div>\n<\/div>\n<div class=\"row\">\n<div class=\"cell label\">T\u00f6\u00f6tlemisteenus<\/div>\n<div class=\"cell value\">Painutamine, keevitamine, keevitamine, stantsimine, l\u00f5ikamine<\/div>\n<\/div>\n<div class=\"row\">\n<div class=\"cell label\">Toote nimi<\/div>\n<div class=\"cell value\">Cnc freesimine Alumiinium ekstrusiooni soojusalvesti<\/div>\n<\/div>\n<div class=\"row\">\n<div class=\"cell label\">Pinnat\u00f6\u00f6tlus<\/div>\n<div class=\"cell value\">anodeerimine, liivapritsimine, pulberv\u00e4rvimine, poleerimine jne.<\/div>\n<\/div>\n<div class=\"row\">\n<div class=\"cell label\">Suurus<\/div>\n<div class=\"cell value\">kliendi soov<\/div>\n<\/div>\n<div class=\"row\">\n<div class=\"cell label\">S\u00fcgav protsess<\/div>\n<div class=\"cell value\">Painutamine, keevitamine, stantsimine, l\u00f5ikamine<\/div>\n<\/div>\n<div class=\"row\">\n<div class=\"cell label\">Pikkus<\/div>\n<div class=\"cell value\">Igasugune pikkus<\/div>\n<\/div>\n<div class=\"row\">\n<div class=\"cell label\">Materjal<\/div>\n<div class=\"cell value\">6063 6061 6005 Alumiiniumsulam<\/div>\n<\/div>\n<div class=\"row\">\n<div class=\"cell label\">V\u00e4rv<\/div>\n<div class=\"cell value\">h\u00f5bedane, must, kuldne must ja nii edasi<\/div>\n<\/div>\n<div class=\"row\">\n<div class=\"cell label\">Ekstrudeerimismasin<\/div>\n<div class=\"cell value\">600 tonni-10000 tonni<\/div>\n<\/div>\n<div class=\"row\">\n<div class=\"cell label\">Sertifitseerimine<\/div>\n<div class=\"cell value\">ISO 9001:2008<\/div>\n<\/div>\n<div class=\"row\">\n<div class=\"cell label\">Teenus<\/div>\n<div class=\"cell value\">OEM ODM<\/div>\n<\/div>\n<div class=\"row\">\n<div class=\"cell label\">M\u00fc\u00fcvad \u00fcksused<\/div>\n<div class=\"cell value\">\u00dcksik ese<\/div>\n<\/div>\n<div class=\"row\">\n<div class=\"cell label\">\u00dche pakendi suurus<\/div>\n<div class=\"cell value\">30X20X10 cm<\/div>\n<\/div>\n<div class=\"row\">\n<div class=\"cell label\">\u00dchtne brutokaal<\/div>\n<div class=\"cell value\">2.000 KG<\/div>\n<\/div>\n<\/div>\n<p><\/p>\n<h2>Meie tootmisbaas<\/h2>\n<h3>Tehase panoraam<\/h3>\n<p><img decoding=\"async\" src=\"\/wp-content\/uploads\/factory-01.webp\"\/><\/p>\n<h3>Alumiiniumvarraste tootmise t\u00f6\u00f6koda<\/h3>\n<p><img decoding=\"async\" src=\"\/wp-content\/uploads\/factory-02.webp\"\/><\/p>\n<p><img decoding=\"async\" src=\"\/wp-content\/uploads\/factory-03.webp\"\/><\/p>\n<h3>hallituse ladustamise ladu<\/h3>\n<p><img decoding=\"async\" src=\"\/wp-content\/uploads\/factory-04.webp\"\/><\/p>\n<h3>43 alumiiniumi ekstrusiooniliini (500-5500 tonni)<\/h3>\n<p><img decoding=\"async\" src=\"\/wp-content\/uploads\/factory-05.webp\"\/><\/p>\n<p><img decoding=\"async\" src=\"\/wp-content\/uploads\/factory-06.webp\"\/><\/p>\n<p><img decoding=\"async\" src=\"\/wp-content\/uploads\/factory-07.webp\"\/><\/p>\n<h3>Pulberv\u00e4rvimise t\u00f6\u00f6koda<\/h3>\n<p><img decoding=\"async\" src=\"\/wp-content\/uploads\/factory-09.webp\"\/><\/p>\n<h3>Anodiseerimise t\u00f6\u00f6koda<\/h3>\n<p><img decoding=\"async\" src=\"\/wp-content\/uploads\/factory-10.webp\"\/><\/p>\n<h3>S\u00fcgavt\u00f6\u00f6tlemise t\u00f6\u00f6tuba<\/h3>\n<p><img decoding=\"async\" src=\"\/wp-content\/uploads\/factory-11.webp\"\/><\/p>\n<h3>CNC-t\u00e4ppist\u00f6\u00f6tlemise t\u00f6\u00f6koda<\/h3>\n<p><img decoding=\"async\" src=\"\/wp-content\/uploads\/factory-11.5.webp\"\/><\/p>\n<h3>Valmistoodete ja ekspordi ladu<\/h3>\n<p><img decoding=\"async\" src=\"\/wp-content\/uploads\/factory-12.webp\"\/><\/p>\n<p><img decoding=\"async\" src=\"\/wp-content\/uploads\/factory-13.webp\"\/><\/p>\n<p><img decoding=\"async\" src=\"\/wp-content\/uploads\/factory-14.webp\"\/><\/p>\n<h2>KKK<\/h2>\n<p><strong>1. Kas ekstrudeeritud alumiiniumist soojusalvesti saab kohandada konkreetsete m\u00f5\u00f5tmete jaoks?<\/strong><br \/>Jah, me pakume t\u00e4ielikku kohandamist, et vastata teie konkreetsetele m\u00f5\u00f5tmisn\u00f5uetele.<\/p>\n<p><strong>2. Millised on ekstrudeeritud alumiiniumist jahutusradiaatori kasutamise peamised eelised?<\/strong><br \/>See tagab suurep\u00e4rase soojuse hajutamise ja on kerge, kuid samas vastupidav, mist\u00f5ttu sobib see ideaalselt erinevateks rakendusteks.<\/p>\n<p><strong>3. Kas ekstrudeeritud alumiiniumist soojuss\u00f5lm sobib suure v\u00f5imsusega seadmete jaoks?<\/strong><br \/>Jah, see on m\u00f5eldud suure v\u00f5imsusega seadmete soojusv\u00e4ljundi t\u00f5husaks juhtimiseks.<\/p>\n<p><strong>4. Kas te saate esitada ekstrudeeritud alumiiniumist jahutusaluse soojusanal\u00fc\u00fcsi?<\/strong><br \/>Jah, soovi korral saame esitada \u00fcksikasjalikud andmed soojusn\u00e4itajate kohta.<\/p>\n<p><strong>5. Kas ekstrudeeritud alumiiniumist soojusalvestuse jaoks on keskkonnas\u00f5bralikke v\u00f5imalusi?<\/strong><br \/>Jah, me kasutame taaskasutatavaid materjale ja keskkonnas\u00f5bralikud valikud on saadaval.<\/p>\n<p><strong>6. Kas ekstrudeeritud alumiiniumist soojusalvesti toetab kiiret paigaldamist?<\/strong><br \/>Jah, see on m\u00f5eldud lihtsaks ja kiireks paigaldamiseks standardsete paigaldusv\u00f5imalustega.<\/p>\n<p><strong>7. Kas pressitud alumiiniumist soojuss\u00f5lme jaoks on saadaval rahvusvaheline tarne?<\/strong><br \/>Jah, me pakume \u00fclemaailmset tarnet ja igak\u00fclgset logistilist tuge.<\/p>\n<p><\/p>","protected":false},"featured_media":10802,"template":"","categories":[72],"class_list":["post-10993","product","type-product","status-publish","has-post-thumbnail","hentry","category-extruded-aluminum-heatsink"],"meta_box":{"hilight_text_group":[{"product_hilight_text":"<li>Provides efficient thermal management for various electronic applications<\/li>\n<li>Customizable dimensions and finishes to meet specific project requirements<\/li>\n<li>Lightweight and durable construction ideal for B2B integration<\/li>\n<li>Standard and custom profiles available for easy installation<\/li>\n<li>Manufactured with high-quality aluminum for superior heat dissipation<\/li>"}],"feature_list":[]},"_links":{"self":[{"href":"https:\/\/sinoextrud.com\/et\/wp-json\/wp\/v2\/product\/10993","targetHints":{"allow":["GET"]}}],"collection":[{"href":"https:\/\/sinoextrud.com\/et\/wp-json\/wp\/v2\/product"}],"about":[{"href":"https:\/\/sinoextrud.com\/et\/wp-json\/wp\/v2\/types\/product"}],"wp:featuredmedia":[{"embeddable":true,"href":"https:\/\/sinoextrud.com\/et\/wp-json\/wp\/v2\/media\/10802"}],"wp:attachment":[{"href":"https:\/\/sinoextrud.com\/et\/wp-json\/wp\/v2\/media?parent=10993"}],"wp:term":[{"taxonomy":"category","embeddable":true,"href":"https:\/\/sinoextrud.com\/et\/wp-json\/wp\/v2\/categories?post=10993"}],"curies":[{"name":"wp","href":"https:\/\/api.w.org\/{rel}","templated":true}]}}