{"id":10991,"date":"2025-08-01T03:32:33","date_gmt":"2025-08-01T03:32:33","guid":{"rendered":"https:\/\/sinoextrud.com\/product\/extruded-aluminium-heatsink-for-electronic-cooling\/"},"modified":"2025-08-01T03:32:33","modified_gmt":"2025-08-01T03:32:33","slug":"pressitud-alumiiniumist-jahutusradiaator-elektroonika-jahutamiseks","status":"publish","type":"product","link":"https:\/\/sinoextrud.com\/et\/product\/extruded-aluminium-heatsink-for-electronic-cooling\/","title":{"rendered":"Ekstrudeeritud alumiiniumist jahuti elektroonilise jahutuse jaoks"},"content":{"rendered":"<h2>Toodete \u00fcksikasjad<\/h2>\n<div class=\"product-table\">\n<div class=\"row\">\n<div class=\"cell label\">Hinne<\/div>\n<div class=\"cell value\">6000 seeria<\/div>\n<\/div>\n<div class=\"row\">\n<div class=\"cell label\">Sallivus<\/div>\n<div class=\"cell value\">0,02-0,1 mm<\/div>\n<\/div>\n<div class=\"row\">\n<div class=\"cell label\">Tarneaeg<\/div>\n<div class=\"cell value\">15-21 p\u00e4eva<\/div>\n<\/div>\n<div class=\"row\">\n<div class=\"cell label\">Temper<\/div>\n<div class=\"cell value\">T3-T8<\/div>\n<\/div>\n<div class=\"row\">\n<div class=\"cell label\">Taotlus<\/div>\n<div class=\"cell value\">Soojusp\u00fc\u00fcdja<\/div>\n<\/div>\n<div class=\"row\">\n<div class=\"cell label\">Kuju<\/div>\n<div class=\"cell value\">korter<\/div>\n<\/div>\n<div class=\"row\">\n<div class=\"cell label\">Sulam v\u00f5i mitte<\/div>\n<div class=\"cell value\">Kas sulam on sulam<\/div>\n<\/div>\n<div class=\"row\">\n<div class=\"cell label\">T\u00f6\u00f6tlemisteenus<\/div>\n<div class=\"cell value\">Painutamine, keevitamine, keevitamine, stantsimine, l\u00f5ikamine<\/div>\n<\/div>\n<div class=\"row\">\n<div class=\"cell label\">Materjal<\/div>\n<div class=\"cell value\">6063 6061 T5 T6<\/div>\n<\/div>\n<div class=\"row\">\n<div class=\"cell label\">Pinnat\u00f6\u00f6tlus<\/div>\n<div class=\"cell value\">Anodeeritud\/oksiidiga jne\/pulbriga kaetud<\/div>\n<\/div>\n<div class=\"row\">\n<div class=\"cell label\">Sertifitseerimine<\/div>\n<div class=\"cell value\">ISO9001-2008<\/div>\n<\/div>\n<div class=\"row\">\n<div class=\"cell label\">Taotlus<\/div>\n<div class=\"cell value\">Soojusp\u00fc\u00fcdja<\/div>\n<\/div>\n<div class=\"row\">\n<div class=\"cell label\">OEM teenus<\/div>\n<div class=\"cell value\">OEM ODM saadaval<\/div>\n<\/div>\n<div class=\"row\">\n<div class=\"cell label\">M\u00fc\u00fcvad \u00fcksused<\/div>\n<div class=\"cell value\">\u00dcksik ese<\/div>\n<\/div>\n<div class=\"row\">\n<div class=\"cell label\">\u00dche pakendi suurus<\/div>\n<div class=\"cell value\">20X12X10 cm<\/div>\n<\/div>\n<div class=\"row\">\n<div class=\"cell label\">\u00dchtne brutokaal<\/div>\n<div class=\"cell value\">1.000 KG<\/div>\n<\/div>\n<\/div>\n<p><\/p>\n<h2>Meie tootmisbaas<\/h2>\n<h3>Tehase panoraam<\/h3>\n<p><img decoding=\"async\" src=\"\/wp-content\/uploads\/factory-01.webp\"\/><\/p>\n<h3>Alumiiniumvarraste tootmise t\u00f6\u00f6koda<\/h3>\n<p><img decoding=\"async\" src=\"\/wp-content\/uploads\/factory-02.webp\"\/><\/p>\n<p><img decoding=\"async\" src=\"\/wp-content\/uploads\/factory-03.webp\"\/><\/p>\n<h3>hallituse ladustamise ladu<\/h3>\n<p><img decoding=\"async\" src=\"\/wp-content\/uploads\/factory-04.webp\"\/><\/p>\n<h3>43 alumiiniumi ekstrusiooniliini (500-5500 tonni)<\/h3>\n<p><img decoding=\"async\" src=\"\/wp-content\/uploads\/factory-05.webp\"\/><\/p>\n<p><img decoding=\"async\" src=\"\/wp-content\/uploads\/factory-06.webp\"\/><\/p>\n<p><img decoding=\"async\" src=\"\/wp-content\/uploads\/factory-07.webp\"\/><\/p>\n<h3>Pulberv\u00e4rvimise t\u00f6\u00f6koda<\/h3>\n<p><img decoding=\"async\" src=\"\/wp-content\/uploads\/factory-09.webp\"\/><\/p>\n<h3>Anodiseerimise t\u00f6\u00f6koda<\/h3>\n<p><img decoding=\"async\" src=\"\/wp-content\/uploads\/factory-10.webp\"\/><\/p>\n<h3>S\u00fcgavt\u00f6\u00f6tlemise t\u00f6\u00f6tuba<\/h3>\n<p><img decoding=\"async\" src=\"\/wp-content\/uploads\/factory-11.webp\"\/><\/p>\n<h3>CNC-t\u00e4ppist\u00f6\u00f6tlemise t\u00f6\u00f6koda<\/h3>\n<p><img decoding=\"async\" src=\"\/wp-content\/uploads\/factory-11.5.webp\"\/><\/p>\n<h3>Valmistoodete ja ekspordi ladu<\/h3>\n<p><img decoding=\"async\" src=\"\/wp-content\/uploads\/factory-12.webp\"\/><\/p>\n<p><img decoding=\"async\" src=\"\/wp-content\/uploads\/factory-13.webp\"\/><\/p>\n<p><img decoding=\"async\" src=\"\/wp-content\/uploads\/factory-14.webp\"\/><\/p>\n<h2>KKK<\/h2>\n<p><strong>1. Milline on pressitud alumiiniumist jahutusradiaatorite esmane funktsioon?<\/strong><br \/>Need on m\u00f5eldud elektroonikakomponentide soojuse t\u00f5husaks hajutamiseks, et v\u00e4ltida \u00fclekuumenemist.<\/p>\n<p><strong>2. Kas alumiiniumist jahutusplaati saab kohandada konkreetsete projektide jaoks?<\/strong><br \/>Jah, me pakume kohandamist suuruse, kuju ja viimistluse osas, et vastata konkreetsetele n\u00f5uetele.<\/p>\n<p><strong>3. Kas alumiiniumist jahutusplaat sobib nii v\u00e4ikesteks kui ka suurteks rakendusteks?<\/strong><br \/>Jah, selle mitmek\u00fclgsus muudab selle sobivaks paljude erinevate rakenduste jaoks, sealhulgas nii v\u00e4ikeses kui ka suures mahus kasutamiseks.<\/p>\n<p><strong>4. Kas te pakute soojusanal\u00fc\u00fcsi kohandatud jahutusaluste disainilahenduste jaoks?<\/strong><br \/>Jah, me pakume termilise anal\u00fc\u00fcsi teenuseid, et tagada optimaalne j\u00f5udlus kohandatud disainilahenduste puhul.<\/p>\n<p><strong>5. Milliseid sulameid kasutatakse teie pressitud alumiiniumist jahutusradiaatorites?<\/strong><br \/>Me kasutame peamiselt kvaliteetseid alumiiniumisulameid, nagu 6063 ja 6061, mis tagavad optimaalse soojusjuhtivuse.<\/p>\n<p><strong>6. Kas teie jahutusradade toodetel on keskkonnas\u00f5bralikke omadusi?<\/strong><br \/>Jah, meie toodete tootmisel kasutatakse taaskasutatavaid materjale ja tootmisprotsesse, mis v\u00e4hendavad keskkonnam\u00f5ju miinimumini.<\/p>\n<p><strong>7. Millised on hulgi tellimuste saatmisv\u00f5imalused?<\/strong><br \/>Pakume erinevaid veov\u00f5imalusi, sealhulgas ekspress- ja kaubaveov\u00f5imalusi, mis on kohandatud vastavalt kliendi vajadustele.<\/p>\n<p><\/p>","protected":false},"featured_media":10800,"template":"","categories":[55],"class_list":["post-10991","product","type-product","status-publish","has-post-thumbnail","hentry","category-extruded-aluminum-profiles"],"meta_box":{"hilight_text_group":[{"product_hilight_text":"<li>Offers excellent thermal conductivity for efficient heat dissipation<\/li>\n<li>Customizable dimensions and shapes to fit various applications<\/li>\n<li>Lightweight yet durable, ideal for compact electronic designs<\/li>\n<li>Corrosion-resistant surface treatment for extended lifespan<\/li>\n<li>Supports high-volume orders with consistent quality assurance<\/li>"}],"feature_list":[]},"_links":{"self":[{"href":"https:\/\/sinoextrud.com\/et\/wp-json\/wp\/v2\/product\/10991","targetHints":{"allow":["GET"]}}],"collection":[{"href":"https:\/\/sinoextrud.com\/et\/wp-json\/wp\/v2\/product"}],"about":[{"href":"https:\/\/sinoextrud.com\/et\/wp-json\/wp\/v2\/types\/product"}],"wp:featuredmedia":[{"embeddable":true,"href":"https:\/\/sinoextrud.com\/et\/wp-json\/wp\/v2\/media\/10800"}],"wp:attachment":[{"href":"https:\/\/sinoextrud.com\/et\/wp-json\/wp\/v2\/media?parent=10991"}],"wp:term":[{"taxonomy":"category","embeddable":true,"href":"https:\/\/sinoextrud.com\/et\/wp-json\/wp\/v2\/categories?post=10991"}],"curies":[{"name":"wp","href":"https:\/\/api.w.org\/{rel}","templated":true}]}}