{"id":10988,"date":"2025-08-01T03:29:22","date_gmt":"2025-08-01T03:29:22","guid":{"rendered":"https:\/\/sinoextrud.com\/product\/heat-sink-extrusion-for-electronics-enclosure\/"},"modified":"2025-08-01T03:29:22","modified_gmt":"2025-08-01T03:29:22","slug":"elektroonikakarbi-jaoks-moeldud-soojusalvestuse-ekstrusioon","status":"publish","type":"product","link":"https:\/\/sinoextrud.com\/et\/product\/heat-sink-extrusion-for-electronics-enclosure\/","title":{"rendered":"Heat Sink ekstrusioon elektroonikakarbi jaoks"},"content":{"rendered":"<h2>Toodete \u00fcksikasjad<\/h2>\n<div class=\"product-table\">\n<div class=\"row\">\n<div class=\"cell label\">Hinne<\/div>\n<div class=\"cell value\">6000 seeria<\/div>\n<\/div>\n<div class=\"row\">\n<div class=\"cell label\">Sallivus<\/div>\n<div class=\"cell value\">0,02-0,05mm<\/div>\n<\/div>\n<div class=\"row\">\n<div class=\"cell label\">Tarneaeg<\/div>\n<div class=\"cell value\">15-21 p\u00e4eva<\/div>\n<\/div>\n<div class=\"row\">\n<div class=\"cell label\">Temper<\/div>\n<div class=\"cell value\">T3-T8<\/div>\n<\/div>\n<div class=\"row\">\n<div class=\"cell label\">Taotlus<\/div>\n<div class=\"cell value\">T\u00f6\u00f6stuslik<\/div>\n<\/div>\n<div class=\"row\">\n<div class=\"cell label\">Kuju<\/div>\n<div class=\"cell value\">korter<\/div>\n<\/div>\n<div class=\"row\">\n<div class=\"cell label\">Sulam v\u00f5i mitte<\/div>\n<div class=\"cell value\">Kas sulam on sulam<\/div>\n<\/div>\n<div class=\"row\">\n<div class=\"cell label\">T\u00f6\u00f6tlemisteenus<\/div>\n<div class=\"cell value\">Painutamine, keevitamine, keevitamine, stantsimine, l\u00f5ikamine<\/div>\n<\/div>\n<div class=\"row\">\n<div class=\"cell label\">Materjal<\/div>\n<div class=\"cell value\">6061\/6063 Alumiinium<\/div>\n<\/div>\n<div class=\"row\">\n<div class=\"cell label\">Sertifitseerimine<\/div>\n<div class=\"cell value\">ISO9001-2008<\/div>\n<\/div>\n<div class=\"row\">\n<div class=\"cell label\">L\u00f5peta<\/div>\n<div class=\"cell value\">V\u00e4rvimine\/pulberv\u00e4rvimine\/elektrool\u00fc\u00fcsimine\/poleerimine jne,,,,<\/div>\n<\/div>\n<div class=\"row\">\n<div class=\"cell label\">V\u00e4rv<\/div>\n<div class=\"cell value\">Panton Color v\u00f5i Raul Color<\/div>\n<\/div>\n<div class=\"row\">\n<div class=\"cell label\">Pikkus<\/div>\n<div class=\"cell value\">Max 6.0m<\/div>\n<\/div>\n<div class=\"row\">\n<div class=\"cell label\">S\u00fcgav protsess<\/div>\n<div class=\"cell value\">CNC freesimine Weilding l\u00f5ikamine Cuting painutamine<\/div>\n<\/div>\n<div class=\"row\">\n<div class=\"cell label\">Teenus<\/div>\n<div class=\"cell value\">\u00dche peatuse teenus. T\u00f6\u00f6tlemine-koostamine<\/div>\n<\/div>\n<div class=\"row\">\n<div class=\"cell label\">OEM teenus<\/div>\n<div class=\"cell value\">OEM ODM saadaval<\/div>\n<\/div>\n<div class=\"row\">\n<div class=\"cell label\">M\u00fc\u00fcvad \u00fcksused<\/div>\n<div class=\"cell value\">\u00dcksik ese<\/div>\n<\/div>\n<div class=\"row\">\n<div class=\"cell label\">\u00dche pakendi suurus<\/div>\n<div class=\"cell value\">18X15X6 cm<\/div>\n<\/div>\n<div class=\"row\">\n<div class=\"cell label\">\u00dchtne brutokaal<\/div>\n<div class=\"cell value\">5.000 KG<\/div>\n<\/div>\n<\/div>\n<p><\/p>\n<h2>Meie tootmisbaas<\/h2>\n<h3>Tehase panoraam<\/h3>\n<p><img decoding=\"async\" src=\"\/wp-content\/uploads\/factory-01.webp\"\/><\/p>\n<h3>Alumiiniumvarraste tootmise t\u00f6\u00f6koda<\/h3>\n<p><img decoding=\"async\" src=\"\/wp-content\/uploads\/factory-02.webp\"\/><\/p>\n<p><img decoding=\"async\" src=\"\/wp-content\/uploads\/factory-03.webp\"\/><\/p>\n<h3>hallituse ladustamise ladu<\/h3>\n<p><img decoding=\"async\" src=\"\/wp-content\/uploads\/factory-04.webp\"\/><\/p>\n<h3>43 alumiiniumi ekstrusiooniliini (500-5500 tonni)<\/h3>\n<p><img decoding=\"async\" src=\"\/wp-content\/uploads\/factory-05.webp\"\/><\/p>\n<p><img decoding=\"async\" src=\"\/wp-content\/uploads\/factory-06.webp\"\/><\/p>\n<p><img decoding=\"async\" src=\"\/wp-content\/uploads\/factory-07.webp\"\/><\/p>\n<h3>Pulberv\u00e4rvimise t\u00f6\u00f6koda<\/h3>\n<p><img decoding=\"async\" src=\"\/wp-content\/uploads\/factory-09.webp\"\/><\/p>\n<h3>Anodiseerimise t\u00f6\u00f6koda<\/h3>\n<p><img decoding=\"async\" src=\"\/wp-content\/uploads\/factory-10.webp\"\/><\/p>\n<h3>S\u00fcgavt\u00f6\u00f6tlemise t\u00f6\u00f6tuba<\/h3>\n<p><img decoding=\"async\" src=\"\/wp-content\/uploads\/factory-11.webp\"\/><\/p>\n<h3>CNC-t\u00e4ppist\u00f6\u00f6tlemise t\u00f6\u00f6koda<\/h3>\n<p><img decoding=\"async\" src=\"\/wp-content\/uploads\/factory-11.5.webp\"\/><\/p>\n<h3>Valmistoodete ja ekspordi ladu<\/h3>\n<p><img decoding=\"async\" src=\"\/wp-content\/uploads\/factory-12.webp\"\/><\/p>\n<p><img decoding=\"async\" src=\"\/wp-content\/uploads\/factory-13.webp\"\/><\/p>\n<p><img decoding=\"async\" src=\"\/wp-content\/uploads\/factory-14.webp\"\/><\/p>\n<h2>KKK<\/h2>\n<p><strong>1. Milleks kasutatakse jahutusradiaatorit?<\/strong><br \/>Soojuspragusid kasutatakse elektroonikakomponentide soojuse \u00e4rajuhtimiseks, et v\u00e4ltida \u00fclekuumenemist.<\/p>\n<p><strong>2. Kas jahutusradiaatorite ekstrusioone saab kohandada konkreetsete projektide jaoks?<\/strong><br \/>Jah, me pakume kohandatud suurusi ja kujundeid, mis vastavad teie projekti spetsiifilistele soojusn\u00f5uetele.<\/p>\n<p><strong>3. Milliseid materjale kasutatakse jahutusradiaatorite ekstrusioonis?<\/strong><br \/>Tavaliselt kasutatakse alumiiniumi selle suurep\u00e4rase soojusjuhtivuse ja kerguse t\u00f5ttu.<\/p>\n<p><strong>4. Kas on olemas pinnat\u00f6\u00f6tlusv\u00f5imalused soojuskaabli ekstrusioonidele?<\/strong><br \/>Jah, pakume erinevaid pinnat\u00f6\u00f6tlusi, nagu anodeerimine ja pulberv\u00e4rvimine.<\/p>\n<p><strong>5. Kuidas parandab jahutusradiaatori ekstrusioon soojapidavust?<\/strong><br \/>See suurendab soojuse \u00e4rajuhtimise pindala, parandades soojus\u00fclekande t\u00f5husust.<\/p>\n<p><strong>6. Kas on olemas minimaalne tellimuskogus kohandatud soojusalvestuse ekstrusioonidele?<\/strong><br \/>MOQ varieerub s\u00f5ltuvalt disaini keerukusest, kuid tavaliselt algab 100 \u00fchikust.<\/p>\n<p><strong>7. Kas te pakute tehnilist tuge \u00f5ige soojusalvestuse ekstrusiooni valimisel?<\/strong><br \/>Jah, meie meeskond saab aidata valida sobiva konstruktsiooni vastavalt teie soojusjuhtimise vajadustele.<\/p>\n<p><\/p>","protected":false},"featured_media":10805,"template":"","categories":[72],"class_list":["post-10988","product","type-product","status-publish","has-post-thumbnail","hentry","category-extruded-aluminum-heatsink"],"meta_box":{"hilight_text_group":[{"product_hilight_text":"<li>Engineered for optimal thermal management in various applications<\/li>\n<li>Available in a range of profiles to fit different specifications<\/li>\n<li>Customizable dimensions and designs for B2B requirements<\/li>\n<li>Manufactured with high-quality materials for durability and efficiency<\/li>\n<li>Supports electroplating, painting, and anodizing for enhanced surface finish<\/li>"}],"feature_list":[]},"_links":{"self":[{"href":"https:\/\/sinoextrud.com\/et\/wp-json\/wp\/v2\/product\/10988","targetHints":{"allow":["GET"]}}],"collection":[{"href":"https:\/\/sinoextrud.com\/et\/wp-json\/wp\/v2\/product"}],"about":[{"href":"https:\/\/sinoextrud.com\/et\/wp-json\/wp\/v2\/types\/product"}],"wp:featuredmedia":[{"embeddable":true,"href":"https:\/\/sinoextrud.com\/et\/wp-json\/wp\/v2\/media\/10805"}],"wp:attachment":[{"href":"https:\/\/sinoextrud.com\/et\/wp-json\/wp\/v2\/media?parent=10988"}],"wp:term":[{"taxonomy":"category","embeddable":true,"href":"https:\/\/sinoextrud.com\/et\/wp-json\/wp\/v2\/categories?post=10988"}],"curies":[{"name":"wp","href":"https:\/\/api.w.org\/{rel}","templated":true}]}}