{"id":10987,"date":"2025-08-01T03:29:20","date_gmt":"2025-08-01T03:29:20","guid":{"rendered":"https:\/\/sinoextrud.com\/product\/electronic-heat-sink-for-industrial-devices\/"},"modified":"2025-08-01T03:29:20","modified_gmt":"2025-08-01T03:29:20","slug":"elektrooniline-soojusalvesti-toostusseadmete-jaoks","status":"publish","type":"product","link":"https:\/\/sinoextrud.com\/et\/product\/electronic-heat-sink-for-industrial-devices\/","title":{"rendered":"Elektrooniline soojuss\u00f5lm t\u00f6\u00f6stusseadmete jaoks"},"content":{"rendered":"<h2>Toodete \u00fcksikasjad<\/h2>\n<div class=\"product-table\">\n<div class=\"row\">\n<div class=\"cell label\">Hinne<\/div>\n<div class=\"cell value\">Alumiinium<\/div>\n<\/div>\n<div class=\"row\">\n<div class=\"cell label\">Sallivus<\/div>\n<div class=\"cell value\">\u00c2\u00b11%<\/div>\n<\/div>\n<div class=\"row\">\n<div class=\"cell label\">Tarneaeg<\/div>\n<div class=\"cell value\">10 p\u00e4eva<\/div>\n<\/div>\n<div class=\"row\">\n<div class=\"cell label\">Temper<\/div>\n<div class=\"cell value\">kohandatud<\/div>\n<\/div>\n<div class=\"row\">\n<div class=\"cell label\">Taotlus<\/div>\n<div class=\"cell value\">Elektroonika, kodumasinad, elektriseadmed, LED-lambid, autod, jne.<\/div>\n<\/div>\n<div class=\"row\">\n<div class=\"cell label\">Kuju<\/div>\n<div class=\"cell value\">kohandatud<\/div>\n<\/div>\n<div class=\"row\">\n<div class=\"cell label\">T\u00f6\u00f6tlemisteenus<\/div>\n<div class=\"cell value\">Painutamine, keevitamine, keevitamine, stantsimine, l\u00f5ikamine<\/div>\n<\/div>\n<div class=\"row\">\n<div class=\"cell label\">Toote nimi<\/div>\n<div class=\"cell value\">Alumiiniumist ekstrusiooni radiaatori seadmed v\u00f5ivad toetada kohandamist<\/div>\n<\/div>\n<div class=\"row\">\n<div class=\"cell label\">N\u00e4ide<\/div>\n<div class=\"cell value\">Saadaval<\/div>\n<\/div>\n<div class=\"row\">\n<div class=\"cell label\">Kohandatud toetus<\/div>\n<div class=\"cell value\">Kohandatud<\/div>\n<\/div>\n<div class=\"row\">\n<div class=\"cell label\">MOQ<\/div>\n<div class=\"cell value\">100tk<\/div>\n<\/div>\n<div class=\"row\">\n<div class=\"cell label\">Kasutamine<\/div>\n<div class=\"cell value\">Alumiinium ekstrudeeritud profiilid ekstrusioon alumiiniumist<\/div>\n<\/div>\n<div class=\"row\">\n<div class=\"cell label\">T\u00fc\u00fcp<\/div>\n<div class=\"cell value\">Ekstrusioon<\/div>\n<\/div>\n<div class=\"row\">\n<div class=\"cell label\">M\u00e4rks\u00f5na<\/div>\n<div class=\"cell value\">Led profiilivalgus<\/div>\n<\/div>\n<div class=\"row\">\n<div class=\"cell label\">Protsess<\/div>\n<div class=\"cell value\">S\u00fcgavalt mehaaniline t\u00f6\u00f6tlemine<\/div>\n<\/div>\n<div class=\"row\">\n<div class=\"cell label\">Suurus<\/div>\n<div class=\"cell value\">Kliendi soov<\/div>\n<\/div>\n<div class=\"row\">\n<div class=\"cell label\">V\u00e4rv<\/div>\n<div class=\"cell value\">Kohandatud v\u00e4rv<\/div>\n<\/div>\n<div class=\"row\">\n<div class=\"cell label\">M\u00fc\u00fcvad \u00fcksused<\/div>\n<div class=\"cell value\">\u00dcksik ese<\/div>\n<\/div>\n<div class=\"row\">\n<div class=\"cell label\">\u00dche pakendi suurus<\/div>\n<div class=\"cell value\">32X32X31 cm<\/div>\n<\/div>\n<div class=\"row\">\n<div class=\"cell label\">\u00dchtne brutokaal<\/div>\n<div class=\"cell value\">1.000 KG<\/div>\n<\/div>\n<\/div>\n<p><\/p>\n<h2>Meie tootmisbaas<\/h2>\n<h3>Tehase panoraam<\/h3>\n<p><img decoding=\"async\" src=\"\/wp-content\/uploads\/factory-01.webp\"\/><\/p>\n<h3>Alumiiniumvarraste tootmise t\u00f6\u00f6koda<\/h3>\n<p><img decoding=\"async\" src=\"\/wp-content\/uploads\/factory-02.webp\"\/><\/p>\n<p><img decoding=\"async\" src=\"\/wp-content\/uploads\/factory-03.webp\"\/><\/p>\n<h3>hallituse ladustamise ladu<\/h3>\n<p><img decoding=\"async\" src=\"\/wp-content\/uploads\/factory-04.webp\"\/><\/p>\n<h3>43 alumiiniumi ekstrusiooniliini (500-5500 tonni)<\/h3>\n<p><img decoding=\"async\" src=\"\/wp-content\/uploads\/factory-05.webp\"\/><\/p>\n<p><img decoding=\"async\" src=\"\/wp-content\/uploads\/factory-06.webp\"\/><\/p>\n<p><img decoding=\"async\" src=\"\/wp-content\/uploads\/factory-07.webp\"\/><\/p>\n<h3>Pulberv\u00e4rvimise t\u00f6\u00f6koda<\/h3>\n<p><img decoding=\"async\" src=\"\/wp-content\/uploads\/factory-09.webp\"\/><\/p>\n<h3>Anodiseerimise t\u00f6\u00f6koda<\/h3>\n<p><img decoding=\"async\" src=\"\/wp-content\/uploads\/factory-10.webp\"\/><\/p>\n<h3>S\u00fcgavt\u00f6\u00f6tlemise t\u00f6\u00f6tuba<\/h3>\n<p><img decoding=\"async\" src=\"\/wp-content\/uploads\/factory-11.webp\"\/><\/p>\n<h3>CNC-t\u00e4ppist\u00f6\u00f6tlemise t\u00f6\u00f6koda<\/h3>\n<p><img decoding=\"async\" src=\"\/wp-content\/uploads\/factory-11.5.webp\"\/><\/p>\n<h3>Valmistoodete ja ekspordi ladu<\/h3>\n<p><img decoding=\"async\" src=\"\/wp-content\/uploads\/factory-12.webp\"\/><\/p>\n<p><img decoding=\"async\" src=\"\/wp-content\/uploads\/factory-13.webp\"\/><\/p>\n<p><img decoding=\"async\" src=\"\/wp-content\/uploads\/factory-14.webp\"\/><\/p>\n<h2>KKK<\/h2>\n<p><strong>1. Milline on elektroonilise soojusalvestuse esmane \u00fclesanne?<\/strong><br \/>Elektrooniline jahutusradiaator on m\u00f5eldud elektrooniliste komponentide, n\u00e4iteks protsessorite ja graafiliste protsessorite soojuse hajutamiseks.<\/p>\n<p><strong>2. Kas elektroonilisi jahutusradiaatorite suurust saab kohandada?<\/strong><br \/>Jah, elektroonilisi jahutusradiaatorid saab kohandada vastavalt teie rakenduses n\u00f5utavatele m\u00f5\u00f5tmetele.<\/p>\n<p><strong>3. Milliseid materjale kasutatakse elektroonilistes jahutusradiaatorites?<\/strong><br \/>Elektroonilised jahutusradiaatorid on tavaliselt valmistatud alumiiniumist v\u00f5i vasest nende suurep\u00e4rase soojusjuhtivuse t\u00f5ttu.<\/p>\n<p><strong>4. Kuidas valida oma seadme jaoks \u00f5ige jahutusradiaator?<\/strong><br \/>\u00d5ige jahutusradiaator s\u00f5ltub teie seadme soojusv\u00f5imsusest ja ruumipiirangutest.<\/p>\n<p><strong>5. Kas elektroonilised jahutusradiaatorid on saadaval hulgiostuks?<\/strong><br \/>Jah, elektroonilisi jahutusradiaatorid saab tellida hulgi kaubanduslikuks kasutamiseks.<\/p>\n<p><strong>6. Kas arvutites v\u00f5ib kasutada elektroonilisi jahutusradiaatorid?<\/strong><br \/>Jah, elektroonilised jahutusradiaatorid on olulised protsessorite ja muude suure j\u00f5udlusega arvutikomponentide jahutamiseks.<\/p>\n<p><strong>7. Kas pakute tehnilist tuge jahutusradiaatorite paigaldamiseks?<\/strong><br \/>Jah, pakume k\u00f5igi elektrooniliste jahutusradiaatorite jaoks paigaldusjuhendeid ja tehnilist tuge.<\/p>\n<p><\/p>","protected":false},"featured_media":10740,"template":"","categories":[72],"class_list":["post-10987","product","type-product","status-publish","has-post-thumbnail","hentry","category-extruded-aluminum-heatsink"],"meta_box":{"hilight_text_group":[{"product_hilight_text":"<li>Designed to efficiently dissipate heat in electronic devices<\/li>\n<li>Available in various sizes and materials to suit different needs<\/li>\n<li>Precision engineered for optimal thermal performance<\/li>\n<li>Compatible with a wide range of electronic applications<\/li>\n<li>Customizable designs and dimensions for B2B clients<\/li>"}],"feature_list":[]},"_links":{"self":[{"href":"https:\/\/sinoextrud.com\/et\/wp-json\/wp\/v2\/product\/10987","targetHints":{"allow":["GET"]}}],"collection":[{"href":"https:\/\/sinoextrud.com\/et\/wp-json\/wp\/v2\/product"}],"about":[{"href":"https:\/\/sinoextrud.com\/et\/wp-json\/wp\/v2\/types\/product"}],"wp:featuredmedia":[{"embeddable":true,"href":"https:\/\/sinoextrud.com\/et\/wp-json\/wp\/v2\/media\/10740"}],"wp:attachment":[{"href":"https:\/\/sinoextrud.com\/et\/wp-json\/wp\/v2\/media?parent=10987"}],"wp:term":[{"taxonomy":"category","embeddable":true,"href":"https:\/\/sinoextrud.com\/et\/wp-json\/wp\/v2\/categories?post=10987"}],"curies":[{"name":"wp","href":"https:\/\/api.w.org\/{rel}","templated":true}]}}