{"id":10985,"date":"2025-08-01T03:29:17","date_gmt":"2025-08-01T03:29:17","guid":{"rendered":"https:\/\/sinoextrud.com\/product\/electrical-heat-sink-for-power-equipment\/"},"modified":"2025-08-01T03:29:17","modified_gmt":"2025-08-01T03:29:17","slug":"elektriline-jahutusradiaator-elektriseadmete-jaoks","status":"publish","type":"product","link":"https:\/\/sinoextrud.com\/et\/product\/electrical-heat-sink-for-power-equipment\/","title":{"rendered":"Elektriline soojuss\u00f5lm elektriseadmete jaoks"},"content":{"rendered":"<h2>Toodete \u00fcksikasjad<\/h2>\n<div class=\"product-table\">\n<div class=\"row\">\n<div class=\"cell label\">Hinne<\/div>\n<div class=\"cell value\">6000 seeria<\/div>\n<\/div>\n<div class=\"row\">\n<div class=\"cell label\">Sallivus<\/div>\n<div class=\"cell value\">\u00c2\u00b11%<\/div>\n<\/div>\n<div class=\"row\">\n<div class=\"cell label\">Tarneaeg<\/div>\n<div class=\"cell value\">15-21 p\u00e4eva<\/div>\n<\/div>\n<div class=\"row\">\n<div class=\"cell label\">Temper<\/div>\n<div class=\"cell value\">T3-T8<\/div>\n<\/div>\n<div class=\"row\">\n<div class=\"cell label\">Taotlus<\/div>\n<div class=\"cell value\">Klaasseinad<\/div>\n<\/div>\n<div class=\"row\">\n<div class=\"cell label\">Kuju<\/div>\n<div class=\"cell value\">korter<\/div>\n<\/div>\n<div class=\"row\">\n<div class=\"cell label\">Sulam v\u00f5i mitte<\/div>\n<div class=\"cell value\">Kas sulam on sulam<\/div>\n<\/div>\n<div class=\"row\">\n<div class=\"cell label\">T\u00f6\u00f6tlemisteenus<\/div>\n<div class=\"cell value\">Painutamine, keevitamine, keevitamine, stantsimine, l\u00f5ikamine<\/div>\n<\/div>\n<div class=\"row\">\n<div class=\"cell label\">Toote nimi<\/div>\n<div class=\"cell value\">alumiiniumist ekstrusioonist jahutusradiaator<\/div>\n<\/div>\n<div class=\"row\">\n<div class=\"cell label\">Hinne<\/div>\n<div class=\"cell value\">6063\/6061\/6005\/6060 T5\/T6<\/div>\n<\/div>\n<div class=\"row\">\n<div class=\"cell label\">V\u00e4rv<\/div>\n<div class=\"cell value\">H\u00f5bedane\/punane\/must\/v\u00e4rviline<\/div>\n<\/div>\n<div class=\"row\">\n<div class=\"cell label\">Sertifitseerimine<\/div>\n<div class=\"cell value\">ISO9001<\/div>\n<\/div>\n<div class=\"row\">\n<div class=\"cell label\">L\u00f5peta<\/div>\n<div class=\"cell value\">erinevad anodeeringud\/politseerimine\/harjamine\/katmineerimine<\/div>\n<\/div>\n<div class=\"row\">\n<div class=\"cell label\">Pinnat\u00f6\u00f6tlus<\/div>\n<div class=\"cell value\">Anodeerida viimistlus<\/div>\n<\/div>\n<div class=\"row\">\n<div class=\"cell label\">Paksus<\/div>\n<div class=\"cell value\">0.8mm~30mm<\/div>\n<\/div>\n<div class=\"row\">\n<div class=\"cell label\">Konteineri koormus<\/div>\n<div class=\"cell value\">400 karpi\/20\u2032, 830 karpi\/40HQ<\/div>\n<\/div>\n<div class=\"row\">\n<div class=\"cell label\">Materjal<\/div>\n<div class=\"cell value\">Anodeeritud alumiiniumi ekstrusioon<\/div>\n<\/div>\n<div class=\"row\">\n<div class=\"cell label\">T\u00fc\u00fcp<\/div>\n<div class=\"cell value\">OEM alumiiniumist ekstrusioonid Heat Sink<\/div>\n<\/div>\n<div class=\"row\">\n<div class=\"cell label\">M\u00fc\u00fcvad \u00fcksused<\/div>\n<div class=\"cell value\">\u00dcksik ese<\/div>\n<\/div>\n<div class=\"row\">\n<div class=\"cell label\">\u00dche pakendi suurus<\/div>\n<div class=\"cell value\">110X110X50 cm<\/div>\n<\/div>\n<div class=\"row\">\n<div class=\"cell label\">\u00dchtne brutokaal<\/div>\n<div class=\"cell value\">1.000 KG<\/div>\n<\/div>\n<\/div>\n<p><\/p>\n<h2>Meie tootmisbaas<\/h2>\n<h3>Tehase panoraam<\/h3>\n<p><img decoding=\"async\" src=\"\/wp-content\/uploads\/factory-01.webp\"\/><\/p>\n<h3>Alumiiniumvarraste tootmise t\u00f6\u00f6koda<\/h3>\n<p><img decoding=\"async\" src=\"\/wp-content\/uploads\/factory-02.webp\"\/><\/p>\n<p><img decoding=\"async\" src=\"\/wp-content\/uploads\/factory-03.webp\"\/><\/p>\n<h3>hallituse ladustamise ladu<\/h3>\n<p><img decoding=\"async\" src=\"\/wp-content\/uploads\/factory-04.webp\"\/><\/p>\n<h3>43 alumiiniumi ekstrusiooniliini (500-5500 tonni)<\/h3>\n<p><img decoding=\"async\" src=\"\/wp-content\/uploads\/factory-05.webp\"\/><\/p>\n<p><img decoding=\"async\" src=\"\/wp-content\/uploads\/factory-06.webp\"\/><\/p>\n<p><img decoding=\"async\" src=\"\/wp-content\/uploads\/factory-07.webp\"\/><\/p>\n<h3>Pulberv\u00e4rvimise t\u00f6\u00f6koda<\/h3>\n<p><img decoding=\"async\" src=\"\/wp-content\/uploads\/factory-09.webp\"\/><\/p>\n<h3>Anodiseerimise t\u00f6\u00f6koda<\/h3>\n<p><img decoding=\"async\" src=\"\/wp-content\/uploads\/factory-10.webp\"\/><\/p>\n<h3>S\u00fcgavt\u00f6\u00f6tlemise t\u00f6\u00f6tuba<\/h3>\n<p><img decoding=\"async\" src=\"\/wp-content\/uploads\/factory-11.webp\"\/><\/p>\n<h3>CNC-t\u00e4ppist\u00f6\u00f6tlemise t\u00f6\u00f6koda<\/h3>\n<p><img decoding=\"async\" src=\"\/wp-content\/uploads\/factory-11.5.webp\"\/><\/p>\n<h3>Valmistoodete ja ekspordi ladu<\/h3>\n<p><img decoding=\"async\" src=\"\/wp-content\/uploads\/factory-12.webp\"\/><\/p>\n<p><img decoding=\"async\" src=\"\/wp-content\/uploads\/factory-13.webp\"\/><\/p>\n<p><img decoding=\"async\" src=\"\/wp-content\/uploads\/factory-14.webp\"\/><\/p>\n<h2>KKK<\/h2>\n<p><strong>1. Milline on elektrilise soojussalvesti esmane \u00fclesanne?<\/strong><br \/>Selle esmane \u00fclesanne on hajutada elektrikomponentide soojust, et v\u00e4ltida \u00fclekuumenemist.<\/p>\n<p><strong>2. Kas elektrilist soojuskaabitsat saab kohandada konkreetsete komponentide jaoks?<\/strong><br \/>Jah, saadaval on kohandamisv\u00f5imalused, mis sobivad erinevate komponentide suuruse ja kujuga.<\/p>\n<p><strong>3. Millistest materjalidest on valmistatud elektrilised jahutusradiaatorid?<\/strong><br \/>Need on tavaliselt valmistatud alumiiniumist v\u00f5i vasest t\u00f5husa soojusjuhtivuse tagamiseks.<\/p>\n<p><strong>4. Kas eritellimusel valmistatud jahutusradiaatorite puhul on minimaalne tellimiskogus?<\/strong><br \/>MOQ s\u00f5ltub kohandamisvajadustest, kuid \u00fcldiselt algab 100 \u00fchikust.<\/p>\n<p><strong>5. Kas elektrilised jahutusradiaatorid on kerged, et neid oleks lihtne paigaldada?<\/strong><br \/>Jah, need on kavandatud nii, et need on kerged ja neid on lihtne paigaldada erinevatesse s\u00fcsteemidesse.<\/p>\n<p><strong>6. Kas te pakute jahutuslahendusi erinevatele t\u00f6\u00f6stusharudele?<\/strong><br \/>Jah, me teenindame mitmeid t\u00f6\u00f6stusharusid, sealhulgas autot\u00f6\u00f6stust, elektroonikat ja telekommunikatsiooni.<\/p>\n<p><strong>7. Milline on nende jahutusradiaatorite ideaalne t\u00f6\u00f6keskkond?<\/strong><br \/>Need sobivad keskkondadesse, kus t\u00f5hus soojuse hajutamine on seadmete j\u00f5udluse seisukohalt \u00fclioluline.<\/p>\n<p><\/p>","protected":false},"featured_media":10796,"template":"","categories":[72],"class_list":["post-10985","product","type-product","status-publish","has-post-thumbnail","hentry","category-extruded-aluminum-heatsink"],"meta_box":{"hilight_text_group":[{"product_hilight_text":"<li>Designed to efficiently dissipate heat in electrical systems<\/li>\n<li>Available in various sizes to fit different components<\/li>\n<li>Constructed with high-quality materials for excellent thermal conductivity<\/li>\n<li>Offers lightweight solutions that are easy to integrate<\/li>\n<li>Customizable design for specific client requirements<\/li>"}],"feature_list":[]},"_links":{"self":[{"href":"https:\/\/sinoextrud.com\/et\/wp-json\/wp\/v2\/product\/10985","targetHints":{"allow":["GET"]}}],"collection":[{"href":"https:\/\/sinoextrud.com\/et\/wp-json\/wp\/v2\/product"}],"about":[{"href":"https:\/\/sinoextrud.com\/et\/wp-json\/wp\/v2\/types\/product"}],"wp:featuredmedia":[{"embeddable":true,"href":"https:\/\/sinoextrud.com\/et\/wp-json\/wp\/v2\/media\/10796"}],"wp:attachment":[{"href":"https:\/\/sinoextrud.com\/et\/wp-json\/wp\/v2\/media?parent=10985"}],"wp:term":[{"taxonomy":"category","embeddable":true,"href":"https:\/\/sinoextrud.com\/et\/wp-json\/wp\/v2\/categories?post=10985"}],"curies":[{"name":"wp","href":"https:\/\/api.w.org\/{rel}","templated":true}]}}