{"id":10984,"date":"2025-08-01T03:29:15","date_gmt":"2025-08-01T03:29:15","guid":{"rendered":"https:\/\/sinoextrud.com\/product\/oem-aluminum-heat-sink-for-custom-projects\/"},"modified":"2025-08-01T03:29:15","modified_gmt":"2025-08-01T03:29:15","slug":"oem-alumiiniumist-jahutusradiaator-kohandatud-projektide-jaoks","status":"publish","type":"product","link":"https:\/\/sinoextrud.com\/et\/product\/oem-aluminum-heat-sink-for-custom-projects\/","title":{"rendered":"OEM Alumiiniumist soojusalvesti kohandatud projektide jaoks"},"content":{"rendered":"<h2>Toodete \u00fcksikasjad<\/h2>\n<div class=\"product-table\">\n<div class=\"row\">\n<div class=\"cell label\">masinate katseprotokoll<\/div>\n<div class=\"cell value\">Edastatud<\/div>\n<\/div>\n<div class=\"row\">\n<div class=\"cell label\">video v\u00e4ljaminev inspektsioon<\/div>\n<div class=\"cell value\">Edastatud<\/div>\n<\/div>\n<div class=\"row\">\n<div class=\"cell label\">garantii<\/div>\n<div class=\"cell value\">2 aastat<\/div>\n<\/div>\n<div class=\"row\">\n<div class=\"cell label\">taotlus<\/div>\n<div class=\"cell value\">K\u00fclmutusseadmete osad<\/div>\n<\/div>\n<div class=\"row\">\n<div class=\"cell label\">t\u00fc\u00fcp<\/div>\n<div class=\"cell value\">Soojusvaheti osad<\/div>\n<\/div>\n<div class=\"row\">\n<div class=\"cell label\">Toote nimi<\/div>\n<div class=\"cell value\">Alumiiniumist soojusalvestus LED kasvavalguse jaoks<\/div>\n<\/div>\n<div class=\"row\">\n<div class=\"cell label\">Suurus<\/div>\n<div class=\"cell value\">Custom &amp; Stock<\/div>\n<\/div>\n<div class=\"row\">\n<div class=\"cell label\">Materjal<\/div>\n<div class=\"cell value\">Alumiinium + vasktoru<\/div>\n<\/div>\n<div class=\"row\">\n<div class=\"cell label\">V\u00e4rv<\/div>\n<div class=\"cell value\">Loodus<\/div>\n<\/div>\n<div class=\"row\">\n<div class=\"cell label\">L\u00f5peta<\/div>\n<div class=\"cell value\">Mill Finish, poleeritud<\/div>\n<\/div>\n<div class=\"row\">\n<div class=\"cell label\">Protsess<\/div>\n<div class=\"cell value\">CNC freesimine + h\u00f5\u00f5rdkeevitus<\/div>\n<\/div>\n<div class=\"row\">\n<div class=\"cell label\">Sallivus<\/div>\n<div class=\"cell value\">+\/-0.01mm<\/div>\n<\/div>\n<div class=\"row\">\n<div class=\"cell label\">Teenus<\/div>\n<div class=\"cell value\">ODM OEM<\/div>\n<\/div>\n<div class=\"row\">\n<div class=\"cell label\">MOQ<\/div>\n<div class=\"cell value\">1 t\u00fckk<\/div>\n<\/div>\n<div class=\"row\">\n<div class=\"cell label\">Pakkimine<\/div>\n<div class=\"cell value\">Pol\u00fcepuust korpus<\/div>\n<\/div>\n<div class=\"row\">\n<div class=\"cell label\">Pakendi \u00fcksikasjad<\/div>\n<div class=\"cell value\">kohandatud pakkimine vastavalt kliendi soovile, tavaliselt:<\/div>\n<\/div>\n<div class=\"row\">\n<div class=\"cell label\">A<\/div>\n<div class=\"cell value\">Veskiviimistlus, plastist kokkut\u00f5mbekile.<\/div>\n<\/div>\n<div class=\"row\">\n<div class=\"cell label\">B<\/div>\n<div class=\"cell value\">Anodeerimine v\u00f5i v\u00f5imsuskate, sees pakitud plastist kaitsekile + PE-vaht + kokkut\u00f5mbekile v\u00f5i veekindel j\u00f5upaber .<\/div>\n<\/div>\n<div class=\"row\">\n<div class=\"cell label\">C<\/div>\n<div class=\"cell value\">Kui v\u00e4ike cnc osa, EPE vaht + kastid.<\/div>\n<\/div>\n<div class=\"row\">\n<div class=\"cell label\">D<\/div>\n<div class=\"cell value\">Kui kliendil on erisoov, saame pakkuda puidust kasti.<\/div>\n<\/div>\n<div class=\"row\">\n<div class=\"cell label\">M\u00fc\u00fcvad \u00fcksused<\/div>\n<div class=\"cell value\">\u00dcksik ese<\/div>\n<\/div>\n<div class=\"row\">\n<div class=\"cell label\">\u00dche pakendi suurus<\/div>\n<div class=\"cell value\">30X10X10 cm<\/div>\n<\/div>\n<div class=\"row\">\n<div class=\"cell label\">\u00dchtne brutokaal<\/div>\n<div class=\"cell value\">1.000 KG<\/div>\n<\/div>\n<\/div>\n<p><\/p>\n<h2>Meie tootmisbaas<\/h2>\n<h3>Tehase panoraam<\/h3>\n<p><img decoding=\"async\" src=\"\/wp-content\/uploads\/factory-01.webp\"\/><\/p>\n<h3>Alumiiniumvarraste tootmise t\u00f6\u00f6koda<\/h3>\n<p><img decoding=\"async\" src=\"\/wp-content\/uploads\/factory-02.webp\"\/><\/p>\n<p><img decoding=\"async\" src=\"\/wp-content\/uploads\/factory-03.webp\"\/><\/p>\n<h3>hallituse ladustamise ladu<\/h3>\n<p><img decoding=\"async\" src=\"\/wp-content\/uploads\/factory-04.webp\"\/><\/p>\n<h3>43 alumiiniumi ekstrusiooniliini (500-5500 tonni)<\/h3>\n<p><img decoding=\"async\" src=\"\/wp-content\/uploads\/factory-05.webp\"\/><\/p>\n<p><img decoding=\"async\" src=\"\/wp-content\/uploads\/factory-06.webp\"\/><\/p>\n<p><img decoding=\"async\" src=\"\/wp-content\/uploads\/factory-07.webp\"\/><\/p>\n<h3>Pulberv\u00e4rvimise t\u00f6\u00f6koda<\/h3>\n<p><img decoding=\"async\" src=\"\/wp-content\/uploads\/factory-09.webp\"\/><\/p>\n<h3>Anodiseerimise t\u00f6\u00f6koda<\/h3>\n<p><img decoding=\"async\" src=\"\/wp-content\/uploads\/factory-10.webp\"\/><\/p>\n<h3>S\u00fcgavt\u00f6\u00f6tlemise t\u00f6\u00f6tuba<\/h3>\n<p><img decoding=\"async\" src=\"\/wp-content\/uploads\/factory-11.webp\"\/><\/p>\n<h3>CNC-t\u00e4ppist\u00f6\u00f6tlemise t\u00f6\u00f6koda<\/h3>\n<p><img decoding=\"async\" src=\"\/wp-content\/uploads\/factory-11.5.webp\"\/><\/p>\n<h3>Valmistoodete ja ekspordi ladu<\/h3>\n<p><img decoding=\"async\" src=\"\/wp-content\/uploads\/factory-12.webp\"\/><\/p>\n<p><img decoding=\"async\" src=\"\/wp-content\/uploads\/factory-13.webp\"\/><\/p>\n<p><img decoding=\"async\" src=\"\/wp-content\/uploads\/factory-14.webp\"\/><\/p>\n<h2>KKK<\/h2>\n<p><strong>1. Milliseid materjale kasutatakse alumiiniumist jahutusradiaatoris?<\/strong><br \/>Soojuspesa on valmistatud kvaliteetsest alumiiniumist, mis on tuntud oma suurep\u00e4rase soojusjuhtivuse poolest.<\/p>\n<p><strong>2. Kas alumiiniumist jahutusradiaatorit saab kohandada erinevate rakenduste jaoks?<\/strong><br \/>Jah, konstruktsiooni saab kohandada vastavalt konkreetsetele termilistele n\u00f5uetele ja m\u00f5\u00f5tmetele.<\/p>\n<p><strong>3. Kas alumiiniumist jahutusradiaator sobib suure j\u00f5udlusega seadmete jaoks?<\/strong><br \/>Jah, see on m\u00f5eldud suure j\u00f5udlusega elektroonika soojuse t\u00f5husaks hajutamiseks.<\/p>\n<p><strong>4. Kuidas aitab alumiiniumist jahutusradiaator kaasa soojusjuhtimisele?<\/strong><br \/>See juhib soojuse t\u00f5husalt \u00e4ra kriitilistest komponentidest, v\u00e4ltides \u00fclekuumenemist ja suurendades seadme t\u00f6\u00f6kindlust.<\/p>\n<p><strong>5. Millised on alumiiniumi kasutamise eelised jahutusradiaatorite puhul?<\/strong><br \/>Alumiinium pakub kerget ja kuluefektiivset lahendust, millel on suurep\u00e4rased soojuse hajutamise omadused.<\/p>\n<p><strong>6. Kas seda jahutusradiaatorit saab kasutada v\u00e4litingimustes?<\/strong><br \/>Jah, koos lisavarustuses oleva korrosioonikindla kattega sobib see v\u00e4litingimustes kasutamiseks.<\/p>\n<p><strong>7. Kas te pakute OEM-teenuseid lahtiste tellimuste puhul?<\/strong><br \/>Jah, saadaval on OEM-teenused, sealhulgas kohandatud br\u00e4ndi ja disaini kohandamine.<\/p>\n<p><\/p>","protected":false},"featured_media":10807,"template":"","categories":[72],"class_list":["post-10984","product","type-product","status-publish","has-post-thumbnail","hentry","category-extruded-aluminum-heatsink"],"meta_box":{"hilight_text_group":[{"product_hilight_text":"<li>Customized designs to fit specific thermal management needs<\/li>\n<li>High thermal conductivity and efficient heat dissipation<\/li>\n<li>Lightweight construction ideal for various electronic applications<\/li>\n<li>Corrosion-resistant aluminum for enhanced lifespan<\/li>\n<li>Supports a range of sizes and finishes for tailored solutions<\/li>"}],"feature_list":[]},"_links":{"self":[{"href":"https:\/\/sinoextrud.com\/et\/wp-json\/wp\/v2\/product\/10984","targetHints":{"allow":["GET"]}}],"collection":[{"href":"https:\/\/sinoextrud.com\/et\/wp-json\/wp\/v2\/product"}],"about":[{"href":"https:\/\/sinoextrud.com\/et\/wp-json\/wp\/v2\/types\/product"}],"wp:featuredmedia":[{"embeddable":true,"href":"https:\/\/sinoextrud.com\/et\/wp-json\/wp\/v2\/media\/10807"}],"wp:attachment":[{"href":"https:\/\/sinoextrud.com\/et\/wp-json\/wp\/v2\/media?parent=10984"}],"wp:term":[{"taxonomy":"category","embeddable":true,"href":"https:\/\/sinoextrud.com\/et\/wp-json\/wp\/v2\/categories?post=10984"}],"curies":[{"name":"wp","href":"https:\/\/api.w.org\/{rel}","templated":true}]}}