{"id":10982,"date":"2025-08-01T03:29:12","date_gmt":"2025-08-01T03:29:12","guid":{"rendered":"https:\/\/sinoextrud.com\/product\/finned-aluminum-heat-sink-for-air-cooling\/"},"modified":"2025-08-01T03:29:12","modified_gmt":"2025-08-01T03:29:12","slug":"ribiline-alumiiniumist-jahutusradiaator-ohujahutuseks","status":"publish","type":"product","link":"https:\/\/sinoextrud.com\/et\/product\/finned-aluminum-heat-sink-for-air-cooling\/","title":{"rendered":"Soomustatud alumiiniumist soojuss\u00f5lm \u00f5hujahutuseks"},"content":{"rendered":"<h2>Toodete \u00fcksikasjad<\/h2>\n<div class=\"product-table\">\n<div class=\"row\">\n<div class=\"cell label\">CNC-t\u00f6\u00f6tlus v\u00f5i mitte<\/div>\n<div class=\"cell value\">Cnc mehaaniline t\u00f6\u00f6tlemine<\/div>\n<\/div>\n<div class=\"row\">\n<div class=\"cell label\">Materjalide v\u00f5imekus<\/div>\n<div class=\"cell value\">Alumiinium, messing, pronks, vask, karastatud metallid, roostevaba teras, terasesulamid<\/div>\n<\/div>\n<div class=\"row\">\n<div class=\"cell label\">T\u00fc\u00fcp<\/div>\n<div class=\"cell value\">freesimine, puurimine, lasert\u00f6\u00f6tlus, freesimine, treimine, treimine<\/div>\n<\/div>\n<div class=\"row\">\n<div class=\"cell label\">Mikrot\u00f6\u00f6tlemine v\u00f5i mitte<\/div>\n<div class=\"cell value\">Mikrot\u00f6\u00f6tlemine<\/div>\n<\/div>\n<div class=\"row\">\n<div class=\"cell label\">Materjal<\/div>\n<div class=\"cell value\">Alumiinium Messing Plastik Teras<\/div>\n<\/div>\n<div class=\"row\">\n<div class=\"cell label\">Toote nimi<\/div>\n<div class=\"cell value\">Ekstrusiooni jahutusradiaator<\/div>\n<\/div>\n<div class=\"row\">\n<div class=\"cell label\">Protsess<\/div>\n<div class=\"cell value\">Cnc mehaaniline t\u00f6\u00f6tlemine + pinnat\u00f6\u00f6tlus<\/div>\n<\/div>\n<div class=\"row\">\n<div class=\"cell label\">Suurus<\/div>\n<div class=\"cell value\">Kohandatud suurused vastuv\u00f5etavad<\/div>\n<\/div>\n<div class=\"row\">\n<div class=\"cell label\">V\u00e4rv<\/div>\n<div class=\"cell value\">Kohandatud v\u00e4rv<\/div>\n<\/div>\n<div class=\"row\">\n<div class=\"cell label\">Taotlus<\/div>\n<div class=\"cell value\">Elektrooniline<\/div>\n<\/div>\n<div class=\"row\">\n<div class=\"cell label\">Joonistamise vorming<\/div>\n<div class=\"cell value\">STEP<\/div>\n<\/div>\n<div class=\"row\">\n<div class=\"cell label\">MOQ<\/div>\n<div class=\"cell value\">V\u00e4ikeste tellimuste vastuv\u00f5tmine<\/div>\n<\/div>\n<div class=\"row\">\n<div class=\"cell label\">M\u00fc\u00fcvad \u00fcksused<\/div>\n<div class=\"cell value\">\u00dcksik ese<\/div>\n<\/div>\n<\/div>\n<p><\/p>\n<h2>Meie tootmisbaas<\/h2>\n<h3>Tehase panoraam<\/h3>\n<p><img decoding=\"async\" src=\"\/wp-content\/uploads\/factory-01.webp\"\/><\/p>\n<h3>Alumiiniumvarraste tootmise t\u00f6\u00f6koda<\/h3>\n<p><img decoding=\"async\" src=\"\/wp-content\/uploads\/factory-02.webp\"\/><\/p>\n<p><img decoding=\"async\" src=\"\/wp-content\/uploads\/factory-03.webp\"\/><\/p>\n<h3>hallituse ladustamise ladu<\/h3>\n<p><img decoding=\"async\" src=\"\/wp-content\/uploads\/factory-04.webp\"\/><\/p>\n<h3>43 alumiiniumi ekstrusiooniliini (500-5500 tonni)<\/h3>\n<p><img decoding=\"async\" src=\"\/wp-content\/uploads\/factory-05.webp\"\/><\/p>\n<p><img decoding=\"async\" src=\"\/wp-content\/uploads\/factory-06.webp\"\/><\/p>\n<p><img decoding=\"async\" src=\"\/wp-content\/uploads\/factory-07.webp\"\/><\/p>\n<h3>Pulberv\u00e4rvimise t\u00f6\u00f6koda<\/h3>\n<p><img decoding=\"async\" src=\"\/wp-content\/uploads\/factory-09.webp\"\/><\/p>\n<h3>Anodiseerimise t\u00f6\u00f6koda<\/h3>\n<p><img decoding=\"async\" src=\"\/wp-content\/uploads\/factory-10.webp\"\/><\/p>\n<h3>S\u00fcgavt\u00f6\u00f6tlemise t\u00f6\u00f6tuba<\/h3>\n<p><img decoding=\"async\" src=\"\/wp-content\/uploads\/factory-11.webp\"\/><\/p>\n<h3>CNC-t\u00e4ppist\u00f6\u00f6tlemise t\u00f6\u00f6koda<\/h3>\n<p><img decoding=\"async\" src=\"\/wp-content\/uploads\/factory-11.5.webp\"\/><\/p>\n<h3>Valmistoodete ja ekspordi ladu<\/h3>\n<p><img decoding=\"async\" src=\"\/wp-content\/uploads\/factory-12.webp\"\/><\/p>\n<p><img decoding=\"async\" src=\"\/wp-content\/uploads\/factory-13.webp\"\/><\/p>\n<p><img decoding=\"async\" src=\"\/wp-content\/uploads\/factory-14.webp\"\/><\/p>\n<h2>KKK<\/h2>\n<p><strong>1. Milline on rihveldatud alumiiniumist jahutusradiaatori peamine funktsioon?<\/strong><br \/>Soomustatud alumiiniumist jahutusradiaatori peamine \u00fclesanne on hajutada t\u00f5husalt elektroonikakomponentide soojust.<\/p>\n<p><strong>2. Kas rihveldatud alumiiniumist jahutusradiaatorit saab kohandada konkreetsete rakenduste jaoks?<\/strong><br \/>Jah, seda saab kohandada suuruse, kuju ja viimistluse poolest, et see sobiks erinevatele rakendustele.<\/p>\n<p><strong>3. Kas alumiinium on hea materjal jahutusradiaatorite jaoks?<\/strong><br \/>Jah, alumiinium on suure soojusjuhtivuse ja kerguse t\u00f5ttu suurep\u00e4rane soojusradiaatorite jaoks.<\/p>\n<p><strong>4. Kas on saadaval eri suurused alumiiniumist soojusradiaatorite jaoks?<\/strong><br \/>Jah, saadaval on erinevaid suurusi ja konfiguratsioone, mis vastavad erinevatele jahutusn\u00f5uetele.<\/p>\n<p><strong>5. Kuidas parandab ribide konstruktsioon soojuse hajutamist?<\/strong><br \/>Ribid suurendavad \u00f5huga kokkupuutuva pinna pindala, parandades soojuse hajutamise t\u00f5husust.<\/p>\n<p><strong>6. Kas ribiline alumiiniumist jahutusradia sobib suure j\u00f5udlusega elektroonika jaoks?<\/strong><br \/>Jah, see on m\u00f5eldud suure j\u00f5udlusega elektroonikaseadmete termiliste n\u00f5udmistega toimetulekuks.<\/p>\n<p><strong>7. Kas te pakute alumiiniumist soojusradiaatorite rahvusvahelist tarnet?<\/strong><br \/>Jah, me pakume \u00fclemaailmset tarne- ja logistikatuge.<\/p>\n<p><\/p>","protected":false},"featured_media":10808,"template":"","categories":[55],"class_list":["post-10982","product","type-product","status-publish","has-post-thumbnail","hentry","category-extruded-aluminum-profiles"],"meta_box":{"hilight_text_group":[{"product_hilight_text":"<li>Optimized for efficient heat dissipation in electronic devices<\/li>\n<li>Constructed from high-quality aluminum for improved thermal conductivity<\/li>\n<li>Available in various sizes and configurations to meet diverse cooling needs<\/li>\n<li>Lightweight and durable design for long-lasting performance<\/li>\n<li>Customizable fins and finishes to match specific application requirements<\/li>"}],"feature_list":[]},"_links":{"self":[{"href":"https:\/\/sinoextrud.com\/et\/wp-json\/wp\/v2\/product\/10982","targetHints":{"allow":["GET"]}}],"collection":[{"href":"https:\/\/sinoextrud.com\/et\/wp-json\/wp\/v2\/product"}],"about":[{"href":"https:\/\/sinoextrud.com\/et\/wp-json\/wp\/v2\/types\/product"}],"wp:featuredmedia":[{"embeddable":true,"href":"https:\/\/sinoextrud.com\/et\/wp-json\/wp\/v2\/media\/10808"}],"wp:attachment":[{"href":"https:\/\/sinoextrud.com\/et\/wp-json\/wp\/v2\/media?parent=10982"}],"wp:term":[{"taxonomy":"category","embeddable":true,"href":"https:\/\/sinoextrud.com\/et\/wp-json\/wp\/v2\/categories?post=10982"}],"curies":[{"name":"wp","href":"https:\/\/api.w.org\/{rel}","templated":true}]}}