{"id":10981,"date":"2025-08-01T03:29:09","date_gmt":"2025-08-01T03:29:09","guid":{"rendered":"https:\/\/sinoextrud.com\/product\/cylindrical-heat-sink-for-led-and-sensors\/"},"modified":"2025-08-01T03:29:09","modified_gmt":"2025-08-01T03:29:09","slug":"silindriline-jahutusradiaator-ledi-ja-andurite-jaoks","status":"publish","type":"product","link":"https:\/\/sinoextrud.com\/et\/product\/cylindrical-heat-sink-for-led-and-sensors\/","title":{"rendered":"Silindriline soojuss\u00f5lm LED-idele ja anduritele"},"content":{"rendered":"<h2>Toodete \u00fcksikasjad<\/h2>\n<div class=\"product-table\">\n<div class=\"row\">\n<div class=\"cell label\">Hinne<\/div>\n<div class=\"cell value\">6000 seeria<\/div>\n<\/div>\n<div class=\"row\">\n<div class=\"cell label\">Sallivus<\/div>\n<div class=\"cell value\">Kohandatud<\/div>\n<\/div>\n<div class=\"row\">\n<div class=\"cell label\">Tarneaeg<\/div>\n<div class=\"cell value\">8-14 p\u00e4eva<\/div>\n<\/div>\n<div class=\"row\">\n<div class=\"cell label\">Temper<\/div>\n<div class=\"cell value\">T3-T8<\/div>\n<\/div>\n<div class=\"row\">\n<div class=\"cell label\">Taotlus<\/div>\n<div class=\"cell value\">LED-soojusvaheti, k\u00f5rge lahtri soojusvaheti, elektrooniline soojusvaheti<\/div>\n<\/div>\n<div class=\"row\">\n<div class=\"cell label\">Kuju<\/div>\n<div class=\"cell value\">Kohandatud<\/div>\n<\/div>\n<div class=\"row\">\n<div class=\"cell label\">Sulam v\u00f5i mitte<\/div>\n<div class=\"cell value\">Kas sulam on sulam<\/div>\n<\/div>\n<div class=\"row\">\n<div class=\"cell label\">T\u00f6\u00f6tlemisteenus<\/div>\n<div class=\"cell value\">Painutamine, keevitamine, keevitamine, stantsimine, l\u00f5ikamine, puurimine<\/div>\n<\/div>\n<div class=\"row\">\n<div class=\"cell label\">Toote nimi<\/div>\n<div class=\"cell value\">Silindriline viinud alumiiniumist pressitud ekstrudeeritud soojusalvesti<\/div>\n<\/div>\n<div class=\"row\">\n<div class=\"cell label\">Pinnat\u00f6\u00f6tlus<\/div>\n<div class=\"cell value\">Mill Finish, poleerimine v\u00f5i kohandatud<\/div>\n<\/div>\n<div class=\"row\">\n<div class=\"cell label\">Materjal<\/div>\n<div class=\"cell value\">6000-seeria alumiiniumsulam v\u00f5i kohandatud<\/div>\n<\/div>\n<div class=\"row\">\n<div class=\"cell label\">V\u00e4rv<\/div>\n<div class=\"cell value\">Kohandatud v\u00e4rv<\/div>\n<\/div>\n<div class=\"row\">\n<div class=\"cell label\">Dimesioonid<\/div>\n<div class=\"cell value\">W*H*L mm Kohandatud<\/div>\n<\/div>\n<div class=\"row\">\n<div class=\"cell label\">Peamine protsess<\/div>\n<div class=\"cell value\">Ekstrusioon, l\u00f5ikamine, CNC-t\u00f6\u00f6tlemine<\/div>\n<\/div>\n<div class=\"row\">\n<div class=\"cell label\">Standardne proovi tarneaeg<\/div>\n<div class=\"cell value\">7 p\u00e4eva<\/div>\n<\/div>\n<div class=\"row\">\n<div class=\"cell label\">N\u00e4itemakse<\/div>\n<div class=\"cell value\">PayPal<\/div>\n<\/div>\n<div class=\"row\">\n<div class=\"cell label\">Sertifitseerimine<\/div>\n<div class=\"cell value\">CE, SGS, ISO.<\/div>\n<\/div>\n<div class=\"row\">\n<div class=\"cell label\">MOQ<\/div>\n<div class=\"cell value\">1 t\u00fckk<\/div>\n<\/div>\n<div class=\"row\">\n<div class=\"cell label\">Pakendi \u00fcksikasjad<\/div>\n<div class=\"cell value\">Alumiiniumist ekstrudeeritud jahutusradiaator, mis on pakitud tavalisse vineerist korpusesse<\/div>\n<\/div>\n<div class=\"row\">\n<div class=\"cell label\">L\u00e4hetussadam<\/div>\n<div class=\"cell value\">Shanghai<\/div>\n<\/div>\n<div class=\"row\">\n<div class=\"cell label\">M\u00fc\u00fcvad \u00fcksused<\/div>\n<div class=\"cell value\">\u00dcksik ese<\/div>\n<\/div>\n<div class=\"row\">\n<div class=\"cell label\">\u00dche pakendi suurus<\/div>\n<div class=\"cell value\">15X15X15 cm<\/div>\n<\/div>\n<div class=\"row\">\n<div class=\"cell label\">\u00dchtne brutokaal<\/div>\n<div class=\"cell value\">2.000 KG<\/div>\n<\/div>\n<div class=\"row\">\n<div class=\"cell label\">Pakkumise v\u00f5ime<\/div>\n<div class=\"cell value\">100000 t\u00fckki kuus<\/div>\n<\/div>\n<\/div>\n<p><\/p>\n<h2>Meie tootmisbaas<\/h2>\n<h3>Tehase panoraam<\/h3>\n<p><img decoding=\"async\" src=\"\/wp-content\/uploads\/factory-01.webp\"\/><\/p>\n<h3>Alumiiniumvarraste tootmise t\u00f6\u00f6koda<\/h3>\n<p><img decoding=\"async\" src=\"\/wp-content\/uploads\/factory-02.webp\"\/><\/p>\n<p><img decoding=\"async\" src=\"\/wp-content\/uploads\/factory-03.webp\"\/><\/p>\n<h3>hallituse ladustamise ladu<\/h3>\n<p><img decoding=\"async\" src=\"\/wp-content\/uploads\/factory-04.webp\"\/><\/p>\n<h3>43 alumiiniumi ekstrusiooniliini (500-5500 tonni)<\/h3>\n<p><img decoding=\"async\" src=\"\/wp-content\/uploads\/factory-05.webp\"\/><\/p>\n<p><img decoding=\"async\" src=\"\/wp-content\/uploads\/factory-06.webp\"\/><\/p>\n<p><img decoding=\"async\" src=\"\/wp-content\/uploads\/factory-07.webp\"\/><\/p>\n<h3>Pulberv\u00e4rvimise t\u00f6\u00f6koda<\/h3>\n<p><img decoding=\"async\" src=\"\/wp-content\/uploads\/factory-09.webp\"\/><\/p>\n<h3>Anodiseerimise t\u00f6\u00f6koda<\/h3>\n<p><img decoding=\"async\" src=\"\/wp-content\/uploads\/factory-10.webp\"\/><\/p>\n<h3>S\u00fcgavt\u00f6\u00f6tlemise t\u00f6\u00f6tuba<\/h3>\n<p><img decoding=\"async\" src=\"\/wp-content\/uploads\/factory-11.webp\"\/><\/p>\n<h3>CNC-t\u00e4ppist\u00f6\u00f6tlemise t\u00f6\u00f6koda<\/h3>\n<p><img decoding=\"async\" src=\"\/wp-content\/uploads\/factory-11.5.webp\"\/><\/p>\n<h3>Valmistoodete ja ekspordi ladu<\/h3>\n<p><img decoding=\"async\" src=\"\/wp-content\/uploads\/factory-12.webp\"\/><\/p>\n<p><img decoding=\"async\" src=\"\/wp-content\/uploads\/factory-13.webp\"\/><\/p>\n<p><img decoding=\"async\" src=\"\/wp-content\/uploads\/factory-14.webp\"\/><\/p>\n<h2>KKK<\/h2>\n<p><strong>1. Millistest materjalidest on saadaval silindriline jahutusradiaator?<\/strong><br \/>Silindriline jahutusradiaator on saadaval alumiiniumist, vasest ja muudest sulamitest s\u00f5ltuvalt soojusn\u00f5uetest.<\/p>\n<p><strong>2. Kas silindrilist jahutusplaati saab kasutada LED-jahutuss\u00fcsteemide jaoks?<\/strong><br \/>Jah, see on ideaalne LED-rakenduste jaoks, mis n\u00f5uavad t\u00f5husat soojuse hajutamist.<\/p>\n<p><strong>3. Kas on v\u00f5imalik kohandada silindrilise jahutusradiaatori suurust?<\/strong><br \/>Jah, teie projekti spetsiifiliste vajaduste j\u00e4rgi on v\u00f5imalik valmistada kohandatud suurusi.<\/p>\n<p><strong>4. Kuidas aitab silindriline konstruktsioon kaasa soojapidavusele?<\/strong><br \/>Silindriline disain pakub 360-kraadist soojuse hajutamist, suurendades jahutuse t\u00f5husust.<\/p>\n<p><strong>5. Kas on mingeid spetsiifilisi rakendusi, mille jaoks soojusalvesti k\u00f5ige paremini sobib?<\/strong><br \/>Seda kasutatakse laialdaselt elektroonikas, lennunduses, autot\u00f6\u00f6stuses ja LED-valgustuses.<\/p>\n<p><strong>6. Milline on silindriliste jahutusradiaatorite lahtiste tellimuste tarneaeg?<\/strong><br \/>Tarneaeg on erinev, tavaliselt 4-6 n\u00e4dalat, s\u00f5ltuvalt tellimuse suurusest ja kohandamisest.<\/p>\n<p><strong>7. Kas silindriline jahutusradiaator vajab erilist hooldust?<\/strong><br \/>Jahutusradiaator on projekteeritud minimaalseks hoolduseks, mis n\u00f5uab tavalistes kasutustingimustes ainult aeg-ajalt puhastamist.<\/p>\n<p><\/p>","protected":false},"featured_media":10794,"template":"","categories":[72],"class_list":["post-10981","product","type-product","status-publish","has-post-thumbnail","hentry","category-extruded-aluminum-heatsink"],"meta_box":{"hilight_text_group":[{"product_hilight_text":"<li>Optimized for superior thermal management in various applications<\/li>\n<li>Available in multiple sizes and materials to suit specific needs<\/li>\n<li>Designed for easy installation and maintenance<\/li>\n<li>Custom engineering support to meet unique specifications<\/li>\n<li>Enhanced durability for long-lasting performance in harsh environments<\/li>"}],"feature_list":[]},"_links":{"self":[{"href":"https:\/\/sinoextrud.com\/et\/wp-json\/wp\/v2\/product\/10981","targetHints":{"allow":["GET"]}}],"collection":[{"href":"https:\/\/sinoextrud.com\/et\/wp-json\/wp\/v2\/product"}],"about":[{"href":"https:\/\/sinoextrud.com\/et\/wp-json\/wp\/v2\/types\/product"}],"wp:featuredmedia":[{"embeddable":true,"href":"https:\/\/sinoextrud.com\/et\/wp-json\/wp\/v2\/media\/10794"}],"wp:attachment":[{"href":"https:\/\/sinoextrud.com\/et\/wp-json\/wp\/v2\/media?parent=10981"}],"wp:term":[{"taxonomy":"category","embeddable":true,"href":"https:\/\/sinoextrud.com\/et\/wp-json\/wp\/v2\/categories?post=10981"}],"curies":[{"name":"wp","href":"https:\/\/api.w.org\/{rel}","templated":true}]}}