{"id":10980,"date":"2025-08-01T03:29:08","date_gmt":"2025-08-01T03:29:08","guid":{"rendered":"https:\/\/sinoextrud.com\/product\/vapor-chamber-extruded-heat-sink\/"},"modified":"2025-08-01T03:29:08","modified_gmt":"2025-08-01T03:29:08","slug":"aurukambrisse-pressitud-jahutusradiaator","status":"publish","type":"product","link":"https:\/\/sinoextrud.com\/et\/product\/vapor-chamber-extruded-heat-sink\/","title":{"rendered":"Aurukambriga ekstrudeeritud soojuss\u00f5lm"},"content":{"rendered":"<h2>Toodete \u00fcksikasjad<\/h2>\n<div class=\"product-table\">\n<div class=\"row\">\n<div class=\"cell label\">Materjal<\/div>\n<div class=\"cell value\">Alumiinium\/teras\/raud\/roostevaba teras\/malmist\/plastist\/<\/div>\n<\/div>\n<div class=\"row\">\n<div class=\"cell label\">Teenus<\/div>\n<div class=\"cell value\">\u00dche peatuse teenus. T\u00f6\u00f6tlemine-koostamine<\/div>\n<\/div>\n<div class=\"row\">\n<div class=\"cell label\">Suurus<\/div>\n<div class=\"cell value\">Suurus Kohandatud<\/div>\n<\/div>\n<div class=\"row\">\n<div class=\"cell label\">Pinnat\u00f6\u00f6tlus<\/div>\n<div class=\"cell value\">poleerimine\/selge anodiseerimine\/elektroplaatimine\/\u00f5litr\u00fckk<\/div>\n<\/div>\n<div class=\"row\">\n<div class=\"cell label\">Joonistamise vorming<\/div>\n<div class=\"cell value\">2D\/(PDF\/CAD)3D(IGES\/STEP)<\/div>\n<\/div>\n<div class=\"row\">\n<div class=\"cell label\">Sallivus<\/div>\n<div class=\"cell value\">0,01-0,05mm<\/div>\n<\/div>\n<div class=\"row\">\n<div class=\"cell label\">Tarneaeg<\/div>\n<div class=\"cell value\">7-15 p\u00e4eva<\/div>\n<\/div>\n<div class=\"row\">\n<div class=\"cell label\">MOQ<\/div>\n<div class=\"cell value\">10tk<\/div>\n<\/div>\n<div class=\"row\">\n<div class=\"cell label\">Pakkimine<\/div>\n<div class=\"cell value\">Kartong<\/div>\n<\/div>\n<div class=\"row\">\n<div class=\"cell label\">OEM&amp;ODM<\/div>\n<div class=\"cell value\">Aktsepteeritud<\/div>\n<\/div>\n<div class=\"row\">\n<div class=\"cell label\">M\u00fc\u00fcvad \u00fcksused<\/div>\n<div class=\"cell value\">\u00dcksik ese<\/div>\n<\/div>\n<div class=\"row\">\n<div class=\"cell label\">\u00dche pakendi suurus<\/div>\n<div class=\"cell value\">10X6X2 cm<\/div>\n<\/div>\n<div class=\"row\">\n<div class=\"cell label\">\u00dchtne brutokaal<\/div>\n<div class=\"cell value\">0,090 KG<\/div>\n<\/div>\n<\/div>\n<p><\/p>\n<h2>Meie tootmisbaas<\/h2>\n<h3>Tehase panoraam<\/h3>\n<p><img decoding=\"async\" src=\"\/wp-content\/uploads\/factory-01.webp\"\/><\/p>\n<h3>Alumiiniumvarraste tootmise t\u00f6\u00f6koda<\/h3>\n<p><img decoding=\"async\" src=\"\/wp-content\/uploads\/factory-02.webp\"\/><\/p>\n<p><img decoding=\"async\" src=\"\/wp-content\/uploads\/factory-03.webp\"\/><\/p>\n<h3>hallituse ladustamise ladu<\/h3>\n<p><img decoding=\"async\" src=\"\/wp-content\/uploads\/factory-04.webp\"\/><\/p>\n<h3>43 alumiiniumi ekstrusiooniliini (500-5500 tonni)<\/h3>\n<p><img decoding=\"async\" src=\"\/wp-content\/uploads\/factory-05.webp\"\/><\/p>\n<p><img decoding=\"async\" src=\"\/wp-content\/uploads\/factory-06.webp\"\/><\/p>\n<p><img decoding=\"async\" src=\"\/wp-content\/uploads\/factory-07.webp\"\/><\/p>\n<h3>Pulberv\u00e4rvimise t\u00f6\u00f6koda<\/h3>\n<p><img decoding=\"async\" src=\"\/wp-content\/uploads\/factory-09.webp\"\/><\/p>\n<h3>Anodiseerimise t\u00f6\u00f6koda<\/h3>\n<p><img decoding=\"async\" src=\"\/wp-content\/uploads\/factory-10.webp\"\/><\/p>\n<h3>S\u00fcgavt\u00f6\u00f6tlemise t\u00f6\u00f6tuba<\/h3>\n<p><img decoding=\"async\" src=\"\/wp-content\/uploads\/factory-11.webp\"\/><\/p>\n<h3>CNC-t\u00e4ppist\u00f6\u00f6tlemise t\u00f6\u00f6koda<\/h3>\n<p><img decoding=\"async\" src=\"\/wp-content\/uploads\/factory-11.5.webp\"\/><\/p>\n<h3>Valmistoodete ja ekspordi ladu<\/h3>\n<p><img decoding=\"async\" src=\"\/wp-content\/uploads\/factory-12.webp\"\/><\/p>\n<p><img decoding=\"async\" src=\"\/wp-content\/uploads\/factory-13.webp\"\/><\/p>\n<p><img decoding=\"async\" src=\"\/wp-content\/uploads\/factory-14.webp\"\/><\/p>\n<h2>KKK<\/h2>\n<p><strong>1. Millised on aurukambriga ekstrudeeritud soojuss\u00f5lme kasutamise eelised?<\/strong><br \/>Vapor Chamber tehnoloogia pakub suure j\u00f5udlusega seadmete jaoks suurep\u00e4rast soojuse hajutamist.<\/p>\n<p><strong>2. Kas aurukambri ekstrudeeritud soojuss\u00f5lme saab suuruse j\u00e4rgi kohandada?<\/strong><br \/>Jah, seda saab kohandada vastavalt konkreetsetele m\u00f5\u00f5tmisn\u00f5uetele.<\/p>\n<p><strong>3. Kas see jahutusradiaator sobib kasutamiseks k\u00f5rge temperatuuriga keskkondades?<\/strong><br \/>Jah, see on kavandatud t\u00f6\u00f6tama t\u00f5husalt erinevates termilistes tingimustes.<\/p>\n<p><strong>4. Kas te pakute proovid aurukambriga ekstrudeeritud soojuskaevust?<\/strong><br \/>Jah, kvaliteedi hindamiseks ja katsetamiseks v\u00f5ib esitada proove.<\/p>\n<p><strong>5. Kui suur on tellimuse miinimumkogus eritellimuse puhul?<\/strong><br \/>Kohandatud disainilahenduste MOQ algab tavaliselt 500 \u00fchikust, s\u00f5ltuvalt spetsifikatsioonidest.<\/p>\n<p><strong>6. Kas neid jahutusradiaatorit saab kasutada tarbeelektroonikas?<\/strong><br \/>Jah, need on ideaalsed nii t\u00f6\u00f6stus- kui ka tarbeelektroonikaseadmete jaoks, mis vajavad soojusjuhtimist.<\/p>\n<p><strong>7. Kuidas parandab aurukambri tehnoloogia soojapidavust?<\/strong><br \/>Aurukambrid pakuvad \u00fchtlast soojuse levikut kogu jahutusalusel, suurendades t\u00f5husust.<\/p>\n<p><\/p>","protected":false},"featured_media":10809,"template":"","categories":[55],"class_list":["post-10980","product","type-product","status-publish","has-post-thumbnail","hentry","category-extruded-aluminum-profiles"],"meta_box":{"hilight_text_group":[{"product_hilight_text":"<li>Efficient heat dissipation with vapor chamber technology<\/li>\n<li>Customizable dimensions to fit specific device requirements<\/li>\n<li>Lightweight and robust design for durability<\/li>\n<li>Optimized for various thermal management applications<\/li>\n<li>Supports both OEM and ODM projects with competitive pricing<\/li>"}],"feature_list":[]},"_links":{"self":[{"href":"https:\/\/sinoextrud.com\/et\/wp-json\/wp\/v2\/product\/10980","targetHints":{"allow":["GET"]}}],"collection":[{"href":"https:\/\/sinoextrud.com\/et\/wp-json\/wp\/v2\/product"}],"about":[{"href":"https:\/\/sinoextrud.com\/et\/wp-json\/wp\/v2\/types\/product"}],"wp:featuredmedia":[{"embeddable":true,"href":"https:\/\/sinoextrud.com\/et\/wp-json\/wp\/v2\/media\/10809"}],"wp:attachment":[{"href":"https:\/\/sinoextrud.com\/et\/wp-json\/wp\/v2\/media?parent=10980"}],"wp:term":[{"taxonomy":"category","embeddable":true,"href":"https:\/\/sinoextrud.com\/et\/wp-json\/wp\/v2\/categories?post=10980"}],"curies":[{"name":"wp","href":"https:\/\/api.w.org\/{rel}","templated":true}]}}