{"id":10979,"date":"2025-08-01T03:29:06","date_gmt":"2025-08-01T03:29:06","guid":{"rendered":"https:\/\/sinoextrud.com\/product\/cylindrical-extruded-aluminum-heat-sink\/"},"modified":"2025-08-01T03:29:06","modified_gmt":"2025-08-01T03:29:06","slug":"silindriline-pressitud-alumiiniumist-jahutusradiaator","status":"publish","type":"product","link":"https:\/\/sinoextrud.com\/et\/product\/cylindrical-extruded-aluminum-heat-sink\/","title":{"rendered":"Silindriline ekstrudeeritud alumiiniumist soojuss\u00f5lm"},"content":{"rendered":"<h2>Toodete \u00fcksikasjad<\/h2>\n<div class=\"product-table\">\n<div class=\"row\">\n<div class=\"cell label\">Hinne<\/div>\n<div class=\"cell value\">6000 seeria<\/div>\n<\/div>\n<div class=\"row\">\n<div class=\"cell label\">Sallivus<\/div>\n<div class=\"cell value\">\u00c2\u00b11%<\/div>\n<\/div>\n<div class=\"row\">\n<div class=\"cell label\">Tarneaeg<\/div>\n<div class=\"cell value\">22-30 p\u00e4eva<\/div>\n<\/div>\n<div class=\"row\">\n<div class=\"cell label\">Temper<\/div>\n<div class=\"cell value\">T3-T8<\/div>\n<\/div>\n<div class=\"row\">\n<div class=\"cell label\">Taotlus<\/div>\n<div class=\"cell value\">Soojusp\u00fc\u00fcdja<\/div>\n<\/div>\n<div class=\"row\">\n<div class=\"cell label\">Kuju<\/div>\n<div class=\"cell value\">\u00dcMBER<\/div>\n<\/div>\n<div class=\"row\">\n<div class=\"cell label\">Sulam v\u00f5i mitte<\/div>\n<div class=\"cell value\">Kas sulam on sulam<\/div>\n<\/div>\n<div class=\"row\">\n<div class=\"cell label\">T\u00f6\u00f6tlemisteenus<\/div>\n<div class=\"cell value\">L\u00f5ikamine, stantsimine, keevitamine, keevitamine, painutamine, painutamine<\/div>\n<\/div>\n<div class=\"row\">\n<div class=\"cell label\">T\u00fc\u00fcp<\/div>\n<div class=\"cell value\">Alumiiniumist soojuss\u00f5lm<\/div>\n<\/div>\n<div class=\"row\">\n<div class=\"cell label\">Auto mark<\/div>\n<div class=\"cell value\">Universaalne<\/div>\n<\/div>\n<div class=\"row\">\n<div class=\"cell label\">V\u00e4rv<\/div>\n<div class=\"cell value\">H\u00f5bedane, must, valge<\/div>\n<\/div>\n<div class=\"row\">\n<div class=\"cell label\">Materjal<\/div>\n<div class=\"cell value\">Alumiinium<\/div>\n<\/div>\n<div class=\"row\">\n<div class=\"cell label\">Taotlus<\/div>\n<div class=\"cell value\">Universal Automotive<\/div>\n<\/div>\n<div class=\"row\">\n<div class=\"cell label\">Sertifikaat<\/div>\n<div class=\"cell value\">ISO 9001<\/div>\n<\/div>\n<div class=\"row\">\n<div class=\"cell label\">Toote nimi<\/div>\n<div class=\"cell value\">Alumiiniumist jahutusplaat<\/div>\n<\/div>\n<div class=\"row\">\n<div class=\"cell label\">Pakkimine<\/div>\n<div class=\"cell value\">Neutraalne pakend<\/div>\n<\/div>\n<div class=\"row\">\n<div class=\"cell label\">Tarneaeg<\/div>\n<div class=\"cell value\">20 p\u00e4eva jooksul<\/div>\n<\/div>\n<div class=\"row\">\n<div class=\"cell label\">M\u00fc\u00fcvad \u00fcksused<\/div>\n<div class=\"cell value\">\u00dcksik ese<\/div>\n<\/div>\n<div class=\"row\">\n<div class=\"cell label\">\u00dche pakendi suurus<\/div>\n<div class=\"cell value\">100X80X80 cm<\/div>\n<\/div>\n<div class=\"row\">\n<div class=\"cell label\">\u00dchtne brutokaal<\/div>\n<div class=\"cell value\">3.000 KG<\/div>\n<\/div>\n<\/div>\n<p><\/p>\n<h2>Meie tootmisbaas<\/h2>\n<h3>Tehase panoraam<\/h3>\n<p><img decoding=\"async\" src=\"\/wp-content\/uploads\/factory-01.webp\"\/><\/p>\n<h3>Alumiiniumvarraste tootmise t\u00f6\u00f6koda<\/h3>\n<p><img decoding=\"async\" src=\"\/wp-content\/uploads\/factory-02.webp\"\/><\/p>\n<p><img decoding=\"async\" src=\"\/wp-content\/uploads\/factory-03.webp\"\/><\/p>\n<h3>hallituse ladustamise ladu<\/h3>\n<p><img decoding=\"async\" src=\"\/wp-content\/uploads\/factory-04.webp\"\/><\/p>\n<h3>43 alumiiniumi ekstrusiooniliini (500-5500 tonni)<\/h3>\n<p><img decoding=\"async\" src=\"\/wp-content\/uploads\/factory-05.webp\"\/><\/p>\n<p><img decoding=\"async\" src=\"\/wp-content\/uploads\/factory-06.webp\"\/><\/p>\n<p><img decoding=\"async\" src=\"\/wp-content\/uploads\/factory-07.webp\"\/><\/p>\n<h3>Pulberv\u00e4rvimise t\u00f6\u00f6koda<\/h3>\n<p><img decoding=\"async\" src=\"\/wp-content\/uploads\/factory-09.webp\"\/><\/p>\n<h3>Anodiseerimise t\u00f6\u00f6koda<\/h3>\n<p><img decoding=\"async\" src=\"\/wp-content\/uploads\/factory-10.webp\"\/><\/p>\n<h3>S\u00fcgavt\u00f6\u00f6tlemise t\u00f6\u00f6tuba<\/h3>\n<p><img decoding=\"async\" src=\"\/wp-content\/uploads\/factory-11.webp\"\/><\/p>\n<h3>CNC-t\u00e4ppist\u00f6\u00f6tlemise t\u00f6\u00f6koda<\/h3>\n<p><img decoding=\"async\" src=\"\/wp-content\/uploads\/factory-11.5.webp\"\/><\/p>\n<h3>Valmistoodete ja ekspordi ladu<\/h3>\n<p><img decoding=\"async\" src=\"\/wp-content\/uploads\/factory-12.webp\"\/><\/p>\n<p><img decoding=\"async\" src=\"\/wp-content\/uploads\/factory-13.webp\"\/><\/p>\n<p><img decoding=\"async\" src=\"\/wp-content\/uploads\/factory-14.webp\"\/><\/p>\n<h2>KKK<\/h2>\n<p><strong>1. Millised on silindrilise pressitud alumiiniumist jahutusradiaatori peamised rakendused?<\/strong><br \/>Neid kasutatakse peamiselt elektroonikaseadmetes, et hajutada t\u00f5husalt soojust.<\/p>\n<p><strong>2. Kas alumiiniumist jahutusradiaatorit saab kuju ja suuruse j\u00e4rgi kohandada?<\/strong><br \/>Jah, me pakume m\u00f5\u00f5tmete ja profiilide kohandamist vastavalt teie konkreetsetele vajadustele.<\/p>\n<p><strong>3. Kas silindriline alumiiniumist jahutusradiaator sobib nii sise- kui ka v\u00e4litingimustes kasutamiseks?<\/strong><br \/>Jah, see on kavandatud korrosioonikindla viimistlusega mitmesuguste keskkondade jaoks.<\/p>\n<p><strong>4. Kuidas parandab jahutusradiaator seadmete soojusjuhtimist?<\/strong><br \/>See suurendab pindala soojuse hajutamiseks, parandades seel\u00e4bi seadme j\u00f5udlust.<\/p>\n<p><strong>5. Milline on jahutusradiaatorite lahtiste tellimuste tarneaeg?<\/strong><br \/>Tarneaeg s\u00f5ltub tellimuse suurusest ja kohandamisest, tavaliselt 4 kuni 6 n\u00e4dalat.<\/p>\n<p><strong>6. Kas ma saan tehnilist tuge, et integreerida jahutusradiaator oma tootesse?<\/strong><br \/>Jah, pakume t\u00e4ielikku tehnilist tuge, et tagada sujuv integratsioon.<\/p>\n<p><strong>7. Kas te annate katsetamiseks proovid jahutusradiaatorist?<\/strong><br \/>Jah, proovid on saadaval, et hinnata tulemuslikkust ja sobivust teie rakendusele.<\/p>\n<p><\/p>","protected":false},"featured_media":10793,"template":"","categories":[72],"class_list":["post-10979","product","type-product","status-publish","has-post-thumbnail","hentry","category-extruded-aluminum-heatsink"],"meta_box":{"hilight_text_group":[{"product_hilight_text":"<li>Engineered for optimal thermal management in electronics<\/li>\n<li>Custom extrusion profiles available to meet precise specifications<\/li>\n<li>Lightweight aluminum construction ensures easy installation<\/li>\n<li>Highly durable with corrosion-resistant finish<\/li>\n<li>Supports ODM services for bespoke designs<\/li>"}],"feature_list":[]},"_links":{"self":[{"href":"https:\/\/sinoextrud.com\/et\/wp-json\/wp\/v2\/product\/10979","targetHints":{"allow":["GET"]}}],"collection":[{"href":"https:\/\/sinoextrud.com\/et\/wp-json\/wp\/v2\/product"}],"about":[{"href":"https:\/\/sinoextrud.com\/et\/wp-json\/wp\/v2\/types\/product"}],"wp:featuredmedia":[{"embeddable":true,"href":"https:\/\/sinoextrud.com\/et\/wp-json\/wp\/v2\/media\/10793"}],"wp:attachment":[{"href":"https:\/\/sinoextrud.com\/et\/wp-json\/wp\/v2\/media?parent=10979"}],"wp:term":[{"taxonomy":"category","embeddable":true,"href":"https:\/\/sinoextrud.com\/et\/wp-json\/wp\/v2\/categories?post=10979"}],"curies":[{"name":"wp","href":"https:\/\/api.w.org\/{rel}","templated":true}]}}