{"id":10975,"date":"2025-08-01T03:28:57","date_gmt":"2025-08-01T03:28:57","guid":{"rendered":"https:\/\/sinoextrud.com\/product\/led-bulbs-heat-sink-for-lighting-cooling\/"},"modified":"2025-08-01T03:28:57","modified_gmt":"2025-08-01T03:28:57","slug":"led-pirnide-soojusalvestus-valgustuse-jahutamiseks","status":"publish","type":"product","link":"https:\/\/sinoextrud.com\/et\/product\/led-bulbs-heat-sink-for-lighting-cooling\/","title":{"rendered":"LED-lambid soojuspaagid valgustuse jahutamiseks"},"content":{"rendered":"<h2>Toodete \u00fcksikasjad<\/h2>\n<div class=\"product-table\">\n<div class=\"row\">\n<div class=\"cell label\">Pinnat\u00f6\u00f6tlus<\/div>\n<div class=\"cell value\">Anoodiline oks\u00fcdatsioon<\/div>\n<\/div>\n<div class=\"row\">\n<div class=\"cell label\">Kuju<\/div>\n<div class=\"cell value\">\u00dcMBER<\/div>\n<\/div>\n<div class=\"row\">\n<div class=\"cell label\">Korpuse materjal<\/div>\n<div class=\"cell value\">Alumiinium<\/div>\n<\/div>\n<div class=\"row\">\n<div class=\"cell label\">T\u00fc\u00fcp<\/div>\n<div class=\"cell value\">Soojusp\u00fc\u00fcdjad<\/div>\n<\/div>\n<div class=\"row\">\n<div class=\"cell label\">Valgustuslahenduste teenus<\/div>\n<div class=\"cell value\">Valgustuse ja vooluahela projekteerimine, automaatne CAD-paigaldis<\/div>\n<\/div>\n<div class=\"row\">\n<div class=\"cell label\">Garantii (aasta)<\/div>\n<div class=\"cell value\">3-aastane<\/div>\n<\/div>\n<div class=\"row\">\n<div class=\"cell label\">Protsess<\/div>\n<div class=\"cell value\">k\u00fclmt\u00f5mbamine<\/div>\n<\/div>\n<div class=\"row\">\n<div class=\"cell label\">IP-klassifikatsioon<\/div>\n<div class=\"cell value\">IP65<\/div>\n<\/div>\n<div class=\"row\">\n<div class=\"cell label\">Keha v\u00e4rvus<\/div>\n<div class=\"cell value\">Must<\/div>\n<\/div>\n<div class=\"row\">\n<div class=\"cell label\">Toote nimi<\/div>\n<div class=\"cell value\">Alumiiniumist Led Heat Sink<\/div>\n<\/div>\n<div class=\"row\">\n<div class=\"cell label\">Mudel<\/div>\n<div class=\"cell value\">YL15660<\/div>\n<\/div>\n<div class=\"row\">\n<div class=\"cell label\">M\u00f5\u00f5de<\/div>\n<div class=\"cell value\">Dia153*H60<\/div>\n<\/div>\n<div class=\"row\">\n<div class=\"cell label\">V\u00f5imsus<\/div>\n<div class=\"cell value\">50-70W<\/div>\n<\/div>\n<div class=\"row\">\n<div class=\"cell label\">Materjal<\/div>\n<div class=\"cell value\">AL1070<\/div>\n<\/div>\n<div class=\"row\">\n<div class=\"cell label\">Taotlus<\/div>\n<div class=\"cell value\">Led valgustus soojuss\u00f5lme<\/div>\n<\/div>\n<div class=\"row\">\n<div class=\"cell label\">V\u00e4rv<\/div>\n<div class=\"cell value\">Must jne<\/div>\n<\/div>\n<div class=\"row\">\n<div class=\"cell label\">Kasutamine<\/div>\n<div class=\"cell value\">LED Heatsink Alumiinium Heatsink<\/div>\n<\/div>\n<div class=\"row\">\n<div class=\"cell label\">Kohandamine<\/div>\n<div class=\"cell value\">Saadaval<\/div>\n<\/div>\n<div class=\"row\">\n<div class=\"cell label\">T\u00f6\u00f6tlemise tehnika<\/div>\n<div class=\"cell value\">Anoodiline oks\u00fcdeerimine<\/div>\n<\/div>\n<div class=\"row\">\n<div class=\"cell label\">M\u00fc\u00fcvad \u00fcksused<\/div>\n<div class=\"cell value\">\u00dcksik ese<\/div>\n<\/div>\n<div class=\"row\">\n<div class=\"cell label\">\u00dche pakendi suurus<\/div>\n<div class=\"cell value\">15,5X15,5X6,5 cm<\/div>\n<\/div>\n<div class=\"row\">\n<div class=\"cell label\">\u00dchtne brutokaal<\/div>\n<div class=\"cell value\">1.500 KG<\/div>\n<\/div>\n<\/div>\n<p><\/p>\n<h2>Meie tootmisbaas<\/h2>\n<h3>Tehase panoraam<\/h3>\n<p><img decoding=\"async\" src=\"\/wp-content\/uploads\/factory-01.webp\"\/><\/p>\n<h3>Alumiiniumvarraste tootmise t\u00f6\u00f6koda<\/h3>\n<p><img decoding=\"async\" src=\"\/wp-content\/uploads\/factory-02.webp\"\/><\/p>\n<p><img decoding=\"async\" src=\"\/wp-content\/uploads\/factory-03.webp\"\/><\/p>\n<h3>hallituse ladustamise ladu<\/h3>\n<p><img decoding=\"async\" src=\"\/wp-content\/uploads\/factory-04.webp\"\/><\/p>\n<h3>43 alumiiniumi ekstrusiooniliini (500-5500 tonni)<\/h3>\n<p><img decoding=\"async\" src=\"\/wp-content\/uploads\/factory-05.webp\"\/><\/p>\n<p><img decoding=\"async\" src=\"\/wp-content\/uploads\/factory-06.webp\"\/><\/p>\n<p><img decoding=\"async\" src=\"\/wp-content\/uploads\/factory-07.webp\"\/><\/p>\n<h3>Pulberv\u00e4rvimise t\u00f6\u00f6koda<\/h3>\n<p><img decoding=\"async\" src=\"\/wp-content\/uploads\/factory-09.webp\"\/><\/p>\n<h3>Anodiseerimise t\u00f6\u00f6koda<\/h3>\n<p><img decoding=\"async\" src=\"\/wp-content\/uploads\/factory-10.webp\"\/><\/p>\n<h3>S\u00fcgavt\u00f6\u00f6tlemise t\u00f6\u00f6tuba<\/h3>\n<p><img decoding=\"async\" src=\"\/wp-content\/uploads\/factory-11.webp\"\/><\/p>\n<h3>CNC-t\u00e4ppist\u00f6\u00f6tlemise t\u00f6\u00f6koda<\/h3>\n<p><img decoding=\"async\" src=\"\/wp-content\/uploads\/factory-11.5.webp\"\/><\/p>\n<h3>Valmistoodete ja ekspordi ladu<\/h3>\n<p><img decoding=\"async\" src=\"\/wp-content\/uploads\/factory-12.webp\"\/><\/p>\n<p><img decoding=\"async\" src=\"\/wp-content\/uploads\/factory-13.webp\"\/><\/p>\n<p><img decoding=\"async\" src=\"\/wp-content\/uploads\/factory-14.webp\"\/><\/p>\n<h2>KKK<\/h2>\n<p><strong>1. Mis on LED-pirnide soojuselemendi otstarve?<\/strong><br \/>LED-pirnide soojusvahetus aitab soojust hajutada, pikendades LEDide eluiga.<\/p>\n<p><strong>2. Kas LED-pirnide soojuss\u00f5lme saab kohandada?<\/strong><br \/>Jah, me pakume kohandamisv\u00f5imalusi, et vastata erinevatele LED-disaini n\u00f5uetele.<\/p>\n<p><strong>3. Milliseid materjale kasutatakse LED-pirnide soojusalvestuses?<\/strong><br \/>Jahutusradiaator on valmistatud kvaliteetsetest ja vastupidavatest materjalidest, mis parandavad soojapidavust.<\/p>\n<p><strong>4. Kas jahutuselemendi kasutamine parandab LED-i t\u00f5husust?<\/strong><br \/>Jah, korralik soojuse hajutamine aitab s\u00e4ilitada LEDide t\u00f5husust, v\u00e4ltides nende \u00fclekuumenemist.<\/p>\n<p><strong>5. Kas LED-pirnide soojusalvestuse jaoks on saadaval erinevad suurused?<\/strong><br \/>Jah, me pakume erinevaid suurusi, mis sobivad erinevatele pirnidisainidele ja rakendustele.<\/p>\n<p><strong>6. Kas LED-pirnide soojuss\u00f5lm \u00fchildub igat t\u00fc\u00fcpi LED-pirnidega?<\/strong><br \/>Jahutusalused \u00fchilduvad paljude LED-pirnidega, kuid neid saab kohandada konkreetsetele t\u00fc\u00fcpidele.<\/p>\n<p><strong>7. Kas te pakute tehnilist tuge jahutusradiaatori integreerimiseks meie toodetesse?<\/strong><br \/>Jah, me pakume tehnilist tuge, et aidata meie jahutusradiaatorite integreerimisel teie LED-toodetesse.<\/p>\n<p><\/p>","protected":false},"featured_media":10812,"template":"","categories":[72],"class_list":["post-10975","product","type-product","status-publish","has-post-thumbnail","hentry","category-extruded-aluminum-heatsink"],"meta_box":{"hilight_text_group":[{"product_hilight_text":"<li>Optimized for effective heat dissipation in LED lighting<\/li>\n<li>Enhances lifespan and performance of LED bulbs<\/li>\n<li>Available in various sizes and designs for different LED applications<\/li>\n<li>Constructed from high-quality materials ensuring durability<\/li>\n<li>Supports custom designs to fit specific brand needs<\/li>"}],"feature_list":[]},"_links":{"self":[{"href":"https:\/\/sinoextrud.com\/et\/wp-json\/wp\/v2\/product\/10975","targetHints":{"allow":["GET"]}}],"collection":[{"href":"https:\/\/sinoextrud.com\/et\/wp-json\/wp\/v2\/product"}],"about":[{"href":"https:\/\/sinoextrud.com\/et\/wp-json\/wp\/v2\/types\/product"}],"wp:featuredmedia":[{"embeddable":true,"href":"https:\/\/sinoextrud.com\/et\/wp-json\/wp\/v2\/media\/10812"}],"wp:attachment":[{"href":"https:\/\/sinoextrud.com\/et\/wp-json\/wp\/v2\/media?parent=10975"}],"wp:term":[{"taxonomy":"category","embeddable":true,"href":"https:\/\/sinoextrud.com\/et\/wp-json\/wp\/v2\/categories?post=10975"}],"curies":[{"name":"wp","href":"https:\/\/api.w.org\/{rel}","templated":true}]}}