{"id":10972,"date":"2025-08-01T03:22:25","date_gmt":"2025-08-01T03:22:25","guid":{"rendered":"https:\/\/sinoextrud.com\/product\/led-aluminum-heatsink-for-lighting-fixtures\/"},"modified":"2025-08-01T03:22:25","modified_gmt":"2025-08-01T03:22:25","slug":"viinud-alumiiniumist-jahutusradiaator-valgustite-jaoks","status":"publish","type":"product","link":"https:\/\/sinoextrud.com\/et\/product\/led-aluminum-heatsink-for-lighting-fixtures\/","title":{"rendered":"LED alumiiniumist jahutusaluse valgustite jaoks"},"content":{"rendered":"<h2>Toodete \u00fcksikasjad<\/h2>\n<div class=\"product-table\">\n<div class=\"row\">\n<div class=\"cell label\">Materjalide v\u00f5imekus<\/div>\n<div class=\"cell value\">Alumiinium<\/div>\n<\/div>\n<div class=\"row\">\n<div class=\"cell label\">Materjal<\/div>\n<div class=\"cell value\">Alumiinium, roostevaba teras, messing, pronks, vask<\/div>\n<\/div>\n<div class=\"row\">\n<div class=\"cell label\">T\u00f6\u00f6tlemine<\/div>\n<div class=\"cell value\">Tembeldamine, painutamine, neetimine, keevitamine, kohandatud pinnat\u00f6\u00f6tlus<\/div>\n<\/div>\n<div class=\"row\">\n<div class=\"cell label\">Nimi<\/div>\n<div class=\"cell value\">inteli protsessorijahuti<\/div>\n<\/div>\n<div class=\"row\">\n<div class=\"cell label\">Kasutamine<\/div>\n<div class=\"cell value\">LED-kuumuti alumiiniumist kuumutusallikas LED-pirni jaoks<\/div>\n<\/div>\n<div class=\"row\">\n<div class=\"cell label\">Pinnat\u00f6\u00f6tlus<\/div>\n<div class=\"cell value\">Pulbriga kaetud v\u00f5i tsingitud, harjatud<\/div>\n<\/div>\n<div class=\"row\">\n<div class=\"cell label\">Kohandatud logo<\/div>\n<div class=\"cell value\">Saadaval<\/div>\n<\/div>\n<div class=\"row\">\n<div class=\"cell label\">Sertifikaadid<\/div>\n<div class=\"cell value\">ISO9001:2008<\/div>\n<\/div>\n<div class=\"row\">\n<div class=\"cell label\">N\u00e4ide<\/div>\n<div class=\"cell value\">Saadaval<\/div>\n<\/div>\n<div class=\"row\">\n<div class=\"cell label\">Sallivus<\/div>\n<div class=\"cell value\">0.05mm~0.10mm<\/div>\n<\/div>\n<div class=\"row\">\n<div class=\"cell label\">RoHs<\/div>\n<div class=\"cell value\">RoHs n\u00f5uetele vastav<\/div>\n<\/div>\n<div class=\"row\">\n<div class=\"cell label\">Pakendi \u00fcksikasjad<\/div>\n<div class=\"cell value\">alumiiniumist jahutusradiaator<\/div>\n<\/div>\n<div class=\"row\">\n<div class=\"cell label\">L\u00e4hetussadam<\/div>\n<div class=\"cell value\">ShenZhen<\/div>\n<\/div>\n<div class=\"row\">\n<div class=\"cell label\">M\u00fc\u00fcvad \u00fcksused<\/div>\n<div class=\"cell value\">\u00dcksik ese<\/div>\n<\/div>\n<div class=\"row\">\n<div class=\"cell label\">\u00dche pakendi suurus<\/div>\n<div class=\"cell value\">3X3X2 cm<\/div>\n<\/div>\n<div class=\"row\">\n<div class=\"cell label\">\u00dchtne brutokaal<\/div>\n<div class=\"cell value\">0,550 KG<\/div>\n<\/div>\n<div class=\"row\">\n<div class=\"cell label\">Pakkumise v\u00f5ime<\/div>\n<div class=\"cell value\">1000 t\u00fckki p\u00e4evas<\/div>\n<\/div>\n<\/div>\n<p><\/p>\n<h2>Meie tootmisbaas<\/h2>\n<h3>Tehase panoraam<\/h3>\n<p><img decoding=\"async\" src=\"\/wp-content\/uploads\/factory-01.webp\"\/><\/p>\n<h3>Alumiiniumvarraste tootmise t\u00f6\u00f6koda<\/h3>\n<p><img decoding=\"async\" src=\"\/wp-content\/uploads\/factory-02.webp\"\/><\/p>\n<p><img decoding=\"async\" src=\"\/wp-content\/uploads\/factory-03.webp\"\/><\/p>\n<h3>hallituse ladustamise ladu<\/h3>\n<p><img decoding=\"async\" src=\"\/wp-content\/uploads\/factory-04.webp\"\/><\/p>\n<h3>43 alumiiniumi ekstrusiooniliini (500-5500 tonni)<\/h3>\n<p><img decoding=\"async\" src=\"\/wp-content\/uploads\/factory-05.webp\"\/><\/p>\n<p><img decoding=\"async\" src=\"\/wp-content\/uploads\/factory-06.webp\"\/><\/p>\n<p><img decoding=\"async\" src=\"\/wp-content\/uploads\/factory-07.webp\"\/><\/p>\n<h3>Pulberv\u00e4rvimise t\u00f6\u00f6koda<\/h3>\n<p><img decoding=\"async\" src=\"\/wp-content\/uploads\/factory-09.webp\"\/><\/p>\n<h3>Anodiseerimise t\u00f6\u00f6koda<\/h3>\n<p><img decoding=\"async\" src=\"\/wp-content\/uploads\/factory-10.webp\"\/><\/p>\n<h3>S\u00fcgavt\u00f6\u00f6tlemise t\u00f6\u00f6tuba<\/h3>\n<p><img decoding=\"async\" src=\"\/wp-content\/uploads\/factory-11.webp\"\/><\/p>\n<h3>CNC-t\u00e4ppist\u00f6\u00f6tlemise t\u00f6\u00f6koda<\/h3>\n<p><img decoding=\"async\" src=\"\/wp-content\/uploads\/factory-11.5.webp\"\/><\/p>\n<h3>Valmistoodete ja ekspordi ladu<\/h3>\n<p><img decoding=\"async\" src=\"\/wp-content\/uploads\/factory-12.webp\"\/><\/p>\n<p><img decoding=\"async\" src=\"\/wp-content\/uploads\/factory-13.webp\"\/><\/p>\n<p><img decoding=\"async\" src=\"\/wp-content\/uploads\/factory-14.webp\"\/><\/p>\n<h2>KKK<\/h2>\n<p><strong>1. Mis on LED-alumiiniumist jahutusplaadi esmane eesm\u00e4rk?<\/strong><br \/>LED-alumiiniumist jahutusplaat on m\u00f5eldud soojuse t\u00f5husaks hajutamiseks, tagades LED-s\u00fcsteemide pikaealisuse ja optimaalse j\u00f5udluse.<\/p>\n<p><strong>2. Kas LED alumiiniumist jahutusalust saab kohandada?<\/strong><br \/>Jah, me pakume kohandusi, et sobitada konkreetsete suuruste ja konfiguratsioonide jaoks erinevaid LED-rakendusi.<\/p>\n<p><strong>3. Kuidas on alumiiniumist materjalist kasu jahutusplaadi j\u00f5udlusele?<\/strong><br \/>Alumiinium tagab suurep\u00e4rase soojusjuhtivuse, mis on LED-rakendustes t\u00f5husa soojuse hajutamise jaoks h\u00e4davajalik.<\/p>\n<p><strong>4. Kas alumiiniumist LED-jahutusalus sobib v\u00e4litingimustes kasutamiseks?<\/strong><br \/>Jah, jah, jah, jah, jah, jah, jah, jah, jah, jah, jah, jah, jah, jah, jah, jah, jah, jah, jah, jah, jah, jah, jah, jah, jah, jah, jah.<\/p>\n<p><strong>5. Millised on alumiiniumist jahutusaluse kasutamise eelised LEDide jaoks?<\/strong><br \/>Eeliste hulka kuuluvad kerge konstruktsioon, t\u00f5hus soojusjuhtimine ja korrosioonikindlus.<\/p>\n<p><strong>6. Kas me saame tellida jahutusradiaatorit erinevates suurustes?<\/strong><br \/>Jah, me pakume erinevaid suurusi, mis sobivad erinevate LED-moodulite ja -s\u00fcsteemide jaoks.<\/p>\n<p><strong>7. Kas jahutusplaat toetab aktiivseid jahutusmeetodeid?<\/strong><br \/>Jah, konstruktsiooni saab vajaduse korral kohandada aktiivsete jahutuslahendustega, n\u00e4iteks ventilaatoritega.<\/p>\n<p><\/p>","protected":false},"featured_media":10815,"template":"","categories":[72],"class_list":["post-10972","product","type-product","status-publish","has-post-thumbnail","hentry","category-extruded-aluminum-heatsink"],"meta_box":{"hilight_text_group":[{"product_hilight_text":"<li>Efficient thermal management for LED applications<\/li>\n<li>Customizable design to fit specific LED module configurations<\/li>\n<li>High-quality aluminum for superior heat dissipation<\/li>\n<li>Lightweight construction for easy installation<\/li>\n<li>Available in various sizes to accommodate different LED systems<\/li>"}],"feature_list":[]},"_links":{"self":[{"href":"https:\/\/sinoextrud.com\/et\/wp-json\/wp\/v2\/product\/10972","targetHints":{"allow":["GET"]}}],"collection":[{"href":"https:\/\/sinoextrud.com\/et\/wp-json\/wp\/v2\/product"}],"about":[{"href":"https:\/\/sinoextrud.com\/et\/wp-json\/wp\/v2\/types\/product"}],"wp:featuredmedia":[{"embeddable":true,"href":"https:\/\/sinoextrud.com\/et\/wp-json\/wp\/v2\/media\/10815"}],"wp:attachment":[{"href":"https:\/\/sinoextrud.com\/et\/wp-json\/wp\/v2\/media?parent=10972"}],"wp:term":[{"taxonomy":"category","embeddable":true,"href":"https:\/\/sinoextrud.com\/et\/wp-json\/wp\/v2\/categories?post=10972"}],"curies":[{"name":"wp","href":"https:\/\/api.w.org\/{rel}","templated":true}]}}