{"id":10970,"date":"2025-08-01T03:21:19","date_gmt":"2025-08-01T03:21:19","guid":{"rendered":"https:\/\/sinoextrud.com\/product\/round-heat-sink-for-compact-electronics\/"},"modified":"2025-08-01T03:21:19","modified_gmt":"2025-08-01T03:21:19","slug":"ummargune-jahutusradiaator-kompaktse-elektroonika-jaoks","status":"publish","type":"product","link":"https:\/\/sinoextrud.com\/et\/product\/round-heat-sink-for-compact-electronics\/","title":{"rendered":"\u00dcmmargune soojussalvesti kompaktsele elektroonikale"},"content":{"rendered":"<h2>Toodete \u00fcksikasjad<\/h2>\n<div class=\"product-table\">\n<div class=\"row\">\n<div class=\"cell label\">Hinne<\/div>\n<div class=\"cell value\">6000 seeria<\/div>\n<\/div>\n<div class=\"row\">\n<div class=\"cell label\">Sallivus<\/div>\n<div class=\"cell value\">\u00c2\u00b11%<\/div>\n<\/div>\n<div class=\"row\">\n<div class=\"cell label\">Tarneaeg<\/div>\n<div class=\"cell value\">22-30 p\u00e4eva<\/div>\n<\/div>\n<div class=\"row\">\n<div class=\"cell label\">Temper<\/div>\n<div class=\"cell value\">T3-T8<\/div>\n<\/div>\n<div class=\"row\">\n<div class=\"cell label\">Taotlus<\/div>\n<div class=\"cell value\">Muud<\/div>\n<\/div>\n<div class=\"row\">\n<div class=\"cell label\">Kuju<\/div>\n<div class=\"cell value\">Muud<\/div>\n<\/div>\n<div class=\"row\">\n<div class=\"cell label\">Sulam v\u00f5i mitte<\/div>\n<div class=\"cell value\">Kas sulam on sulam<\/div>\n<\/div>\n<div class=\"row\">\n<div class=\"cell label\">T\u00f6\u00f6tlemisteenus<\/div>\n<div class=\"cell value\">Painutamine, keevitamine, stantsimine, l\u00f5ikamine<\/div>\n<\/div>\n<div class=\"row\">\n<div class=\"cell label\">L\u00e4hetussadam<\/div>\n<div class=\"cell value\">Taichung v\u00f5i Taipei, Taiwan.<\/div>\n<\/div>\n<div class=\"row\">\n<div class=\"cell label\">M\u00fc\u00fcvad \u00fcksused<\/div>\n<div class=\"cell value\">\u00dcksik ese<\/div>\n<\/div>\n<\/div>\n<p><\/p>\n<h2>Meie tootmisbaas<\/h2>\n<h3>Tehase panoraam<\/h3>\n<p><img decoding=\"async\" src=\"\/wp-content\/uploads\/factory-01.webp\"\/><\/p>\n<h3>Alumiiniumvarraste tootmise t\u00f6\u00f6koda<\/h3>\n<p><img decoding=\"async\" src=\"\/wp-content\/uploads\/factory-02.webp\"\/><\/p>\n<p><img decoding=\"async\" src=\"\/wp-content\/uploads\/factory-03.webp\"\/><\/p>\n<h3>hallituse ladustamise ladu<\/h3>\n<p><img decoding=\"async\" src=\"\/wp-content\/uploads\/factory-04.webp\"\/><\/p>\n<h3>43 alumiiniumi ekstrusiooniliini (500-5500 tonni)<\/h3>\n<p><img decoding=\"async\" src=\"\/wp-content\/uploads\/factory-05.webp\"\/><\/p>\n<p><img decoding=\"async\" src=\"\/wp-content\/uploads\/factory-06.webp\"\/><\/p>\n<p><img decoding=\"async\" src=\"\/wp-content\/uploads\/factory-07.webp\"\/><\/p>\n<h3>Pulberv\u00e4rvimise t\u00f6\u00f6koda<\/h3>\n<p><img decoding=\"async\" src=\"\/wp-content\/uploads\/factory-09.webp\"\/><\/p>\n<h3>Anodiseerimise t\u00f6\u00f6koda<\/h3>\n<p><img decoding=\"async\" src=\"\/wp-content\/uploads\/factory-10.webp\"\/><\/p>\n<h3>S\u00fcgavt\u00f6\u00f6tlemise t\u00f6\u00f6tuba<\/h3>\n<p><img decoding=\"async\" src=\"\/wp-content\/uploads\/factory-11.webp\"\/><\/p>\n<h3>CNC-t\u00e4ppist\u00f6\u00f6tlemise t\u00f6\u00f6koda<\/h3>\n<p><img decoding=\"async\" src=\"\/wp-content\/uploads\/factory-11.5.webp\"\/><\/p>\n<h3>Valmistoodete ja ekspordi ladu<\/h3>\n<p><img decoding=\"async\" src=\"\/wp-content\/uploads\/factory-12.webp\"\/><\/p>\n<p><img decoding=\"async\" src=\"\/wp-content\/uploads\/factory-13.webp\"\/><\/p>\n<p><img decoding=\"async\" src=\"\/wp-content\/uploads\/factory-14.webp\"\/><\/p>\n<h2>KKK<\/h2>\n<p><strong>1. Milliseid materjale kasutatakse \u00fcmmarguse jahutusradiaatori puhul?<\/strong><br \/>\u00dcmmargune jahutusradiaator on valmistatud k\u00f5rgekvaliteedilisest alumiiniumist, mis tagab suurep\u00e4rase soojuse hajutamise.<\/p>\n<p><strong>2. Kas \u00fcmmargune jahutusradiaator on kohandatav suuruse j\u00e4rgi?<\/strong><br \/>Jah, me pakume erinevaid suurusv\u00f5imalusi ja saame kohandada m\u00f5\u00f5tmeid vastavalt konkreetsetele vajadustele.<\/p>\n<p><strong>3. Kas \u00fcmmargune jahutusradiaator sobib k\u00f5rge temperatuuriga rakenduste jaoks?<\/strong><br \/>Jah, see on m\u00f5eldud k\u00f5rgete temperatuuride t\u00f5husaks haldamiseks erinevates keskkondades.<\/p>\n<p><strong>4. Kuidas ma paigaldan \u00fcmmarguse jahutusradiaatori oma seadmesse?<\/strong><br \/>Komplektis on paigaldusjuhised, mis tagavad sujuva integreerimise teie s\u00fcsteemi.<\/p>\n<p><strong>5. Kas pakute kiiret tarnet lahtiste tellimuste puhul?<\/strong><br \/>Jah, meil on t\u00f5husad tootmisprotsessid, et tagada kiire tarneaeg.<\/p>\n<p><strong>6. Kas on v\u00f5imalik saada proovi enne lahtise tellimuse esitamist?<\/strong><br \/>Jah, n\u00e4idised on saadaval, et testida \u00fcmmarguse jahutusradiaatori toimivust ja sobivust.<\/p>\n<p><strong>7. Kas \u00fcmmargune jahutusplaat toetab OEM-teenuseid?<\/strong><br \/>Jah, me pakume ulatuslikke OEM-teenuseid, mis v\u00f5imaldavad disaini ja br\u00e4ndi kohandamist.<\/p>\n<p><\/p>","protected":false},"featured_media":10816,"template":"","categories":[72],"class_list":["post-10970","product","type-product","status-publish","has-post-thumbnail","hentry","category-extruded-aluminum-heatsink"],"meta_box":{"hilight_text_group":[{"product_hilight_text":"<li>Efficiently designed for optimal thermal management<\/li>\n<li>Round shape enables versatile integration into various devices<\/li>\n<li>Available in multiple sizes to suit different applications<\/li>\n<li>Constructed with high-quality materials for lasting performance<\/li>\n<li>Supports custom designs for unique project requirements<\/li>"}],"feature_list":[]},"_links":{"self":[{"href":"https:\/\/sinoextrud.com\/et\/wp-json\/wp\/v2\/product\/10970","targetHints":{"allow":["GET"]}}],"collection":[{"href":"https:\/\/sinoextrud.com\/et\/wp-json\/wp\/v2\/product"}],"about":[{"href":"https:\/\/sinoextrud.com\/et\/wp-json\/wp\/v2\/types\/product"}],"wp:featuredmedia":[{"embeddable":true,"href":"https:\/\/sinoextrud.com\/et\/wp-json\/wp\/v2\/media\/10816"}],"wp:attachment":[{"href":"https:\/\/sinoextrud.com\/et\/wp-json\/wp\/v2\/media?parent=10970"}],"wp:term":[{"taxonomy":"category","embeddable":true,"href":"https:\/\/sinoextrud.com\/et\/wp-json\/wp\/v2\/categories?post=10970"}],"curies":[{"name":"wp","href":"https:\/\/api.w.org\/{rel}","templated":true}]}}