{"id":10969,"date":"2025-08-01T03:20:05","date_gmt":"2025-08-01T03:20:05","guid":{"rendered":"https:\/\/sinoextrud.com\/product\/large-aluminum-heat-sink-for-heavy-duty-devices\/"},"modified":"2025-08-01T03:20:05","modified_gmt":"2025-08-01T03:20:05","slug":"suur-alumiiniumist-jahutusradiaator-raskeveokitele","status":"publish","type":"product","link":"https:\/\/sinoextrud.com\/et\/product\/large-aluminum-heat-sink-for-heavy-duty-devices\/","title":{"rendered":"Suur alumiiniumist soojuss\u00f5lm raskeveokite jaoks"},"content":{"rendered":"<h2>Toodete \u00fcksikasjad<\/h2>\n<div class=\"product-table\">\n<div class=\"row\">\n<div class=\"cell label\">Hinne<\/div>\n<div class=\"cell value\">6000 seeria<\/div>\n<\/div>\n<div class=\"row\">\n<div class=\"cell label\">Sallivus<\/div>\n<div class=\"cell value\">GB\/T 3190-2008,GB\/T 14846-2008,ISO 2768<\/div>\n<\/div>\n<div class=\"row\">\n<div class=\"cell label\">Tarneaeg<\/div>\n<div class=\"cell value\">22-30 p\u00e4eva<\/div>\n<\/div>\n<div class=\"row\">\n<div class=\"cell label\">Temper<\/div>\n<div class=\"cell value\">T3-T8<\/div>\n<\/div>\n<div class=\"row\">\n<div class=\"cell label\">Taotlus<\/div>\n<div class=\"cell value\">Soojusp\u00fc\u00fcdja<\/div>\n<\/div>\n<div class=\"row\">\n<div class=\"cell label\">Kuju<\/div>\n<div class=\"cell value\">Kohandatud<\/div>\n<\/div>\n<div class=\"row\">\n<div class=\"cell label\">Sulam v\u00f5i mitte<\/div>\n<div class=\"cell value\">Kas sulam on sulam<\/div>\n<\/div>\n<div class=\"row\">\n<div class=\"cell label\">T\u00f6\u00f6tlemisteenus<\/div>\n<div class=\"cell value\">L\u00f5ikamine, puurimine ja keermestamine, CNC-t\u00f6\u00f6tlemine, anodeerimine<\/div>\n<\/div>\n<div class=\"row\">\n<div class=\"cell label\">Kaal<\/div>\n<div class=\"cell value\">26,4 kg\/m<\/div>\n<\/div>\n<div class=\"row\">\n<div class=\"cell label\">Pinnat\u00f6\u00f6tlus<\/div>\n<div class=\"cell value\">(must) anodeerimine<\/div>\n<\/div>\n<div class=\"row\">\n<div class=\"cell label\">Standardvormide kogus<\/div>\n<div class=\"cell value\">30,000+komplektid<\/div>\n<\/div>\n<div class=\"row\">\n<div class=\"cell label\">M\u00fc\u00fcvad \u00fcksused<\/div>\n<div class=\"cell value\">\u00dcksik ese<\/div>\n<\/div>\n<div class=\"row\">\n<div class=\"cell label\">\u00dche pakendi suurus<\/div>\n<div class=\"cell value\">62X42X8 cm<\/div>\n<\/div>\n<div class=\"row\">\n<div class=\"cell label\">\u00dchtne brutokaal<\/div>\n<div class=\"cell value\">18.000 KG<\/div>\n<\/div>\n<\/div>\n<p><\/p>\n<h2>Meie tootmisbaas<\/h2>\n<h3>Tehase panoraam<\/h3>\n<p><img decoding=\"async\" src=\"\/wp-content\/uploads\/factory-01.webp\"\/><\/p>\n<h3>Alumiiniumvarraste tootmise t\u00f6\u00f6koda<\/h3>\n<p><img decoding=\"async\" src=\"\/wp-content\/uploads\/factory-02.webp\"\/><\/p>\n<p><img decoding=\"async\" src=\"\/wp-content\/uploads\/factory-03.webp\"\/><\/p>\n<h3>hallituse ladustamise ladu<\/h3>\n<p><img decoding=\"async\" src=\"\/wp-content\/uploads\/factory-04.webp\"\/><\/p>\n<h3>43 alumiiniumi ekstrusiooniliini (500-5500 tonni)<\/h3>\n<p><img decoding=\"async\" src=\"\/wp-content\/uploads\/factory-05.webp\"\/><\/p>\n<p><img decoding=\"async\" src=\"\/wp-content\/uploads\/factory-06.webp\"\/><\/p>\n<p><img decoding=\"async\" src=\"\/wp-content\/uploads\/factory-07.webp\"\/><\/p>\n<h3>Pulberv\u00e4rvimise t\u00f6\u00f6koda<\/h3>\n<p><img decoding=\"async\" src=\"\/wp-content\/uploads\/factory-09.webp\"\/><\/p>\n<h3>Anodiseerimise t\u00f6\u00f6koda<\/h3>\n<p><img decoding=\"async\" src=\"\/wp-content\/uploads\/factory-10.webp\"\/><\/p>\n<h3>S\u00fcgavt\u00f6\u00f6tlemise t\u00f6\u00f6tuba<\/h3>\n<p><img decoding=\"async\" src=\"\/wp-content\/uploads\/factory-11.webp\"\/><\/p>\n<h3>CNC-t\u00e4ppist\u00f6\u00f6tlemise t\u00f6\u00f6koda<\/h3>\n<p><img decoding=\"async\" src=\"\/wp-content\/uploads\/factory-11.5.webp\"\/><\/p>\n<h3>Valmistoodete ja ekspordi ladu<\/h3>\n<p><img decoding=\"async\" src=\"\/wp-content\/uploads\/factory-12.webp\"\/><\/p>\n<p><img decoding=\"async\" src=\"\/wp-content\/uploads\/factory-13.webp\"\/><\/p>\n<p><img decoding=\"async\" src=\"\/wp-content\/uploads\/factory-14.webp\"\/><\/p>\n<h2>KKK<\/h2>\n<p><strong>1. Milliseid materjale kasutatakse suures alumiiniumist soojuss\u00f5lmes?<\/strong><br \/>Suur alumiiniumist soojuss\u00f5lm on valmistatud kvaliteetsest alumiiniumist, mis on tuntud oma suurep\u00e4rase soojusjuhtivuse poolest.<\/p>\n<p><strong>2. Kas alumiiniumist jahutusradiaatori suurust saab kohandada?<\/strong><br \/>Jah, me pakume kohandatavaid m\u00f5\u00f5tmeid, et need vastaksid teie konkreetsetele rakendusvajadustele.<\/p>\n<p><strong>3. Kuidas parandab suur alumiiniumist jahutusalus soojusjuhtimist?<\/strong><br \/>See hajutab t\u00f5husalt soojust, v\u00e4ltides \u00fclekuumenemist ja parandades seadme j\u00f5udlust.<\/p>\n<p><strong>4. Kas jahutusradiaator sobib suure v\u00f5imsusega elektroonika jaoks?<\/strong><br \/>Jah, see on m\u00f5eldud suure v\u00f5imsusega elektroonikaseadmete soojuse t\u00f6\u00f6tlemiseks.<\/p>\n<p><strong>5. Millistele t\u00f6\u00f6stusharudele on selle alumiiniumist soojusalvestuse kasutamine kasulik?<\/strong><br \/>See sobib ideaalselt sellistele t\u00f6\u00f6stusharudele nagu elektroonika, autot\u00f6\u00f6stus ja telekommunikatsioon.<\/p>\n<p><strong>6. Kui suur on suure alumiiniumist soojuskaabri minimaalne tellimiskogus?<\/strong><br \/>MOQ s\u00f5ltub kohandamise tasemest, tavaliselt alates 500 \u00fchikust.<\/p>\n<p><strong>7. Kas suur alumiiniumist jahutusalus n\u00f5uab spetsiaalset paigaldusmeetodit?<\/strong><br \/>Ei, sellel on mitmek\u00fclgne disain, mis v\u00f5imaldab h\u00f5lpsasti integreeruda erinevatesse s\u00fcsteemidesse.<\/p>\n<p><\/p>","protected":false},"featured_media":10817,"template":"","categories":[72],"class_list":["post-10969","product","type-product","status-publish","has-post-thumbnail","hentry","category-extruded-aluminum-heatsink"],"meta_box":{"hilight_text_group":[{"product_hilight_text":"<li>Efficient heat dissipation for enhanced thermal management<\/li>\n<li>Constructed from high-grade aluminum for superior heat conduction<\/li>\n<li>Customizable dimensions and finishes to fit specific applications<\/li>\n<li>Lightweight yet durable design for easy integration<\/li>\n<li>Compatible with a wide range of electronic devices and components<\/li>"}],"feature_list":[]},"_links":{"self":[{"href":"https:\/\/sinoextrud.com\/et\/wp-json\/wp\/v2\/product\/10969","targetHints":{"allow":["GET"]}}],"collection":[{"href":"https:\/\/sinoextrud.com\/et\/wp-json\/wp\/v2\/product"}],"about":[{"href":"https:\/\/sinoextrud.com\/et\/wp-json\/wp\/v2\/types\/product"}],"wp:featuredmedia":[{"embeddable":true,"href":"https:\/\/sinoextrud.com\/et\/wp-json\/wp\/v2\/media\/10817"}],"wp:attachment":[{"href":"https:\/\/sinoextrud.com\/et\/wp-json\/wp\/v2\/media?parent=10969"}],"wp:term":[{"taxonomy":"category","embeddable":true,"href":"https:\/\/sinoextrud.com\/et\/wp-json\/wp\/v2\/categories?post=10969"}],"curies":[{"name":"wp","href":"https:\/\/api.w.org\/{rel}","templated":true}]}}