{"id":10967,"date":"2025-08-01T03:18:56","date_gmt":"2025-08-01T03:18:56","guid":{"rendered":"https:\/\/sinoextrud.com\/product\/long-aluminum-heat-sink-for-linear-modules\/"},"modified":"2025-08-01T03:18:56","modified_gmt":"2025-08-01T03:18:56","slug":"pikk-alumiiniumist-jahutusradiaator-lineaarsetele-moodulitele","status":"publish","type":"product","link":"https:\/\/sinoextrud.com\/et\/product\/long-aluminum-heat-sink-for-linear-modules\/","title":{"rendered":"Pikk alumiiniumist soojuss\u00f5lm lineaarmoodulite jaoks"},"content":{"rendered":"<h2>Toodete \u00fcksikasjad<\/h2>\n<div class=\"product-table\">\n<div class=\"row\">\n<div class=\"cell label\">Hinne<\/div>\n<div class=\"cell value\">6000 seeria<\/div>\n<\/div>\n<div class=\"row\">\n<div class=\"cell label\">Sallivus<\/div>\n<div class=\"cell value\">\u00c2\u00b11%<\/div>\n<\/div>\n<div class=\"row\">\n<div class=\"cell label\">Tarneaeg<\/div>\n<div class=\"cell value\">22-30 p\u00e4eva<\/div>\n<\/div>\n<div class=\"row\">\n<div class=\"cell label\">Temper<\/div>\n<div class=\"cell value\">T3-T8<\/div>\n<\/div>\n<div class=\"row\">\n<div class=\"cell label\">Taotlus<\/div>\n<div class=\"cell value\">Soojusp\u00fc\u00fcdja<\/div>\n<\/div>\n<div class=\"row\">\n<div class=\"cell label\">Kuju<\/div>\n<div class=\"cell value\">korter<\/div>\n<\/div>\n<div class=\"row\">\n<div class=\"cell label\">Sulam v\u00f5i mitte<\/div>\n<div class=\"cell value\">Kas sulam on sulam<\/div>\n<\/div>\n<div class=\"row\">\n<div class=\"cell label\">T\u00f6\u00f6tlemisteenus<\/div>\n<div class=\"cell value\">Painutamine, keevitamine, keevitamine, stantsimine, l\u00f5ikamine<\/div>\n<\/div>\n<div class=\"row\">\n<div class=\"cell label\">Toote nimi<\/div>\n<div class=\"cell value\">Alumiiniumist ekstrusioonist soojusalvestus<\/div>\n<\/div>\n<div class=\"row\">\n<div class=\"cell label\">Materjal<\/div>\n<div class=\"cell value\">6063 Alumiinium<\/div>\n<\/div>\n<div class=\"row\">\n<div class=\"cell label\">Pinnat\u00f6\u00f6tlus<\/div>\n<div class=\"cell value\">Anodeeritud\/oksiidiga jne\/pulbriga kaetud<\/div>\n<\/div>\n<div class=\"row\">\n<div class=\"cell label\">Sertifitseerimine<\/div>\n<div class=\"cell value\">ISO9001-2008<\/div>\n<\/div>\n<div class=\"row\">\n<div class=\"cell label\">L\u00e4hetussadam<\/div>\n<div class=\"cell value\">Qingdao<\/div>\n<\/div>\n<div class=\"row\">\n<div class=\"cell label\">M\u00fc\u00fcvad \u00fcksused<\/div>\n<div class=\"cell value\">\u00dcksik ese<\/div>\n<\/div>\n<div class=\"row\">\n<div class=\"cell label\">\u00dche pakendi suurus<\/div>\n<div class=\"cell value\">22X12X10 cm<\/div>\n<\/div>\n<div class=\"row\">\n<div class=\"cell label\">\u00dchtne brutokaal<\/div>\n<div class=\"cell value\">1.000 KG<\/div>\n<\/div>\n<div class=\"row\">\n<div class=\"cell label\">Pakkumise v\u00f5ime<\/div>\n<div class=\"cell value\">30000 t\u00fckki kuus<\/div>\n<\/div>\n<\/div>\n<p><\/p>\n<h2>Meie tootmisbaas<\/h2>\n<h3>Tehase panoraam<\/h3>\n<p><img decoding=\"async\" src=\"\/wp-content\/uploads\/factory-01.webp\"\/><\/p>\n<h3>Alumiiniumvarraste tootmise t\u00f6\u00f6koda<\/h3>\n<p><img decoding=\"async\" src=\"\/wp-content\/uploads\/factory-02.webp\"\/><\/p>\n<p><img decoding=\"async\" src=\"\/wp-content\/uploads\/factory-03.webp\"\/><\/p>\n<h3>hallituse ladustamise ladu<\/h3>\n<p><img decoding=\"async\" src=\"\/wp-content\/uploads\/factory-04.webp\"\/><\/p>\n<h3>43 alumiiniumi ekstrusiooniliini (500-5500 tonni)<\/h3>\n<p><img decoding=\"async\" src=\"\/wp-content\/uploads\/factory-05.webp\"\/><\/p>\n<p><img decoding=\"async\" src=\"\/wp-content\/uploads\/factory-06.webp\"\/><\/p>\n<p><img decoding=\"async\" src=\"\/wp-content\/uploads\/factory-07.webp\"\/><\/p>\n<h3>Pulberv\u00e4rvimise t\u00f6\u00f6koda<\/h3>\n<p><img decoding=\"async\" src=\"\/wp-content\/uploads\/factory-09.webp\"\/><\/p>\n<h3>Anodiseerimise t\u00f6\u00f6koda<\/h3>\n<p><img decoding=\"async\" src=\"\/wp-content\/uploads\/factory-10.webp\"\/><\/p>\n<h3>S\u00fcgavt\u00f6\u00f6tlemise t\u00f6\u00f6tuba<\/h3>\n<p><img decoding=\"async\" src=\"\/wp-content\/uploads\/factory-11.webp\"\/><\/p>\n<h3>CNC-t\u00e4ppist\u00f6\u00f6tlemise t\u00f6\u00f6koda<\/h3>\n<p><img decoding=\"async\" src=\"\/wp-content\/uploads\/factory-11.5.webp\"\/><\/p>\n<h3>Valmistoodete ja ekspordi ladu<\/h3>\n<p><img decoding=\"async\" src=\"\/wp-content\/uploads\/factory-12.webp\"\/><\/p>\n<p><img decoding=\"async\" src=\"\/wp-content\/uploads\/factory-13.webp\"\/><\/p>\n<p><img decoding=\"async\" src=\"\/wp-content\/uploads\/factory-14.webp\"\/><\/p>\n<h2>KKK<\/h2>\n<p><strong>1. Milline on pika alumiiniumist soojusalvestuse esmane kasutusotstarve?<\/strong><br \/>Pikka alumiiniumist jahutusradiaatorit kasutatakse peamiselt elektroonikaseadmetes t\u00f5husa soojuse hajutamiseks.<\/p>\n<p><strong>2. Kas alumiiniumist jahutusradiaatori m\u00f5\u00f5tmeid saab kohandada?<\/strong><br \/>Jah, m\u00f5\u00f5tmeid saab kohandada vastavalt konkreetsetele jahutusn\u00f5uetele.<\/p>\n<p><strong>3. Kas alumiiniumist jahutusradiaator on korrosioonikindel?<\/strong><br \/>Jah, kasutatav alumiiniummaterjal on korrosioonikindel, mis tagab pikema eluea.<\/p>\n<p><strong>4. Kuidas parandab alumiiniumist jahutusradiaator seadme j\u00f5udlust?<\/strong><br \/>See hajutab t\u00f5husalt liigset soojust, s\u00e4ilitades seadme optimaalse j\u00f5udluse.<\/p>\n<p><strong>5. Millised rakendused sobivad seda t\u00fc\u00fcpi jahutusradiaatorite jaoks?<\/strong><br \/>See sobib elektroonikaseadmete, t\u00f6\u00f6stuslike masinate ja HVAC-s\u00fcsteemide jaoks.<\/p>\n<p><strong>6. Kas alumiiniumist jahutusradiaator n\u00f5uab spetsiaalset paigaldusriistvara?<\/strong><br \/>Paigaldusriistvara saab kohandada vastavalt konkreetsetele paigaldusvajadustele.<\/p>\n<p><strong>7. Kas on v\u00f5imalik saada proovi enne lahtise tellimuse esitamist?<\/strong><br \/>Jah, proovitellimused on saadaval, et testida jahutusradiaatori kvaliteeti ja spetsifikatsioone.<\/p>\n<p><\/p>","protected":false},"featured_media":10818,"template":"","categories":[72],"class_list":["post-10967","product","type-product","status-publish","has-post-thumbnail","hentry","category-extruded-aluminum-heatsink"],"meta_box":{"hilight_text_group":[{"product_hilight_text":"<li>Efficient heat dissipation due to high-quality aluminum<\/li>\n<li>Lightweight design for easy installation in various devices<\/li>\n<li>Customizable dimensions to fit specific applications<\/li>\n<li>Corrosion-resistant material ensures longevity<\/li>\n<li>Suitable for electronic and industrial equipment cooling<\/li>"}],"feature_list":[]},"_links":{"self":[{"href":"https:\/\/sinoextrud.com\/et\/wp-json\/wp\/v2\/product\/10967","targetHints":{"allow":["GET"]}}],"collection":[{"href":"https:\/\/sinoextrud.com\/et\/wp-json\/wp\/v2\/product"}],"about":[{"href":"https:\/\/sinoextrud.com\/et\/wp-json\/wp\/v2\/types\/product"}],"wp:featuredmedia":[{"embeddable":true,"href":"https:\/\/sinoextrud.com\/et\/wp-json\/wp\/v2\/media\/10818"}],"wp:attachment":[{"href":"https:\/\/sinoextrud.com\/et\/wp-json\/wp\/v2\/media?parent=10967"}],"wp:term":[{"taxonomy":"category","embeddable":true,"href":"https:\/\/sinoextrud.com\/et\/wp-json\/wp\/v2\/categories?post=10967"}],"curies":[{"name":"wp","href":"https:\/\/api.w.org\/{rel}","templated":true}]}}