{"id":10962,"date":"2025-08-01T03:18:10","date_gmt":"2025-08-01T03:18:10","guid":{"rendered":"https:\/\/sinoextrud.com\/product\/cold-transfer-heat-sink-for-industrial-cooling\/"},"modified":"2025-08-01T03:18:10","modified_gmt":"2025-08-01T03:18:10","slug":"kulma-ulekande-soojusalvesti-toostuslikuks-jahutuseks","status":"publish","type":"product","link":"https:\/\/sinoextrud.com\/et\/product\/cold-transfer-heat-sink-for-industrial-cooling\/","title":{"rendered":"K\u00fclma \u00fclekande soojuss\u00f5lm t\u00f6\u00f6stuslikuks jahutuseks"},"content":{"rendered":"<h2>Toodete \u00fcksikasjad<\/h2>\n<div class=\"product-table\">\n<div class=\"row\">\n<div class=\"cell label\">masinate katseprotokoll<\/div>\n<div class=\"cell value\">Edastatud<\/div>\n<\/div>\n<div class=\"row\">\n<div class=\"cell label\">video v\u00e4ljaminev inspektsioon<\/div>\n<div class=\"cell value\">Edastatud<\/div>\n<\/div>\n<div class=\"row\">\n<div class=\"cell label\">garantii<\/div>\n<div class=\"cell value\">1 aasta<\/div>\n<\/div>\n<div class=\"row\">\n<div class=\"cell label\">taotlus<\/div>\n<div class=\"cell value\">K\u00fctteseadme osad<\/div>\n<\/div>\n<div class=\"row\">\n<div class=\"cell label\">t\u00fc\u00fcp<\/div>\n<div class=\"cell value\">vedel k\u00fclm plaat<\/div>\n<\/div>\n<div class=\"row\">\n<div class=\"cell label\">kaal (kg)<\/div>\n<div class=\"cell value\">5<\/div>\n<\/div>\n<div class=\"row\">\n<div class=\"cell label\">Toote nimi<\/div>\n<div class=\"cell value\">alumiiniumist veejahutusplaat<\/div>\n<\/div>\n<div class=\"row\">\n<div class=\"cell label\">Materjal<\/div>\n<div class=\"cell value\">Alumiiniumsulam<\/div>\n<\/div>\n<div class=\"row\">\n<div class=\"cell label\">M\u00f5\u00f5tmed (L*S*K)<\/div>\n<div class=\"cell value\">Kuni 1.2*1m L*W<\/div>\n<\/div>\n<div class=\"row\">\n<div class=\"cell label\">Pinna karedus<\/div>\n<div class=\"cell value\">3.2 um<\/div>\n<\/div>\n<div class=\"row\">\n<div class=\"cell label\">Pinna tasasus<\/div>\n<div class=\"cell value\">0,1 mm<\/div>\n<\/div>\n<div class=\"row\">\n<div class=\"cell label\">T\u00f6\u00f6r\u00f5hk<\/div>\n<div class=\"cell value\">V\u00e4hemalt 1 baar<\/div>\n<\/div>\n<div class=\"row\">\n<div class=\"cell label\">Peamine tehnika<\/div>\n<div class=\"cell value\">CNC-t\u00f6\u00f6tlemine<\/div>\n<\/div>\n<div class=\"row\">\n<div class=\"cell label\">Liimimistehnika<\/div>\n<div class=\"cell value\">Vaakumjootmine<\/div>\n<\/div>\n<div class=\"row\">\n<div class=\"cell label\">Jahutusvedelik<\/div>\n<div class=\"cell value\">Deioniseeritud vesi, inhibeeritud gl\u00fckool ja vesi, dielektriline vedelik<\/div>\n<\/div>\n<div class=\"row\">\n<div class=\"cell label\">Pinna viimistlus<\/div>\n<div class=\"cell value\">Mill viimistlus v\u00f5i anodeerimine<\/div>\n<\/div>\n<div class=\"row\">\n<div class=\"cell label\">M\u00fc\u00fcvad \u00fcksused<\/div>\n<div class=\"cell value\">\u00dcksik ese<\/div>\n<\/div>\n<div class=\"row\">\n<div class=\"cell label\">\u00dche pakendi suurus<\/div>\n<div class=\"cell value\">21X14X11 cm<\/div>\n<\/div>\n<div class=\"row\">\n<div class=\"cell label\">\u00dchtne brutokaal<\/div>\n<div class=\"cell value\">5.000 KG<\/div>\n<\/div>\n<\/div>\n<p><\/p>\n<h2>Meie tootmisbaas<\/h2>\n<h3>Tehase panoraam<\/h3>\n<p><img decoding=\"async\" src=\"\/wp-content\/uploads\/factory-01.webp\"\/><\/p>\n<h3>Alumiiniumvarraste tootmise t\u00f6\u00f6koda<\/h3>\n<p><img decoding=\"async\" src=\"\/wp-content\/uploads\/factory-02.webp\"\/><\/p>\n<p><img decoding=\"async\" src=\"\/wp-content\/uploads\/factory-03.webp\"\/><\/p>\n<h3>hallituse ladustamise ladu<\/h3>\n<p><img decoding=\"async\" src=\"\/wp-content\/uploads\/factory-04.webp\"\/><\/p>\n<h3>43 alumiiniumi ekstrusiooniliini (500-5500 tonni)<\/h3>\n<p><img decoding=\"async\" src=\"\/wp-content\/uploads\/factory-05.webp\"\/><\/p>\n<p><img decoding=\"async\" src=\"\/wp-content\/uploads\/factory-06.webp\"\/><\/p>\n<p><img decoding=\"async\" src=\"\/wp-content\/uploads\/factory-07.webp\"\/><\/p>\n<h3>Pulberv\u00e4rvimise t\u00f6\u00f6koda<\/h3>\n<p><img decoding=\"async\" src=\"\/wp-content\/uploads\/factory-09.webp\"\/><\/p>\n<h3>Anodiseerimise t\u00f6\u00f6koda<\/h3>\n<p><img decoding=\"async\" src=\"\/wp-content\/uploads\/factory-10.webp\"\/><\/p>\n<h3>S\u00fcgavt\u00f6\u00f6tlemise t\u00f6\u00f6tuba<\/h3>\n<p><img decoding=\"async\" src=\"\/wp-content\/uploads\/factory-11.webp\"\/><\/p>\n<h3>CNC-t\u00e4ppist\u00f6\u00f6tlemise t\u00f6\u00f6koda<\/h3>\n<p><img decoding=\"async\" src=\"\/wp-content\/uploads\/factory-11.5.webp\"\/><\/p>\n<h3>Valmistoodete ja ekspordi ladu<\/h3>\n<p><img decoding=\"async\" src=\"\/wp-content\/uploads\/factory-12.webp\"\/><\/p>\n<p><img decoding=\"async\" src=\"\/wp-content\/uploads\/factory-13.webp\"\/><\/p>\n<p><img decoding=\"async\" src=\"\/wp-content\/uploads\/factory-14.webp\"\/><\/p>\n<h2>KKK<\/h2>\n<p><strong>1. Milleks kasutatakse k\u00fclma \u00fclekande soojuss\u00f5lme?<\/strong><br \/>Seda kasutatakse elektroonikakomponentide soojuse t\u00f5husaks hajutamiseks, et v\u00e4ltida \u00fclekuumenemist.<\/p>\n<p><strong>2. Kas k\u00fclma \u00fclekande soojuss\u00f5lme saab kohandada?<\/strong><br \/>Jah, seda saab kohandada suuruse, kuju ja materjali poolest vastavalt konkreetsetele soojusn\u00f5uetele.<\/p>\n<p><strong>3. Kas k\u00fclma \u00fclekande soojuss\u00f5lm sobib suure j\u00f5udlusega elektroonikaseadmete jaoks?<\/strong><br \/>Jah, see on ette n\u00e4htud elektroonikaseadmete suure soojuskoormusega toimetulekuks.<\/p>\n<p><strong>4. Kas te pakute k\u00fclma \u00fclekande soojuss\u00f5lme hulgiostuv\u00f5imalusi?<\/strong><br \/>Jah, saadaval on lahtised tellimused konkurentsiv\u00f5imelise hinnakujunduse ja kohandamisv\u00f5imalustega.<\/p>\n<p><strong>5. Milliseid materjale kasutatakse k\u00fclma \u00fclekande soojussalvesti puhul?<\/strong><br \/>Tavaliselt on see valmistatud alumiiniumist v\u00f5i vasest, mis tagab suurep\u00e4rase soojusjuhtivuse.<\/p>\n<p><strong>6. Kuidas parandab k\u00fclma \u00fclekande soojussalvesti seadme pikaealisust?<\/strong><br \/>T\u00f5husalt soojust hajutades aitab see v\u00e4ltida komponentide kahjustusi ja pikendab seadme kasutusiga.<\/p>\n<p><strong>7. Kas k\u00fclma\u00fclekande soojuss\u00f5lme jaoks on saadaval keskkonnas\u00f5bralikud valikud?<\/strong><br \/>Jah, me pakume keskkonnas\u00f5bralikke materjale ja tootmisprotsesse.<\/p>\n<p><\/p>","protected":false},"featured_media":10765,"template":"","categories":[72],"class_list":["post-10962","product","type-product","status-publish","has-post-thumbnail","hentry","category-extruded-aluminum-heatsink"],"meta_box":{"hilight_text_group":[{"product_hilight_text":"<li>Optimized for efficient heat dissipation in electronic devices<\/li>\n<li>Customizable design to fit diverse thermal management needs<\/li>\n<li>Constructed from high-quality materials for superior performance<\/li>\n<li>Available in various sizes to accommodate different systems<\/li>\n<li>Supports OEM and ODM services with flexible order quantities<\/li>"}],"feature_list":[]},"_links":{"self":[{"href":"https:\/\/sinoextrud.com\/et\/wp-json\/wp\/v2\/product\/10962","targetHints":{"allow":["GET"]}}],"collection":[{"href":"https:\/\/sinoextrud.com\/et\/wp-json\/wp\/v2\/product"}],"about":[{"href":"https:\/\/sinoextrud.com\/et\/wp-json\/wp\/v2\/types\/product"}],"wp:featuredmedia":[{"embeddable":true,"href":"https:\/\/sinoextrud.com\/et\/wp-json\/wp\/v2\/media\/10765"}],"wp:attachment":[{"href":"https:\/\/sinoextrud.com\/et\/wp-json\/wp\/v2\/media?parent=10962"}],"wp:term":[{"taxonomy":"category","embeddable":true,"href":"https:\/\/sinoextrud.com\/et\/wp-json\/wp\/v2\/categories?post=10962"}],"curies":[{"name":"wp","href":"https:\/\/api.w.org\/{rel}","templated":true}]}}