{"id":10960,"date":"2025-08-01T03:18:06","date_gmt":"2025-08-01T03:18:06","guid":{"rendered":"https:\/\/sinoextrud.com\/product\/cold-plate-heat-sink-for-liquid-cooling-systems\/"},"modified":"2025-08-01T03:18:06","modified_gmt":"2025-08-01T03:18:06","slug":"kulma-plaadi-jahutusradiaator-vedelikjahutusega-susteemide-jaoks","status":"publish","type":"product","link":"https:\/\/sinoextrud.com\/et\/product\/cold-plate-heat-sink-for-liquid-cooling-systems\/","title":{"rendered":"K\u00fclma plaadi soojussalvesti vedelikjahutusega s\u00fcsteemide jaoks"},"content":{"rendered":"<h2>Toodete \u00fcksikasjad<\/h2>\n<div class=\"product-table\">\n<div class=\"row\">\n<div class=\"cell label\">Hinne<\/div>\n<div class=\"cell value\">6000 seeria<\/div>\n<\/div>\n<div class=\"row\">\n<div class=\"cell label\">Sallivus<\/div>\n<div class=\"cell value\">\u00c2\u00b13%<\/div>\n<\/div>\n<div class=\"row\">\n<div class=\"cell label\">Tarneaeg<\/div>\n<div class=\"cell value\">22-30 p\u00e4eva<\/div>\n<\/div>\n<div class=\"row\">\n<div class=\"cell label\">Temper<\/div>\n<div class=\"cell value\">T3-T8<\/div>\n<\/div>\n<div class=\"row\">\n<div class=\"cell label\">Taotlus<\/div>\n<div class=\"cell value\">Soojusp\u00fc\u00fcdja<\/div>\n<\/div>\n<div class=\"row\">\n<div class=\"cell label\">Kuju<\/div>\n<div class=\"cell value\">kohandatud<\/div>\n<\/div>\n<div class=\"row\">\n<div class=\"cell label\">Sulam v\u00f5i mitte<\/div>\n<div class=\"cell value\">Kas sulam on sulam<\/div>\n<\/div>\n<div class=\"row\">\n<div class=\"cell label\">T\u00f6\u00f6tlemisteenus<\/div>\n<div class=\"cell value\">Painutamine, keevitamine, keevitamine, stantsimine, l\u00f5ikamine<\/div>\n<\/div>\n<div class=\"row\">\n<div class=\"cell label\">Materjal<\/div>\n<div class=\"cell value\">Alumiiniumsulam<\/div>\n<\/div>\n<div class=\"row\">\n<div class=\"cell label\">Taotlus<\/div>\n<div class=\"cell value\">T\u00f6\u00f6stuslikud seadmed<\/div>\n<\/div>\n<div class=\"row\">\n<div class=\"cell label\">Teenus<\/div>\n<div class=\"cell value\">Kohandatud OEM<\/div>\n<\/div>\n<div class=\"row\">\n<div class=\"cell label\">Pinnat\u00f6\u00f6tlus<\/div>\n<div class=\"cell value\">V\u00e4rvimine\\Pulbriga katmine\\Plaatimine\\Poleerimine\\Poleerimine<\/div>\n<\/div>\n<div class=\"row\">\n<div class=\"cell label\">V\u00e4rv<\/div>\n<div class=\"cell value\">Silver<\/div>\n<\/div>\n<div class=\"row\">\n<div class=\"cell label\">M\u00fc\u00fcvad \u00fcksused<\/div>\n<div class=\"cell value\">\u00dcksik ese<\/div>\n<\/div>\n<div class=\"row\">\n<div class=\"cell label\">\u00dche pakendi suurus<\/div>\n<div class=\"cell value\">50X50X30 cm<\/div>\n<\/div>\n<div class=\"row\">\n<div class=\"cell label\">\u00dchtne brutokaal<\/div>\n<div class=\"cell value\">8.000 KG<\/div>\n<\/div>\n<\/div>\n<p><\/p>\n<h2>Meie tootmisbaas<\/h2>\n<h3>Tehase panoraam<\/h3>\n<p><img decoding=\"async\" src=\"\/wp-content\/uploads\/factory-01.webp\"\/><\/p>\n<h3>Alumiiniumvarraste tootmise t\u00f6\u00f6koda<\/h3>\n<p><img decoding=\"async\" src=\"\/wp-content\/uploads\/factory-02.webp\"\/><\/p>\n<p><img decoding=\"async\" src=\"\/wp-content\/uploads\/factory-03.webp\"\/><\/p>\n<h3>hallituse ladustamise ladu<\/h3>\n<p><img decoding=\"async\" src=\"\/wp-content\/uploads\/factory-04.webp\"\/><\/p>\n<h3>43 alumiiniumi ekstrusiooniliini (500-5500 tonni)<\/h3>\n<p><img decoding=\"async\" src=\"\/wp-content\/uploads\/factory-05.webp\"\/><\/p>\n<p><img decoding=\"async\" src=\"\/wp-content\/uploads\/factory-06.webp\"\/><\/p>\n<p><img decoding=\"async\" src=\"\/wp-content\/uploads\/factory-07.webp\"\/><\/p>\n<h3>Pulberv\u00e4rvimise t\u00f6\u00f6koda<\/h3>\n<p><img decoding=\"async\" src=\"\/wp-content\/uploads\/factory-09.webp\"\/><\/p>\n<h3>Anodiseerimise t\u00f6\u00f6koda<\/h3>\n<p><img decoding=\"async\" src=\"\/wp-content\/uploads\/factory-10.webp\"\/><\/p>\n<h3>S\u00fcgavt\u00f6\u00f6tlemise t\u00f6\u00f6tuba<\/h3>\n<p><img decoding=\"async\" src=\"\/wp-content\/uploads\/factory-11.webp\"\/><\/p>\n<h3>CNC-t\u00e4ppist\u00f6\u00f6tlemise t\u00f6\u00f6koda<\/h3>\n<p><img decoding=\"async\" src=\"\/wp-content\/uploads\/factory-11.5.webp\"\/><\/p>\n<h3>Valmistoodete ja ekspordi ladu<\/h3>\n<p><img decoding=\"async\" src=\"\/wp-content\/uploads\/factory-12.webp\"\/><\/p>\n<p><img decoding=\"async\" src=\"\/wp-content\/uploads\/factory-13.webp\"\/><\/p>\n<p><img decoding=\"async\" src=\"\/wp-content\/uploads\/factory-14.webp\"\/><\/p>\n<h2>KKK<\/h2>\n<p><strong>1. Mis on k\u00fclma plaadi soojussalvesti eesm\u00e4rk?<\/strong><br \/>K\u00fclma plaadi jahutusalust kasutatakse soojuse hajutamiseks elektroonikakomponentidest, tagades nende t\u00f5husa t\u00f6\u00f6.<\/p>\n<p><strong>2. Kas k\u00fclmplaadi jahutusaluseid saab kohandada konkreetsete m\u00f5\u00f5tmetega?<\/strong><br \/>Jah, neid saab kohandada vastavalt teie rakenduse erin\u00f5uetele.<\/p>\n<p><strong>3. Milliseid materjale kasutatakse tavaliselt k\u00fclmplaadi jahutusradiaatorite ehitamisel?<\/strong><br \/>Need on sageli valmistatud k\u00f5rgekvaliteedilisest alumiiniumist v\u00f5i vasest, et tagada optimaalne soojapidavus.<\/p>\n<p><strong>4. Kas k\u00fclmplaadi jahutusradiaatorid sobivad erinevate jahutusvedelike jaoks?<\/strong><br \/>Jah, need on kavandatud t\u00f6\u00f6tama koos eri t\u00fc\u00fcpi jahutusvedelikega, et parandada soojus\u00fclekannet.<\/p>\n<p><strong>5. Kuidas parandavad k\u00fclmutusplaadi jahutusradiaatorid elektroonikakomponentide eluiga?<\/strong><br \/>T\u00f5husalt soojust hajutades hoiavad nad \u00e4ra \u00fclekuumenemise ja pikendavad komponentide eluiga.<\/p>\n<p><strong>6. Kas k\u00fclmplaadi jahutusradiaatorit saab kasutada erinevates t\u00f6\u00f6stusharudes?<\/strong><br \/>Kindlasti on nad mitmek\u00fclgsed ja rakendatavad t\u00f6\u00f6stusharudes alates telekommunikatsioonist kuni autot\u00f6\u00f6stuseni.<\/p>\n<p><strong>7. Millised on k\u00fclma plaadi soojuss\u00f5lme hooldusn\u00f5uded?<\/strong><br \/>Kontrollige regulaarselt vedeliku lekkeid ja veenduge, et k\u00f5ik \u00fchendused on optimaalse j\u00f5udluse tagamiseks kindlalt kinnitatud.<\/p>\n<p><\/p>","protected":false},"featured_media":10786,"template":"","categories":[72],"class_list":["post-10960","product","type-product","status-publish","has-post-thumbnail","hentry","category-extruded-aluminum-heatsink"],"meta_box":{"hilight_text_group":[{"product_hilight_text":"<li>High thermal conductivity for efficient heat dissipation<\/li>\n<li>Customizable dimensions to fit specific application needs<\/li>\n<li>Compatible with various cooling fluids for enhanced performance<\/li>\n<li>Durable construction for long-lasting reliability<\/li>\n<li>Suitable for both passive and active cooling systems<\/li>"}],"feature_list":[]},"_links":{"self":[{"href":"https:\/\/sinoextrud.com\/et\/wp-json\/wp\/v2\/product\/10960","targetHints":{"allow":["GET"]}}],"collection":[{"href":"https:\/\/sinoextrud.com\/et\/wp-json\/wp\/v2\/product"}],"about":[{"href":"https:\/\/sinoextrud.com\/et\/wp-json\/wp\/v2\/types\/product"}],"wp:featuredmedia":[{"embeddable":true,"href":"https:\/\/sinoextrud.com\/et\/wp-json\/wp\/v2\/media\/10786"}],"wp:attachment":[{"href":"https:\/\/sinoextrud.com\/et\/wp-json\/wp\/v2\/media?parent=10960"}],"wp:term":[{"taxonomy":"category","embeddable":true,"href":"https:\/\/sinoextrud.com\/et\/wp-json\/wp\/v2\/categories?post=10960"}],"curies":[{"name":"wp","href":"https:\/\/api.w.org\/{rel}","templated":true}]}}