{"id":10958,"date":"2025-08-01T03:18:02","date_gmt":"2025-08-01T03:18:02","guid":{"rendered":"https:\/\/sinoextrud.com\/product\/round-aluminum-radiator-for-industrial-cooling\/"},"modified":"2025-08-01T03:18:02","modified_gmt":"2025-08-01T03:18:02","slug":"ummargune-alumiiniumist-radiaator-toostuslikuks-jahutuseks","status":"publish","type":"product","link":"https:\/\/sinoextrud.com\/et\/product\/round-aluminum-radiator-for-industrial-cooling\/","title":{"rendered":"\u00dcmmargune alumiiniumist radiaator t\u00f6\u00f6stuslikuks jahutuseks"},"content":{"rendered":"<h2>Toodete \u00fcksikasjad<\/h2>\n<div class=\"product-table\">\n<div class=\"row\">\n<div class=\"cell label\">Pinnat\u00f6\u00f6tlus<\/div>\n<div class=\"cell value\">Anodeeritud<\/div>\n<\/div>\n<div class=\"row\">\n<div class=\"cell label\">Kuju<\/div>\n<div class=\"cell value\">Kohandatud<\/div>\n<\/div>\n<div class=\"row\">\n<div class=\"cell label\">Korpuse materjal<\/div>\n<div class=\"cell value\">Alumiinium<\/div>\n<\/div>\n<div class=\"row\">\n<div class=\"cell label\">T\u00fc\u00fcp<\/div>\n<div class=\"cell value\">Soojusp\u00fc\u00fcdjad<\/div>\n<\/div>\n<div class=\"row\">\n<div class=\"cell label\">Valgustuslahenduste teenus<\/div>\n<div class=\"cell value\">Valgustuse ja elektriskeemide projekteerimine, DIALux evo paigutus, LitePro DLX paigutus, Agi32 paigutus, automaatne CAD paigutus, kohapealne m\u00f5\u00f5tmine, projekti paigaldus.<\/div>\n<\/div>\n<div class=\"row\">\n<div class=\"cell label\">Garantii (aasta)<\/div>\n<div class=\"cell value\">3<\/div>\n<\/div>\n<div class=\"row\">\n<div class=\"cell label\">Protsess<\/div>\n<div class=\"cell value\">L\u00f5ikamine,,puurimine, stantsimine jne.<\/div>\n<\/div>\n<div class=\"row\">\n<div class=\"cell label\">IP-klassifikatsioon<\/div>\n<div class=\"cell value\">ip55<\/div>\n<\/div>\n<div class=\"row\">\n<div class=\"cell label\">Keha v\u00e4rvus<\/div>\n<div class=\"cell value\">Kohandatud<\/div>\n<\/div>\n<div class=\"row\">\n<div class=\"cell label\">T\u00fc\u00fcp<\/div>\n<div class=\"cell value\">Alumiiniumist soojuss\u00f5lm<\/div>\n<\/div>\n<div class=\"row\">\n<div class=\"cell label\">V\u00e4rv<\/div>\n<div class=\"cell value\">H\u00f5bedane v\u00f5i kohandatud<\/div>\n<\/div>\n<div class=\"row\">\n<div class=\"cell label\">Paksus<\/div>\n<div class=\"cell value\">0,5 mm - kohandatud<\/div>\n<\/div>\n<div class=\"row\">\n<div class=\"cell label\">Pinnat\u00f6\u00f6tlus<\/div>\n<div class=\"cell value\">Mill, anodeeritud, pulberv\u00e4rvitud, elektroforees v\u00f5i kohandatud<\/div>\n<\/div>\n<div class=\"row\">\n<div class=\"cell label\">Tootet\u00fc\u00fcbid<\/div>\n<div class=\"cell value\">Radiaator<\/div>\n<\/div>\n<div class=\"row\">\n<div class=\"cell label\">Sertifitseerimine<\/div>\n<div class=\"cell value\">ISO9001-2015, COC<\/div>\n<\/div>\n<div class=\"row\">\n<div class=\"cell label\">Valmistamine<\/div>\n<div class=\"cell value\">L\u00f5ikamine, freesimine, puurimine, augustamine jne.<\/div>\n<\/div>\n<div class=\"row\">\n<div class=\"cell label\">Makset\u00e4htaeg<\/div>\n<div class=\"cell value\">T\/T, L\/C jne<\/div>\n<\/div>\n<div class=\"row\">\n<div class=\"cell label\">Peamine turg<\/div>\n<div class=\"cell value\">Euroopa,Ameerika,Kagu-Aasia,MIDE<\/div>\n<\/div>\n<div class=\"row\">\n<div class=\"cell label\">Pakendi \u00fcksikasjad<\/div>\n<div class=\"cell value\">Kraftpaber \/ kilekott \/ valge p\u00e4rlmutter puuvill \/ PE-kile \/ kokkut\u00f5mbekile \/ kartongkarbi kast<\/div>\n<\/div>\n<div class=\"row\">\n<div class=\"cell label\">M\u00fc\u00fcvad \u00fcksused<\/div>\n<div class=\"cell value\">\u00dcksik ese<\/div>\n<\/div>\n<div class=\"row\">\n<div class=\"cell label\">\u00dche pakendi suurus<\/div>\n<div class=\"cell value\">10X10X10 cm<\/div>\n<\/div>\n<div class=\"row\">\n<div class=\"cell label\">\u00dchtne brutokaal<\/div>\n<div class=\"cell value\">1.000 KG<\/div>\n<\/div>\n<\/div>\n<p><\/p>\n<h2>Meie tootmisbaas<\/h2>\n<h3>Tehase panoraam<\/h3>\n<p><img decoding=\"async\" src=\"\/wp-content\/uploads\/factory-01.webp\"\/><\/p>\n<h3>Alumiiniumvarraste tootmise t\u00f6\u00f6koda<\/h3>\n<p><img decoding=\"async\" src=\"\/wp-content\/uploads\/factory-02.webp\"\/><\/p>\n<p><img decoding=\"async\" src=\"\/wp-content\/uploads\/factory-03.webp\"\/><\/p>\n<h3>hallituse ladustamise ladu<\/h3>\n<p><img decoding=\"async\" src=\"\/wp-content\/uploads\/factory-04.webp\"\/><\/p>\n<h3>43 alumiiniumi ekstrusiooniliini (500-5500 tonni)<\/h3>\n<p><img decoding=\"async\" src=\"\/wp-content\/uploads\/factory-05.webp\"\/><\/p>\n<p><img decoding=\"async\" src=\"\/wp-content\/uploads\/factory-06.webp\"\/><\/p>\n<p><img decoding=\"async\" src=\"\/wp-content\/uploads\/factory-07.webp\"\/><\/p>\n<h3>Pulberv\u00e4rvimise t\u00f6\u00f6koda<\/h3>\n<p><img decoding=\"async\" src=\"\/wp-content\/uploads\/factory-09.webp\"\/><\/p>\n<h3>Anodiseerimise t\u00f6\u00f6koda<\/h3>\n<p><img decoding=\"async\" src=\"\/wp-content\/uploads\/factory-10.webp\"\/><\/p>\n<h3>S\u00fcgavt\u00f6\u00f6tlemise t\u00f6\u00f6tuba<\/h3>\n<p><img decoding=\"async\" src=\"\/wp-content\/uploads\/factory-11.webp\"\/><\/p>\n<h3>CNC-t\u00e4ppist\u00f6\u00f6tlemise t\u00f6\u00f6koda<\/h3>\n<p><img decoding=\"async\" src=\"\/wp-content\/uploads\/factory-11.5.webp\"\/><\/p>\n<h3>Valmistoodete ja ekspordi ladu<\/h3>\n<p><img decoding=\"async\" src=\"\/wp-content\/uploads\/factory-12.webp\"\/><\/p>\n<p><img decoding=\"async\" src=\"\/wp-content\/uploads\/factory-13.webp\"\/><\/p>\n<p><img decoding=\"async\" src=\"\/wp-content\/uploads\/factory-14.webp\"\/><\/p>\n<h2>KKK<\/h2>\n<p><strong>1. Mis on \u00fcmmarguse alumiiniumradiaatori kasutamise peamine eelis?<\/strong><br \/>\u00dcmmargune kuju v\u00f5imaldab t\u00f5husat soojuse hajutamist ja \u00f5huvoolu \u00fchtlast jaotumist.<\/p>\n<p><strong>2. Kas alumiiniumradiaatorit saab kohandada vastavalt meie rakendusele?<\/strong><br \/>Jah, me pakume suuruse ja paigaldusv\u00f5imaluste kohandamist vastavalt konkreetsetele vajadustele.<\/p>\n<p><strong>3. Kuidas aitab alumiinium kaasa radiaatori j\u00f5udlusele?<\/strong><br \/>Alumiiniumil on suurep\u00e4rane soojusjuhtivus ja korrosioonikindlus, mis suurendab soojus\u00fclekannet ja pikaealisust.<\/p>\n<p><strong>4. Kas see radiaator sobib auto- v\u00f5i t\u00f6\u00f6stuslikuks kasutamiseks?<\/strong><br \/>Jah, see on mitmek\u00fclgne ja seda kasutatakse nii auto- kui ka t\u00f6\u00f6stuslikes soojusjuhtimiss\u00fcsteemides.<\/p>\n<p><strong>5. Millised on alumiiniumradiaatori eelised vaskradiaatori ees?<\/strong><br \/>Alumiiniumradiaatorid on kergemad ja sageli kuluefektiivsemad, pakkudes samas suurep\u00e4raseid soojapidavusomadusi.<\/p>\n<p><strong>6. Kas te pakute projekteerimisabi konkreetsete projektide jaoks?<\/strong><br \/>Jah, me pakume projekteerimistuge, et tagada \u00fchilduvus teie olemasolevate s\u00fcsteemidega.<\/p>\n<p><strong>7. Milline on \u00fcmmarguse alumiiniumradiaatori eeldatav eluiga?<\/strong><br \/>N\u00f5uetekohase hoolduse korral on need radiaatorid m\u00f5eldud pikaajaliseks kasutamiseks.<\/p>\n<p><\/p>","protected":false},"featured_media":0,"template":"","categories":[55],"class_list":["post-10958","product","type-product","status-publish","hentry","category-extruded-aluminum-profiles"],"meta_box":{"hilight_text_group":[{"product_hilight_text":"<li>High thermal conductivity for efficient heat dissipation<\/li>\n<li>Lightweight and corrosion-resistant for enhanced durability<\/li>\n<li>Available in various sizes tailored to specific industry needs<\/li>\n<li>Customizable design options to fit unique application requirements<\/li>\n<li>Eco-friendly material with recyclable properties<\/li>"}],"feature_list":[]},"_links":{"self":[{"href":"https:\/\/sinoextrud.com\/et\/wp-json\/wp\/v2\/product\/10958","targetHints":{"allow":["GET"]}}],"collection":[{"href":"https:\/\/sinoextrud.com\/et\/wp-json\/wp\/v2\/product"}],"about":[{"href":"https:\/\/sinoextrud.com\/et\/wp-json\/wp\/v2\/types\/product"}],"wp:attachment":[{"href":"https:\/\/sinoextrud.com\/et\/wp-json\/wp\/v2\/media?parent=10958"}],"wp:term":[{"taxonomy":"category","embeddable":true,"href":"https:\/\/sinoextrud.com\/et\/wp-json\/wp\/v2\/categories?post=10958"}],"curies":[{"name":"wp","href":"https:\/\/api.w.org\/{rel}","templated":true}]}}