{"id":10957,"date":"2025-08-01T03:17:56","date_gmt":"2025-08-01T03:17:56","guid":{"rendered":"https:\/\/sinoextrud.com\/product\/machined-heat-sink-for-precision-components\/"},"modified":"2025-08-01T03:17:56","modified_gmt":"2025-08-01T03:17:56","slug":"toodeldud-jahutusradiaator-tappiskomponentide-jaoks","status":"publish","type":"product","link":"https:\/\/sinoextrud.com\/et\/product\/machined-heat-sink-for-precision-components\/","title":{"rendered":"T\u00f6\u00f6deldud soojuskauss\u00fcsteem t\u00e4psuskomponentide jaoks"},"content":{"rendered":"<h2>Toodete \u00fcksikasjad<\/h2>\n<div class=\"product-table\">\n<div class=\"row\">\n<div class=\"cell label\">Materjal<\/div>\n<div class=\"cell value\">Alumiinium\/teras\/raud\/roostevaba teras\/malmist\/plastist\/<\/div>\n<\/div>\n<div class=\"row\">\n<div class=\"cell label\">Toote nimi<\/div>\n<div class=\"cell value\">Soojusp\u00fc\u00fcdja<\/div>\n<\/div>\n<div class=\"row\">\n<div class=\"cell label\">Teenus<\/div>\n<div class=\"cell value\">\u00dche peatuse teenus. T\u00f6\u00f6tlemine-koostamine<\/div>\n<\/div>\n<div class=\"row\">\n<div class=\"cell label\">Suurus<\/div>\n<div class=\"cell value\">Suurus Kohandatud<\/div>\n<\/div>\n<div class=\"row\">\n<div class=\"cell label\">Pinnat\u00f6\u00f6tlus<\/div>\n<div class=\"cell value\">poleerimine\/selge anodiseerimine\/elektroplaatimine\/\u00f5litr\u00fckk<\/div>\n<\/div>\n<div class=\"row\">\n<div class=\"cell label\">Joonistamise vorming<\/div>\n<div class=\"cell value\">2D\/(PDF\/CAD)3D(IGES\/STEP)<\/div>\n<\/div>\n<div class=\"row\">\n<div class=\"cell label\">Sallivus<\/div>\n<div class=\"cell value\">0,01-0,05mm<\/div>\n<\/div>\n<div class=\"row\">\n<div class=\"cell label\">Tarneaeg<\/div>\n<div class=\"cell value\">7-15 p\u00e4eva<\/div>\n<\/div>\n<div class=\"row\">\n<div class=\"cell label\">MOQ<\/div>\n<div class=\"cell value\">10tk<\/div>\n<\/div>\n<div class=\"row\">\n<div class=\"cell label\">Kuju<\/div>\n<div class=\"cell value\">Sqare<\/div>\n<\/div>\n<div class=\"row\">\n<div class=\"cell label\">M\u00fc\u00fcvad \u00fcksused<\/div>\n<div class=\"cell value\">\u00dcksik ese<\/div>\n<\/div>\n<div class=\"row\">\n<div class=\"cell label\">\u00dche pakendi suurus<\/div>\n<div class=\"cell value\">10X10X2 cm<\/div>\n<\/div>\n<div class=\"row\">\n<div class=\"cell label\">\u00dchtne brutokaal<\/div>\n<div class=\"cell value\">0,100 KG<\/div>\n<\/div>\n<\/div>\n<p><\/p>\n<h2>Meie tootmisbaas<\/h2>\n<h3>Tehase panoraam<\/h3>\n<p><img decoding=\"async\" src=\"\/wp-content\/uploads\/factory-01.webp\"\/><\/p>\n<h3>Alumiiniumvarraste tootmise t\u00f6\u00f6koda<\/h3>\n<p><img decoding=\"async\" src=\"\/wp-content\/uploads\/factory-02.webp\"\/><\/p>\n<p><img decoding=\"async\" src=\"\/wp-content\/uploads\/factory-03.webp\"\/><\/p>\n<h3>hallituse ladustamise ladu<\/h3>\n<p><img decoding=\"async\" src=\"\/wp-content\/uploads\/factory-04.webp\"\/><\/p>\n<h3>43 alumiiniumi ekstrusiooniliini (500-5500 tonni)<\/h3>\n<p><img decoding=\"async\" src=\"\/wp-content\/uploads\/factory-05.webp\"\/><\/p>\n<p><img decoding=\"async\" src=\"\/wp-content\/uploads\/factory-06.webp\"\/><\/p>\n<p><img decoding=\"async\" src=\"\/wp-content\/uploads\/factory-07.webp\"\/><\/p>\n<h3>Pulberv\u00e4rvimise t\u00f6\u00f6koda<\/h3>\n<p><img decoding=\"async\" src=\"\/wp-content\/uploads\/factory-09.webp\"\/><\/p>\n<h3>Anodiseerimise t\u00f6\u00f6koda<\/h3>\n<p><img decoding=\"async\" src=\"\/wp-content\/uploads\/factory-10.webp\"\/><\/p>\n<h3>S\u00fcgavt\u00f6\u00f6tlemise t\u00f6\u00f6tuba<\/h3>\n<p><img decoding=\"async\" src=\"\/wp-content\/uploads\/factory-11.webp\"\/><\/p>\n<h3>CNC-t\u00e4ppist\u00f6\u00f6tlemise t\u00f6\u00f6koda<\/h3>\n<p><img decoding=\"async\" src=\"\/wp-content\/uploads\/factory-11.5.webp\"\/><\/p>\n<h3>Valmistoodete ja ekspordi ladu<\/h3>\n<p><img decoding=\"async\" src=\"\/wp-content\/uploads\/factory-12.webp\"\/><\/p>\n<p><img decoding=\"async\" src=\"\/wp-content\/uploads\/factory-13.webp\"\/><\/p>\n<p><img decoding=\"async\" src=\"\/wp-content\/uploads\/factory-14.webp\"\/><\/p>\n<h2>KKK<\/h2>\n<p><strong>1. Millistest materjalidest on valmistatud t\u00f6\u00f6deldud jahutusradiaator?<\/strong><br \/>Meie t\u00f6\u00f6deldud jahutusradiaatorid on valmistatud kvaliteetsest alumiiniumist v\u00f5i vasest, mis tagab t\u00f5husa soojusjuhtimise.<\/p>\n<p><strong>2. Kas t\u00f6\u00f6deldud jahutusradiaatorit saab kohandada?<\/strong><br \/>Jah, me pakume kohandamist suuruse, kuju ja disaini osas, et vastata teie erin\u00f5uetele.<\/p>\n<p><strong>3. Milline on masint\u00f6\u00f6deldud jahutusradiaatorite lahtiste tellimuste tarneaeg?<\/strong><br \/>Tarneaeg s\u00f5ltub tellimuse mahust ja on tavaliselt 4-6 n\u00e4dalat.<\/p>\n<p><strong>4. Kas kohandatud t\u00f6\u00f6deldud jahutusradade puhul on minimaalne tellimiskogus?<\/strong><br \/>Jah, MOQ varieerub vastavalt kohandamisn\u00f5uetele, tavaliselt alates 100 \u00fchikust.<\/p>\n<p><strong>5. Kas te pakute tehnilist tuge t\u00f6\u00f6deldud jahutusradiaatorite integreerimiseks?<\/strong><br \/>Jah, meie meeskond saab aidata projekteerimise ja integreerimisega, et tagada optimaalne soojapidavus.<\/p>\n<p><strong>6. Kas t\u00f6\u00f6deldud jahutusradade n\u00e4idised on saadaval?<\/strong><br \/>Jah, me saame anda proovid toote hindamiseks enne kogutellimuse vormistamist.<\/p>\n<p><strong>7. Millised t\u00f6\u00f6stusharud kasutavad tavaliselt mehaaniliselt t\u00f6\u00f6deldud jahutusradiaatorit?<\/strong><br \/>T\u00f6\u00f6deldud jahutusradiaatorid leiavad laialdast kasutust elektroonika-, auto-, telekommunikatsiooni- ja t\u00f6\u00f6stusseadmete sektoris.<\/p>\n<p><\/p>","protected":false},"featured_media":10824,"template":"","categories":[72],"class_list":["post-10957","product","type-product","status-publish","has-post-thumbnail","hentry","category-extruded-aluminum-heatsink"],"meta_box":{"hilight_text_group":[{"product_hilight_text":"<li>Precision-machined for optimal thermal performance<\/li>\n<li>Available in various sizes and designs to accommodate diverse applications<\/li>\n<li>Constructed from high-quality materials for enhanced durability<\/li>\n<li>Customizable to fit specific project requirements and branding<\/li>\n<li>Supports high-volume production with competitive pricing for B2B clients<\/li>"}],"feature_list":[]},"_links":{"self":[{"href":"https:\/\/sinoextrud.com\/et\/wp-json\/wp\/v2\/product\/10957","targetHints":{"allow":["GET"]}}],"collection":[{"href":"https:\/\/sinoextrud.com\/et\/wp-json\/wp\/v2\/product"}],"about":[{"href":"https:\/\/sinoextrud.com\/et\/wp-json\/wp\/v2\/types\/product"}],"wp:featuredmedia":[{"embeddable":true,"href":"https:\/\/sinoextrud.com\/et\/wp-json\/wp\/v2\/media\/10824"}],"wp:attachment":[{"href":"https:\/\/sinoextrud.com\/et\/wp-json\/wp\/v2\/media?parent=10957"}],"wp:term":[{"taxonomy":"category","embeddable":true,"href":"https:\/\/sinoextrud.com\/et\/wp-json\/wp\/v2\/categories?post=10957"}],"curies":[{"name":"wp","href":"https:\/\/api.w.org\/{rel}","templated":true}]}}