{"id":10954,"date":"2025-08-01T03:17:25","date_gmt":"2025-08-01T03:17:25","guid":{"rendered":"https:\/\/sinoextrud.com\/product\/round-aluminum-heatsink-for-electrical-products\/"},"modified":"2025-08-01T03:17:25","modified_gmt":"2025-08-01T03:17:25","slug":"ummargune-alumiiniumist-jahutusplaat-elektriliste-toodete-jaoks","status":"publish","type":"product","link":"https:\/\/sinoextrud.com\/et\/product\/round-aluminum-heatsink-for-electrical-products\/","title":{"rendered":"\u00dcmmargune alumiiniumist jahutusalus elektriliste toodete jaoks"},"content":{"rendered":"<h2>Toodete \u00fcksikasjad<\/h2>\n<div class=\"product-table\">\n<div class=\"row\">\n<div class=\"cell label\">Hinne<\/div>\n<div class=\"cell value\">6000 seeria<\/div>\n<\/div>\n<div class=\"row\">\n<div class=\"cell label\">Sallivus<\/div>\n<div class=\"cell value\">\u00c2\u00b10.05<\/div>\n<\/div>\n<div class=\"row\">\n<div class=\"cell label\">Tarneaeg<\/div>\n<div class=\"cell value\">15-25<\/div>\n<\/div>\n<div class=\"row\">\n<div class=\"cell label\">Temper<\/div>\n<div class=\"cell value\">T3-T8<\/div>\n<\/div>\n<div class=\"row\">\n<div class=\"cell label\">Taotlus<\/div>\n<div class=\"cell value\">alumiiniumprofiil<\/div>\n<\/div>\n<div class=\"row\">\n<div class=\"cell label\">Kuju<\/div>\n<div class=\"cell value\">toru<\/div>\n<\/div>\n<div class=\"row\">\n<div class=\"cell label\">Sulam v\u00f5i mitte<\/div>\n<div class=\"cell value\">Kas sulam on sulam<\/div>\n<\/div>\n<div class=\"row\">\n<div class=\"cell label\">T\u00f6\u00f6tlemisteenus<\/div>\n<div class=\"cell value\">Painutamine, keevitamine, keevitamine, stantsimine, l\u00f5ikamine<\/div>\n<\/div>\n<div class=\"row\">\n<div class=\"cell label\">Toote nimi<\/div>\n<div class=\"cell value\">OEM alumiiniumprofiil<\/div>\n<\/div>\n<div class=\"row\">\n<div class=\"cell label\">tolerantsus<\/div>\n<div class=\"cell value\">0.05mm<\/div>\n<\/div>\n<div class=\"row\">\n<div class=\"cell label\">Materjal<\/div>\n<div class=\"cell value\">6063,6061,6005,6005A,6082,6463,7005,3003<\/div>\n<\/div>\n<div class=\"row\">\n<div class=\"cell label\">Temper<\/div>\n<div class=\"cell value\">T4,T5,T6<\/div>\n<\/div>\n<div class=\"row\">\n<div class=\"cell label\">Rohkem t\u00f6\u00f6tlemist<\/div>\n<div class=\"cell value\">kohandatud<\/div>\n<\/div>\n<div class=\"row\">\n<div class=\"cell label\">Pinna viimistlus<\/div>\n<div class=\"cell value\">Pulbriga katmine, anodeerimine, veski viimistlus, liivapritsimine jne.<\/div>\n<\/div>\n<div class=\"row\">\n<div class=\"cell label\">materjal<\/div>\n<div class=\"cell value\">6063,6061,6005,6005A,6082<\/div>\n<\/div>\n<div class=\"row\">\n<div class=\"cell label\">QC<\/div>\n<div class=\"cell value\">100% Range kontroll iga t\u00f6\u00f6tlemise puhul<\/div>\n<\/div>\n<div class=\"row\">\n<div class=\"cell label\">\u00dchekordne teenus<\/div>\n<div class=\"cell value\">Kohandatud disain, valmistamine, montaa\u017e ja tarnimine<\/div>\n<\/div>\n<div class=\"row\">\n<div class=\"cell label\">Suurus<\/div>\n<div class=\"cell value\">kohandatud<\/div>\n<\/div>\n<div class=\"row\">\n<div class=\"cell label\">M\u00fc\u00fcvad \u00fcksused<\/div>\n<div class=\"cell value\">\u00dcksik ese<\/div>\n<\/div>\n<div class=\"row\">\n<div class=\"cell label\">\u00dche pakendi suurus<\/div>\n<div class=\"cell value\">4X6X3 cm<\/div>\n<\/div>\n<div class=\"row\">\n<div class=\"cell label\">\u00dchtne brutokaal<\/div>\n<div class=\"cell value\">1,361 KG<\/div>\n<\/div>\n<\/div>\n<p><\/p>\n<h2>Meie tootmisbaas<\/h2>\n<h3>Tehase panoraam<\/h3>\n<p><img decoding=\"async\" src=\"\/wp-content\/uploads\/factory-01.webp\"\/><\/p>\n<h3>Alumiiniumvarraste tootmise t\u00f6\u00f6koda<\/h3>\n<p><img decoding=\"async\" src=\"\/wp-content\/uploads\/factory-02.webp\"\/><\/p>\n<p><img decoding=\"async\" src=\"\/wp-content\/uploads\/factory-03.webp\"\/><\/p>\n<h3>hallituse ladustamise ladu<\/h3>\n<p><img decoding=\"async\" src=\"\/wp-content\/uploads\/factory-04.webp\"\/><\/p>\n<h3>43 alumiiniumi ekstrusiooniliini (500-5500 tonni)<\/h3>\n<p><img decoding=\"async\" src=\"\/wp-content\/uploads\/factory-05.webp\"\/><\/p>\n<p><img decoding=\"async\" src=\"\/wp-content\/uploads\/factory-06.webp\"\/><\/p>\n<p><img decoding=\"async\" src=\"\/wp-content\/uploads\/factory-07.webp\"\/><\/p>\n<h3>Pulberv\u00e4rvimise t\u00f6\u00f6koda<\/h3>\n<p><img decoding=\"async\" src=\"\/wp-content\/uploads\/factory-09.webp\"\/><\/p>\n<h3>Anodiseerimise t\u00f6\u00f6koda<\/h3>\n<p><img decoding=\"async\" src=\"\/wp-content\/uploads\/factory-10.webp\"\/><\/p>\n<h3>S\u00fcgavt\u00f6\u00f6tlemise t\u00f6\u00f6tuba<\/h3>\n<p><img decoding=\"async\" src=\"\/wp-content\/uploads\/factory-11.webp\"\/><\/p>\n<h3>CNC-t\u00e4ppist\u00f6\u00f6tlemise t\u00f6\u00f6koda<\/h3>\n<p><img decoding=\"async\" src=\"\/wp-content\/uploads\/factory-11.5.webp\"\/><\/p>\n<h3>Valmistoodete ja ekspordi ladu<\/h3>\n<p><img decoding=\"async\" src=\"\/wp-content\/uploads\/factory-12.webp\"\/><\/p>\n<p><img decoding=\"async\" src=\"\/wp-content\/uploads\/factory-13.webp\"\/><\/p>\n<p><img decoding=\"async\" src=\"\/wp-content\/uploads\/factory-14.webp\"\/><\/p>\n<h2>KKK<\/h2>\n<p><strong>1. Millised on alumiiniumist jahutusradiaatori kasutamise eelised?<\/strong><br \/>Alumiiniumist jahutusradiaatorid tagavad suurep\u00e4rase soojusjuhtivuse ja kerge vastupidavuse, mis on ideaalne elektroonika soojusjuhtimiseks.<\/p>\n<p><strong>2. Kas \u00fcmmargune alumiiniumist jahutusplaat on kohandatav?<\/strong><br \/>Jah, pakume kohandatavaid valikuid suuruse, konfiguratsiooni ja br\u00e4ndi osas lahtiste tellimuste puhul.<\/p>\n<p><strong>3. Kas see jahutusplaat \u00fchildub k\u00f5igi elektriliste toodetega?<\/strong><br \/>Kuigi need on m\u00f5eldud mitmek\u00fclgsuse tagamiseks, s\u00f5ltub \u00fchilduvus konkreetsetest tootem\u00f5\u00f5tmetest ja soojusn\u00f5uetest.<\/p>\n<p><strong>4. Kuidas aitab \u00fcmmargune kuju kaasa soojuse hajutamisele?<\/strong><br \/>\u00dcmmargune kuju v\u00f5imaldab \u00fchtlasemat soojusjaotust ja paremat \u00f5huvoolu, mis parandab soojusjuhtimist.<\/p>\n<p><strong>5. Milline on minimaalne tellimuse kogus jahutusradade ostmiseks?<\/strong><br \/>Meie MOQ on paindlik, s\u00f5ltuvalt konkreetsetest n\u00f5uetest ja soovitud kohandatud v\u00f5imalustest.<\/p>\n<p><strong>6. Kas te pakute tehnilist tuge jahutusplaadi integreerimiseks meie toodetega?<\/strong><br \/>Jah, pakume tehnilist konsultatsiooni, et tagada optimaalne integreerimine teie elektriseadmetega.<\/p>\n<p><strong>7. Kas jahutusradade jaoks on saadaval keskkonnas\u00f5bralikke materjale?<\/strong><br \/>Jah, soovi korral saame pakkuda keskkonnas\u00f5bralikke materjalivalikuid.<\/p>\n<p><\/p>","protected":false},"featured_media":10826,"template":"","categories":[72],"class_list":["post-10954","product","type-product","status-publish","has-post-thumbnail","hentry","category-extruded-aluminum-heatsink"],"meta_box":{"hilight_text_group":[{"product_hilight_text":"<li>Efficient thermal management for improved electronics performance<\/li>\n<li>Lightweight and robust design specifically for electrical products<\/li>\n<li>Customizable dimensions and configurations to suit various applications<\/li>\n<li>Made from high-quality aluminum for superior thermal conductivity<\/li>\n<li>Supports bulk orders with custom logo and branding services<\/li>"}],"feature_list":[]},"_links":{"self":[{"href":"https:\/\/sinoextrud.com\/et\/wp-json\/wp\/v2\/product\/10954","targetHints":{"allow":["GET"]}}],"collection":[{"href":"https:\/\/sinoextrud.com\/et\/wp-json\/wp\/v2\/product"}],"about":[{"href":"https:\/\/sinoextrud.com\/et\/wp-json\/wp\/v2\/types\/product"}],"wp:featuredmedia":[{"embeddable":true,"href":"https:\/\/sinoextrud.com\/et\/wp-json\/wp\/v2\/media\/10826"}],"wp:attachment":[{"href":"https:\/\/sinoextrud.com\/et\/wp-json\/wp\/v2\/media?parent=10954"}],"wp:term":[{"taxonomy":"category","embeddable":true,"href":"https:\/\/sinoextrud.com\/et\/wp-json\/wp\/v2\/categories?post=10954"}],"curies":[{"name":"wp","href":"https:\/\/api.w.org\/{rel}","templated":true}]}}