{"id":10953,"date":"2025-08-01T03:17:23","date_gmt":"2025-08-01T03:17:23","guid":{"rendered":"https:\/\/sinoextrud.com\/product\/power-dissipation-heat-sink-for-control-systems\/"},"modified":"2025-08-01T03:17:23","modified_gmt":"2025-08-01T03:17:23","slug":"juhtimissusteemide-elektrienergia-hajutamise-soojusalvestus","status":"publish","type":"product","link":"https:\/\/sinoextrud.com\/et\/product\/power-dissipation-heat-sink-for-control-systems\/","title":{"rendered":"V\u00f5imsuse hajutamise soojussalvesti juhtimiss\u00fcsteemidele"},"content":{"rendered":"<h2>Toodete \u00fcksikasjad<\/h2>\n<div class=\"product-table\">\n<div class=\"row\">\n<div class=\"cell label\">Hinne<\/div>\n<div class=\"cell value\">6000 seeria<\/div>\n<\/div>\n<div class=\"row\">\n<div class=\"cell label\">Sallivus<\/div>\n<div class=\"cell value\">\u00c2\u00b11%<\/div>\n<\/div>\n<div class=\"row\">\n<div class=\"cell label\">Tarneaeg<\/div>\n<div class=\"cell value\">8-14 p\u00e4eva<\/div>\n<\/div>\n<div class=\"row\">\n<div class=\"cell label\">Temper<\/div>\n<div class=\"cell value\">T3-T8<\/div>\n<\/div>\n<div class=\"row\">\n<div class=\"cell label\">Taotlus<\/div>\n<div class=\"cell value\">Soojusp\u00fc\u00fcdja<\/div>\n<\/div>\n<div class=\"row\">\n<div class=\"cell label\">Kuju<\/div>\n<div class=\"cell value\">T - Profiil<\/div>\n<\/div>\n<div class=\"row\">\n<div class=\"cell label\">Sulam v\u00f5i mitte<\/div>\n<div class=\"cell value\">Kas sulam on sulam<\/div>\n<\/div>\n<div class=\"row\">\n<div class=\"cell label\">T\u00f6\u00f6tlemisteenus<\/div>\n<div class=\"cell value\">Painutamine, keevitamine, keevitamine, stantsimine, l\u00f5ikamine<\/div>\n<\/div>\n<div class=\"row\">\n<div class=\"cell label\">Toote nimi<\/div>\n<div class=\"cell value\">Alumiiniumist soojuss\u00f5lm<\/div>\n<\/div>\n<div class=\"row\">\n<div class=\"cell label\">Sertifitseerimine<\/div>\n<div class=\"cell value\">ISO9001<\/div>\n<\/div>\n<div class=\"row\">\n<div class=\"cell label\">Pinnat\u00f6\u00f6tlus<\/div>\n<div class=\"cell value\">Anodeeritud<\/div>\n<\/div>\n<div class=\"row\">\n<div class=\"cell label\">V\u00e4rv<\/div>\n<div class=\"cell value\">Kohandatud v\u00e4rv<\/div>\n<\/div>\n<div class=\"row\">\n<div class=\"cell label\">Materjal<\/div>\n<div class=\"cell value\">Sulam 6063\/6061\/661\/6005\/6060 T5\/T6 jne.<\/div>\n<\/div>\n<div class=\"row\">\n<div class=\"cell label\">Pikkus<\/div>\n<div class=\"cell value\">Kohandatud pikkus<\/div>\n<\/div>\n<div class=\"row\">\n<div class=\"cell label\">Suurus<\/div>\n<div class=\"cell value\">Kohandatud suurus<\/div>\n<\/div>\n<div class=\"row\">\n<div class=\"cell label\">T\u00fc\u00fcp<\/div>\n<div class=\"cell value\">OEM alumiiniumist ekstrusioonid Heat Sink<\/div>\n<\/div>\n<div class=\"row\">\n<div class=\"cell label\">M\u00e4rks\u00f5na<\/div>\n<div class=\"cell value\">Soojuskaevu ekstrusioon<\/div>\n<\/div>\n<div class=\"row\">\n<div class=\"cell label\">Paksus<\/div>\n<div class=\"cell value\">0.2mm ~ 3mm \/ kohandatud<\/div>\n<\/div>\n<div class=\"row\">\n<div class=\"cell label\">M\u00fc\u00fcvad \u00fcksused<\/div>\n<div class=\"cell value\">\u00dcksik ese<\/div>\n<\/div>\n<div class=\"row\">\n<div class=\"cell label\">\u00dche pakendi suurus<\/div>\n<div class=\"cell value\">6X6X10 cm<\/div>\n<\/div>\n<div class=\"row\">\n<div class=\"cell label\">\u00dchtne brutokaal<\/div>\n<div class=\"cell value\">1.000 KG<\/div>\n<\/div>\n<\/div>\n<p><\/p>\n<h2>Meie tootmisbaas<\/h2>\n<h3>Tehase panoraam<\/h3>\n<p><img decoding=\"async\" src=\"\/wp-content\/uploads\/factory-01.webp\"\/><\/p>\n<h3>Alumiiniumvarraste tootmise t\u00f6\u00f6koda<\/h3>\n<p><img decoding=\"async\" src=\"\/wp-content\/uploads\/factory-02.webp\"\/><\/p>\n<p><img decoding=\"async\" src=\"\/wp-content\/uploads\/factory-03.webp\"\/><\/p>\n<h3>hallituse ladustamise ladu<\/h3>\n<p><img decoding=\"async\" src=\"\/wp-content\/uploads\/factory-04.webp\"\/><\/p>\n<h3>43 alumiiniumi ekstrusiooniliini (500-5500 tonni)<\/h3>\n<p><img decoding=\"async\" src=\"\/wp-content\/uploads\/factory-05.webp\"\/><\/p>\n<p><img decoding=\"async\" src=\"\/wp-content\/uploads\/factory-06.webp\"\/><\/p>\n<p><img decoding=\"async\" src=\"\/wp-content\/uploads\/factory-07.webp\"\/><\/p>\n<h3>Pulberv\u00e4rvimise t\u00f6\u00f6koda<\/h3>\n<p><img decoding=\"async\" src=\"\/wp-content\/uploads\/factory-09.webp\"\/><\/p>\n<h3>Anodiseerimise t\u00f6\u00f6koda<\/h3>\n<p><img decoding=\"async\" src=\"\/wp-content\/uploads\/factory-10.webp\"\/><\/p>\n<h3>S\u00fcgavt\u00f6\u00f6tlemise t\u00f6\u00f6tuba<\/h3>\n<p><img decoding=\"async\" src=\"\/wp-content\/uploads\/factory-11.webp\"\/><\/p>\n<h3>CNC-t\u00e4ppist\u00f6\u00f6tlemise t\u00f6\u00f6koda<\/h3>\n<p><img decoding=\"async\" src=\"\/wp-content\/uploads\/factory-11.5.webp\"\/><\/p>\n<h3>Valmistoodete ja ekspordi ladu<\/h3>\n<p><img decoding=\"async\" src=\"\/wp-content\/uploads\/factory-12.webp\"\/><\/p>\n<p><img decoding=\"async\" src=\"\/wp-content\/uploads\/factory-13.webp\"\/><\/p>\n<p><img decoding=\"async\" src=\"\/wp-content\/uploads\/factory-14.webp\"\/><\/p>\n<h2>KKK<\/h2>\n<p><strong>1. Milline on v\u00f5imsuse hajutamise soojussalvesti esmane \u00fclesanne?<\/strong><br \/>Seda kasutatakse elektroonikakomponentide soojuse juhtimiseks ja hajutamiseks, et suurendada j\u00f5udlust ja pikaealisust.<\/p>\n<p><strong>2. Kas v\u00f5imsuse hajutamise soojuss\u00f5lme saab kohandada?<\/strong><br \/>Jah, seda saab kohandada suuruse, kuju ja materjali poolest vastavalt konkreetsetele n\u00f5uetele.<\/p>\n<p><strong>3. Milliseid materjale kasutatakse jahutusradiaatori valmistamisel?<\/strong><br \/>T\u00f5husaks soojusjuhtivuseks on jahutusradiaator tavaliselt valmistatud alumiiniumist v\u00f5i vasest.<\/p>\n<p><strong>4. Kas v\u00f5imsuse hajutamise soojuss\u00f5lm sobib suure v\u00f5imsusega rakenduste jaoks?<\/strong><br \/>Jah, see on m\u00f5eldud suure v\u00f5imsusega keskkondades soojuse t\u00f5husaks k\u00e4itlemiseks ja hajutamiseks.<\/p>\n<p><strong>5. Kas jahutusradiaator on korrosioonikindla kattega?<\/strong><br \/>Jah, see on kaetud korrosioonikindlaks ja s\u00e4ilitab vastupidavuse aja jooksul.<\/p>\n<p><strong>6. Kuidas parandab jahutusradiaator elektroonikakomponentide eluiga?<\/strong><br \/>T\u00f5husalt soojust hajutades hoiab see \u00e4ra \u00fclekuumenemise ja elektroonikakomponentide v\u00f5imaliku kahjustumise.<\/p>\n<p><strong>7. Kas tehniline tugi on saadaval, et integreerida jahutusradiaator meie toodetesse?<\/strong><br \/>Jah, tehnilist tuge pakutakse, et aidata integreerimisel ja tagada optimaalne j\u00f5udlus.<\/p>\n<p><\/p>","protected":false},"featured_media":10827,"template":"","categories":[72],"class_list":["post-10953","product","type-product","status-publish","has-post-thumbnail","hentry","category-extruded-aluminum-heatsink"],"meta_box":{"hilight_text_group":[{"product_hilight_text":"<li>Efficient thermal management for electronic components<\/li>\n<li>Customizable shapes and sizes to fit various applications<\/li>\n<li>Made from high-quality materials for optimal performance<\/li>\n<li>Supports high power applications with effective heat dissipation<\/li>\n<li>Corrosion-resistant coating for durability<\/li>"}],"feature_list":[]},"_links":{"self":[{"href":"https:\/\/sinoextrud.com\/et\/wp-json\/wp\/v2\/product\/10953","targetHints":{"allow":["GET"]}}],"collection":[{"href":"https:\/\/sinoextrud.com\/et\/wp-json\/wp\/v2\/product"}],"about":[{"href":"https:\/\/sinoextrud.com\/et\/wp-json\/wp\/v2\/types\/product"}],"wp:featuredmedia":[{"embeddable":true,"href":"https:\/\/sinoextrud.com\/et\/wp-json\/wp\/v2\/media\/10827"}],"wp:attachment":[{"href":"https:\/\/sinoextrud.com\/et\/wp-json\/wp\/v2\/media?parent=10953"}],"wp:term":[{"taxonomy":"category","embeddable":true,"href":"https:\/\/sinoextrud.com\/et\/wp-json\/wp\/v2\/categories?post=10953"}],"curies":[{"name":"wp","href":"https:\/\/api.w.org\/{rel}","templated":true}]}}