{"id":10949,"date":"2025-08-01T03:17:13","date_gmt":"2025-08-01T03:17:13","guid":{"rendered":"https:\/\/sinoextrud.com\/product\/aluminum-vapor-chamber-heat-sink-for-electronics\/"},"modified":"2025-08-01T03:17:13","modified_gmt":"2025-08-01T03:17:13","slug":"alumiiniumist-aurukambriga-soojusradiaator-elektroonika-jaoks","status":"publish","type":"product","link":"https:\/\/sinoextrud.com\/et\/product\/aluminum-vapor-chamber-heat-sink-for-electronics\/","title":{"rendered":"Alumiinium Vapor Chamber Heat Sink elektroonika jaoks"},"content":{"rendered":"<h2>Toodete \u00fcksikasjad<\/h2>\n<div class=\"product-table\">\n<div class=\"row\">\n<div class=\"cell label\">CNC-t\u00f6\u00f6tlus v\u00f5i mitte<\/div>\n<div class=\"cell value\">Cnc mehaaniline t\u00f6\u00f6tlemine<\/div>\n<\/div>\n<div class=\"row\">\n<div class=\"cell label\">Materjalide v\u00f5imekus<\/div>\n<div class=\"cell value\">Alumiinium, messing, pronks, vask, karastatud metallid, v\u00e4\u00e4rismetallid, roostevaba teras, terasesulamid, titaan CNC<\/div>\n<\/div>\n<div class=\"row\">\n<div class=\"cell label\">T\u00fc\u00fcp<\/div>\n<div class=\"cell value\">Freesimine, Puurimine, Keemiline s\u00f6\u00f6vitus \/ keemiline t\u00f6\u00f6tlemine, Lasert\u00f6\u00f6tlus, Freesimine, Muud t\u00f6\u00f6tlemisteenused, Treimine, S\u00f6\u00f6vitust\u00f6\u00f6d, Kiirprotot\u00fc\u00fcpide valmistamine<\/div>\n<\/div>\n<div class=\"row\">\n<div class=\"cell label\">Mikrot\u00f6\u00f6tlemine v\u00f5i mitte<\/div>\n<div class=\"cell value\">Mikrot\u00f6\u00f6tlemine<\/div>\n<\/div>\n<div class=\"row\">\n<div class=\"cell label\">Toote nimi<\/div>\n<div class=\"cell value\">Jahutusplaadi mehaaniline t\u00f6\u00f6tlemine<\/div>\n<\/div>\n<div class=\"row\">\n<div class=\"cell label\">Sallivus<\/div>\n<div class=\"cell value\">0.002mm<\/div>\n<\/div>\n<div class=\"row\">\n<div class=\"cell label\">OEM\/ODM<\/div>\n<div class=\"cell value\">Aktsepteeritav<\/div>\n<\/div>\n<div class=\"row\">\n<div class=\"cell label\">Protsess<\/div>\n<div class=\"cell value\">Cnc mehaaniline t\u00f6\u00f6tlemine+deburrid<\/div>\n<\/div>\n<div class=\"row\">\n<div class=\"cell label\">Joonistamise vorming<\/div>\n<div class=\"cell value\">DWG, STP<\/div>\n<\/div>\n<div class=\"row\">\n<div class=\"cell label\">Logo<\/div>\n<div class=\"cell value\">Kliendi logo<\/div>\n<\/div>\n<div class=\"row\">\n<div class=\"cell label\">Pinnat\u00f6\u00f6tlus<\/div>\n<div class=\"cell value\">Vastavalt taotlusele<\/div>\n<\/div>\n<div class=\"row\">\n<div class=\"cell label\">Pakkimine<\/div>\n<div class=\"cell value\">Pol\u00fckott + sisemine kast + karp<\/div>\n<\/div>\n<div class=\"row\">\n<div class=\"cell label\">Sertifitseerimine<\/div>\n<div class=\"cell value\">ISO9001:2018\/ROSH<\/div>\n<\/div>\n<div class=\"row\">\n<div class=\"cell label\">MOQ<\/div>\n<div class=\"cell value\">1PCS<\/div>\n<\/div>\n<div class=\"row\">\n<div class=\"cell label\">M\u00fc\u00fcvad \u00fcksused<\/div>\n<div class=\"cell value\">\u00dcksik ese<\/div>\n<\/div>\n<div class=\"row\">\n<div class=\"cell label\">\u00dche pakendi suurus<\/div>\n<div class=\"cell value\">35X25X25 cm<\/div>\n<\/div>\n<div class=\"row\">\n<div class=\"cell label\">\u00dchtne brutokaal<\/div>\n<div class=\"cell value\">1.000 KG<\/div>\n<\/div>\n<\/div>\n<p><\/p>\n<h2>Meie tootmisbaas<\/h2>\n<h3>Tehase panoraam<\/h3>\n<p><img decoding=\"async\" src=\"\/wp-content\/uploads\/factory-01.webp\"\/><\/p>\n<h3>Alumiiniumvarraste tootmise t\u00f6\u00f6koda<\/h3>\n<p><img decoding=\"async\" src=\"\/wp-content\/uploads\/factory-02.webp\"\/><\/p>\n<p><img decoding=\"async\" src=\"\/wp-content\/uploads\/factory-03.webp\"\/><\/p>\n<h3>hallituse ladustamise ladu<\/h3>\n<p><img decoding=\"async\" src=\"\/wp-content\/uploads\/factory-04.webp\"\/><\/p>\n<h3>43 alumiiniumi ekstrusiooniliini (500-5500 tonni)<\/h3>\n<p><img decoding=\"async\" src=\"\/wp-content\/uploads\/factory-05.webp\"\/><\/p>\n<p><img decoding=\"async\" src=\"\/wp-content\/uploads\/factory-06.webp\"\/><\/p>\n<p><img decoding=\"async\" src=\"\/wp-content\/uploads\/factory-07.webp\"\/><\/p>\n<h3>Pulberv\u00e4rvimise t\u00f6\u00f6koda<\/h3>\n<p><img decoding=\"async\" src=\"\/wp-content\/uploads\/factory-09.webp\"\/><\/p>\n<h3>Anodiseerimise t\u00f6\u00f6koda<\/h3>\n<p><img decoding=\"async\" src=\"\/wp-content\/uploads\/factory-10.webp\"\/><\/p>\n<h3>S\u00fcgavt\u00f6\u00f6tlemise t\u00f6\u00f6tuba<\/h3>\n<p><img decoding=\"async\" src=\"\/wp-content\/uploads\/factory-11.webp\"\/><\/p>\n<h3>CNC-t\u00e4ppist\u00f6\u00f6tlemise t\u00f6\u00f6koda<\/h3>\n<p><img decoding=\"async\" src=\"\/wp-content\/uploads\/factory-11.5.webp\"\/><\/p>\n<h3>Valmistoodete ja ekspordi ladu<\/h3>\n<p><img decoding=\"async\" src=\"\/wp-content\/uploads\/factory-12.webp\"\/><\/p>\n<p><img decoding=\"async\" src=\"\/wp-content\/uploads\/factory-13.webp\"\/><\/p>\n<p><img decoding=\"async\" src=\"\/wp-content\/uploads\/factory-14.webp\"\/><\/p>\n<h2>KKK<\/h2>\n<p><strong>1. Milliseid materjale kasutatakse alumiiniumist aurukambriga soojuss\u00f5lme puhul?<\/strong><br \/>K\u00f5rge kvaliteediga alumiiniumist valmistatud jahutusradiaator tagab optimaalse soojuse hajutamise.<\/p>\n<p><strong>2. Kas alumiiniumist aurukambriga soojuss\u00f5lme saab kohandada konkreetsete rakenduste jaoks?<\/strong><br \/>Jah, seda saab kohandada suuruse ja kujuga vastavalt seadme konkreetsetele vajadustele.<\/p>\n<p><strong>3. Kuidas parandab aurukambri tehnoloogia jahutust?<\/strong><br \/>Aurukamber jaotab t\u00f5husalt soojust, pakkudes paremat soojusjuhtimist kui traditsioonilised lahendused.<\/p>\n<p><strong>4. Kas see jahutusradiaator sobib suure j\u00f5udlusega elektroonika jaoks?<\/strong><br \/>Jah, see on kavandatud vastama suure j\u00f5udlusega elektroonikakomponentide jahutusn\u00f5uetele.<\/p>\n<p><strong>5. Millised t\u00f6\u00f6stusharud saavad alumiiniumist aurukambriga soojussalvesti kasutamisest kasu?<\/strong><br \/>See toode sobib ideaalselt telekommunikatsiooni-, arvuti- ja tarbeelektroonikat\u00f6\u00f6stusele.<\/p>\n<p><strong>6. Kas selle toote puhul on keskkonnakaalutlusi?<\/strong><br \/>Jah, alumiiniumkonstruktsioon on taaskasutatav ja keskkonnas\u00f5bralik.<\/p>\n<p><strong>7. Kas pakute tehnilist tuge seadmetesse integreerimiseks?<\/strong><br \/>Jah, me pakume igak\u00fclgset tehnilist tuge, et integreerida jahutusradiaator teie toodetesse.<\/p>\n<p><\/p>","protected":false},"featured_media":10776,"template":"","categories":[72],"class_list":["post-10949","product","type-product","status-publish","has-post-thumbnail","hentry","category-extruded-aluminum-heatsink"],"meta_box":{"hilight_text_group":[{"product_hilight_text":"<li>Ensures efficient heat dissipation in electronic devices<\/li>\n<li>Lightweight aluminum construction for reduced load<\/li>\n<li>Customizable dimensions to fit various device configurations<\/li>\n<li>High thermal conductivity for enhanced cooling performance<\/li>\n<li>Supports integration in both consumer and industrial electronics<\/li>"}],"feature_list":[]},"_links":{"self":[{"href":"https:\/\/sinoextrud.com\/et\/wp-json\/wp\/v2\/product\/10949","targetHints":{"allow":["GET"]}}],"collection":[{"href":"https:\/\/sinoextrud.com\/et\/wp-json\/wp\/v2\/product"}],"about":[{"href":"https:\/\/sinoextrud.com\/et\/wp-json\/wp\/v2\/types\/product"}],"wp:featuredmedia":[{"embeddable":true,"href":"https:\/\/sinoextrud.com\/et\/wp-json\/wp\/v2\/media\/10776"}],"wp:attachment":[{"href":"https:\/\/sinoextrud.com\/et\/wp-json\/wp\/v2\/media?parent=10949"}],"wp:term":[{"taxonomy":"category","embeddable":true,"href":"https:\/\/sinoextrud.com\/et\/wp-json\/wp\/v2\/categories?post=10949"}],"curies":[{"name":"wp","href":"https:\/\/api.w.org\/{rel}","templated":true}]}}