{"id":10948,"date":"2025-08-01T03:17:11","date_gmt":"2025-08-01T03:17:11","guid":{"rendered":"https:\/\/sinoextrud.com\/product\/anodized-aluminum-bluetooth-casing\/"},"modified":"2025-08-01T03:17:11","modified_gmt":"2025-08-01T03:17:11","slug":"anodeeritud-alumiiniumist-bluetooth-korpus","status":"publish","type":"product","link":"https:\/\/sinoextrud.com\/et\/product\/anodized-aluminum-bluetooth-casing\/","title":{"rendered":"Anodeeritud alumiiniumist Bluetooth korpus"},"content":{"rendered":"<h2>Toodete \u00fcksikasjad<\/h2>\n<div class=\"product-table\">\n<div class=\"row\">\n<div class=\"cell label\">CNC-t\u00f6\u00f6tlus v\u00f5i mitte<\/div>\n<div class=\"cell value\">Cnc mehaaniline t\u00f6\u00f6tlemine<\/div>\n<\/div>\n<div class=\"row\">\n<div class=\"cell label\">Materjalide v\u00f5imekus<\/div>\n<div class=\"cell value\">Alumiinium, messing, pronks, vask, karastatud metallid, v\u00e4\u00e4rismetallid, roostevaba teras, terasesulamid<\/div>\n<\/div>\n<div class=\"row\">\n<div class=\"cell label\">T\u00fc\u00fcp<\/div>\n<div class=\"cell value\">Freesimine, Puurimine, Keemiline s\u00f6\u00f6vitus \/ keemiline t\u00f6\u00f6tlemine, Lasert\u00f6\u00f6tlus, Freesimine, Muud t\u00f6\u00f6tlemisteenused, Treimine, S\u00f6\u00f6vitust\u00f6\u00f6d, Kiirprotot\u00fc\u00fcpide valmistamine<\/div>\n<\/div>\n<div class=\"row\">\n<div class=\"cell label\">Mikrot\u00f6\u00f6tlemine v\u00f5i mitte<\/div>\n<div class=\"cell value\">Mitte mikrot\u00f6\u00f6tlus<\/div>\n<\/div>\n<div class=\"row\">\n<div class=\"cell label\">Materjal<\/div>\n<div class=\"cell value\">Alumiuminum<\/div>\n<\/div>\n<div class=\"row\">\n<div class=\"cell label\">Protsess<\/div>\n<div class=\"cell value\">CNC-t\u00f6\u00f6deldud<\/div>\n<\/div>\n<div class=\"row\">\n<div class=\"cell label\">M\u00e4rks\u00f5na<\/div>\n<div class=\"cell value\">CNC-t\u00f6\u00f6tlus kohandatud OEM-teenus<\/div>\n<\/div>\n<div class=\"row\">\n<div class=\"cell label\">Toote nimi<\/div>\n<div class=\"cell value\">Cnc masinaosad<\/div>\n<\/div>\n<div class=\"row\">\n<div class=\"cell label\">V\u00e4rv<\/div>\n<div class=\"cell value\">Kohandatud v\u00e4rv<\/div>\n<\/div>\n<div class=\"row\">\n<div class=\"cell label\">Pakkimine<\/div>\n<div class=\"cell value\">Kohandatud pakkimine<\/div>\n<\/div>\n<div class=\"row\">\n<div class=\"cell label\">MOQ<\/div>\n<div class=\"cell value\">V\u00e4ikeste tellimuste vastuv\u00f5tmine<\/div>\n<\/div>\n<div class=\"row\">\n<div class=\"cell label\">N\u00e4ide<\/div>\n<div class=\"cell value\">V\u00f5tke n\u00e4idistellimusi vastu<\/div>\n<\/div>\n<div class=\"row\">\n<div class=\"cell label\">M\u00fc\u00fcvad \u00fcksused<\/div>\n<div class=\"cell value\">\u00dcksik ese<\/div>\n<\/div>\n<div class=\"row\">\n<div class=\"cell label\">\u00dche pakendi suurus<\/div>\n<div class=\"cell value\">10X8X10 cm<\/div>\n<\/div>\n<div class=\"row\">\n<div class=\"cell label\">\u00dchtne brutokaal<\/div>\n<div class=\"cell value\">0,100 KG<\/div>\n<\/div>\n<\/div>\n<p><\/p>\n<h2>Meie tootmisbaas<\/h2>\n<h3>Tehase panoraam<\/h3>\n<p><img decoding=\"async\" src=\"\/wp-content\/uploads\/factory-01.webp\"\/><\/p>\n<h3>Alumiiniumvarraste tootmise t\u00f6\u00f6koda<\/h3>\n<p><img decoding=\"async\" src=\"\/wp-content\/uploads\/factory-02.webp\"\/><\/p>\n<p><img decoding=\"async\" src=\"\/wp-content\/uploads\/factory-03.webp\"\/><\/p>\n<h3>hallituse ladustamise ladu<\/h3>\n<p><img decoding=\"async\" src=\"\/wp-content\/uploads\/factory-04.webp\"\/><\/p>\n<h3>43 alumiiniumi ekstrusiooniliini (500-5500 tonni)<\/h3>\n<p><img decoding=\"async\" src=\"\/wp-content\/uploads\/factory-05.webp\"\/><\/p>\n<p><img decoding=\"async\" src=\"\/wp-content\/uploads\/factory-06.webp\"\/><\/p>\n<p><img decoding=\"async\" src=\"\/wp-content\/uploads\/factory-07.webp\"\/><\/p>\n<h3>Pulberv\u00e4rvimise t\u00f6\u00f6koda<\/h3>\n<p><img decoding=\"async\" src=\"\/wp-content\/uploads\/factory-09.webp\"\/><\/p>\n<h3>Anodiseerimise t\u00f6\u00f6koda<\/h3>\n<p><img decoding=\"async\" src=\"\/wp-content\/uploads\/factory-10.webp\"\/><\/p>\n<h3>S\u00fcgavt\u00f6\u00f6tlemise t\u00f6\u00f6tuba<\/h3>\n<p><img decoding=\"async\" src=\"\/wp-content\/uploads\/factory-11.webp\"\/><\/p>\n<h3>CNC-t\u00e4ppist\u00f6\u00f6tlemise t\u00f6\u00f6koda<\/h3>\n<p><img decoding=\"async\" src=\"\/wp-content\/uploads\/factory-11.5.webp\"\/><\/p>\n<h3>Valmistoodete ja ekspordi ladu<\/h3>\n<p><img decoding=\"async\" src=\"\/wp-content\/uploads\/factory-12.webp\"\/><\/p>\n<p><img decoding=\"async\" src=\"\/wp-content\/uploads\/factory-13.webp\"\/><\/p>\n<p><img decoding=\"async\" src=\"\/wp-content\/uploads\/factory-14.webp\"\/><\/p>\n<h2>KKK<\/h2>\n<p><strong>1. Kas see anodeeritud alumiiniumist Bluetooth-korpus on kohandatav?<\/strong><br \/>Jah, me pakume kohandamisv\u00f5imalusi, sealhulgas v\u00e4rvi ja logo kujundamist.<\/p>\n<p><strong>2. Kas korpus toetab erinevaid Bluetooth-seadmete mudeleid?<\/strong><br \/>Korpus on kavandatud nii, et see \u00fchildub mitmete Bluetooth-seadmete mudelitega.<\/p>\n<p><strong>3. Millised on anodeeritud alumiiniumi eelised selle korpuse puhul?<\/strong><br \/>Anodeeritud alumiinium pakub suurep\u00e4rast vastupidavust kriimustuste ja korrosiooni suhtes, tagades pikaajalise kaitse.<\/p>\n<p><strong>4. Kas korpus peab vastu l\u00f6\u00f6kidele ja karmile kasutamisele?<\/strong><br \/>Jah, korpus on ehitatud vastupidavaks ja l\u00f6\u00f6gikindlaks.<\/p>\n<p><strong>5. Kuidas on anodeerimine kasulik korpuse v\u00e4ljan\u00e4gemisele?<\/strong><br \/>Anodeerimine annab elegantse v\u00e4rvilise viimistluse, s\u00e4ilitades samal ajal metalli loomuliku tekstuuri.<\/p>\n<p><strong>6. Kas rahvusvaheline tarne on saadaval lahtiste tellimuste puhul?<\/strong><br \/>Jah, me pakume rahvusvahelist transporti ja toetame vajalikku logistikat ja dokumentatsiooni.<\/p>\n<p><strong>7. Kui suur on kohandatud kaubam\u00e4rgiga \u00fcmbriste minimaalne tellimiskogus?<\/strong><br \/>Minimaalne tellimiskogus kohandamiseks algab tavaliselt 300 \u00fchikust, s\u00f5ltuvalt erin\u00f5uetest.<\/p>\n<p><\/p>","protected":false},"featured_media":10834,"template":"","categories":[68],"class_list":["post-10948","product","type-product","status-publish","has-post-thumbnail","hentry","category-cnc-machining-aluminum-profile"],"meta_box":{"hilight_text_group":[{"product_hilight_text":"<li>Provides enhanced protection for Bluetooth devices<\/li>\n<li>Lightweight yet durable anodized aluminum construction<\/li>\n<li>Custom-fit design ensures compatibility with various Bluetooth models<\/li>\n<li>Resistant to scratches and corrosion for long-lasting use<\/li>\n<li>Available in a variety of colors to match your brand identity<\/li>"}],"feature_list":[]},"_links":{"self":[{"href":"https:\/\/sinoextrud.com\/et\/wp-json\/wp\/v2\/product\/10948","targetHints":{"allow":["GET"]}}],"collection":[{"href":"https:\/\/sinoextrud.com\/et\/wp-json\/wp\/v2\/product"}],"about":[{"href":"https:\/\/sinoextrud.com\/et\/wp-json\/wp\/v2\/types\/product"}],"wp:featuredmedia":[{"embeddable":true,"href":"https:\/\/sinoextrud.com\/et\/wp-json\/wp\/v2\/media\/10834"}],"wp:attachment":[{"href":"https:\/\/sinoextrud.com\/et\/wp-json\/wp\/v2\/media?parent=10948"}],"wp:term":[{"taxonomy":"category","embeddable":true,"href":"https:\/\/sinoextrud.com\/et\/wp-json\/wp\/v2\/categories?post=10948"}],"curies":[{"name":"wp","href":"https:\/\/api.w.org\/{rel}","templated":true}]}}