{"id":10947,"date":"2025-08-01T03:17:09","date_gmt":"2025-08-01T03:17:09","guid":{"rendered":"https:\/\/sinoextrud.com\/product\/anodizing-aluminum-cable-trunking-for-wiring-systems\/"},"modified":"2025-08-01T03:17:09","modified_gmt":"2025-08-01T03:17:09","slug":"alumiiniumist-kaablikanalite-anodeerimine-juhtmesusteemide-jaoks","status":"publish","type":"product","link":"https:\/\/sinoextrud.com\/et\/product\/anodizing-aluminum-cable-trunking-for-wiring-systems\/","title":{"rendered":"Anodeerimine alumiiniumist kaablikanalid juhtmes\u00fcsteemide jaoks"},"content":{"rendered":"<h2>Toodete \u00fcksikasjad<\/h2>\n<div class=\"product-table\">\n<div class=\"row\">\n<div class=\"cell label\">T\u00fc\u00fcp<\/div>\n<div class=\"cell value\">Muud<\/div>\n<\/div>\n<div class=\"row\">\n<div class=\"cell label\">Stiil<\/div>\n<div class=\"cell value\">Kaablikanalisatsioon<\/div>\n<\/div>\n<div class=\"row\">\n<div class=\"cell label\">Pinna viimistlus<\/div>\n<div class=\"cell value\">alumiinium<\/div>\n<\/div>\n<div class=\"row\">\n<div class=\"cell label\">V\u00e4rv<\/div>\n<div class=\"cell value\">Kohandatud<\/div>\n<\/div>\n<div class=\"row\">\n<div class=\"cell label\">N\u00e4ide<\/div>\n<div class=\"cell value\">Tasuta<\/div>\n<\/div>\n<div class=\"row\">\n<div class=\"cell label\">Kohandatud<\/div>\n<div class=\"cell value\">Vastavalt kliendi spetsifikatsioonile<\/div>\n<\/div>\n<div class=\"row\">\n<div class=\"cell label\">Ettev\u00f5tte t\u00fc\u00fcp<\/div>\n<div class=\"cell value\">kaubandus ja tootmine<\/div>\n<\/div>\n<div class=\"row\">\n<div class=\"cell label\">Ettev\u00f5tte t\u00fc\u00fcp<\/div>\n<div class=\"cell value\">Tootja<\/div>\n<\/div>\n<div class=\"row\">\n<div class=\"cell label\">Paksus<\/div>\n<div class=\"cell value\">0.8-3.0mm<\/div>\n<\/div>\n<div class=\"row\">\n<div class=\"cell label\">Funktsioon<\/div>\n<div class=\"cell value\">Korrosioonikindlus<\/div>\n<\/div>\n<div class=\"row\">\n<div class=\"cell label\">MOQ<\/div>\n<div class=\"cell value\">2 meetrit<\/div>\n<\/div>\n<div class=\"row\">\n<div class=\"cell label\">Pakendi \u00fcksikasjad<\/div>\n<div class=\"cell value\">Kartongkarbis v\u00f5i muud alumiiniumist r\u00f6\u00f6basraja pakkimismeetodid.<\/div>\n<\/div>\n<div class=\"row\">\n<div class=\"cell label\">L\u00e4hetussadam<\/div>\n<div class=\"cell value\">SHANGHAI<\/div>\n<\/div>\n<div class=\"row\">\n<div class=\"cell label\">M\u00fc\u00fcvad \u00fcksused<\/div>\n<div class=\"cell value\">\u00dcksik ese<\/div>\n<\/div>\n<div class=\"row\">\n<div class=\"cell label\">\u00dche pakendi suurus<\/div>\n<div class=\"cell value\">50X5X5 cm<\/div>\n<\/div>\n<div class=\"row\">\n<div class=\"cell label\">\u00dchtne brutokaal<\/div>\n<div class=\"cell value\">2.000 KG<\/div>\n<\/div>\n<div class=\"row\">\n<div class=\"cell label\">Pakkumise v\u00f5ime<\/div>\n<div class=\"cell value\">1000 meetrit p\u00e4evas<\/div>\n<\/div>\n<\/div>\n<p><\/p>\n<h2>Meie tootmisbaas<\/h2>\n<h3>Tehase panoraam<\/h3>\n<p><img decoding=\"async\" src=\"\/wp-content\/uploads\/factory-01.webp\"\/><\/p>\n<h3>Alumiiniumvarraste tootmise t\u00f6\u00f6koda<\/h3>\n<p><img decoding=\"async\" src=\"\/wp-content\/uploads\/factory-02.webp\"\/><\/p>\n<p><img decoding=\"async\" src=\"\/wp-content\/uploads\/factory-03.webp\"\/><\/p>\n<h3>hallituse ladustamise ladu<\/h3>\n<p><img decoding=\"async\" src=\"\/wp-content\/uploads\/factory-04.webp\"\/><\/p>\n<h3>43 alumiiniumi ekstrusiooniliini (500-5500 tonni)<\/h3>\n<p><img decoding=\"async\" src=\"\/wp-content\/uploads\/factory-05.webp\"\/><\/p>\n<p><img decoding=\"async\" src=\"\/wp-content\/uploads\/factory-06.webp\"\/><\/p>\n<p><img decoding=\"async\" src=\"\/wp-content\/uploads\/factory-07.webp\"\/><\/p>\n<h3>Pulberv\u00e4rvimise t\u00f6\u00f6koda<\/h3>\n<p><img decoding=\"async\" src=\"\/wp-content\/uploads\/factory-09.webp\"\/><\/p>\n<h3>Anodiseerimise t\u00f6\u00f6koda<\/h3>\n<p><img decoding=\"async\" src=\"\/wp-content\/uploads\/factory-10.webp\"\/><\/p>\n<h3>S\u00fcgavt\u00f6\u00f6tlemise t\u00f6\u00f6tuba<\/h3>\n<p><img decoding=\"async\" src=\"\/wp-content\/uploads\/factory-11.webp\"\/><\/p>\n<h3>CNC-t\u00e4ppist\u00f6\u00f6tlemise t\u00f6\u00f6koda<\/h3>\n<p><img decoding=\"async\" src=\"\/wp-content\/uploads\/factory-11.5.webp\"\/><\/p>\n<h3>Valmistoodete ja ekspordi ladu<\/h3>\n<p><img decoding=\"async\" src=\"\/wp-content\/uploads\/factory-12.webp\"\/><\/p>\n<p><img decoding=\"async\" src=\"\/wp-content\/uploads\/factory-13.webp\"\/><\/p>\n<p><img decoding=\"async\" src=\"\/wp-content\/uploads\/factory-14.webp\"\/><\/p>\n<h2>KKK<\/h2>\n<p><strong>1. Mis on alumiiniumist kaablikanalisatsiooni anodeerimine?<\/strong><br \/>Anodeerimine on elektrokeemiline protsess, mis suurendab alumiiniumpindade vastupidavust ja takistab nende korrosiooni.<\/p>\n<p><strong>2. Kas me saame kohandada kaablikanalisatsiooni suurust?<\/strong><br \/>Jah, meie alumiiniumist kaablikanalid on v\u00f5imalik kohandada vastavalt teie konkreetsetele suurusn\u00f5uetele.<\/p>\n<p><strong>3. Kas anodeeritud alumiiniumist kaablikanalid sobivad v\u00e4litingimustes kasutamiseks?<\/strong><br \/>Jah, selle korrosioonikindlad omadused muudavad selle ideaalseks v\u00e4litingimustes kasutamiseks.<\/p>\n<p><strong>4. Kuidas on kergekaaluline konstruktsioon kasulik paigaldamisele?<\/strong><br \/>Kerge olemus v\u00f5imaldab lihtsamat k\u00e4sitsemist ja paigaldamist, v\u00e4hendades t\u00f6\u00f6j\u00f5ukulusid.<\/p>\n<p><strong>5. Kas viimistlust saab kohandada?<\/strong><br \/>Jah, teie esteetilistele ja funktsionaalsetele vajadustele vastavad erinevad viimistlusviimistlused on saadaval.<\/p>\n<p><strong>6. Kas alumiiniummaterjal on keskkonnas\u00f5bralik?<\/strong><br \/>Jah, alumiinium on taaskasutatav materjal, mis teeb sellest j\u00e4tkusuutliku valiku kaablikanalite jaoks.<\/p>\n<p><strong>7. Kas te pakute kaablikanalite rahvusvahelist saatmist?<\/strong><br \/>Jah, me pakume terviklikke rahvusvahelisi veolahendusi, mis vastavad teie vajadustele.<\/p>\n<p><\/p>","protected":false},"featured_media":10835,"template":"","categories":[55],"class_list":["post-10947","product","type-product","status-publish","has-post-thumbnail","hentry","category-extruded-aluminum-profiles"],"meta_box":{"hilight_text_group":[{"product_hilight_text":"<li>Made from high-strength anodized aluminum for enhanced durability<\/li>\n<li>Customizable dimensions and finishes to suit specific B2B needs<\/li>\n<li>Lightweight design for easy installation and maintenance<\/li>\n<li>Corrosion-resistant for both indoor and outdoor applications<\/li>\n<li>Supports large-scale OEM and ODM production<\/li>"}],"feature_list":[]},"_links":{"self":[{"href":"https:\/\/sinoextrud.com\/et\/wp-json\/wp\/v2\/product\/10947","targetHints":{"allow":["GET"]}}],"collection":[{"href":"https:\/\/sinoextrud.com\/et\/wp-json\/wp\/v2\/product"}],"about":[{"href":"https:\/\/sinoextrud.com\/et\/wp-json\/wp\/v2\/types\/product"}],"wp:featuredmedia":[{"embeddable":true,"href":"https:\/\/sinoextrud.com\/et\/wp-json\/wp\/v2\/media\/10835"}],"wp:attachment":[{"href":"https:\/\/sinoextrud.com\/et\/wp-json\/wp\/v2\/media?parent=10947"}],"wp:term":[{"taxonomy":"category","embeddable":true,"href":"https:\/\/sinoextrud.com\/et\/wp-json\/wp\/v2\/categories?post=10947"}],"curies":[{"name":"wp","href":"https:\/\/api.w.org\/{rel}","templated":true}]}}