{"id":10946,"date":"2025-08-01T03:17:08","date_gmt":"2025-08-01T03:17:08","guid":{"rendered":"https:\/\/sinoextrud.com\/product\/aluminum-terminal-for-electronic-assemblies\/"},"modified":"2025-08-01T03:17:08","modified_gmt":"2025-08-01T03:17:08","slug":"alumiiniumklemmid-elektrooniliste-koostude-jaoks","status":"publish","type":"product","link":"https:\/\/sinoextrud.com\/et\/product\/aluminum-terminal-for-electronic-assemblies\/","title":{"rendered":"Alumiinium terminal elektrooniliste koostude jaoks"},"content":{"rendered":"<h2>Toodete \u00fcksikasjad<\/h2>\n<div class=\"product-table\">\n<div class=\"row\">\n<div class=\"cell label\">Toote nimi<\/div>\n<div class=\"cell value\">Terminali tembeldamise osad<\/div>\n<\/div>\n<div class=\"row\">\n<div class=\"cell label\">Materjal<\/div>\n<div class=\"cell value\">Roostevaba teras \/ s\u00fcsinikteras \/ alumiinium \/ messing \/ vask \/ titaan jne.<\/div>\n<\/div>\n<div class=\"row\">\n<div class=\"cell label\">Pinnat\u00f6\u00f6tlus<\/div>\n<div class=\"cell value\">Anodeerimine\/plaatimine\/v\u00f5imekate\/kuumt\u00f6\u00f6tlus\/oksiid\/polituur jne.<\/div>\n<\/div>\n<div class=\"row\">\n<div class=\"cell label\">Teenus<\/div>\n<div class=\"cell value\">OEM kohandatud teenused<\/div>\n<\/div>\n<div class=\"row\">\n<div class=\"cell label\">Suurus<\/div>\n<div class=\"cell value\">Kohandatud suurus<\/div>\n<\/div>\n<div class=\"row\">\n<div class=\"cell label\">V\u00e4rv<\/div>\n<div class=\"cell value\">Kohandatud v\u00e4rv<\/div>\n<\/div>\n<div class=\"row\">\n<div class=\"cell label\">Logo<\/div>\n<div class=\"cell value\">Aktsepteeri kohandatud logo<\/div>\n<\/div>\n<div class=\"row\">\n<div class=\"cell label\">Standard<\/div>\n<div class=\"cell value\">Standardsed metallosad<\/div>\n<\/div>\n<div class=\"row\">\n<div class=\"cell label\">Kasutamine<\/div>\n<div class=\"cell value\">T\u00f6\u00f6stuslik kasutamine<\/div>\n<\/div>\n<div class=\"row\">\n<div class=\"cell label\">Pakkimine<\/div>\n<div class=\"cell value\">Kliendi p\u00e4ring<\/div>\n<\/div>\n<div class=\"row\">\n<div class=\"cell label\">M\u00fc\u00fcvad \u00fcksused<\/div>\n<div class=\"cell value\">\u00dcksik ese<\/div>\n<\/div>\n<div class=\"row\">\n<div class=\"cell label\">\u00dche pakendi suurus<\/div>\n<div class=\"cell value\">10X9X8 cm<\/div>\n<\/div>\n<div class=\"row\">\n<div class=\"cell label\">\u00dchtne brutokaal<\/div>\n<div class=\"cell value\">0,500 KG<\/div>\n<\/div>\n<\/div>\n<p><\/p>\n<h2>Meie tootmisbaas<\/h2>\n<h3>Tehase panoraam<\/h3>\n<p><img decoding=\"async\" src=\"\/wp-content\/uploads\/factory-01.webp\"\/><\/p>\n<h3>Alumiiniumvarraste tootmise t\u00f6\u00f6koda<\/h3>\n<p><img decoding=\"async\" src=\"\/wp-content\/uploads\/factory-02.webp\"\/><\/p>\n<p><img decoding=\"async\" src=\"\/wp-content\/uploads\/factory-03.webp\"\/><\/p>\n<h3>hallituse ladustamise ladu<\/h3>\n<p><img decoding=\"async\" src=\"\/wp-content\/uploads\/factory-04.webp\"\/><\/p>\n<h3>43 alumiiniumi ekstrusiooniliini (500-5500 tonni)<\/h3>\n<p><img decoding=\"async\" src=\"\/wp-content\/uploads\/factory-05.webp\"\/><\/p>\n<p><img decoding=\"async\" src=\"\/wp-content\/uploads\/factory-06.webp\"\/><\/p>\n<p><img decoding=\"async\" src=\"\/wp-content\/uploads\/factory-07.webp\"\/><\/p>\n<h3>Pulberv\u00e4rvimise t\u00f6\u00f6koda<\/h3>\n<p><img decoding=\"async\" src=\"\/wp-content\/uploads\/factory-09.webp\"\/><\/p>\n<h3>Anodiseerimise t\u00f6\u00f6koda<\/h3>\n<p><img decoding=\"async\" src=\"\/wp-content\/uploads\/factory-10.webp\"\/><\/p>\n<h3>S\u00fcgavt\u00f6\u00f6tlemise t\u00f6\u00f6tuba<\/h3>\n<p><img decoding=\"async\" src=\"\/wp-content\/uploads\/factory-11.webp\"\/><\/p>\n<h3>CNC-t\u00e4ppist\u00f6\u00f6tlemise t\u00f6\u00f6koda<\/h3>\n<p><img decoding=\"async\" src=\"\/wp-content\/uploads\/factory-11.5.webp\"\/><\/p>\n<h3>Valmistoodete ja ekspordi ladu<\/h3>\n<p><img decoding=\"async\" src=\"\/wp-content\/uploads\/factory-12.webp\"\/><\/p>\n<p><img decoding=\"async\" src=\"\/wp-content\/uploads\/factory-13.webp\"\/><\/p>\n<p><img decoding=\"async\" src=\"\/wp-content\/uploads\/factory-14.webp\"\/><\/p>\n<h2>KKK<\/h2>\n<p><strong>1. Millised on peamised eelised alumiiniumterminali kasutamisel elektroonika jaoks?<\/strong><br \/>Alumiiniumist klemmid pakuvad k\u00f5rget elektrijuhtivust ja korrosioonikindlust, mis on ideaalne elektroonilise \u00fchenduvuse parandamiseks.<\/p>\n<p><strong>2. Kas alumiiniumist klemme saab kasutada k\u00f5rgsageduslikes rakendustes?<\/strong><br \/>Jah, nende konstruktsioon v\u00f5imaldab neid kasutada elektroonikaseadmetes laias sagedusalas.<\/p>\n<p><strong>3. Kas alumiiniumterminali suurust on v\u00f5imalik kohandada?<\/strong><br \/>Jah, me pakume kohandamisv\u00f5imalusi, et vastata elektrooniliste rakenduste erin\u00f5uetele.<\/p>\n<p><strong>4. Kuidas on alumiiniumklemmide korrosioonikindlus v\u00f5rreldes teistega?<\/strong><br \/>Meie alumiiniumklemmidel on suurep\u00e4rane korrosioonikindel viimistlus, mis pikendab elektrooniliste komponentide eluiga.<\/p>\n<p><strong>5. Kas alumiiniumist klemmid sobivad elektrooniliste v\u00e4litingimustes kasutamiseks?<\/strong><br \/>Jah, t\u00e4nu nende vastupidavusele ja korrosioonikindlusele sobivad need v\u00e4litingimustes kasutamiseks.<\/p>\n<p><strong>6. Milline on kohandatud alumiiniumterminalide minimaalne tellimiskogus?<\/strong><br \/>MOQ varieerub s\u00f5ltuvalt kohandamisn\u00f5uetest, tavaliselt alates 1000 tk.<\/p>\n<p><strong>7. Kas pakute tehnilist tuge alumiiniumterminalide integreerimiseks?<\/strong><br \/>Jah, me pakume p\u00f5hjalikku tehnilist tuge, et tagada sujuv integratsioon elektroonilistesse s\u00fcsteemidesse.<\/p>\n<p><\/p>","protected":false},"featured_media":10742,"template":"","categories":[68],"class_list":["post-10946","product","type-product","status-publish","has-post-thumbnail","hentry","category-cnc-machining-aluminum-profile"],"meta_box":{"hilight_text_group":[{"product_hilight_text":"<li>Engineered to enhance electronic connectivity and reliability<\/li>\n<li>Made from high-quality aluminum for superior conductivity<\/li>\n<li>Available in various sizes to fit multiple applications<\/li>\n<li>Corrosion-resistant finish ensures longevity and durability<\/li>\n<li>Custom manufacturing options available for bulk orders<\/li>"}],"feature_list":[]},"_links":{"self":[{"href":"https:\/\/sinoextrud.com\/et\/wp-json\/wp\/v2\/product\/10946","targetHints":{"allow":["GET"]}}],"collection":[{"href":"https:\/\/sinoextrud.com\/et\/wp-json\/wp\/v2\/product"}],"about":[{"href":"https:\/\/sinoextrud.com\/et\/wp-json\/wp\/v2\/types\/product"}],"wp:featuredmedia":[{"embeddable":true,"href":"https:\/\/sinoextrud.com\/et\/wp-json\/wp\/v2\/media\/10742"}],"wp:attachment":[{"href":"https:\/\/sinoextrud.com\/et\/wp-json\/wp\/v2\/media?parent=10946"}],"wp:term":[{"taxonomy":"category","embeddable":true,"href":"https:\/\/sinoextrud.com\/et\/wp-json\/wp\/v2\/categories?post=10946"}],"curies":[{"name":"wp","href":"https:\/\/api.w.org\/{rel}","templated":true}]}}