{"id":10943,"date":"2025-08-01T03:17:00","date_gmt":"2025-08-01T03:17:00","guid":{"rendered":"https:\/\/sinoextrud.com\/product\/small-aluminum-gaming-computer-case\/"},"modified":"2025-08-01T03:17:00","modified_gmt":"2025-08-01T03:17:00","slug":"vaike-alumiiniumist-mangukompuutri-korpus","status":"publish","type":"product","link":"https:\/\/sinoextrud.com\/et\/product\/small-aluminum-gaming-computer-case\/","title":{"rendered":"V\u00e4ike alumiiniumist m\u00e4ngude arvutikast"},"content":{"rendered":"<h2>Toodete \u00fcksikasjad<\/h2>\n<div class=\"product-table\">\n<div class=\"row\">\n<div class=\"cell label\">Osa nimi<\/div>\n<div class=\"cell value\">Mini ITX korpus<\/div>\n<\/div>\n<div class=\"row\">\n<div class=\"cell label\">M\u00f5\u00f5de<\/div>\n<div class=\"cell value\">Vastavalt joonisele v\u00f5i kohandatud n\u00e4idisele<\/div>\n<\/div>\n<div class=\"row\">\n<div class=\"cell label\">Kogemused<\/div>\n<div class=\"cell value\">Alates 2000. aastast<\/div>\n<\/div>\n<div class=\"row\">\n<div class=\"cell label\">Sertifitseerimine<\/div>\n<div class=\"cell value\">ITAF16949: 2016, ISO9001: 2015, RoHS, HE aruanne jne.<\/div>\n<\/div>\n<div class=\"row\">\n<div class=\"cell label\">OEM &amp; ODM<\/div>\n<div class=\"cell value\">JAH<\/div>\n<\/div>\n<div class=\"row\">\n<div class=\"cell label\">Kontrollimine<\/div>\n<div class=\"cell value\">100% tehasesisene kontroll<\/div>\n<\/div>\n<div class=\"row\">\n<div class=\"cell label\">MOQ<\/div>\n<div class=\"cell value\">100PCS<\/div>\n<\/div>\n<div class=\"row\">\n<div class=\"cell label\">Sallivus<\/div>\n<div class=\"cell value\">+\/-0,01 v\u00f5i kohandatud<\/div>\n<\/div>\n<div class=\"row\">\n<div class=\"cell label\">M\u00fc\u00fcgij\u00e4rgne teenindus<\/div>\n<div class=\"cell value\">JAH<\/div>\n<\/div>\n<div class=\"row\">\n<div class=\"cell label\">Protsess<\/div>\n<div class=\"cell value\">Laserl\u00f5ikamine painutamine tembeldamine<\/div>\n<\/div>\n<div class=\"row\">\n<div class=\"cell label\">M\u00fc\u00fcvad \u00fcksused<\/div>\n<div class=\"cell value\">\u00dcksik ese<\/div>\n<\/div>\n<div class=\"row\">\n<div class=\"cell label\">\u00dche pakendi suurus<\/div>\n<div class=\"cell value\">10X10X10 cm<\/div>\n<\/div>\n<div class=\"row\">\n<div class=\"cell label\">\u00dchtne brutokaal<\/div>\n<div class=\"cell value\">0,100 KG<\/div>\n<\/div>\n<\/div>\n<p><\/p>\n<h2>Meie tootmisbaas<\/h2>\n<h3>Tehase panoraam<\/h3>\n<p><img decoding=\"async\" src=\"\/wp-content\/uploads\/factory-01.webp\"\/><\/p>\n<h3>Alumiiniumvarraste tootmise t\u00f6\u00f6koda<\/h3>\n<p><img decoding=\"async\" src=\"\/wp-content\/uploads\/factory-02.webp\"\/><\/p>\n<p><img decoding=\"async\" src=\"\/wp-content\/uploads\/factory-03.webp\"\/><\/p>\n<h3>hallituse ladustamise ladu<\/h3>\n<p><img decoding=\"async\" src=\"\/wp-content\/uploads\/factory-04.webp\"\/><\/p>\n<h3>43 alumiiniumi ekstrusiooniliini (500-5500 tonni)<\/h3>\n<p><img decoding=\"async\" src=\"\/wp-content\/uploads\/factory-05.webp\"\/><\/p>\n<p><img decoding=\"async\" src=\"\/wp-content\/uploads\/factory-06.webp\"\/><\/p>\n<p><img decoding=\"async\" src=\"\/wp-content\/uploads\/factory-07.webp\"\/><\/p>\n<h3>Pulberv\u00e4rvimise t\u00f6\u00f6koda<\/h3>\n<p><img decoding=\"async\" src=\"\/wp-content\/uploads\/factory-09.webp\"\/><\/p>\n<h3>Anodiseerimise t\u00f6\u00f6koda<\/h3>\n<p><img decoding=\"async\" src=\"\/wp-content\/uploads\/factory-10.webp\"\/><\/p>\n<h3>S\u00fcgavt\u00f6\u00f6tlemise t\u00f6\u00f6tuba<\/h3>\n<p><img decoding=\"async\" src=\"\/wp-content\/uploads\/factory-11.webp\"\/><\/p>\n<h3>CNC-t\u00e4ppist\u00f6\u00f6tlemise t\u00f6\u00f6koda<\/h3>\n<p><img decoding=\"async\" src=\"\/wp-content\/uploads\/factory-11.5.webp\"\/><\/p>\n<h3>Valmistoodete ja ekspordi ladu<\/h3>\n<p><img decoding=\"async\" src=\"\/wp-content\/uploads\/factory-12.webp\"\/><\/p>\n<p><img decoding=\"async\" src=\"\/wp-content\/uploads\/factory-13.webp\"\/><\/p>\n<p><img decoding=\"async\" src=\"\/wp-content\/uploads\/factory-14.webp\"\/><\/p>\n<h2>KKK<\/h2>\n<p><strong>1. Millised on v\u00e4ikese alumiiniumist m\u00e4ngukompuutri korpuse m\u00f5\u00f5tmed?<\/strong><br \/>Korpus on disainitud nii, et see mahutab kompaktsed ruumid, kuid samal ajal ka olulised komponendid, kusjuures m\u00f5\u00f5tmed on optimeeritud m\u00e4ngukomplektide jaoks.<\/p>\n<p><strong>2. Kuidas on alumiiniumkonstruktsioonist kasu?<\/strong><br \/>Alumiinium tagab suurep\u00e4rase soojuse hajutamise, tagades, et teie komponendid j\u00e4\u00e4vad intensiivsete m\u00e4ngusessioonide ajal jahedaks.<\/p>\n<p><strong>3. Kas see korpus \u00fchildub standardsete m\u00e4ngukomponentidega?<\/strong><br \/>Jah, korpus toetab erinevaid emaplaadisuurusi ja -konfiguratsioone, mist\u00f5ttu on see \u00fchilduv tavalise m\u00e4nguriarvutiga.<\/p>\n<p><strong>4. Kas korpus on kergesti kokkupandav?<\/strong><br \/>Kindlasti on korpus m\u00f5eldud lihtsaks kokkupanekuks ja kasutajas\u00f5bralikuks juurdep\u00e4\u00e4suks komponentidele.<\/p>\n<p><strong>5. Kas korpusel on jahutusv\u00f5imalused?<\/strong><br \/>Kuigi korpus juhib t\u00f5husalt soojust, pakub see ka ruumi t\u00e4iendavate jahutuslahenduste, n\u00e4iteks ventilaatorite v\u00f5i vedelikjahutuss\u00fcsteemide jaoks.<\/p>\n<p><strong>6. Kas juhtumi kohandamine on v\u00f5imalik?<\/strong><br \/>Jah, mahutitellimuste puhul on saadaval kohandamisv\u00f5imalused, sealhulgas br\u00e4ndi ja kujunduse kohandamine vastavalt teie eelistustele.<\/p>\n<p><strong>7. Millist t\u00fc\u00fcpi viimistlus on korpusel?<\/strong><br \/>Korpus on elegantse ja moodsa viimistlusega, mis t\u00e4iendab mis tahes m\u00e4ngude seadistust, s\u00e4ilitades samal ajal vastupidavuse.<\/p>\n<p><\/p>","protected":false},"featured_media":10838,"template":"","categories":[55],"class_list":["post-10943","product","type-product","status-publish","has-post-thumbnail","hentry","category-extruded-aluminum-profiles"],"meta_box":{"hilight_text_group":[{"product_hilight_text":"<li>Compact size perfect for gaming environments with limited space<\/li>\n<li>Durable aluminum construction for enhanced heat dissipation<\/li>\n<li>Designed for easy assembly and component accessibility<\/li>\n<li>Sleek, modern design to complement any gaming setup<\/li>\n<li>Supports a variety of motherboard sizes and configurations<\/li>"}],"feature_list":[]},"_links":{"self":[{"href":"https:\/\/sinoextrud.com\/et\/wp-json\/wp\/v2\/product\/10943","targetHints":{"allow":["GET"]}}],"collection":[{"href":"https:\/\/sinoextrud.com\/et\/wp-json\/wp\/v2\/product"}],"about":[{"href":"https:\/\/sinoextrud.com\/et\/wp-json\/wp\/v2\/types\/product"}],"wp:featuredmedia":[{"embeddable":true,"href":"https:\/\/sinoextrud.com\/et\/wp-json\/wp\/v2\/media\/10838"}],"wp:attachment":[{"href":"https:\/\/sinoextrud.com\/et\/wp-json\/wp\/v2\/media?parent=10943"}],"wp:term":[{"taxonomy":"category","embeddable":true,"href":"https:\/\/sinoextrud.com\/et\/wp-json\/wp\/v2\/categories?post=10943"}],"curies":[{"name":"wp","href":"https:\/\/api.w.org\/{rel}","templated":true}]}}