{"id":10941,"date":"2025-08-01T03:16:55","date_gmt":"2025-08-01T03:16:55","guid":{"rendered":"https:\/\/sinoextrud.com\/product\/aluminum-vapor-chamber-for-heat-dissipation\/"},"modified":"2025-08-01T03:16:55","modified_gmt":"2025-08-01T03:16:55","slug":"alumiiniumist-aurukamber-soojuse-hajutamiseks","status":"publish","type":"product","link":"https:\/\/sinoextrud.com\/et\/product\/aluminum-vapor-chamber-for-heat-dissipation\/","title":{"rendered":"Alumiiniumist aurukamber soojuse hajutamiseks"},"content":{"rendered":"<h2>Toodete \u00fcksikasjad<\/h2>\n<div class=\"product-table\">\n<div class=\"row\">\n<div class=\"cell label\">CNC-t\u00f6\u00f6tlus v\u00f5i mitte<\/div>\n<div class=\"cell value\">Cnc mehaaniline t\u00f6\u00f6tlemine<\/div>\n<\/div>\n<div class=\"row\">\n<div class=\"cell label\">Materjalide v\u00f5imekus<\/div>\n<div class=\"cell value\">Alumiinium, messing, pronks, vask, karastatud metallid, v\u00e4\u00e4rismetallid, roostevaba teras, terasesulamid, titaanosad<\/div>\n<\/div>\n<div class=\"row\">\n<div class=\"cell label\">T\u00fc\u00fcp<\/div>\n<div class=\"cell value\">Freesimine, Puurimine, Keemiline s\u00f6\u00f6vitus \/ keemiline t\u00f6\u00f6tlemine, Lasert\u00f6\u00f6tlus, Freesimine, Muud t\u00f6\u00f6tlemisteenused, Treimine, S\u00f6\u00f6vitust\u00f6\u00f6d, Kiirprotot\u00fc\u00fcpide valmistamine<\/div>\n<\/div>\n<div class=\"row\">\n<div class=\"cell label\">Mikrot\u00f6\u00f6tlemine v\u00f5i mitte<\/div>\n<div class=\"cell value\">Mikrot\u00f6\u00f6tlemine<\/div>\n<\/div>\n<div class=\"row\">\n<div class=\"cell label\">Toote nimi<\/div>\n<div class=\"cell value\">Heatsink Machining teenus<\/div>\n<\/div>\n<div class=\"row\">\n<div class=\"cell label\">CNC-tolerants<\/div>\n<div class=\"cell value\">0.02mm<\/div>\n<\/div>\n<div class=\"row\">\n<div class=\"cell label\">OEM\/ODM<\/div>\n<div class=\"cell value\">Aktsepteeritav<\/div>\n<\/div>\n<div class=\"row\">\n<div class=\"cell label\">Protsess<\/div>\n<div class=\"cell value\">Cnc mehaaniline t\u00f6\u00f6tlemine+deburrid<\/div>\n<\/div>\n<div class=\"row\">\n<div class=\"cell label\">Joonistamise vorming<\/div>\n<div class=\"cell value\">DWG, STP<\/div>\n<\/div>\n<div class=\"row\">\n<div class=\"cell label\">Logo<\/div>\n<div class=\"cell value\">Kliendi logo<\/div>\n<\/div>\n<div class=\"row\">\n<div class=\"cell label\">Pinnat\u00f6\u00f6tlus<\/div>\n<div class=\"cell value\">Vastavalt taotlusele<\/div>\n<\/div>\n<div class=\"row\">\n<div class=\"cell label\">Pakkimine<\/div>\n<div class=\"cell value\">Pol\u00fckott + sisemine kast + karp<\/div>\n<\/div>\n<div class=\"row\">\n<div class=\"cell label\">Sertifitseerimine<\/div>\n<div class=\"cell value\">ISO9001:2018\/ROSH<\/div>\n<\/div>\n<div class=\"row\">\n<div class=\"cell label\">MOQ<\/div>\n<div class=\"cell value\">1PCS<\/div>\n<\/div>\n<div class=\"row\">\n<div class=\"cell label\">M\u00fc\u00fcvad \u00fcksused<\/div>\n<div class=\"cell value\">\u00dcksik ese<\/div>\n<\/div>\n<div class=\"row\">\n<div class=\"cell label\">\u00dche pakendi suurus<\/div>\n<div class=\"cell value\">28X30X25 cm<\/div>\n<\/div>\n<div class=\"row\">\n<div class=\"cell label\">\u00dchtne brutokaal<\/div>\n<div class=\"cell value\">1.000 KG<\/div>\n<\/div>\n<\/div>\n<p><\/p>\n<h2>Meie tootmisbaas<\/h2>\n<h3>Tehase panoraam<\/h3>\n<p><img decoding=\"async\" src=\"\/wp-content\/uploads\/factory-01.webp\"\/><\/p>\n<h3>Alumiiniumvarraste tootmise t\u00f6\u00f6koda<\/h3>\n<p><img decoding=\"async\" src=\"\/wp-content\/uploads\/factory-02.webp\"\/><\/p>\n<p><img decoding=\"async\" src=\"\/wp-content\/uploads\/factory-03.webp\"\/><\/p>\n<h3>hallituse ladustamise ladu<\/h3>\n<p><img decoding=\"async\" src=\"\/wp-content\/uploads\/factory-04.webp\"\/><\/p>\n<h3>43 alumiiniumi ekstrusiooniliini (500-5500 tonni)<\/h3>\n<p><img decoding=\"async\" src=\"\/wp-content\/uploads\/factory-05.webp\"\/><\/p>\n<p><img decoding=\"async\" src=\"\/wp-content\/uploads\/factory-06.webp\"\/><\/p>\n<p><img decoding=\"async\" src=\"\/wp-content\/uploads\/factory-07.webp\"\/><\/p>\n<h3>Pulberv\u00e4rvimise t\u00f6\u00f6koda<\/h3>\n<p><img decoding=\"async\" src=\"\/wp-content\/uploads\/factory-09.webp\"\/><\/p>\n<h3>Anodiseerimise t\u00f6\u00f6koda<\/h3>\n<p><img decoding=\"async\" src=\"\/wp-content\/uploads\/factory-10.webp\"\/><\/p>\n<h3>S\u00fcgavt\u00f6\u00f6tlemise t\u00f6\u00f6tuba<\/h3>\n<p><img decoding=\"async\" src=\"\/wp-content\/uploads\/factory-11.webp\"\/><\/p>\n<h3>CNC-t\u00e4ppist\u00f6\u00f6tlemise t\u00f6\u00f6koda<\/h3>\n<p><img decoding=\"async\" src=\"\/wp-content\/uploads\/factory-11.5.webp\"\/><\/p>\n<h3>Valmistoodete ja ekspordi ladu<\/h3>\n<p><img decoding=\"async\" src=\"\/wp-content\/uploads\/factory-12.webp\"\/><\/p>\n<p><img decoding=\"async\" src=\"\/wp-content\/uploads\/factory-13.webp\"\/><\/p>\n<p><img decoding=\"async\" src=\"\/wp-content\/uploads\/factory-14.webp\"\/><\/p>\n<h2>KKK<\/h2>\n<p><strong>1. Millised on alumiiniumist aurukambri peamised eelised?<\/strong><br \/>Alumiiniumist aurukambrid tagavad optimaalse soojuse hajutamise ja kerge integratsiooni erinevate seadmete jaoks.<\/p>\n<p><strong>2. Kas alumiiniumist aurukambrit saab kohandada konkreetsete m\u00f5\u00f5tmetega?<\/strong><br \/>Jah, me pakume kohandamisv\u00f5imalusi, et vastata konkreetsetele suuruse ja disaini n\u00f5uetele.<\/p>\n<p><strong>3. Kas alumiiniumist aurukamber \u00fchildub elektrooniliste seadmetega?<\/strong><br \/>Kindlasti on need m\u00f5eldud mitmesuguste elektroonikaseadmete soojusjuhtimise parandamiseks.<\/p>\n<p><strong>4. Millised t\u00f6\u00f6stusharud saavad alumiiniumist aurukambrite kasutamisest kasu?<\/strong><br \/>Sellised t\u00f6\u00f6stusharud nagu elektroonika, autot\u00f6\u00f6stus ja kosmoset\u00f6\u00f6stus saavad meie uuenduslikest soojuse hajutamise lahendustest suurt kasu.<\/p>\n<p><strong>5. Kas alumiiniumist aurukamber toetab k\u00f5rge temperatuuriga rakendusi?<\/strong><br \/>Jah, see on konstrueeritud nii, et see tagab usaldusv\u00e4\u00e4rse toimimise laias temperatuurivahemikus.<\/p>\n<p><strong>6. Kuidas aitab alumiiniumist aurukamber kaasa seadme pikaealisusele?<\/strong><br \/>See hajutab t\u00f5husalt soojust, v\u00e4ltides \u00fclekuumenemist ja pikendades seadmete eluiga.<\/p>\n<p><strong>7. Kas te pakute tehnilist tuge aurukambrite integreerimiseks s\u00fcsteemidesse?<\/strong><br \/>Jah, me pakume tehnilist tuge, et aidata sujuvalt integreerida teie toodetesse.<\/p>\n<p><\/p>","protected":false},"featured_media":10839,"template":"","categories":[55],"class_list":["post-10941","product","type-product","status-publish","has-post-thumbnail","hentry","category-extruded-aluminum-profiles"],"meta_box":{"hilight_text_group":[{"product_hilight_text":"<li>Highly efficient heat dissipation for critical applications<\/li>\n<li>Lightweight aluminum construction ensures easy integration<\/li>\n<li>Customizable designs to suit specific B2B requirements<\/li>\n<li>Enhances thermal management in electronic devices<\/li>\n<li>Reliable performance across a wide temperature range<\/li>"}],"feature_list":[]},"_links":{"self":[{"href":"https:\/\/sinoextrud.com\/et\/wp-json\/wp\/v2\/product\/10941","targetHints":{"allow":["GET"]}}],"collection":[{"href":"https:\/\/sinoextrud.com\/et\/wp-json\/wp\/v2\/product"}],"about":[{"href":"https:\/\/sinoextrud.com\/et\/wp-json\/wp\/v2\/types\/product"}],"wp:featuredmedia":[{"embeddable":true,"href":"https:\/\/sinoextrud.com\/et\/wp-json\/wp\/v2\/media\/10839"}],"wp:attachment":[{"href":"https:\/\/sinoextrud.com\/et\/wp-json\/wp\/v2\/media?parent=10941"}],"wp:term":[{"taxonomy":"category","embeddable":true,"href":"https:\/\/sinoextrud.com\/et\/wp-json\/wp\/v2\/categories?post=10941"}],"curies":[{"name":"wp","href":"https:\/\/api.w.org\/{rel}","templated":true}]}}