{"id":10939,"date":"2025-08-01T03:15:56","date_gmt":"2025-08-01T03:15:56","guid":{"rendered":"https:\/\/sinoextrud.com\/product\/aluminum-phase-change-heat-sink-for-thermal-control\/"},"modified":"2025-08-01T03:15:56","modified_gmt":"2025-08-01T03:15:56","slug":"alumiiniumist-faasimuutuse-soojusjuhtimise-soojusjuhtimispaneel","status":"publish","type":"product","link":"https:\/\/sinoextrud.com\/et\/product\/aluminum-phase-change-heat-sink-for-thermal-control\/","title":{"rendered":"Alumiiniumist faasimuutuse soojuskaussoojendaja soojusjuhtimiseks"},"content":{"rendered":"<h2>Toodete \u00fcksikasjad<\/h2>\n<div class=\"product-table\">\n<div class=\"row\">\n<div class=\"cell label\">V\u00e4rvid<\/div>\n<div class=\"cell value\">H\u00f5be\/valge\/must\/sinine\/kohandatav<\/div>\n<\/div>\n<div class=\"row\">\n<div class=\"cell label\">Pinnat\u00f6\u00f6tlus<\/div>\n<div class=\"cell value\">H\u00f5bedane anodeeritud LED pin fin soojusalvestus<\/div>\n<\/div>\n<div class=\"row\">\n<div class=\"cell label\">Materjal<\/div>\n<div class=\"cell value\">AL1070<\/div>\n<\/div>\n<div class=\"row\">\n<div class=\"cell label\">Hind<\/div>\n<div class=\"cell value\">Tehase hind LED pin fin soojusalvestuse jaoks<\/div>\n<\/div>\n<div class=\"row\">\n<div class=\"cell label\">Suurus<\/div>\n<div class=\"cell value\">kohandatav<\/div>\n<\/div>\n<div class=\"row\">\n<div class=\"cell label\">Taotlus<\/div>\n<div class=\"cell value\">LED valgus, lahtine valgus<\/div>\n<\/div>\n<div class=\"row\">\n<div class=\"cell label\">t\u00f6\u00f6tlemistehnoloogia<\/div>\n<div class=\"cell value\">K\u00fclmt\u00f5mbamine<\/div>\n<\/div>\n<div class=\"row\">\n<div class=\"cell label\">Stiil<\/div>\n<div class=\"cell value\">Kohandamine<\/div>\n<\/div>\n<div class=\"row\">\n<div class=\"cell label\">Tarneaeg<\/div>\n<div class=\"cell value\">15-21 p\u00e4eva<\/div>\n<\/div>\n<div class=\"row\">\n<div class=\"cell label\">Pakkimine<\/div>\n<div class=\"cell value\">Kartong<\/div>\n<\/div>\n<div class=\"row\">\n<div class=\"cell label\">M\u00fc\u00fcvad \u00fcksused<\/div>\n<div class=\"cell value\">\u00dcksik ese<\/div>\n<\/div>\n<div class=\"row\">\n<div class=\"cell label\">\u00dche pakendi suurus<\/div>\n<div class=\"cell value\">11,8X11,8X7 cm<\/div>\n<\/div>\n<div class=\"row\">\n<div class=\"cell label\">\u00dchtne brutokaal<\/div>\n<div class=\"cell value\">1.300 KG<\/div>\n<\/div>\n<\/div>\n<p><\/p>\n<h2>Meie tootmisbaas<\/h2>\n<h3>Tehase panoraam<\/h3>\n<p><img decoding=\"async\" src=\"\/wp-content\/uploads\/factory-01.webp\"\/><\/p>\n<h3>Alumiiniumvarraste tootmise t\u00f6\u00f6koda<\/h3>\n<p><img decoding=\"async\" src=\"\/wp-content\/uploads\/factory-02.webp\"\/><\/p>\n<p><img decoding=\"async\" src=\"\/wp-content\/uploads\/factory-03.webp\"\/><\/p>\n<h3>hallituse ladustamise ladu<\/h3>\n<p><img decoding=\"async\" src=\"\/wp-content\/uploads\/factory-04.webp\"\/><\/p>\n<h3>43 alumiiniumi ekstrusiooniliini (500-5500 tonni)<\/h3>\n<p><img decoding=\"async\" src=\"\/wp-content\/uploads\/factory-05.webp\"\/><\/p>\n<p><img decoding=\"async\" src=\"\/wp-content\/uploads\/factory-06.webp\"\/><\/p>\n<p><img decoding=\"async\" src=\"\/wp-content\/uploads\/factory-07.webp\"\/><\/p>\n<h3>Pulberv\u00e4rvimise t\u00f6\u00f6koda<\/h3>\n<p><img decoding=\"async\" src=\"\/wp-content\/uploads\/factory-09.webp\"\/><\/p>\n<h3>Anodiseerimise t\u00f6\u00f6koda<\/h3>\n<p><img decoding=\"async\" src=\"\/wp-content\/uploads\/factory-10.webp\"\/><\/p>\n<h3>S\u00fcgavt\u00f6\u00f6tlemise t\u00f6\u00f6tuba<\/h3>\n<p><img decoding=\"async\" src=\"\/wp-content\/uploads\/factory-11.webp\"\/><\/p>\n<h3>CNC-t\u00e4ppist\u00f6\u00f6tlemise t\u00f6\u00f6koda<\/h3>\n<p><img decoding=\"async\" src=\"\/wp-content\/uploads\/factory-11.5.webp\"\/><\/p>\n<h3>Valmistoodete ja ekspordi ladu<\/h3>\n<p><img decoding=\"async\" src=\"\/wp-content\/uploads\/factory-12.webp\"\/><\/p>\n<p><img decoding=\"async\" src=\"\/wp-content\/uploads\/factory-13.webp\"\/><\/p>\n<p><img decoding=\"async\" src=\"\/wp-content\/uploads\/factory-14.webp\"\/><\/p>\n<h2>KKK<\/h2>\n<p><strong>1. Milline on alumiiniumist faasimuutusega soojuss\u00f5lme kasutamise peamine eelis?<\/strong><br \/>Peamine eelis on selle parem soojusjuhtimine, kasutades faasimuutusega materjale, mis suurendab soojuse hajutamise t\u00f5husust.<\/p>\n<p><strong>2. Kas alumiiniumist faasimuutuse soojuss\u00f5lme saab kasutada suure j\u00f5udlusega seadmetes?<\/strong><br \/>Jah, see on m\u00f5eldud spetsiaalselt suure j\u00f5udlusega elektroonika jaoks, mis n\u00f5uab t\u00f5husat soojusjuhtimist.<\/p>\n<p><strong>3. Kas alumiiniumist faasivahetuse soojuskaabitsate suurus on kohandatav?<\/strong><br \/>Jah, me pakume suuruse ja kuju kohandamist vastavalt seadme spetsiifilistele n\u00f5uetele.<\/p>\n<p><strong>4. Milliseid materjale on kasutatud selle soojusalvestuse ehitamisel?<\/strong><br \/>Selle konstruktsioonis on kasutatud kerget alumiiniumi koos faasimuutusega materjalidega, mis tagavad optimaalse j\u00f5udluse.<\/p>\n<p><strong>5. Kas alumiiniumist faasimuutuse soojuss\u00f5lm sobib karmidesse keskkondadesse?<\/strong><br \/>Jah, jah, jah, jah, jah, jah, jah, jah, jah, jah, jah, jah, jah, jah, jah, jah, jah, jah, jah, jah, jah, jah, jah, jah, jah, jah, jah, jah.<\/p>\n<p><strong>6. Kas jahutusradiaator on h\u00f5lpsasti integreeritav olemasolevatesse s\u00fcsteemidesse?<\/strong><br \/>Jah, selle kerge alumiiniumkonstruktsioon v\u00f5imaldab lihtsat integreerimist erinevatesse s\u00fcsteemidesse.<\/p>\n<p><strong>7. Kas te pakute OEM- ja lahtiste tellimuste toetust?<\/strong><br \/>Jah, pakume t\u00e4ielikku toetust OEM-projektidele ja hulgiostudele, et rahuldada teie ettev\u00f5tte vajadusi.<\/p>\n<p><\/p>","protected":false},"featured_media":10769,"template":"","categories":[72],"class_list":["post-10939","product","type-product","status-publish","has-post-thumbnail","hentry","category-extruded-aluminum-heatsink"],"meta_box":{"hilight_text_group":[{"product_hilight_text":"<li>Provides efficient thermal management for high-performance electronics<\/li>\n<li>Utilizes phase change materials for superior heat dissipation<\/li>\n<li>Lightweight aluminum construction for easy integration<\/li>\n<li>Customizable size and shape to fit specific device requirements<\/li>\n<li>Durable design for long-lasting performance in harsh environments<\/li>"}],"feature_list":[]},"_links":{"self":[{"href":"https:\/\/sinoextrud.com\/et\/wp-json\/wp\/v2\/product\/10939","targetHints":{"allow":["GET"]}}],"collection":[{"href":"https:\/\/sinoextrud.com\/et\/wp-json\/wp\/v2\/product"}],"about":[{"href":"https:\/\/sinoextrud.com\/et\/wp-json\/wp\/v2\/types\/product"}],"wp:featuredmedia":[{"embeddable":true,"href":"https:\/\/sinoextrud.com\/et\/wp-json\/wp\/v2\/media\/10769"}],"wp:attachment":[{"href":"https:\/\/sinoextrud.com\/et\/wp-json\/wp\/v2\/media?parent=10939"}],"wp:term":[{"taxonomy":"category","embeddable":true,"href":"https:\/\/sinoextrud.com\/et\/wp-json\/wp\/v2\/categories?post=10939"}],"curies":[{"name":"wp","href":"https:\/\/api.w.org\/{rel}","templated":true}]}}