{"id":10931,"date":"2025-08-01T03:13:18","date_gmt":"2025-08-01T03:13:18","guid":{"rendered":"https:\/\/sinoextrud.com\/product\/aluminum-heatsink-for-beer-machine-cooling\/"},"modified":"2025-08-01T03:13:18","modified_gmt":"2025-08-01T03:13:18","slug":"alumiiniumist-jahutusradiaator-ollemasinate-jahutamiseks","status":"publish","type":"product","link":"https:\/\/sinoextrud.com\/et\/product\/aluminum-heatsink-for-beer-machine-cooling\/","title":{"rendered":"Alumiinium Heatsink \u00f5llemasinate jahutamiseks"},"content":{"rendered":"<h2>Toodete \u00fcksikasjad<\/h2>\n<div class=\"product-table\">\n<div class=\"row\">\n<div class=\"cell label\">CNC-t\u00f6\u00f6tlus v\u00f5i mitte<\/div>\n<div class=\"cell value\">Cnc mehaaniline t\u00f6\u00f6tlemine<\/div>\n<\/div>\n<div class=\"row\">\n<div class=\"cell label\">Materjalide v\u00f5imekus<\/div>\n<div class=\"cell value\">Alumiinium, messing, pronks, vask, karastatud metallid, v\u00e4\u00e4rismetallid, roostevaba teras, terasesulamid<\/div>\n<\/div>\n<div class=\"row\">\n<div class=\"cell label\">T\u00fc\u00fcp<\/div>\n<div class=\"cell value\">Freesimine, Puurimine, s\u00f6\u00f6vitus \/ keemiline t\u00f6\u00f6tlemine, Lasert\u00f6\u00f6tlus, freesimine, muud mehaanilised teenused<\/div>\n<\/div>\n<div class=\"row\">\n<div class=\"cell label\">Mikrot\u00f6\u00f6tlemine v\u00f5i mitte<\/div>\n<div class=\"cell value\">Mikrot\u00f6\u00f6tlemine<\/div>\n<\/div>\n<div class=\"row\">\n<div class=\"cell label\">M\u00fc\u00fcvad \u00fcksused<\/div>\n<div class=\"cell value\">\u00dcksik ese<\/div>\n<\/div>\n<div class=\"row\">\n<div class=\"cell label\">\u00dche pakendi suurus<\/div>\n<div class=\"cell value\">10X5X6 cm<\/div>\n<\/div>\n<div class=\"row\">\n<div class=\"cell label\">\u00dchtne brutokaal<\/div>\n<div class=\"cell value\">0,023 KG<\/div>\n<\/div>\n<\/div>\n<p><\/p>\n<h2>Meie tootmisbaas<\/h2>\n<h3>Tehase panoraam<\/h3>\n<p><img decoding=\"async\" src=\"\/wp-content\/uploads\/factory-01.webp\"\/><\/p>\n<h3>Alumiiniumvarraste tootmise t\u00f6\u00f6koda<\/h3>\n<p><img decoding=\"async\" src=\"\/wp-content\/uploads\/factory-02.webp\"\/><\/p>\n<p><img decoding=\"async\" src=\"\/wp-content\/uploads\/factory-03.webp\"\/><\/p>\n<h3>hallituse ladustamise ladu<\/h3>\n<p><img decoding=\"async\" src=\"\/wp-content\/uploads\/factory-04.webp\"\/><\/p>\n<h3>43 alumiiniumi ekstrusiooniliini (500-5500 tonni)<\/h3>\n<p><img decoding=\"async\" src=\"\/wp-content\/uploads\/factory-05.webp\"\/><\/p>\n<p><img decoding=\"async\" src=\"\/wp-content\/uploads\/factory-06.webp\"\/><\/p>\n<p><img decoding=\"async\" src=\"\/wp-content\/uploads\/factory-07.webp\"\/><\/p>\n<h3>Pulberv\u00e4rvimise t\u00f6\u00f6koda<\/h3>\n<p><img decoding=\"async\" src=\"\/wp-content\/uploads\/factory-09.webp\"\/><\/p>\n<h3>Anodiseerimise t\u00f6\u00f6koda<\/h3>\n<p><img decoding=\"async\" src=\"\/wp-content\/uploads\/factory-10.webp\"\/><\/p>\n<h3>S\u00fcgavt\u00f6\u00f6tlemise t\u00f6\u00f6tuba<\/h3>\n<p><img decoding=\"async\" src=\"\/wp-content\/uploads\/factory-11.webp\"\/><\/p>\n<h3>CNC-t\u00e4ppist\u00f6\u00f6tlemise t\u00f6\u00f6koda<\/h3>\n<p><img decoding=\"async\" src=\"\/wp-content\/uploads\/factory-11.5.webp\"\/><\/p>\n<h3>Valmistoodete ja ekspordi ladu<\/h3>\n<p><img decoding=\"async\" src=\"\/wp-content\/uploads\/factory-12.webp\"\/><\/p>\n<p><img decoding=\"async\" src=\"\/wp-content\/uploads\/factory-13.webp\"\/><\/p>\n<p><img decoding=\"async\" src=\"\/wp-content\/uploads\/factory-14.webp\"\/><\/p>\n<h2>KKK<\/h2>\n<p><strong>1. Milline on alumiiniumist jahutusradiaatori kasutamise peamine eelis \u00f5llemasinates?<\/strong><br \/>Alumiiniumist jahutusplaat parandab soojusjuhtimist, parandades masina t\u00f5husust ja kasutusiga.<\/p>\n<p><strong>2. Kas alumiiniumist jahutusplaati saab kohandada erinevate masinamudelite jaoks?<\/strong><br \/>Jah, me pakume kohandatavaid suurusi ja kujundeid, mis sobivad erinevatele \u00f5llemasinate mudelitele.<\/p>\n<p><strong>3. Kas alumiinium on parim materjal \u00f5llemasinate jahutusradiaatorite jaoks?<\/strong><br \/>Alumiinium pakub suurep\u00e4rase soojusjuhtivuse ja kerguse tasakaalu, mis on ideaalne \u00f5llemasinate jaoks.<\/p>\n<p><strong>4. Kuidas aitab alumiiniumist jahutusradiaator parandada \u00f5llemasinate j\u00f5udlust?<\/strong><br \/>See hajutab t\u00f5husalt soojust, v\u00e4ltides \u00fclekuumenemist ja tagades masina optimaalse t\u00f6\u00f6.<\/p>\n<p><strong>5. Kas jahutusradiaatorid sobivad kaubanduslikele \u00f5llemasinatele?<\/strong><br \/>Jah, need on kavandatud nii kaubanduslike kui ka t\u00f6\u00f6stuslike \u00f5llemasinate n\u00f5udmistele.<\/p>\n<p><strong>6. Kas ma v\u00f5in enne suurema tellimuse esitamist tellida alumiiniumist jahutusplaadi n\u00e4idise?<\/strong><br \/>Jah, proovitellimused on saadaval sobivuse ja toimivuse testimiseks enne hulgiostu sooritamist.<\/p>\n<p><strong>7. Kas alumiiniumist jahutusplaadi kasutamine m\u00f5jutab energiatarbimist?<\/strong><br \/>Jah, see suurendab energiat\u00f5husust, s\u00e4ilitades optimaalse t\u00f6\u00f6temperatuuri, v\u00e4hendades \u00fcldist energiatarbimist.<\/p>\n<p><\/p>","protected":false},"featured_media":10763,"template":"","categories":[72],"class_list":["post-10931","product","type-product","status-publish","has-post-thumbnail","hentry","category-extruded-aluminum-heatsink"],"meta_box":{"hilight_text_group":[{"product_hilight_text":"<li>Efficient thermal management for beer machines<\/li>\n<li>Highly durable construction with aluminum material<\/li>\n<li>Improves performance and lifespan of beer machines<\/li>\n<li>Customizable dimensions to fit various machine models<\/li>\n<li>Supports high thermal conductivity requirements<\/li>"}],"feature_list":[]},"_links":{"self":[{"href":"https:\/\/sinoextrud.com\/et\/wp-json\/wp\/v2\/product\/10931","targetHints":{"allow":["GET"]}}],"collection":[{"href":"https:\/\/sinoextrud.com\/et\/wp-json\/wp\/v2\/product"}],"about":[{"href":"https:\/\/sinoextrud.com\/et\/wp-json\/wp\/v2\/types\/product"}],"wp:featuredmedia":[{"embeddable":true,"href":"https:\/\/sinoextrud.com\/et\/wp-json\/wp\/v2\/media\/10763"}],"wp:attachment":[{"href":"https:\/\/sinoextrud.com\/et\/wp-json\/wp\/v2\/media?parent=10931"}],"wp:term":[{"taxonomy":"category","embeddable":true,"href":"https:\/\/sinoextrud.com\/et\/wp-json\/wp\/v2\/categories?post=10931"}],"curies":[{"name":"wp","href":"https:\/\/api.w.org\/{rel}","templated":true}]}}