{"id":10930,"date":"2025-08-01T03:13:16","date_gmt":"2025-08-01T03:13:16","guid":{"rendered":"https:\/\/sinoextrud.com\/product\/anodized-aluminum-cup-with-carving-design\/"},"modified":"2025-08-01T03:13:16","modified_gmt":"2025-08-01T03:13:16","slug":"anodeeritud-alumiiniumist-tass-koos-nikerdatud-disainiga","status":"publish","type":"product","link":"https:\/\/sinoextrud.com\/et\/product\/anodized-aluminum-cup-with-carving-design\/","title":{"rendered":"Anodeeritud alumiiniumist tass koos nikerdatud disainiga"},"content":{"rendered":"<h2>Toodete \u00fcksikasjad<\/h2>\n<div class=\"product-table\">\n<div class=\"row\">\n<div class=\"cell label\">stiil<\/div>\n<div class=\"cell value\">Mordeni luksus<\/div>\n<\/div>\n<div class=\"row\">\n<div class=\"cell label\">S\u00f6\u00f6giriistade t\u00fc\u00fcp<\/div>\n<div class=\"cell value\">Vasest kruusid<\/div>\n<\/div>\n<div class=\"row\">\n<div class=\"cell label\">Muster<\/div>\n<div class=\"cell value\">Soliidne<\/div>\n<\/div>\n<div class=\"row\">\n<div class=\"cell label\">Kuju<\/div>\n<div class=\"cell value\">\u00dcMBER<\/div>\n<\/div>\n<div class=\"row\">\n<div class=\"cell label\">eelis<\/div>\n<div class=\"cell value\">N\u00f5udepesumasinas, mikrolaineahjus, s\u00fcgavk\u00fclmikus, lekkekindel.<\/div>\n<\/div>\n<div class=\"row\">\n<div class=\"cell label\">kasutajate arv<\/div>\n<div class=\"cell value\">1<\/div>\n<\/div>\n<div class=\"row\">\n<div class=\"cell label\">funktsioon<\/div>\n<div class=\"cell value\">Kaasaskantav, vastupidav, keskkonnas\u00f5bralik<\/div>\n<\/div>\n<div class=\"row\">\n<div class=\"cell label\">materjal<\/div>\n<div class=\"cell value\">Metall<\/div>\n<\/div>\n<div class=\"row\">\n<div class=\"cell label\">v\u00f5imalus<\/div>\n<div class=\"cell value\">\u00c4rikingitused<\/div>\n<\/div>\n<div class=\"row\">\n<div class=\"cell label\">mustri t\u00fc\u00fcp<\/div>\n<div class=\"cell value\">Puuviljad<\/div>\n<\/div>\n<div class=\"row\">\n<div class=\"cell label\">Toote nimi<\/div>\n<div class=\"cell value\">Moscow Mule vasest kruus<\/div>\n<\/div>\n<div class=\"row\">\n<div class=\"cell label\">Kasutamine<\/div>\n<div class=\"cell value\">Hotell Restoran Kodu Pulmapidu<\/div>\n<\/div>\n<div class=\"row\">\n<div class=\"cell label\">V\u00e4rv<\/div>\n<div class=\"cell value\">Kohandatud v\u00e4rv<\/div>\n<\/div>\n<div class=\"row\">\n<div class=\"cell label\">Pakkimine<\/div>\n<div class=\"cell value\">Kohandatud pakkimine<\/div>\n<\/div>\n<div class=\"row\">\n<div class=\"cell label\">Advantage<\/div>\n<div class=\"cell value\">Kvaliteetne<\/div>\n<\/div>\n<div class=\"row\">\n<div class=\"cell label\">Logo<\/div>\n<div class=\"cell value\">Kohandatud logo vastuv\u00f5etav<\/div>\n<\/div>\n<div class=\"row\">\n<div class=\"cell label\">Kuju<\/div>\n<div class=\"cell value\">\u00dcmmargune kuju<\/div>\n<\/div>\n<div class=\"row\">\n<div class=\"cell label\">Stiil<\/div>\n<div class=\"cell value\">Moodne<\/div>\n<\/div>\n<div class=\"row\">\n<div class=\"cell label\">T\u00fc\u00fcp<\/div>\n<div class=\"cell value\">Hot-selling<\/div>\n<\/div>\n<div class=\"row\">\n<div class=\"cell label\">MOQ<\/div>\n<div class=\"cell value\">100 komplekti<\/div>\n<\/div>\n<div class=\"row\">\n<div class=\"cell label\">M\u00e4rks\u00f5nad<\/div>\n<div class=\"cell value\">Amazon Hot<\/div>\n<\/div>\n<div class=\"row\">\n<div class=\"cell label\">Disain<\/div>\n<div class=\"cell value\">Aktsepteeri kohandatud disainilahendusi<\/div>\n<\/div>\n<div class=\"row\">\n<div class=\"cell label\">M\u00fc\u00fcvad \u00fcksused<\/div>\n<div class=\"cell value\">\u00dcksik ese<\/div>\n<\/div>\n<\/div>\n<p><\/p>\n<h2>Meie tootmisbaas<\/h2>\n<h3>Tehase panoraam<\/h3>\n<p><img decoding=\"async\" src=\"\/wp-content\/uploads\/factory-01.webp\"\/><\/p>\n<h3>Alumiiniumvarraste tootmise t\u00f6\u00f6koda<\/h3>\n<p><img decoding=\"async\" src=\"\/wp-content\/uploads\/factory-02.webp\"\/><\/p>\n<p><img decoding=\"async\" src=\"\/wp-content\/uploads\/factory-03.webp\"\/><\/p>\n<h3>hallituse ladustamise ladu<\/h3>\n<p><img decoding=\"async\" src=\"\/wp-content\/uploads\/factory-04.webp\"\/><\/p>\n<h3>43 alumiiniumi ekstrusiooniliini (500-5500 tonni)<\/h3>\n<p><img decoding=\"async\" src=\"\/wp-content\/uploads\/factory-05.webp\"\/><\/p>\n<p><img decoding=\"async\" src=\"\/wp-content\/uploads\/factory-06.webp\"\/><\/p>\n<p><img decoding=\"async\" src=\"\/wp-content\/uploads\/factory-07.webp\"\/><\/p>\n<h3>Pulberv\u00e4rvimise t\u00f6\u00f6koda<\/h3>\n<p><img decoding=\"async\" src=\"\/wp-content\/uploads\/factory-09.webp\"\/><\/p>\n<h3>Anodiseerimise t\u00f6\u00f6koda<\/h3>\n<p><img decoding=\"async\" src=\"\/wp-content\/uploads\/factory-10.webp\"\/><\/p>\n<h3>S\u00fcgavt\u00f6\u00f6tlemise t\u00f6\u00f6tuba<\/h3>\n<p><img decoding=\"async\" src=\"\/wp-content\/uploads\/factory-11.webp\"\/><\/p>\n<h3>CNC-t\u00e4ppist\u00f6\u00f6tlemise t\u00f6\u00f6koda<\/h3>\n<p><img decoding=\"async\" src=\"\/wp-content\/uploads\/factory-11.5.webp\"\/><\/p>\n<h3>Valmistoodete ja ekspordi ladu<\/h3>\n<p><img decoding=\"async\" src=\"\/wp-content\/uploads\/factory-12.webp\"\/><\/p>\n<p><img decoding=\"async\" src=\"\/wp-content\/uploads\/factory-13.webp\"\/><\/p>\n<p><img decoding=\"async\" src=\"\/wp-content\/uploads\/factory-14.webp\"\/><\/p>\n<h2>KKK<\/h2>\n<p><strong>1. Kas alumiiniumist tassi saab kohandada logoga?<\/strong><br \/>Jah, me pakume teie logo v\u00f5i kujunduse graveerimist.<\/p>\n<p><strong>2. Kas alumiiniumist tassi anodeerimine on kulumiskindel?<\/strong><br \/>Jah, anodeeritud viimistlus on vastupidav ja vastupidav kriimustustele ja pleekimisele.<\/p>\n<p><strong>3. Millised suurused on saadaval anodeeritud alumiiniumist tasside jaoks?<\/strong><br \/>Pakume erinevaid suurusi, mida saab kohandada lahtiste tellimuste puhul vastavalt teie vajadustele.<\/p>\n<p><strong>4. Kas alumiiniumkarikate v\u00e4rvivalikud on saadaval?<\/strong><br \/>Jah, tassid on v\u00f5imalik anodeerida erinevates v\u00e4rvides hulgiostude puhul.<\/p>\n<p><strong>5. Kas anodeeritud alumiiniumist tass sobib v\u00e4litingimustes kasutamiseks?<\/strong><br \/>Jah, vastupidav ja kerge konstruktsioon muudab selle ideaalseks v\u00e4litingimustes kasutamiseks.<\/p>\n<p><strong>6. Kui keskkonnas\u00f5bralik on anodeeritud alumiiniummaterjal?<\/strong><br \/>Anodeeritud alumiinium on taaskasutatav ja soodustab keskkonnas\u00e4\u00e4stlikkust.<\/p>\n<p><strong>7. Kas te tarnite anodeeritud alumiiniumist tassid rahvusvaheliselt?<\/strong><br \/>Jah, me pakume rahvusvahelisi tarnev\u00f5imalusi koos p\u00f5hjaliku logistilise toetusega.<\/p>\n<p><\/p>","protected":false},"featured_media":10845,"template":"","categories":[68],"class_list":["post-10930","product","type-product","status-publish","has-post-thumbnail","hentry","category-cnc-machining-aluminum-profile"],"meta_box":{"hilight_text_group":[{"product_hilight_text":"<li>Custom laser engraving available for unique designs<\/li>\n<li>Durable anodized finish resists scratches and fading<\/li>\n<li>Lightweight and suitable for various applications<\/li>\n<li>Available in different colors and sizes for bulk orders<\/li>\n<li>Eco-friendly aluminum material promotes sustainability<\/li>"}],"feature_list":[]},"_links":{"self":[{"href":"https:\/\/sinoextrud.com\/et\/wp-json\/wp\/v2\/product\/10930","targetHints":{"allow":["GET"]}}],"collection":[{"href":"https:\/\/sinoextrud.com\/et\/wp-json\/wp\/v2\/product"}],"about":[{"href":"https:\/\/sinoextrud.com\/et\/wp-json\/wp\/v2\/types\/product"}],"wp:featuredmedia":[{"embeddable":true,"href":"https:\/\/sinoextrud.com\/et\/wp-json\/wp\/v2\/media\/10845"}],"wp:attachment":[{"href":"https:\/\/sinoextrud.com\/et\/wp-json\/wp\/v2\/media?parent=10930"}],"wp:term":[{"taxonomy":"category","embeddable":true,"href":"https:\/\/sinoextrud.com\/et\/wp-json\/wp\/v2\/categories?post=10930"}],"curies":[{"name":"wp","href":"https:\/\/api.w.org\/{rel}","templated":true}]}}