{"id":10927,"date":"2025-08-01T03:13:09","date_gmt":"2025-08-01T03:13:09","guid":{"rendered":"https:\/\/sinoextrud.com\/product\/stir-welding-aluminum-for-structural-assembly\/"},"modified":"2025-08-01T03:13:09","modified_gmt":"2025-08-01T03:13:09","slug":"alumiiniumi-segamiskeevitus-konstruktsioonide-kokkupanekuks","status":"publish","type":"product","link":"https:\/\/sinoextrud.com\/et\/product\/stir-welding-aluminum-for-structural-assembly\/","title":{"rendered":"Stir Welding Alumiinium struktuuride kokkupanekuks"},"content":{"rendered":"<h2>Toodete \u00fcksikasjad<\/h2>\n<div class=\"product-table\">\n<div class=\"row\">\n<div class=\"cell label\">Hinne<\/div>\n<div class=\"cell value\">6000 seeria<\/div>\n<\/div>\n<div class=\"row\">\n<div class=\"cell label\">Sallivus<\/div>\n<div class=\"cell value\">\u00c2\u00b11%<\/div>\n<\/div>\n<div class=\"row\">\n<div class=\"cell label\">Tarneaeg<\/div>\n<div class=\"cell value\">22-30 p\u00e4eva<\/div>\n<\/div>\n<div class=\"row\">\n<div class=\"cell label\">Temper<\/div>\n<div class=\"cell value\">T3-T8<\/div>\n<\/div>\n<div class=\"row\">\n<div class=\"cell label\">Taotlus<\/div>\n<div class=\"cell value\">led\/elektroonika\/cpu\/t\u00f6\u00f6stus<\/div>\n<\/div>\n<div class=\"row\">\n<div class=\"cell label\">Kuju<\/div>\n<div class=\"cell value\">kohandatud<\/div>\n<\/div>\n<div class=\"row\">\n<div class=\"cell label\">Sulam v\u00f5i mitte<\/div>\n<div class=\"cell value\">Kas sulam on sulam<\/div>\n<\/div>\n<div class=\"row\">\n<div class=\"cell label\">T\u00f6\u00f6tlemisteenus<\/div>\n<div class=\"cell value\">Painutamine, keevitamine, keevitamine, stantsimine, l\u00f5ikamine<\/div>\n<\/div>\n<div class=\"row\">\n<div class=\"cell label\">Toote nimi<\/div>\n<div class=\"cell value\">Kohandatud alumiiniumist jahutusplaat<\/div>\n<\/div>\n<div class=\"row\">\n<div class=\"cell label\">Materjal<\/div>\n<div class=\"cell value\">6063 6061 6005 Alumiiniumsulam<\/div>\n<\/div>\n<div class=\"row\">\n<div class=\"cell label\">V\u00e4rv<\/div>\n<div class=\"cell value\">H\u00f5bedane, must, kuldne must ja nii edasi<\/div>\n<\/div>\n<div class=\"row\">\n<div class=\"cell label\">Pinnat\u00f6\u00f6tlus<\/div>\n<div class=\"cell value\">Mill Finish, anodeerimine, pulberv\u00e4rvimine<\/div>\n<\/div>\n<div class=\"row\">\n<div class=\"cell label\">Funktsioon<\/div>\n<div class=\"cell value\">K\u00f5rge korrosioonikindlus<\/div>\n<\/div>\n<div class=\"row\">\n<div class=\"cell label\">kuju<\/div>\n<div class=\"cell value\">Kohandatud<\/div>\n<\/div>\n<div class=\"row\">\n<div class=\"cell label\">Kasutamine<\/div>\n<div class=\"cell value\">Led\/elektroonika\/elektroonika\/pu\/t\u00f6\u00f6stus<\/div>\n<\/div>\n<div class=\"row\">\n<div class=\"cell label\">N\u00e4ide<\/div>\n<div class=\"cell value\">Tasuta proov<\/div>\n<\/div>\n<div class=\"row\">\n<div class=\"cell label\">Pikkus<\/div>\n<div class=\"cell value\">Kohandatud pikkus<\/div>\n<\/div>\n<div class=\"row\">\n<div class=\"cell label\">Teenus<\/div>\n<div class=\"cell value\">OEM ODM<\/div>\n<\/div>\n<div class=\"row\">\n<div class=\"cell label\">M\u00fc\u00fcvad \u00fcksused<\/div>\n<div class=\"cell value\">\u00dcksik ese<\/div>\n<\/div>\n<div class=\"row\">\n<div class=\"cell label\">\u00dche pakendi suurus<\/div>\n<div class=\"cell value\">30 x 20 x 50 cm<\/div>\n<\/div>\n<div class=\"row\">\n<div class=\"cell label\">\u00dchtne brutokaal<\/div>\n<div class=\"cell value\">5.000 KG<\/div>\n<\/div>\n<\/div>\n<p><\/p>\n<h2>Meie tootmisbaas<\/h2>\n<h3>Tehase panoraam<\/h3>\n<p><img decoding=\"async\" src=\"\/wp-content\/uploads\/factory-01.webp\"\/><\/p>\n<h3>Alumiiniumvarraste tootmise t\u00f6\u00f6koda<\/h3>\n<p><img decoding=\"async\" src=\"\/wp-content\/uploads\/factory-02.webp\"\/><\/p>\n<p><img decoding=\"async\" src=\"\/wp-content\/uploads\/factory-03.webp\"\/><\/p>\n<h3>hallituse ladustamise ladu<\/h3>\n<p><img decoding=\"async\" src=\"\/wp-content\/uploads\/factory-04.webp\"\/><\/p>\n<h3>43 alumiiniumi ekstrusiooniliini (500-5500 tonni)<\/h3>\n<p><img decoding=\"async\" src=\"\/wp-content\/uploads\/factory-05.webp\"\/><\/p>\n<p><img decoding=\"async\" src=\"\/wp-content\/uploads\/factory-06.webp\"\/><\/p>\n<p><img decoding=\"async\" src=\"\/wp-content\/uploads\/factory-07.webp\"\/><\/p>\n<h3>Pulberv\u00e4rvimise t\u00f6\u00f6koda<\/h3>\n<p><img decoding=\"async\" src=\"\/wp-content\/uploads\/factory-09.webp\"\/><\/p>\n<h3>Anodiseerimise t\u00f6\u00f6koda<\/h3>\n<p><img decoding=\"async\" src=\"\/wp-content\/uploads\/factory-10.webp\"\/><\/p>\n<h3>S\u00fcgavt\u00f6\u00f6tlemise t\u00f6\u00f6tuba<\/h3>\n<p><img decoding=\"async\" src=\"\/wp-content\/uploads\/factory-11.webp\"\/><\/p>\n<h3>CNC-t\u00e4ppist\u00f6\u00f6tlemise t\u00f6\u00f6koda<\/h3>\n<p><img decoding=\"async\" src=\"\/wp-content\/uploads\/factory-11.5.webp\"\/><\/p>\n<h3>Valmistoodete ja ekspordi ladu<\/h3>\n<p><img decoding=\"async\" src=\"\/wp-content\/uploads\/factory-12.webp\"\/><\/p>\n<p><img decoding=\"async\" src=\"\/wp-content\/uploads\/factory-13.webp\"\/><\/p>\n<p><img decoding=\"async\" src=\"\/wp-content\/uploads\/factory-14.webp\"\/><\/p>\n<h2>KKK<\/h2>\n<p><strong>1. Milleks on segamisega alumiiniumi keevitamine k\u00f5ige paremini kasutatav?<\/strong><br \/>Alumiiniumi segamisega keevitamine on ideaalne alumiiniumsulamite \u00fchendamiseks autot\u00f6\u00f6stuses, lennunduses ja ehituses.<\/p>\n<p><strong>2. Kas alumiiniumi segamisega keevitamine v\u00e4hendab keevitusdefekte?<\/strong><br \/>Jah, see v\u00e4hendab oluliselt defekte v\u00f5rreldes traditsiooniliste keevitusmeetoditega.<\/p>\n<p><strong>3. Kas alumiiniumi segamiskeevitus on keskkonnas\u00f5bralik?<\/strong><br \/>Jah, see on energiat\u00f5hus protsess, mis v\u00e4hendab heitkoguseid.<\/p>\n<p><strong>4. Kas alumiiniumi keevitamine v\u00f5ib olla erineva paksusega?<\/strong><br \/>Jah, see sobib erinevate paksuste ja alumiiniumisulamitega.<\/p>\n<p><strong>5. Kas alumiiniumi segam\u00f5\u00f5tmeline keevitamine sobib suure tugevusega rakenduste jaoks?<\/strong><br \/>Jah, see tagab suure tugevusega, \u00f5mbluseta liitekohtadega, mis sobivad konstruktsiooniliseks kasutamiseks.<\/p>\n<p><strong>6. Kas alumiiniumi segamisega keevitamine parandab toote pikaealisust?<\/strong><br \/>Jah, see parandab struktuurilist terviklikkust, mis suurendab vastupidavust.<\/p>\n<p><strong>7. Kas on olemas konkreetseid t\u00f6\u00f6stusharusid, mis saavad alumiiniumi segamiskeevitamisest k\u00f5ige enam kasu?<\/strong><br \/>Autot\u00f6\u00f6stus, lennundus ja ehitust\u00f6\u00f6stus saavad sellest tehnikast suurt kasu.<\/p>\n<p><\/p>","protected":false},"featured_media":10847,"template":"","categories":[55],"class_list":["post-10927","product","type-product","status-publish","has-post-thumbnail","hentry","category-extruded-aluminum-profiles"],"meta_box":{"hilight_text_group":[{"product_hilight_text":"<li>Suitable for a wide range of industrial applications<\/li>\n<li>Ensures high-strength and seamless aluminum joints<\/li>\n<li>Reduces welding defects and improves structural integrity<\/li>\n<li>Energy-efficient and environmentally friendly process<\/li>\n<li>Compatible with various aluminum alloys and thicknesses<\/li>"}],"feature_list":[]},"_links":{"self":[{"href":"https:\/\/sinoextrud.com\/et\/wp-json\/wp\/v2\/product\/10927","targetHints":{"allow":["GET"]}}],"collection":[{"href":"https:\/\/sinoextrud.com\/et\/wp-json\/wp\/v2\/product"}],"about":[{"href":"https:\/\/sinoextrud.com\/et\/wp-json\/wp\/v2\/types\/product"}],"wp:featuredmedia":[{"embeddable":true,"href":"https:\/\/sinoextrud.com\/et\/wp-json\/wp\/v2\/media\/10847"}],"wp:attachment":[{"href":"https:\/\/sinoextrud.com\/et\/wp-json\/wp\/v2\/media?parent=10927"}],"wp:term":[{"taxonomy":"category","embeddable":true,"href":"https:\/\/sinoextrud.com\/et\/wp-json\/wp\/v2\/categories?post=10927"}],"curies":[{"name":"wp","href":"https:\/\/api.w.org\/{rel}","templated":true}]}}