{"id":10926,"date":"2025-08-01T03:13:07","date_gmt":"2025-08-01T03:13:07","guid":{"rendered":"https:\/\/sinoextrud.com\/product\/aluminum-heat-sink-plate-for-power-electronics\/"},"modified":"2025-08-01T03:13:07","modified_gmt":"2025-08-01T03:13:07","slug":"alumiiniumist-soojusalvestusplaat-voimsuselektroonika-jaoks","status":"publish","type":"product","link":"https:\/\/sinoextrud.com\/et\/product\/aluminum-heat-sink-plate-for-power-electronics\/","title":{"rendered":"Alumiiniumist soojuskaevu plaat v\u00f5imsuselektroonika jaoks"},"content":{"rendered":"<h2>Toodete \u00fcksikasjad<\/h2>\n<div class=\"product-table\">\n<div class=\"row\">\n<div class=\"cell label\">CNC-t\u00f6\u00f6tlus v\u00f5i mitte<\/div>\n<div class=\"cell value\">Cnc mehaaniline t\u00f6\u00f6tlemine<\/div>\n<\/div>\n<div class=\"row\">\n<div class=\"cell label\">Materjalide v\u00f5imekus<\/div>\n<div class=\"cell value\">Alumiinium, messing, pronks, vask, karastatud metallid, v\u00e4\u00e4rismetallid, roostevaba teras, terasesulamid<\/div>\n<\/div>\n<div class=\"row\">\n<div class=\"cell label\">T\u00fc\u00fcp<\/div>\n<div class=\"cell value\">Freesimine, Puurimine, Keemiline t\u00f6\u00f6tlemine, Lasert\u00f6\u00f6tlus, Freesimine, Kiirprotot\u00fc\u00fcpide valmistamine, Kiirprotot\u00fc\u00fcpide valmistamine, Keermepuurimine, Lasert\u00f6\u00f6tlus, Muu mehaaniline t\u00f6\u00f6tlemine, S\u00f6\u00f6vitamine \/ keemiline t\u00f6\u00f6tlemine<\/div>\n<\/div>\n<div class=\"row\">\n<div class=\"cell label\">Mikrot\u00f6\u00f6tlemine v\u00f5i mitte<\/div>\n<div class=\"cell value\">Mitte mikrot\u00f6\u00f6tlus<\/div>\n<\/div>\n<div class=\"row\">\n<div class=\"cell label\">Protsess<\/div>\n<div class=\"cell value\">CNC-t\u00f6\u00f6tlemine<\/div>\n<\/div>\n<div class=\"row\">\n<div class=\"cell label\">Materjal<\/div>\n<div class=\"cell value\">Metallisulam<\/div>\n<\/div>\n<div class=\"row\">\n<div class=\"cell label\">M\u00e4rks\u00f5na<\/div>\n<div class=\"cell value\">Metallit\u00f6\u00f6<\/div>\n<\/div>\n<div class=\"row\">\n<div class=\"cell label\">Pinnat\u00f6\u00f6tlus<\/div>\n<div class=\"cell value\">vastavalt n\u00f5uetele<\/div>\n<\/div>\n<div class=\"row\">\n<div class=\"cell label\">Teenus<\/div>\n<div class=\"cell value\">OEM ODM<\/div>\n<\/div>\n<div class=\"row\">\n<div class=\"cell label\">Seadmed<\/div>\n<div class=\"cell value\">3,4,5-teljeline cnc-masin<\/div>\n<\/div>\n<div class=\"row\">\n<div class=\"cell label\">\u2013<\/div>\n<div class=\"cell value\">xxxx xxx xx xx x<\/div>\n<\/div>\n<div class=\"row\">\n<div class=\"cell label\">Pakendi \u00fcksikasjad<\/div>\n<div class=\"cell value\">- Mullkott+v\u00e4liskarp<\/div>\n<\/div>\n<div class=\"row\">\n<div class=\"cell label\">M\u00fc\u00fcvad \u00fcksused<\/div>\n<div class=\"cell value\">\u00dcksik ese<\/div>\n<\/div>\n<div class=\"row\">\n<div class=\"cell label\">\u00dche pakendi suurus<\/div>\n<div class=\"cell value\">13X8X9 cm<\/div>\n<\/div>\n<div class=\"row\">\n<div class=\"cell label\">\u00dchtne brutokaal<\/div>\n<div class=\"cell value\">0,100 KG<\/div>\n<\/div>\n<\/div>\n<p><\/p>\n<h2>Meie tootmisbaas<\/h2>\n<h3>Tehase panoraam<\/h3>\n<p><img decoding=\"async\" src=\"\/wp-content\/uploads\/factory-01.webp\"\/><\/p>\n<h3>Alumiiniumvarraste tootmise t\u00f6\u00f6koda<\/h3>\n<p><img decoding=\"async\" src=\"\/wp-content\/uploads\/factory-02.webp\"\/><\/p>\n<p><img decoding=\"async\" src=\"\/wp-content\/uploads\/factory-03.webp\"\/><\/p>\n<h3>hallituse ladustamise ladu<\/h3>\n<p><img decoding=\"async\" src=\"\/wp-content\/uploads\/factory-04.webp\"\/><\/p>\n<h3>43 alumiiniumi ekstrusiooniliini (500-5500 tonni)<\/h3>\n<p><img decoding=\"async\" src=\"\/wp-content\/uploads\/factory-05.webp\"\/><\/p>\n<p><img decoding=\"async\" src=\"\/wp-content\/uploads\/factory-06.webp\"\/><\/p>\n<p><img decoding=\"async\" src=\"\/wp-content\/uploads\/factory-07.webp\"\/><\/p>\n<h3>Pulberv\u00e4rvimise t\u00f6\u00f6koda<\/h3>\n<p><img decoding=\"async\" src=\"\/wp-content\/uploads\/factory-09.webp\"\/><\/p>\n<h3>Anodiseerimise t\u00f6\u00f6koda<\/h3>\n<p><img decoding=\"async\" src=\"\/wp-content\/uploads\/factory-10.webp\"\/><\/p>\n<h3>S\u00fcgavt\u00f6\u00f6tlemise t\u00f6\u00f6tuba<\/h3>\n<p><img decoding=\"async\" src=\"\/wp-content\/uploads\/factory-11.webp\"\/><\/p>\n<h3>CNC-t\u00e4ppist\u00f6\u00f6tlemise t\u00f6\u00f6koda<\/h3>\n<p><img decoding=\"async\" src=\"\/wp-content\/uploads\/factory-11.5.webp\"\/><\/p>\n<h3>Valmistoodete ja ekspordi ladu<\/h3>\n<p><img decoding=\"async\" src=\"\/wp-content\/uploads\/factory-12.webp\"\/><\/p>\n<p><img decoding=\"async\" src=\"\/wp-content\/uploads\/factory-13.webp\"\/><\/p>\n<p><img decoding=\"async\" src=\"\/wp-content\/uploads\/factory-14.webp\"\/><\/p>\n<h2>KKK<\/h2>\n<p><strong>1. Milline on alumiiniumist soojuskaabri plaadi peamine funktsioon?<\/strong><br \/>See hajutab elektroonikakomponentide soojust, et v\u00e4ltida \u00fclekuumenemist.<\/p>\n<p><strong>2. Kas jahutusplaadi suurust saab kohandada?<\/strong><br \/>Jah, me pakume suuruse kohandamist vastavalt konkreetsetele n\u00f5uetele.<\/p>\n<p><strong>3. Kas see toode on valmistatud puhtast alumiiniumist?<\/strong><br \/>Jah, meie jah, meie jahutusplaadid on valmistatud kvaliteetsest alumiiniumist, mis tagab optimaalse j\u00f5udluse.<\/p>\n<p><strong>4. Kas see toetab erinevate seadmete kinnitamist?<\/strong><br \/>Jah, seda saab integreerida mitmesuguse elektroonika ja masinatega.<\/p>\n<p><strong>5. Millised t\u00f6\u00f6stusharud kasutavad tavaliselt alumiiniumist jahutusplaate?<\/strong><br \/>Neid kasutatakse laialdaselt elektroonika-, auto- ja t\u00f6\u00f6stusrakendustes.<\/p>\n<p><strong>6. Kas neid plaate saab kasutada v\u00e4litingimustes?<\/strong><br \/>Jah, nende korrosioonikindel viimistlus muudab need sobivaks v\u00e4litingimustes kasutamiseks.<\/p>\n<p><strong>7. Kas disaini kohandamisel on minimaalne tellimuse kogus?<\/strong><br \/>MOQ s\u00f5ltub kohandamise tasemest, tavaliselt alates 100 \u00fchikust.<\/p>\n<p><\/p>","protected":false},"featured_media":10758,"template":"","categories":[72],"class_list":["post-10926","product","type-product","status-publish","has-post-thumbnail","hentry","category-extruded-aluminum-heatsink"],"meta_box":{"hilight_text_group":[{"product_hilight_text":"<li>High thermal conductivity for efficient heat dissipation<\/li>\n<li>Lightweight and durable aluminum construction<\/li>\n<li>Customizable shapes and sizes to fit specific applications<\/li>\n<li>Corrosion-resistant finish for long-lasting performance<\/li>\n<li>Compatible with various electronic devices and equipment<\/li>"}],"feature_list":[]},"_links":{"self":[{"href":"https:\/\/sinoextrud.com\/et\/wp-json\/wp\/v2\/product\/10926","targetHints":{"allow":["GET"]}}],"collection":[{"href":"https:\/\/sinoextrud.com\/et\/wp-json\/wp\/v2\/product"}],"about":[{"href":"https:\/\/sinoextrud.com\/et\/wp-json\/wp\/v2\/types\/product"}],"wp:featuredmedia":[{"embeddable":true,"href":"https:\/\/sinoextrud.com\/et\/wp-json\/wp\/v2\/media\/10758"}],"wp:attachment":[{"href":"https:\/\/sinoextrud.com\/et\/wp-json\/wp\/v2\/media?parent=10926"}],"wp:term":[{"taxonomy":"category","embeddable":true,"href":"https:\/\/sinoextrud.com\/et\/wp-json\/wp\/v2\/categories?post=10926"}],"curies":[{"name":"wp","href":"https:\/\/api.w.org\/{rel}","templated":true}]}}