{"id":10925,"date":"2025-08-01T03:13:04","date_gmt":"2025-08-01T03:13:04","guid":{"rendered":"https:\/\/sinoextrud.com\/product\/led-light-aluminum-housing-for-outdoor-use\/"},"modified":"2025-08-01T03:13:04","modified_gmt":"2025-08-01T03:13:04","slug":"led-valgusti-alumiiniumist-korpus-valitingimustes-kasutamiseks","status":"publish","type":"product","link":"https:\/\/sinoextrud.com\/et\/product\/led-light-aluminum-housing-for-outdoor-use\/","title":{"rendered":"LED Light alumiiniumist korpus v\u00e4litingimustes kasutamiseks"},"content":{"rendered":"<h2>Toodete \u00fcksikasjad<\/h2>\n<div class=\"product-table\">\n<div class=\"row\">\n<div class=\"cell label\">Toote nimi<\/div>\n<div class=\"cell value\">Kohandatud alumiiniumist radiaatori survevalu osad<\/div>\n<\/div>\n<div class=\"row\">\n<div class=\"cell label\">Sallivus<\/div>\n<div class=\"cell value\">0.01mm<\/div>\n<\/div>\n<div class=\"row\">\n<div class=\"cell label\">Materjal<\/div>\n<div class=\"cell value\">Raud, SS, s\u00fcsinikteras, alumiiniumisulam, tsink, magneesium jne.<\/div>\n<\/div>\n<div class=\"row\">\n<div class=\"cell label\">Pakett<\/div>\n<div class=\"cell value\">Mull + karp + puidust kast<\/div>\n<\/div>\n<div class=\"row\">\n<div class=\"cell label\">Kvaliteedikontroll<\/div>\n<div class=\"cell value\">Rangelt 100% kontroll<\/div>\n<\/div>\n<div class=\"row\">\n<div class=\"cell label\">Protsess<\/div>\n<div class=\"cell value\">Valamine + mehaaniline t\u00f6\u00f6tlemine (kui vaja) + pinnat\u00f6\u00f6tlus<\/div>\n<\/div>\n<div class=\"row\">\n<div class=\"cell label\">Pinnat\u00f6\u00f6tlus<\/div>\n<div class=\"cell value\">Klientide n\u00f5udlus<\/div>\n<\/div>\n<div class=\"row\">\n<div class=\"cell label\">Teenus<\/div>\n<div class=\"cell value\">OEM\\ODM<\/div>\n<\/div>\n<div class=\"row\">\n<div class=\"cell label\">Juhtumisaeg<\/div>\n<div class=\"cell value\">15-35 p\u00e4eva<\/div>\n<\/div>\n<div class=\"row\">\n<div class=\"cell label\">M\u00e4rks\u00f5na<\/div>\n<div class=\"cell value\">Survevalu alumiiniumtoodete osad<\/div>\n<\/div>\n<div class=\"row\">\n<div class=\"cell label\">M\u00fc\u00fcvad \u00fcksused<\/div>\n<div class=\"cell value\">\u00dcksik ese<\/div>\n<\/div>\n<div class=\"row\">\n<div class=\"cell label\">\u00dche pakendi suurus<\/div>\n<div class=\"cell value\">10X20X15 cm<\/div>\n<\/div>\n<div class=\"row\">\n<div class=\"cell label\">\u00dchtne brutokaal<\/div>\n<div class=\"cell value\">1.000 KG<\/div>\n<\/div>\n<\/div>\n<p><\/p>\n<h2>Meie tootmisbaas<\/h2>\n<h3>Tehase panoraam<\/h3>\n<p><img decoding=\"async\" src=\"\/wp-content\/uploads\/factory-01.webp\"\/><\/p>\n<h3>Alumiiniumvarraste tootmise t\u00f6\u00f6koda<\/h3>\n<p><img decoding=\"async\" src=\"\/wp-content\/uploads\/factory-02.webp\"\/><\/p>\n<p><img decoding=\"async\" src=\"\/wp-content\/uploads\/factory-03.webp\"\/><\/p>\n<h3>hallituse ladustamise ladu<\/h3>\n<p><img decoding=\"async\" src=\"\/wp-content\/uploads\/factory-04.webp\"\/><\/p>\n<h3>43 alumiiniumi ekstrusiooniliini (500-5500 tonni)<\/h3>\n<p><img decoding=\"async\" src=\"\/wp-content\/uploads\/factory-05.webp\"\/><\/p>\n<p><img decoding=\"async\" src=\"\/wp-content\/uploads\/factory-06.webp\"\/><\/p>\n<p><img decoding=\"async\" src=\"\/wp-content\/uploads\/factory-07.webp\"\/><\/p>\n<h3>Pulberv\u00e4rvimise t\u00f6\u00f6koda<\/h3>\n<p><img decoding=\"async\" src=\"\/wp-content\/uploads\/factory-09.webp\"\/><\/p>\n<h3>Anodiseerimise t\u00f6\u00f6koda<\/h3>\n<p><img decoding=\"async\" src=\"\/wp-content\/uploads\/factory-10.webp\"\/><\/p>\n<h3>S\u00fcgavt\u00f6\u00f6tlemise t\u00f6\u00f6tuba<\/h3>\n<p><img decoding=\"async\" src=\"\/wp-content\/uploads\/factory-11.webp\"\/><\/p>\n<h3>CNC-t\u00e4ppist\u00f6\u00f6tlemise t\u00f6\u00f6koda<\/h3>\n<p><img decoding=\"async\" src=\"\/wp-content\/uploads\/factory-11.5.webp\"\/><\/p>\n<h3>Valmistoodete ja ekspordi ladu<\/h3>\n<p><img decoding=\"async\" src=\"\/wp-content\/uploads\/factory-12.webp\"\/><\/p>\n<p><img decoding=\"async\" src=\"\/wp-content\/uploads\/factory-13.webp\"\/><\/p>\n<p><img decoding=\"async\" src=\"\/wp-content\/uploads\/factory-14.webp\"\/><\/p>\n<h2>KKK<\/h2>\n<p><strong>1. Kas LED-valgusti alumiiniumist korpust saab kohandada?<\/strong><br \/>Jah, me pakume kohandatavaid v\u00f5imalusi, sealhulgas suurust, v\u00e4rvi ja disaini, et need vastaksid teie vajadustele.<\/p>\n<p><strong>2. Milliseid materjale kasutatakse LED-valgusti alumiiniumkorpuses?<\/strong><br \/>Korpus on valmistatud kvaliteetsest alumiiniumist, mis tagab vastupidavuse ja soojusjuhtimise.<\/p>\n<p><strong>3. Kas LED-valgusti alumiiniumist korpus on ilmastikukindel?<\/strong><br \/>Jah, sellel on korrosioonikindel viimistlus, mis muudab selle sobivaks erinevatesse keskkonnatingimustesse.<\/p>\n<p><strong>4. Kas korpus toetab t\u00f5husat soojusjuhtimist?<\/strong><br \/>Kindlasti soodustab alumiiniumkonstruktsioon t\u00f5husat soojuse hajutamist, et pikendada LED-i eluiga.<\/p>\n<p><strong>5. Kas see korpus sobib erinevate LED-moodulitega?<\/strong><br \/>Jah, see on m\u00f5eldud erinevate LED-moodulite ja draiverite jaoks, et tagada paindlikkus.<\/p>\n<p><strong>6. Kas LED-valgusti alumiiniumist korpus on saadaval erinevates suurustes?<\/strong><br \/>Jah, me pakume erinevaid suurusi ja saame vajaduse korral kohandada ka konkreetsete m\u00f5\u00f5tmetega.<\/p>\n<p><strong>7. Kas te pakute LED-valgusti alumiiniumist korpuse jaoks lahtiseid tellimuse allahindlusi?<\/strong><br \/>Jah, pakume konkurentsiv\u00f5imelist hinda ja allahindlusi suurte tellimuste puhul.<\/p>\n<p><\/p>","protected":false},"featured_media":10848,"template":"","categories":[55],"class_list":["post-10925","product","type-product","status-publish","has-post-thumbnail","hentry","category-extruded-aluminum-profiles"],"meta_box":{"hilight_text_group":[{"product_hilight_text":"<li>Durable and lightweight aluminum construction<\/li>\n<li>Efficient heat dissipation for extended LED lifespan<\/li>\n<li>Customizable designs to fit different LED applications<\/li>\n<li>Corrosion-resistant finish suitable for various environments<\/li>\n<li>Compatible with a wide range of LED modules and drivers<\/li>"}],"feature_list":[]},"_links":{"self":[{"href":"https:\/\/sinoextrud.com\/et\/wp-json\/wp\/v2\/product\/10925","targetHints":{"allow":["GET"]}}],"collection":[{"href":"https:\/\/sinoextrud.com\/et\/wp-json\/wp\/v2\/product"}],"about":[{"href":"https:\/\/sinoextrud.com\/et\/wp-json\/wp\/v2\/types\/product"}],"wp:featuredmedia":[{"embeddable":true,"href":"https:\/\/sinoextrud.com\/et\/wp-json\/wp\/v2\/media\/10848"}],"wp:attachment":[{"href":"https:\/\/sinoextrud.com\/et\/wp-json\/wp\/v2\/media?parent=10925"}],"wp:term":[{"taxonomy":"category","embeddable":true,"href":"https:\/\/sinoextrud.com\/et\/wp-json\/wp\/v2\/categories?post=10925"}],"curies":[{"name":"wp","href":"https:\/\/api.w.org\/{rel}","templated":true}]}}