{"id":10924,"date":"2025-08-01T03:13:02","date_gmt":"2025-08-01T03:13:02","guid":{"rendered":"https:\/\/sinoextrud.com\/product\/aluminum-heat-sink-material-for-custom-solutions\/"},"modified":"2025-08-01T03:13:02","modified_gmt":"2025-08-01T03:13:02","slug":"alumiiniumist-soojusalvesti-materjal-kohandatud-lahenduste-jaoks","status":"publish","type":"product","link":"https:\/\/sinoextrud.com\/et\/product\/aluminum-heat-sink-material-for-custom-solutions\/","title":{"rendered":"Alumiiniumist soojusalvestuse materjal kohandatud lahenduste jaoks"},"content":{"rendered":"<h2>Toodete \u00fcksikasjad<\/h2>\n<div class=\"product-table\">\n<div class=\"row\">\n<div class=\"cell label\">Hinne<\/div>\n<div class=\"cell value\">6000 seeria<\/div>\n<\/div>\n<div class=\"row\">\n<div class=\"cell label\">Sallivus<\/div>\n<div class=\"cell value\">\u00c2\u00b11%<\/div>\n<\/div>\n<div class=\"row\">\n<div class=\"cell label\">Tarneaeg<\/div>\n<div class=\"cell value\">15-21 p\u00e4eva<\/div>\n<\/div>\n<div class=\"row\">\n<div class=\"cell label\">Temper<\/div>\n<div class=\"cell value\">T4-T6<\/div>\n<\/div>\n<div class=\"row\">\n<div class=\"cell label\">Taotlus<\/div>\n<div class=\"cell value\">T\u00f6\u00f6stuslik<\/div>\n<\/div>\n<div class=\"row\">\n<div class=\"cell label\">Kuju<\/div>\n<div class=\"cell value\">kohandatud<\/div>\n<\/div>\n<div class=\"row\">\n<div class=\"cell label\">Sulam v\u00f5i mitte<\/div>\n<div class=\"cell value\">Kas sulam on sulam<\/div>\n<\/div>\n<div class=\"row\">\n<div class=\"cell label\">T\u00f6\u00f6tlemisteenus<\/div>\n<div class=\"cell value\">Painutamine, keevitamine, keevitamine, stantsimine, l\u00f5ikamine<\/div>\n<\/div>\n<div class=\"row\">\n<div class=\"cell label\">T\u00fc\u00fcp<\/div>\n<div class=\"cell value\">OEM ODM<\/div>\n<\/div>\n<div class=\"row\">\n<div class=\"cell label\">Paksus<\/div>\n<div class=\"cell value\">1mm-500mm<\/div>\n<\/div>\n<div class=\"row\">\n<div class=\"cell label\">Laius<\/div>\n<div class=\"cell value\">10mm-600mm<\/div>\n<\/div>\n<div class=\"row\">\n<div class=\"cell label\">Pikkus<\/div>\n<div class=\"cell value\">1000mm-12000mm v\u00f5i kohandatud<\/div>\n<\/div>\n<div class=\"row\">\n<div class=\"cell label\">Standard<\/div>\n<div class=\"cell value\">GB, ASTM, EN, JIS, AISI, DIN<\/div>\n<\/div>\n<div class=\"row\">\n<div class=\"cell label\">Pind<\/div>\n<div class=\"cell value\">Mill Finish, anodeerimine, pulberv\u00e4rvimine jne.<\/div>\n<\/div>\n<div class=\"row\">\n<div class=\"cell label\">Sertifitseerimine<\/div>\n<div class=\"cell value\">CE, ISO9001, ISO14001, ISO45001, IATF16949<\/div>\n<\/div>\n<div class=\"row\">\n<div class=\"cell label\">Taotlus<\/div>\n<div class=\"cell value\">Raudteetranspordi, autot\u00f6\u00f6stuse, elektroonika, elektrotehnika ja muude t\u00f6\u00f6stusharude jaoks.<\/div>\n<\/div>\n<div class=\"row\">\n<div class=\"cell label\">Pakendi \u00fcksikasjad<\/div>\n<div class=\"cell value\">Kartong\/ mullakile\/puidust kaubaalus<\/div>\n<\/div>\n<div class=\"row\">\n<div class=\"cell label\">L\u00e4hetussadam<\/div>\n<div class=\"cell value\">Qingdao<\/div>\n<\/div>\n<div class=\"row\">\n<div class=\"cell label\">M\u00fc\u00fcvad \u00fcksused<\/div>\n<div class=\"cell value\">\u00dcksik ese<\/div>\n<\/div>\n<div class=\"row\">\n<div class=\"cell label\">Pakkumise v\u00f5ime<\/div>\n<div class=\"cell value\">1500 tonni kuus<\/div>\n<\/div>\n<\/div>\n<p><\/p>\n<h2>Meie tootmisbaas<\/h2>\n<h3>Tehase panoraam<\/h3>\n<p><img decoding=\"async\" src=\"\/wp-content\/uploads\/factory-01.webp\"\/><\/p>\n<h3>Alumiiniumvarraste tootmise t\u00f6\u00f6koda<\/h3>\n<p><img decoding=\"async\" src=\"\/wp-content\/uploads\/factory-02.webp\"\/><\/p>\n<p><img decoding=\"async\" src=\"\/wp-content\/uploads\/factory-03.webp\"\/><\/p>\n<h3>hallituse ladustamise ladu<\/h3>\n<p><img decoding=\"async\" src=\"\/wp-content\/uploads\/factory-04.webp\"\/><\/p>\n<h3>43 alumiiniumi ekstrusiooniliini (500-5500 tonni)<\/h3>\n<p><img decoding=\"async\" src=\"\/wp-content\/uploads\/factory-05.webp\"\/><\/p>\n<p><img decoding=\"async\" src=\"\/wp-content\/uploads\/factory-06.webp\"\/><\/p>\n<p><img decoding=\"async\" src=\"\/wp-content\/uploads\/factory-07.webp\"\/><\/p>\n<h3>Pulberv\u00e4rvimise t\u00f6\u00f6koda<\/h3>\n<p><img decoding=\"async\" src=\"\/wp-content\/uploads\/factory-09.webp\"\/><\/p>\n<h3>Anodiseerimise t\u00f6\u00f6koda<\/h3>\n<p><img decoding=\"async\" src=\"\/wp-content\/uploads\/factory-10.webp\"\/><\/p>\n<h3>S\u00fcgavt\u00f6\u00f6tlemise t\u00f6\u00f6tuba<\/h3>\n<p><img decoding=\"async\" src=\"\/wp-content\/uploads\/factory-11.webp\"\/><\/p>\n<h3>CNC-t\u00e4ppist\u00f6\u00f6tlemise t\u00f6\u00f6koda<\/h3>\n<p><img decoding=\"async\" src=\"\/wp-content\/uploads\/factory-11.5.webp\"\/><\/p>\n<h3>Valmistoodete ja ekspordi ladu<\/h3>\n<p><img decoding=\"async\" src=\"\/wp-content\/uploads\/factory-12.webp\"\/><\/p>\n<p><img decoding=\"async\" src=\"\/wp-content\/uploads\/factory-13.webp\"\/><\/p>\n<p><img decoding=\"async\" src=\"\/wp-content\/uploads\/factory-14.webp\"\/><\/p>\n<h2>KKK<\/h2>\n<p><strong>1. Millised on peamised eelised alumiiniumi kasutamisel jahutusradiaatorite jaoks?<\/strong><br \/>Alumiinium tagab suurep\u00e4rase soojusjuhtivuse ja on kerge, mist\u00f5ttu on see ideaalne soojuse hajutamiseks.<\/p>\n<p><strong>2. Kas alumiiniumist jahutusradiaatorite kuju saab kohandada konkreetsele kujule?<\/strong><br \/>Jah, alumiiniumist jahutusradiaatorit saab h\u00f5lpsasti t\u00f6\u00f6delda ja kohandada mis tahes konkreetsele kujule.<\/p>\n<p><strong>3. Kas see materjal on korrosioonikindel?<\/strong><br \/>Jah, alumiinium on v\u00e4ga korrosioonikindel, mis suurendab jahutusradiaatorite pikaealisust.<\/p>\n<p><strong>4. Millised t\u00f6\u00f6stusharud kasutavad tavaliselt alumiiniumist jahutusradiaatorit?<\/strong><br \/>Alumiiniumist jahutusradiaatorid on \u00fcldkasutatavad elektroonika-, auto- ja HVAC-t\u00f6\u00f6stuses t\u00f5husa soojusjuhtimise eesm\u00e4rgil.<\/p>\n<p><strong>5. Kuidas on alumiiniumi ja vase soojusradiaatorid v\u00f5rreldavad?<\/strong><br \/>Alumiinium on odavam ja kergem kui vask, kuid pakub samas head soojapidavust.<\/p>\n<p><strong>6. Kas me saame alumiiniumist jahutusmaterjale taaskasutada?<\/strong><br \/>Jah, alumiinium on t\u00e4ielikult taaskasutatav, toetades keskkonnas\u00e4\u00e4stlikkuse algatusi.<\/p>\n<p><strong>7. Kas alumiiniumist jahutusradiaatorid toetavad k\u00f5rge temperatuuriga rakendusi?<\/strong><br \/>Jah, alumiiniumist jahutusradiaatorid suudavad t\u00f5husalt juhtida soojust k\u00f5rge temperatuuriga rakendustes, tagades s\u00fcsteemi stabiilsuse.<\/p>\n<p><\/p>","protected":false},"featured_media":10756,"template":"","categories":[72],"class_list":["post-10924","product","type-product","status-publish","has-post-thumbnail","hentry","category-extruded-aluminum-heatsink"],"meta_box":{"hilight_text_group":[{"product_hilight_text":"<li>Excellent thermal conductivity for efficient heat dispersion<\/li>\n<li>Lightweight material, ideal for various applications<\/li>\n<li>Offers high resistance to corrosion and environmental factors<\/li>\n<li>Easy to machine and customize to specific requirements<\/li>\n<li>Supports green initiatives with recyclable properties<\/li>"}],"feature_list":[]},"_links":{"self":[{"href":"https:\/\/sinoextrud.com\/et\/wp-json\/wp\/v2\/product\/10924","targetHints":{"allow":["GET"]}}],"collection":[{"href":"https:\/\/sinoextrud.com\/et\/wp-json\/wp\/v2\/product"}],"about":[{"href":"https:\/\/sinoextrud.com\/et\/wp-json\/wp\/v2\/types\/product"}],"wp:featuredmedia":[{"embeddable":true,"href":"https:\/\/sinoextrud.com\/et\/wp-json\/wp\/v2\/media\/10756"}],"wp:attachment":[{"href":"https:\/\/sinoextrud.com\/et\/wp-json\/wp\/v2\/media?parent=10924"}],"wp:term":[{"taxonomy":"category","embeddable":true,"href":"https:\/\/sinoextrud.com\/et\/wp-json\/wp\/v2\/categories?post=10924"}],"curies":[{"name":"wp","href":"https:\/\/api.w.org\/{rel}","templated":true}]}}