{"id":10920,"date":"2025-08-01T03:12:51","date_gmt":"2025-08-01T03:12:51","guid":{"rendered":"https:\/\/sinoextrud.com\/product\/standard-extruded-aluminum-shapes-for-assembly\/"},"modified":"2025-08-01T03:12:51","modified_gmt":"2025-08-01T03:12:51","slug":"standardseid-ekstrudeeritud-alumiiniumprofiile-kokkupanekuks","status":"publish","type":"product","link":"https:\/\/sinoextrud.com\/et\/product\/standard-extruded-aluminum-shapes-for-assembly\/","title":{"rendered":"Standardsed pressitud alumiiniumvormid montaa\u017eiks"},"content":{"rendered":"<h2>Toodete \u00fcksikasjad<\/h2>\n<div class=\"product-table\">\n<div class=\"row\">\n<div class=\"cell label\">Hinne<\/div>\n<div class=\"cell value\">6000 seeria<\/div>\n<\/div>\n<div class=\"row\">\n<div class=\"cell label\">Sallivus<\/div>\n<div class=\"cell value\">\u00b15%<\/div>\n<\/div>\n<div class=\"row\">\n<div class=\"cell label\">Tarneaeg<\/div>\n<div class=\"cell value\">8-14 p\u00e4eva<\/div>\n<\/div>\n<div class=\"row\">\n<div class=\"cell label\">Temper<\/div>\n<div class=\"cell value\">T3-T8<\/div>\n<\/div>\n<div class=\"row\">\n<div class=\"cell label\">Taotlus<\/div>\n<div class=\"cell value\">Muud<\/div>\n<\/div>\n<div class=\"row\">\n<div class=\"cell label\">Kuju<\/div>\n<div class=\"cell value\">Ruut<\/div>\n<\/div>\n<div class=\"row\">\n<div class=\"cell label\">Sulam v\u00f5i mitte<\/div>\n<div class=\"cell value\">Kas sulam on sulam<\/div>\n<\/div>\n<div class=\"row\">\n<div class=\"cell label\">T\u00f6\u00f6tlemisteenus<\/div>\n<div class=\"cell value\">L\u00f5ikamine<\/div>\n<\/div>\n<div class=\"row\">\n<div class=\"cell label\">toote nimi<\/div>\n<div class=\"cell value\">alumiiniumist ekstrusiooniprofiil<\/div>\n<\/div>\n<div class=\"row\">\n<div class=\"cell label\">Pind<\/div>\n<div class=\"cell value\">anodeeritud v\u00f5i elektroforeesiga t\u00f6\u00f6deldud<\/div>\n<\/div>\n<div class=\"row\">\n<div class=\"cell label\">pikkus<\/div>\n<div class=\"cell value\">50\u20136000 mm<\/div>\n<\/div>\n<div class=\"row\">\n<div class=\"cell label\">Materjal<\/div>\n<div class=\"cell value\">Alumiiniumisulam 6063 t5<\/div>\n<\/div>\n<div class=\"row\">\n<div class=\"cell label\">Kuju<\/div>\n<div class=\"cell value\">Ruut, ristk\u00fclik v\u00f5i kohandatud<\/div>\n<\/div>\n<div class=\"row\">\n<div class=\"cell label\">nimi<\/div>\n<div class=\"cell value\">Alumiiniumprofiil<\/div>\n<\/div>\n<div class=\"row\">\n<div class=\"cell label\">Tarneaeg<\/div>\n<div class=\"cell value\">2\u20137 p\u00e4eva p\u00e4rast makse sooritamist<\/div>\n<\/div>\n<div class=\"row\">\n<div class=\"cell label\">Taotlus<\/div>\n<div class=\"cell value\">T\u00f6\u00f6stuslik kasutus<\/div>\n<\/div>\n<div class=\"row\">\n<div class=\"cell label\">Makset\u00e4htaeg<\/div>\n<div class=\"cell value\">T\/T, L\/C<\/div>\n<\/div>\n<div class=\"row\">\n<div class=\"cell label\">Sertifikaat<\/div>\n<div class=\"cell value\">ISO 9001\/ROHS<\/div>\n<\/div>\n<div class=\"row\">\n<div class=\"cell label\">Pakendi \u00fcksikasjad<\/div>\n<div class=\"cell value\">1. Profiili jaoks vahtkummi ja mullikilega kihiline pakend;<\/div>\n<\/div>\n<div class=\"row\">\n<div class=\"cell label\">M\u00fc\u00fcvad \u00fcksused<\/div>\n<div class=\"cell value\">\u00dcksik ese<\/div>\n<\/div>\n<div class=\"row\">\n<div class=\"cell label\">\u00dche pakendi suurus<\/div>\n<div class=\"cell value\">100 x 10 x 10 cm<\/div>\n<\/div>\n<div class=\"row\">\n<div class=\"cell label\">\u00dchtne brutokaal<\/div>\n<div class=\"cell value\">2.000 KG<\/div>\n<\/div>\n<\/div>\n<p><\/p>\n<h2>Meie tootmisbaas<\/h2>\n<h3>Tehase panoraam<\/h3>\n<p><img decoding=\"async\" src=\"\/wp-content\/uploads\/factory-01.webp\"\/><\/p>\n<h3>Alumiiniumvarraste tootmise t\u00f6\u00f6koda<\/h3>\n<p><img decoding=\"async\" src=\"\/wp-content\/uploads\/factory-02.webp\"\/><\/p>\n<p><img decoding=\"async\" src=\"\/wp-content\/uploads\/factory-03.webp\"\/><\/p>\n<h3>hallituse ladustamise ladu<\/h3>\n<p><img decoding=\"async\" src=\"\/wp-content\/uploads\/factory-04.webp\"\/><\/p>\n<h3>43 alumiiniumi ekstrusiooniliini (500-5500 tonni)<\/h3>\n<p><img decoding=\"async\" src=\"\/wp-content\/uploads\/factory-05.webp\"\/><\/p>\n<p><img decoding=\"async\" src=\"\/wp-content\/uploads\/factory-06.webp\"\/><\/p>\n<p><img decoding=\"async\" src=\"\/wp-content\/uploads\/factory-07.webp\"\/><\/p>\n<h3>Pulberv\u00e4rvimise t\u00f6\u00f6koda<\/h3>\n<p><img decoding=\"async\" src=\"\/wp-content\/uploads\/factory-09.webp\"\/><\/p>\n<h3>Anodiseerimise t\u00f6\u00f6koda<\/h3>\n<p><img decoding=\"async\" src=\"\/wp-content\/uploads\/factory-10.webp\"\/><\/p>\n<h3>S\u00fcgavt\u00f6\u00f6tlemise t\u00f6\u00f6tuba<\/h3>\n<p><img decoding=\"async\" src=\"\/wp-content\/uploads\/factory-11.webp\"\/><\/p>\n<h3>CNC-t\u00e4ppist\u00f6\u00f6tlemise t\u00f6\u00f6koda<\/h3>\n<p><img decoding=\"async\" src=\"\/wp-content\/uploads\/factory-11.5.webp\"\/><\/p>\n<h3>Valmistoodete ja ekspordi ladu<\/h3>\n<p><img decoding=\"async\" src=\"\/wp-content\/uploads\/factory-12.webp\"\/><\/p>\n<p><img decoding=\"async\" src=\"\/wp-content\/uploads\/factory-13.webp\"\/><\/p>\n<p><img decoding=\"async\" src=\"\/wp-content\/uploads\/factory-14.webp\"\/><\/p>\n<h2>KKK<\/h2>\n<p><strong>1. Millised t\u00f6\u00f6stusharud saavad kasutada ekstrudeeritud alumiiniumprofiile?<\/strong><br \/>Ekstrudeeritud alumiiniumprofiilid on mitmek\u00fclgsed ja neid kasutatakse sellistes t\u00f6\u00f6stusharudes nagu ehitus, autot\u00f6\u00f6stus ja elektroonika.<\/p>\n<p><strong>2. Kas alumiiniumprofiile on v\u00f5imalik kohandada?<\/strong><br \/>Jah, pakume kohandamist vastavalt konkreetsete projektide n\u00f5uetele.<\/p>\n<p><strong>3. Kas need alumiiniumvormid on korrosioonikindlad?<\/strong><br \/>Jah, meie ekstrudeeritud alumiiniumprofiilid on konstrueeritud nii, et need oleksid t\u00f5husalt korrosioonikindlad.<\/p>\n<p><strong>4. Kas pakute k\u00f5rge t\u00e4psusega tootmist?<\/strong><br \/>Jah, meie tootmisprotsess tagab k\u00f5rge t\u00e4psuse ja \u00fchtlase kvaliteedi.<\/p>\n<p><strong>5. Kas soojusjuhtivus on nende kujude omadus?<\/strong><br \/>Jah, need pakuvad t\u00f5husat soojusjuhtivust, et parandada j\u00f5udlust.<\/p>\n<p><strong>6. Millised suurused on saadaval ekstrudeeritud alumiiniumprofiilide jaoks?<\/strong><br \/>Neid on saadaval mitmesuguste profiilide ja suurustega, et rahuldada erinevaid vajadusi.<\/p>\n<p><strong>7. Kas kvaliteedi tagamiseks on proovid k\u00e4ttesaadavad?<\/strong><br \/>Jah, pakume n\u00e4idiseid, et veenduda, et meie tooted vastavad teie ootustele enne suuremahuliste tellimuste esitamist.<\/p>\n<p><\/p>","protected":false},"featured_media":10851,"template":"","categories":[55],"class_list":["post-10920","product","type-product","status-publish","has-post-thumbnail","hentry","category-extruded-aluminum-profiles"],"meta_box":{"hilight_text_group":[{"product_hilight_text":"<li>High precision manufacturing for consistent quality<\/li>\n<li>Available in a wide range of profiles and sizes<\/li>\n<li>Custom fabrication options for specific industry needs<\/li>\n<li>Corrosion-resistant and lightweight for diverse applications<\/li>\n<li>Efficient thermal conductivity properties for enhanced performance<\/li>"}],"feature_list":[]},"_links":{"self":[{"href":"https:\/\/sinoextrud.com\/et\/wp-json\/wp\/v2\/product\/10920","targetHints":{"allow":["GET"]}}],"collection":[{"href":"https:\/\/sinoextrud.com\/et\/wp-json\/wp\/v2\/product"}],"about":[{"href":"https:\/\/sinoextrud.com\/et\/wp-json\/wp\/v2\/types\/product"}],"wp:featuredmedia":[{"embeddable":true,"href":"https:\/\/sinoextrud.com\/et\/wp-json\/wp\/v2\/media\/10851"}],"wp:attachment":[{"href":"https:\/\/sinoextrud.com\/et\/wp-json\/wp\/v2\/media?parent=10920"}],"wp:term":[{"taxonomy":"category","embeddable":true,"href":"https:\/\/sinoextrud.com\/et\/wp-json\/wp\/v2\/categories?post=10920"}],"curies":[{"name":"wp","href":"https:\/\/api.w.org\/{rel}","templated":true}]}}