{"id":10919,"date":"2025-08-01T03:12:49","date_gmt":"2025-08-01T03:12:49","guid":{"rendered":"https:\/\/sinoextrud.com\/product\/extruded-aluminum-heatsink-for-5g-signal-tower\/"},"modified":"2025-08-01T03:12:49","modified_gmt":"2025-08-01T03:12:49","slug":"pressitud-alumiiniumist-jahutusradiaator-5g-signaalitorni-jaoks","status":"publish","type":"product","link":"https:\/\/sinoextrud.com\/et\/product\/extruded-aluminum-heatsink-for-5g-signal-tower\/","title":{"rendered":"Ekstrudeeritud alumiiniumist jahutusalus 5G signaalitorni jaoks"},"content":{"rendered":"<h2>Toodete \u00fcksikasjad<\/h2>\n<div class=\"product-table\">\n<div class=\"row\">\n<div class=\"cell label\">Hinne<\/div>\n<div class=\"cell value\">1000 seeria<\/div>\n<\/div>\n<div class=\"row\">\n<div class=\"cell label\">Sallivus<\/div>\n<div class=\"cell value\">\u00c2\u00b11%<\/div>\n<\/div>\n<div class=\"row\">\n<div class=\"cell label\">Tarneaeg<\/div>\n<div class=\"cell value\">8-14 p\u00e4eva<\/div>\n<\/div>\n<div class=\"row\">\n<div class=\"cell label\">Kuju<\/div>\n<div class=\"cell value\">Ruut<\/div>\n<\/div>\n<div class=\"row\">\n<div class=\"cell label\">Pinnat\u00f6\u00f6tlus<\/div>\n<div class=\"cell value\">Poleeritud<\/div>\n<\/div>\n<div class=\"row\">\n<div class=\"cell label\">Pikkus<\/div>\n<div class=\"cell value\">kohandatud<\/div>\n<\/div>\n<div class=\"row\">\n<div class=\"cell label\">Kasutage<\/div>\n<div class=\"cell value\">Soojusp\u00fc\u00fcdja<\/div>\n<\/div>\n<div class=\"row\">\n<div class=\"cell label\">K\u00f5vadus<\/div>\n<div class=\"cell value\">HB30-45<\/div>\n<\/div>\n<div class=\"row\">\n<div class=\"cell label\">Sulam v\u00f5i mitte<\/div>\n<div class=\"cell value\">Kas sulam on sulam<\/div>\n<\/div>\n<div class=\"row\">\n<div class=\"cell label\">Temper<\/div>\n<div class=\"cell value\">O - H112<\/div>\n<\/div>\n<div class=\"row\">\n<div class=\"cell label\">Al (Min)<\/div>\n<div class=\"cell value\">95%<\/div>\n<\/div>\n<div class=\"row\">\n<div class=\"cell label\">Seina paksus<\/div>\n<div class=\"cell value\">0.3mm-10mm<\/div>\n<\/div>\n<div class=\"row\">\n<div class=\"cell label\">T\u00f6\u00f6tlemisteenus<\/div>\n<div class=\"cell value\">Keevitamine, painutamine, keevitamine, stantsimine, l\u00f5ikamine<\/div>\n<\/div>\n<div class=\"row\">\n<div class=\"cell label\">Toote nimi<\/div>\n<div class=\"cell value\">Alumiiniumtoru<\/div>\n<\/div>\n<div class=\"row\">\n<div class=\"cell label\">Kuju<\/div>\n<div class=\"cell value\">Klientide joonised<\/div>\n<\/div>\n<div class=\"row\">\n<div class=\"cell label\">V\u00e4rv<\/div>\n<div class=\"cell value\">Kohandatud v\u00e4rv<\/div>\n<\/div>\n<div class=\"row\">\n<div class=\"cell label\">Materjal<\/div>\n<div class=\"cell value\">Alumiiniumi sulam<\/div>\n<\/div>\n<div class=\"row\">\n<div class=\"cell label\">T\u00fc\u00fcp<\/div>\n<div class=\"cell value\">OEM alumiiniumist ekstrusiooniprofiilid<\/div>\n<\/div>\n<div class=\"row\">\n<div class=\"cell label\">M\u00e4rks\u00f5na<\/div>\n<div class=\"cell value\">Alumiiniumtorud<\/div>\n<\/div>\n<div class=\"row\">\n<div class=\"cell label\">T\u00f6\u00f6tlemine<\/div>\n<div class=\"cell value\">Joonistatud<\/div>\n<\/div>\n<div class=\"row\">\n<div class=\"cell label\">Sertifitseerimine<\/div>\n<div class=\"cell value\">ISO9001:2008<\/div>\n<\/div>\n<div class=\"row\">\n<div class=\"cell label\">Standard<\/div>\n<div class=\"cell value\">GB\/T 5237<\/div>\n<\/div>\n<div class=\"row\">\n<div class=\"cell label\">MOQ<\/div>\n<div class=\"cell value\">500kg<\/div>\n<\/div>\n<div class=\"row\">\n<div class=\"cell label\">M\u00fc\u00fcvad \u00fcksused<\/div>\n<div class=\"cell value\">\u00dcksik ese<\/div>\n<\/div>\n<div class=\"row\">\n<div class=\"cell label\">\u00dche pakendi suurus<\/div>\n<div class=\"cell value\">10X3X1 cm<\/div>\n<\/div>\n<div class=\"row\">\n<div class=\"cell label\">\u00dchtne brutokaal<\/div>\n<div class=\"cell value\">1.000 KG<\/div>\n<\/div>\n<\/div>\n<p><\/p>\n<h2>Meie tootmisbaas<\/h2>\n<h3>Tehase panoraam<\/h3>\n<p><img decoding=\"async\" src=\"\/wp-content\/uploads\/factory-01.webp\"\/><\/p>\n<h3>Alumiiniumvarraste tootmise t\u00f6\u00f6koda<\/h3>\n<p><img decoding=\"async\" src=\"\/wp-content\/uploads\/factory-02.webp\"\/><\/p>\n<p><img decoding=\"async\" src=\"\/wp-content\/uploads\/factory-03.webp\"\/><\/p>\n<h3>hallituse ladustamise ladu<\/h3>\n<p><img decoding=\"async\" src=\"\/wp-content\/uploads\/factory-04.webp\"\/><\/p>\n<h3>43 alumiiniumi ekstrusiooniliini (500-5500 tonni)<\/h3>\n<p><img decoding=\"async\" src=\"\/wp-content\/uploads\/factory-05.webp\"\/><\/p>\n<p><img decoding=\"async\" src=\"\/wp-content\/uploads\/factory-06.webp\"\/><\/p>\n<p><img decoding=\"async\" src=\"\/wp-content\/uploads\/factory-07.webp\"\/><\/p>\n<h3>Pulberv\u00e4rvimise t\u00f6\u00f6koda<\/h3>\n<p><img decoding=\"async\" src=\"\/wp-content\/uploads\/factory-09.webp\"\/><\/p>\n<h3>Anodiseerimise t\u00f6\u00f6koda<\/h3>\n<p><img decoding=\"async\" src=\"\/wp-content\/uploads\/factory-10.webp\"\/><\/p>\n<h3>S\u00fcgavt\u00f6\u00f6tlemise t\u00f6\u00f6tuba<\/h3>\n<p><img decoding=\"async\" src=\"\/wp-content\/uploads\/factory-11.webp\"\/><\/p>\n<h3>CNC-t\u00e4ppist\u00f6\u00f6tlemise t\u00f6\u00f6koda<\/h3>\n<p><img decoding=\"async\" src=\"\/wp-content\/uploads\/factory-11.5.webp\"\/><\/p>\n<h3>Valmistoodete ja ekspordi ladu<\/h3>\n<p><img decoding=\"async\" src=\"\/wp-content\/uploads\/factory-12.webp\"\/><\/p>\n<p><img decoding=\"async\" src=\"\/wp-content\/uploads\/factory-13.webp\"\/><\/p>\n<p><img decoding=\"async\" src=\"\/wp-content\/uploads\/factory-14.webp\"\/><\/p>\n<h2>KKK<\/h2>\n<p><strong>1. Mis teeb selle alumiiniumist jahutusradiaatori sobivaks 5G signaalitornide jaoks?<\/strong><br \/>Jahutusplaat on kavandatud suure soojusjuhtivuse saavutamiseks, mis on oluline 5G rakenduste jaoks.<\/p>\n<p><strong>2. Kas jahutusplaadi suurust saab kohandada?<\/strong><br \/>Jah, suurusi saab kohandada konkreetsete 5G-mastide paigaldamiseks.<\/p>\n<p><strong>3. Kas see jahutusplaat on korrosioonikindel?<\/strong><br \/>Jah, jah, jah, jah, jah, jah, jah, jah, jah, jah, jah, jah, jah, jah, jah, jah, jah, jah, jah, jah, jah, jah.<\/p>\n<p><strong>4. Kas alumiiniumist jahutusplaadi n\u00e4idised on saadaval?<\/strong><br \/>Jah, me anname proovid testimiseks ja hindamiseks enne hulgi tellimist.<\/p>\n<p><strong>5. Milline on kohandatud jahutusradade minimaalne tellimiskogus?<\/strong><br \/>MOQ s\u00f5ltub kohandamise \u00fcksikasjadest, tavaliselt alates 500 \u00fchikust.<\/p>\n<p><strong>6. Kas see toode toetab rahvusvahelist kohaletoimetamist?<\/strong><br \/>Jah, me pakume \u00fclemaailmset kohaletoimetamist koos vajaliku logistilise toetusega.<\/p>\n<p><strong>7. Kas me saame lisada spetsiifilise br\u00e4ndi v\u00f5i disainielemendid jahutusplaadile?<\/strong><br \/>Jah, me pakume t\u00e4ielikku kohandamist, sealhulgas br\u00e4ndi ja disainielementide kohandamist lahtiste tellimuste puhul.<\/p>\n<p><\/p>","protected":false},"featured_media":10852,"template":"","categories":[72],"class_list":["post-10919","product","type-product","status-publish","has-post-thumbnail","hentry","category-extruded-aluminum-heatsink"],"meta_box":{"hilight_text_group":[{"product_hilight_text":"<li>Optimized for high thermal conductivity in 5G environments<\/li>\n<li>Customizable designs to fit diverse 5G signal tower configurations<\/li>\n<li>Lightweight yet durable construction for easy installation<\/li>\n<li>Advanced corrosion resistance for long-lasting performance<\/li>\n<li>Supports OEM and ODM with high precision manufacturing<\/li>"}],"feature_list":[]},"_links":{"self":[{"href":"https:\/\/sinoextrud.com\/et\/wp-json\/wp\/v2\/product\/10919","targetHints":{"allow":["GET"]}}],"collection":[{"href":"https:\/\/sinoextrud.com\/et\/wp-json\/wp\/v2\/product"}],"about":[{"href":"https:\/\/sinoextrud.com\/et\/wp-json\/wp\/v2\/types\/product"}],"wp:featuredmedia":[{"embeddable":true,"href":"https:\/\/sinoextrud.com\/et\/wp-json\/wp\/v2\/media\/10852"}],"wp:attachment":[{"href":"https:\/\/sinoextrud.com\/et\/wp-json\/wp\/v2\/media?parent=10919"}],"wp:term":[{"taxonomy":"category","embeddable":true,"href":"https:\/\/sinoextrud.com\/et\/wp-json\/wp\/v2\/categories?post=10919"}],"curies":[{"name":"wp","href":"https:\/\/api.w.org\/{rel}","templated":true}]}}