{"id":10916,"date":"2025-08-01T03:12:41","date_gmt":"2025-08-01T03:12:41","guid":{"rendered":"https:\/\/sinoextrud.com\/product\/aluminum-heat-sink-for-led-lighting-systems\/"},"modified":"2025-08-01T03:12:41","modified_gmt":"2025-08-01T03:12:41","slug":"alumiiniumist-jahutusradiaator-led-valgustussusteemidele","status":"publish","type":"product","link":"https:\/\/sinoextrud.com\/et\/product\/aluminum-heat-sink-for-led-lighting-systems\/","title":{"rendered":"Alumiiniumist soojusalvesti LED-valgustuss\u00fcsteemidele"},"content":{"rendered":"<h2>Toodete \u00fcksikasjad<\/h2>\n<div class=\"product-table\">\n<div class=\"row\">\n<div class=\"cell label\">Pinnat\u00f6\u00f6tlus<\/div>\n<div class=\"cell value\">Anoodiline oks\u00fcdatsioon<\/div>\n<\/div>\n<div class=\"row\">\n<div class=\"cell label\">Kuju<\/div>\n<div class=\"cell value\">\u00dcMBER<\/div>\n<\/div>\n<div class=\"row\">\n<div class=\"cell label\">Korpuse materjal<\/div>\n<div class=\"cell value\">Alumiinium<\/div>\n<\/div>\n<div class=\"row\">\n<div class=\"cell label\">T\u00fc\u00fcp<\/div>\n<div class=\"cell value\">Soojusp\u00fc\u00fcdjad<\/div>\n<\/div>\n<div class=\"row\">\n<div class=\"cell label\">Valgustuslahenduste teenus<\/div>\n<div class=\"cell value\">Valgustuse ja vooluahela projekteerimine, automaatne CAD-paigaldis<\/div>\n<\/div>\n<div class=\"row\">\n<div class=\"cell label\">Garantii (aasta)<\/div>\n<div class=\"cell value\">3-aastane<\/div>\n<\/div>\n<div class=\"row\">\n<div class=\"cell label\">Protsess<\/div>\n<div class=\"cell value\">k\u00fclmt\u00f5mbamine<\/div>\n<\/div>\n<div class=\"row\">\n<div class=\"cell label\">IP-klassifikatsioon<\/div>\n<div class=\"cell value\">IP65<\/div>\n<\/div>\n<div class=\"row\">\n<div class=\"cell label\">Keha v\u00e4rvus<\/div>\n<div class=\"cell value\">Must<\/div>\n<\/div>\n<div class=\"row\">\n<div class=\"cell label\">Toote nimi<\/div>\n<div class=\"cell value\">Alumiiniumist Led Heat Sink<\/div>\n<\/div>\n<div class=\"row\">\n<div class=\"cell label\">Mudel<\/div>\n<div class=\"cell value\">YL15660<\/div>\n<\/div>\n<div class=\"row\">\n<div class=\"cell label\">M\u00f5\u00f5de<\/div>\n<div class=\"cell value\">Dia153*H60<\/div>\n<\/div>\n<div class=\"row\">\n<div class=\"cell label\">V\u00f5imsus<\/div>\n<div class=\"cell value\">50-70W<\/div>\n<\/div>\n<div class=\"row\">\n<div class=\"cell label\">Materjal<\/div>\n<div class=\"cell value\">AL1070<\/div>\n<\/div>\n<div class=\"row\">\n<div class=\"cell label\">Taotlus<\/div>\n<div class=\"cell value\">Led valgustus soojuss\u00f5lme<\/div>\n<\/div>\n<div class=\"row\">\n<div class=\"cell label\">V\u00e4rv<\/div>\n<div class=\"cell value\">Must jne<\/div>\n<\/div>\n<div class=\"row\">\n<div class=\"cell label\">Kasutamine<\/div>\n<div class=\"cell value\">LED Heatsink Alumiinium Heatsink<\/div>\n<\/div>\n<div class=\"row\">\n<div class=\"cell label\">Kohandamine<\/div>\n<div class=\"cell value\">Saadaval<\/div>\n<\/div>\n<div class=\"row\">\n<div class=\"cell label\">T\u00f6\u00f6tlemise tehnika<\/div>\n<div class=\"cell value\">Anoodiline oks\u00fcdeerimine<\/div>\n<\/div>\n<div class=\"row\">\n<div class=\"cell label\">M\u00fc\u00fcvad \u00fcksused<\/div>\n<div class=\"cell value\">\u00dcksik ese<\/div>\n<\/div>\n<div class=\"row\">\n<div class=\"cell label\">\u00dche pakendi suurus<\/div>\n<div class=\"cell value\">15,5X15,5X6,5 cm<\/div>\n<\/div>\n<div class=\"row\">\n<div class=\"cell label\">\u00dchtne brutokaal<\/div>\n<div class=\"cell value\">1.500 KG<\/div>\n<\/div>\n<\/div>\n<p><\/p>\n<h2>Meie tootmisbaas<\/h2>\n<h3>Tehase panoraam<\/h3>\n<p><img decoding=\"async\" src=\"\/wp-content\/uploads\/factory-01.webp\"\/><\/p>\n<h3>Alumiiniumvarraste tootmise t\u00f6\u00f6koda<\/h3>\n<p><img decoding=\"async\" src=\"\/wp-content\/uploads\/factory-02.webp\"\/><\/p>\n<p><img decoding=\"async\" src=\"\/wp-content\/uploads\/factory-03.webp\"\/><\/p>\n<h3>hallituse ladustamise ladu<\/h3>\n<p><img decoding=\"async\" src=\"\/wp-content\/uploads\/factory-04.webp\"\/><\/p>\n<h3>43 alumiiniumi ekstrusiooniliini (500-5500 tonni)<\/h3>\n<p><img decoding=\"async\" src=\"\/wp-content\/uploads\/factory-05.webp\"\/><\/p>\n<p><img decoding=\"async\" src=\"\/wp-content\/uploads\/factory-06.webp\"\/><\/p>\n<p><img decoding=\"async\" src=\"\/wp-content\/uploads\/factory-07.webp\"\/><\/p>\n<h3>Pulberv\u00e4rvimise t\u00f6\u00f6koda<\/h3>\n<p><img decoding=\"async\" src=\"\/wp-content\/uploads\/factory-09.webp\"\/><\/p>\n<h3>Anodiseerimise t\u00f6\u00f6koda<\/h3>\n<p><img decoding=\"async\" src=\"\/wp-content\/uploads\/factory-10.webp\"\/><\/p>\n<h3>S\u00fcgavt\u00f6\u00f6tlemise t\u00f6\u00f6tuba<\/h3>\n<p><img decoding=\"async\" src=\"\/wp-content\/uploads\/factory-11.webp\"\/><\/p>\n<h3>CNC-t\u00e4ppist\u00f6\u00f6tlemise t\u00f6\u00f6koda<\/h3>\n<p><img decoding=\"async\" src=\"\/wp-content\/uploads\/factory-11.5.webp\"\/><\/p>\n<h3>Valmistoodete ja ekspordi ladu<\/h3>\n<p><img decoding=\"async\" src=\"\/wp-content\/uploads\/factory-12.webp\"\/><\/p>\n<p><img decoding=\"async\" src=\"\/wp-content\/uploads\/factory-13.webp\"\/><\/p>\n<p><img decoding=\"async\" src=\"\/wp-content\/uploads\/factory-14.webp\"\/><\/p>\n<h2>KKK<\/h2>\n<p><strong>1. Miks sobivad alumiiniumist jahutusradiaatorid LED-valgustuse jaoks?<\/strong><br \/>Alumiiniumist jahutusradiaatorid on suurep\u00e4rase soojusjuhtivusega, mist\u00f5ttu on need ideaalsed LED-valgustuss\u00fcsteemide soojuse hajutamiseks.<\/p>\n<p><strong>2. Kas jahutusradiaatorit saab kohandada erinevate LED-valguste suuruste jaoks?<\/strong><br \/>Jah, meie alumiiniumist jahutusradiaatorid on v\u00f5imalik kohandada erinevate LED-valgustite konkreetsete m\u00f5\u00f5tmete ja disainilahenduste jaoks.<\/p>\n<p><strong>3. Kas see alumiiniumist jahutusradiaator sobib LED-valgustuse v\u00e4litingimustes kasutamiseks?<\/strong><br \/>Jah, see on valmistatud vastupidavast materjalist ja sobib nii sise- kui ka v\u00e4lisvalgustuseks.<\/p>\n<p><strong>4. Kas alumiiniumist jahutusradiaatorid vajavad hooldust?<\/strong><br \/>\u00dcldiselt vajavad alumiiniumist jahutusradiaatorid minimaalset hooldust, kuid optimaalse j\u00f5udluse tagamiseks on soovitatav neid regulaarselt puhastada.<\/p>\n<p><strong>5. Kas alumiiniumist jahutusalused v\u00f5ivad parandada LED-valgustuse eluiga?<\/strong><br \/>Jah, alumiiniumist jahutusradiaatorid aitavad t\u00e4nu t\u00f5husale soojuse hajutamisele pikendada LED-valgustite kasutusiga.<\/p>\n<p><strong>6. Kas need jahutusalused sobivad suure v\u00f5imsusega LED-rakendustega?<\/strong><br \/>Kindlasti on meie alumiiniumist jahutusradiaatorid m\u00f5eldud suure v\u00f5imsusega LEDide toetamiseks, juhtides t\u00f5husalt soojuse v\u00e4ljundit.<\/p>\n<p><strong>7. Kas te pakute alumiiniumist jahutusradiaatorite hulgiostuv\u00f5imalusi?<\/strong><br \/>Jah, me pakume konkurentsiv\u00f5imelist hinda ja toetame lahtiseid tellimusi, et rahuldada teie ettev\u00f5tte vajadusi.<\/p>\n<p><\/p>","protected":false},"featured_media":10750,"template":"","categories":[72],"class_list":["post-10916","product","type-product","status-publish","has-post-thumbnail","hentry","category-extruded-aluminum-heatsink"],"meta_box":{"hilight_text_group":[{"product_hilight_text":"<li>Optimized for efficient heat dissipation in LED systems<\/li>\n<li>Customizable dimensions and designs to fit various LED configurations<\/li>\n<li>Made from high-quality aluminum for enhanced thermal conductivity<\/li>\n<li>Lightweight yet durable construction ideal for diverse lighting applications<\/li>\n<li>Supports both high-power and compact LED lighting solutions<\/li>"}],"feature_list":[]},"_links":{"self":[{"href":"https:\/\/sinoextrud.com\/et\/wp-json\/wp\/v2\/product\/10916","targetHints":{"allow":["GET"]}}],"collection":[{"href":"https:\/\/sinoextrud.com\/et\/wp-json\/wp\/v2\/product"}],"about":[{"href":"https:\/\/sinoextrud.com\/et\/wp-json\/wp\/v2\/types\/product"}],"wp:featuredmedia":[{"embeddable":true,"href":"https:\/\/sinoextrud.com\/et\/wp-json\/wp\/v2\/media\/10750"}],"wp:attachment":[{"href":"https:\/\/sinoextrud.com\/et\/wp-json\/wp\/v2\/media?parent=10916"}],"wp:term":[{"taxonomy":"category","embeddable":true,"href":"https:\/\/sinoextrud.com\/et\/wp-json\/wp\/v2\/categories?post=10916"}],"curies":[{"name":"wp","href":"https:\/\/api.w.org\/{rel}","templated":true}]}}